{"id":4586,"date":"2021-05-04T09:34:24","date_gmt":"2021-05-04T09:34:24","guid":{"rendered":"https:\/\/distribucionarc.com\/?post_type=product&#038;p=4586"},"modified":"2023-06-05T11:10:16","modified_gmt":"2023-06-05T11:10:16","slug":"endustriyel-dondurma-makinesi","status":"publish","type":"product","link":"https:\/\/distribucionarc.com\/tr\/producto\/maquina-de-helados-industrial\/","title":{"rendered":"end\u00fcstriyel dondurma makinesi"},"content":{"rendered":"<h3>end\u00fcstriyel dondurma makinesi<\/h3>\n<p><strong>Bir dondurma makinesi<\/strong>\u00a0ile ilgili\u00a0<strong><span style=\"color: #ff0000;\">\u0130LE<\/span><span style=\"color: #0000ff;\">R<\/span>C<\/strong>\u00a0Restoranlarda, kafelerde, dondurma salonlar\u0131nda, dinlenme yerlerinde yayg\u0131n olarak uygulan\u0131r. Fast food. Karma\u015f\u0131k ad\u0131mlar olmadan \u015funlar\u0131 yapabilirsiniz:\u00a0<strong>h\u0131zl\u0131 bir \u015fekilde dondurma haz\u0131rlay\u0131n<\/strong>,\u00a0<strong>yo\u011furt<\/strong>\u00a0herhangi biri\u00a0<strong>\u015ferbet. <\/strong>La\u00a0<strong><span style=\"color: #ff0000;\">\u0130LE<\/span><span style=\"color: #0000ff;\">R<\/span>CMH400<\/strong> Enerji t\u00fcketimini ve g\u00fcr\u00fclt\u00fc kirlili\u011fini azalt\u0131rken an\u0131nda so\u011futma sa\u011flayan y\u00fcksek performansl\u0131 bir kompres\u00f6rle donat\u0131lm\u0131\u015ft\u0131r, iki adet 6L paslanmaz \u00e7elik hazne, y\u00fcksek enerjili radyat\u00f6r ve \u00f6n so\u011futma fonksiyonlu R410a so\u011futucu ak\u0131\u015fkan i\u00e7erir. dondurmay\u0131 h\u0131zland\u0131rmak i\u00e7in 25 L\/H&#039;den 35 L\/H&#039;ye kadar \u00fcretim ve \u00fcretim.<\/p>\n<p>La\u00a0<strong>dondurma makinesi<\/strong>\u00a0\u0130ki yerle\u015fik paslanmaz \u00e7elik hazneye sahiptir, bu\u00a0<strong>dondurma makinesi<\/strong>\u00a0ile ilgili\u00a0<strong><span style=\"color: #ff0000;\">\u0130LE<\/span><span style=\"color: #0000ff;\">R<\/span>C<\/strong> \u0130ki sade ve bir kar\u0131\u015f\u0131k olmak \u00fczere \u00fc\u00e7 farkl\u0131 dondurma \u00e7e\u015fidini, farkl\u0131 damak tatlar\u0131na uygun olarak haz\u0131rlamakta kullan\u0131labilir. Dondurman\u0131n s\u00fcresi, s\u0131cakl\u0131\u011f\u0131, sertli\u011fi ve miktar\u0131 LCD dokunmatik ekranda s\u00fcrekli g\u00f6zlemlenebiliyor. Zevkinize g\u00f6re \u00f6zg\u00fcrce mod\u00fclasyon yapabilirsiniz. Ayr\u0131ca tek tu\u015fla temizlik \u00f6zelli\u011fi sayesinde dondurma makinesinin h\u0131zl\u0131 ve otomatik temizli\u011fi yap\u0131labiliyor.<\/p>\n<p>\u0130\u00e7indekiler\u00a0<strong>dondurma makinesi<\/strong>\u00a0Dondurman\u0131n haz\u0131rlanabilmesi i\u00e7in \u00f6nceden so\u011futulabilirler.\u00a0<strong>\u00e7abuk haz\u0131rlan<\/strong> Makineyi \u00e7al\u0131\u015ft\u0131rd\u0131ktan sonra malzeme tasarrufuna katk\u0131da bulunulur. Gece boyunca saklama fonksiyonu temizlik s\u0131kl\u0131\u011f\u0131n\u0131 azalt\u0131r ve malzeme tasarrufu sa\u011flar. Geli\u015ftirilmi\u015f koni tutucu, koninin d\u0131\u015f taraf\u0131na yerle\u015ftirilmi\u015ftir.<strong>\u00a0dondurma makinesi<\/strong>B\u00f6ylece dondurma k\u00fclahlar\u0131 kolay \u0131slanmaz ve k\u00fclahlar\u0131n lezzeti korunur.<\/p>\n<h6><\/h6>\n<h6><strong>Garanti\u00a0<span style=\"color: #ff0000;\">\u0130LE<\/span><span style=\"color: #0000ff;\">R<\/span>\u00c7 2 YIL<\/strong><\/h6>\n<h6><span style=\"color: #008000;\">Verimli dondurma makinesi, d\u00fc\u015f\u00fck t\u00fcketim 2150w<\/span><\/h6>\n<h6><strong>teknik destek dahil<\/strong><\/h6>\n<p>&nbsp;<\/p>\n<table role=\"presentation\" width=\"100%\" cellspacing=\"0\" cellpadding=\"0\">\n<tbody>\n<tr>\n<td class=\"attrLabels\">So\u011futucu:<\/td>\n<td width=\"50.0%\">R410a<\/td>\n<\/tr>\n<tr>\n<td class=\"attrLabels\">Da\u011f\u0131t\u0131m \u00fclkesi:<\/td>\n<td width=\"50.0%\">\u0130spanya, Almanya, ABD<\/td>\n<td class=\"attrLabels\">A\u011f\u0131rl\u0131k:<\/td>\n<td width=\"50.0%\">133 kilo<\/td>\n<\/tr>\n<tr>\n<td class=\"attrLabels\">Marka:<\/td>\n<td width=\"50.0%\">ARK<\/td>\n<td class=\"attrLabels\">Y\u00fckseklik:<\/td>\n<td width=\"50.0%\">136 cm<\/td>\n<\/tr>\n<tr>\n<td class=\"attrLabels\">Renk:<\/td>\n<td width=\"50.0%\">G\u00fcm\u00fc\u015f<\/td>\n<td class=\"attrLabels\">Uzun:<\/td>\n<td width=\"50.0%\">54cm<\/td>\n<\/tr>\n<tr>\n<td class=\"attrLabels\">\u00dcr\u00fcn tipi:<\/td>\n<td width=\"50.0%\">Dondurma yap\u0131mc\u0131s\u0131<\/td>\n<td class=\"attrLabels\">Geni\u015f:<\/td>\n<td width=\"50.0%\">\u00a067,6 cm<\/td>\n<\/tr>\n<tr>\n<td class=\"attrLabels\">\u00dcretici numaras\u0131:<\/td>\n<td width=\"50.0%\">ARCMH400<\/td>\n<td class=\"attrLabels\">G\u00fc\u00e7:<\/td>\n<td width=\"50.0%\">2150 W<\/td>\n<\/tr>\n<tr>\n<td class=\"attrLabels\">Malzeme:<\/td>\n<td width=\"50.0%\">Paslanmaz \u00e7elik, ak\u0131ll\u0131 kontrol, dokunmatik LCD panel, y\u00fcksek performansl\u0131 end\u00fcstriyel kompres\u00f6r<\/td>\n<td class=\"attrLabels\">giri\u015f voltaj\u0131<\/td>\n<td width=\"50.0%\">220V \u2013 60Hz<\/td>\n<\/tr>\n<tr>\n<td class=\"attrLabels\">Yetenek:<\/td>\n<td width=\"50.0%\">\u00a025 \u2013 35 L\/saat<\/td>\n<td class=\"attrLabels\">Boyut :<\/td>\n<td width=\"50.0%\">6 L x 1<\/td>\n<\/tr>\n<tr>\n<td class=\"attrLabels\">Kurulum ara\u00e7lar\u0131:<\/td>\n<td width=\"50.0%\">Evet<\/td>\n<td class=\"attrLabels\">Garanti:<\/td>\n<td width=\"50.0%\">2 YIL<\/td>\n<\/tr>\n<\/tbody>\n<\/table>","protected":false},"excerpt":{"rendered":"<h2>end\u00fcstriyel dondurma makinesi<\/h2>\n<p>\u0130\u00e7inde\u00a0<strong><span style=\"color: #ff0000;\">\u0130LE<\/span><span style=\"color: #0000ff;\">R<\/span>C<\/strong>\u00a0her zaman bulacaks\u0131n\u00a0<strong>dondurma makineleri<\/strong>\u00a0kullan\u0131m i\u00e7in\u00a0<strong>profesyonel ticari<\/strong>\u00a0Zarif detaylar\u0131, \u00fcretime verdi\u011fi \u00f6nem ve dolay\u0131s\u0131yla \u00fcr\u00fcn kalitesiyle pazar\u0131n en yenilik\u00e7isi olmas\u0131n\u0131n yan\u0131 s\u0131ra enerji t\u00fcketimine de yard\u0131mc\u0131 oluyor.<strong>\u00a0<span style=\"color: #008000;\">enerji tasarruflu dondurma makineleri<\/span><\/strong>.<\/p>\n<p>Bu\u00a0<strong>yo\u011furt dondurma makinesi<\/strong> Dikey yap\u0131s\u0131yla \u00fcretim kapasitesine sahiptir<span style=\"color: #ff6600;\"> <strong>3 \u00e7e\u015fit<\/strong><\/span> dondurma, \u00f6n so\u011futma ve temizleme fonksiyonuna sahip \u00fc\u00e7\u00fcnc\u00fc nozuluyla en basit \u015fekilde kar\u0131\u015f\u0131k dondurma yapmay\u0131 sa\u011fl\u0131yor. Dondurma makinesi <strong><span style=\"color: #ff0000;\">\u0130LE<\/span><span style=\"color: #0000ff;\">R<\/span>CMH400<\/strong>\u00a0\u00c7ift kompres\u00f6r, iki adet 6L paslanmaz \u00e7elik tank, harici bir nem konisi tutucusu ve bir<strong>\u00a0LCD dokunmatik ekran<\/strong>\u00a0i\u015fleyi\u015fini do\u011frudan g\u00f6zlemlemek<strong>\u00a0dondurma makinesi<\/strong>, bu da onu yapar\u00a0<strong>dondurma makinesi<\/strong>\u00a0ile ilgili\u00a0<strong><span style=\"color: #ff0000;\">\u0130LE<\/span><span style=\"color: #0000ff;\">R<\/span>C<\/strong> y\u00fcksek talep g\u00f6ren yerler i\u00e7in ideal bir ara\u00e7 olup, m\u00fcmk\u00fcn olan \u00fcretim kapasitesi sayesinde <span style=\"color: #ff0000;\"><strong>Dakikada 400 k\u00fclah.<\/strong><\/span> Makinenin frenli tekerlekleri sayesinde istedi\u011finiz yere rahatl\u0131kla g\u00f6t\u00fcrebilirsiniz.<\/p>\n<h6><strong>Garanti<span style=\"color: #ff0000;\">\u00a0\u0130LE<\/span><span style=\"color: #0000ff;\">R<\/span>\u00c7 2 YIL<\/strong><\/h6>\n<h6><span style=\"color: #008000;\">Verimli dondurma makinesi, d\u00fc\u015f\u00fck t\u00fcketim 2150w<\/span><\/h6>\n<h6><strong>teknik destek dahil<\/strong><\/h6>","protected":false},"featured_media":6059,"comment_status":"open","ping_status":"closed","template":"","meta":{"wds_primary_product_brand":0,"wds_primary_product_cat":0},"product_brand":[],"product_cat":[58],"product_tag":[],"class_list":{"0":"post-4586","1":"product","2":"type-product","3":"status-publish","4":"has-post-thumbnail","6":"product_cat-maquinaria-para-heladerias-profesionales","7":"product_shipping_class-express","9":"first","10":"instock","11":"sale","12":"taxable","13":"shipping-taxable","14":"purchasable","15":"product-type-simple"},"yoast_head":"<!-- This site is optimized with the Yoast SEO Premium plugin v24.9 (Yoast SEO v26.1) - https:\/\/yoast.com\/wordpress\/plugins\/seo\/ -->\n<title>M\u00e1quina de helados industrial - distribuci\u00f3n ARC<\/title>\n<meta name=\"robots\" content=\"index, follow, max-snippet:-1, max-image-preview:large, max-video-preview:-1\" \/>\n<link rel=\"canonical\" href=\"https:\/\/www.distribucionarc.com\/sl\/producto\/maquina-de-helados-industrial\/\" \/>\n<meta property=\"og:locale\" content=\"tr_TR\" \/>\n<meta property=\"og:type\" content=\"article\" \/>\n<meta property=\"og:title\" content=\"M\u00e1quina de helados industrial\" \/>\n<meta property=\"og:description\" content=\"M\u00e1quina de helados industrial En\u00a0ARC\u00a0siempre encontrar\u00e1s la\u00a0maquinaria para helados\u00a0para uso\u00a0comercial profesional\u00a0m\u00e1s innovadora del mercado por sus detalles elegantes, su cuidado en favorecer la producci\u00f3n y a su vez la calidad del producto, adem\u00e1s de ayudar en el consumo energ\u00e9tico con\u00a0m\u00e1quinas de helado de\u00a0bajo consumo energ\u00e9tico.  Esta\u00a0m\u00e1quina para helado yogurt con estructura vertical es capaz de producir 3 sabores de helado aprovechando su tercera boquilla para elaborar uno mixto de la formas mas sencilla, con una funci\u00f3n de pre enfriamiento y limpieza. La m\u00e1quina de helados ARCMH400\u00a0Viene con compresores duales, dos dep\u00f3sitos de acero inoxidable de 6L, un soporte de cono de humedad externo y una\u00a0pantalla LCD t\u00e1ctil\u00a0para observar directamente el funcionamiento de la\u00a0m\u00e1quina heladera, lo que convierte a\u00a0la m\u00e1quina de helados\u00a0de\u00a0ARC en una herramienta ideal para ubicaciones de alta demanda gracias a su posible producci\u00f3n de 400 conos por minuto. Dispone de ruedas con frenos lo que hace que la m\u00e1quina sea f\u00e1cil de llevar a donde quiera. Garant\u00eda\u00a0ARC 2 A\u00d1OS Maquina para hacer helados eficiente, bajo consumo 2150w soporte t\u00e9cnico incluido\" \/>\n<meta property=\"og:url\" content=\"https:\/\/www.distribucionarc.com\/sl\/producto\/maquina-de-helados-industrial\/\" \/>\n<meta property=\"og:site_name\" content=\"distribuci\u00f3n ARC\" \/>\n<meta property=\"article:modified_time\" content=\"2023-06-05T11:10:16+00:00\" \/>\n<meta property=\"og:image\" content=\"https:\/\/www.distribucionarc.com\/wp-content\/uploads\/2021\/05\/Maquina-helados-cremosos-400xmin-.jpg\" \/>\n\t<meta property=\"og:image:width\" content=\"1600\" \/>\n\t<meta property=\"og:image:height\" content=\"1600\" \/>\n\t<meta property=\"og:image:type\" content=\"image\/jpeg\" \/>\n<meta name=\"twitter:card\" content=\"summary_large_image\" \/>\n<meta name=\"twitter:label1\" content=\"Tahmini okuma s\u00fcresi\" \/>\n\t<meta name=\"twitter:data1\" content=\"2 dakika\" \/>\n<script type=\"application\/ld+json\" class=\"yoast-schema-graph\">{\"@context\":\"https:\/\/schema.org\",\"@graph\":[{\"@type\":\"WebPage\",\"@id\":\"https:\/\/www.distribucionarc.com\/sl\/producto\/maquina-de-helados-industrial\/\",\"url\":\"https:\/\/www.distribucionarc.com\/sl\/producto\/maquina-de-helados-industrial\/\",\"name\":\"M\u00e1quina de helados industrial - distribuci\u00f3n ARC\",\"isPartOf\":{\"@id\":\"https:\/\/www.distribucionarc.com\/sl\/#website\"},\"primaryImageOfPage\":{\"@id\":\"https:\/\/www.distribucionarc.com\/sl\/producto\/maquina-de-helados-industrial\/#primaryimage\"},\"image\":{\"@id\":\"https:\/\/www.distribucionarc.com\/sl\/producto\/maquina-de-helados-industrial\/#primaryimage\"},\"thumbnailUrl\":\"https:\/\/distribucionarc.com\/wp-content\/uploads\/2021\/05\/Maquina-helados-cremosos-400xmin-.jpg\",\"datePublished\":\"2021-05-04T09:34:24+00:00\",\"dateModified\":\"2023-06-05T11:10:16+00:00\",\"breadcrumb\":{\"@id\":\"https:\/\/www.distribucionarc.com\/sl\/producto\/maquina-de-helados-industrial\/#breadcrumb\"},\"inLanguage\":\"tr\",\"potentialAction\":[{\"@type\":\"ReadAction\",\"target\":[\"https:\/\/www.distribucionarc.com\/sl\/producto\/maquina-de-helados-industrial\/\"]}]},{\"@type\":\"ImageObject\",\"inLanguage\":\"tr\",\"@id\":\"https:\/\/www.distribucionarc.com\/sl\/producto\/maquina-de-helados-industrial\/#primaryimage\",\"url\":\"https:\/\/distribucionarc.com\/wp-content\/uploads\/2021\/05\/Maquina-helados-cremosos-400xmin-.jpg\",\"contentUrl\":\"https:\/\/distribucionarc.com\/wp-content\/uploads\/2021\/05\/Maquina-helados-cremosos-400xmin-.jpg\",\"width\":1600,\"height\":1600},{\"@type\":\"BreadcrumbList\",\"@id\":\"https:\/\/www.distribucionarc.com\/sl\/producto\/maquina-de-helados-industrial\/#breadcrumb\",\"itemListElement\":[{\"@type\":\"ListItem\",\"position\":1,\"name\":\"Portada\",\"item\":\"https:\/\/www.distribucionarc.com\/\"},{\"@type\":\"ListItem\",\"position\":2,\"name\":\"\u00dcr\u00fcnler\",\"item\":\"https:\/\/www.distribucionarc.com\/tr\/magaza\/\"},{\"@type\":\"ListItem\",\"position\":3,\"name\":\"M\u00e1quina de helados industrial\"}]},{\"@type\":\"WebSite\",\"@id\":\"https:\/\/www.distribucionarc.com\/sl\/#website\",\"url\":\"https:\/\/www.distribucionarc.com\/sl\/\",\"name\":\"distribuci\u00f3n ARC\",\"description\":\"Empresa especializada en la fabricaci\u00f3n y distribuci\u00f3n de maquinaria industrial, selladoras de latas, Maquinas de hacer pastillas, Maquinas de cortar carne...\",\"publisher\":{\"@id\":\"https:\/\/www.distribucionarc.com\/sl\/#organization\"},\"potentialAction\":[{\"@type\":\"SearchAction\",\"target\":{\"@type\":\"EntryPoint\",\"urlTemplate\":\"https:\/\/www.distribucionarc.com\/sl\/?s={search_term_string}\"},\"query-input\":{\"@type\":\"PropertyValueSpecification\",\"valueRequired\":true,\"valueName\":\"search_term_string\"}}],\"inLanguage\":\"tr\"},{\"@type\":\"Organization\",\"@id\":\"https:\/\/www.distribucionarc.com\/sl\/#organization\",\"name\":\"Distribuci\u00f3n ARC\",\"url\":\"https:\/\/www.distribucionarc.com\/sl\/\",\"logo\":{\"@type\":\"ImageObject\",\"inLanguage\":\"tr\",\"@id\":\"https:\/\/www.distribucionarc.com\/sl\/#\/schema\/logo\/image\/\",\"url\":\"https:\/\/distribucionarc.com\/wp-content\/uploads\/2024\/10\/distribucion-ARC-COLOR-SIN-FONDO-e1732295305345.png\",\"contentUrl\":\"https:\/\/distribucionarc.com\/wp-content\/uploads\/2024\/10\/distribucion-ARC-COLOR-SIN-FONDO-e1732295305345.png\",\"width\":1164,\"height\":558,\"caption\":\"Distribuci\u00f3n ARC\"},\"image\":{\"@id\":\"https:\/\/www.distribucionarc.com\/sl\/#\/schema\/logo\/image\/\"},\"description\":\"Empresa especializada en la fabricaci\u00f3n y distribuci\u00f3n de maquinaria industrial para los sectores alimentario y farmac\u00e9utico. Nos especializamos en: M\u00e1quinas de cortar carne Fabricaci\u00f3n de comprimidos Sistemas de transporte industrial L\u00edneas de embotellado Dosificadores Y mucho m\u00e1s... Ofrecemos soluciones innovadoras y personalizadas para optimizar los procesos productivos de tu empresa.\",\"email\":\"Admistracion@distribucionarc.com\",\"telephone\":\"+34 643496664\",\"legalName\":\"ARC TECH SOLUTIONS\",\"foundingDate\":\"2024-04-09\",\"vatID\":\"B55480172\",\"numberOfEmployees\":{\"@type\":\"QuantitativeValue\",\"minValue\":\"1\",\"maxValue\":\"10\"}}]}<\/script>\n<!-- \/ Yoast SEO Premium plugin. -->","yoast_head_json":{"title":"End\u00fcstriyel dondurma makinesi - ARC da\u011f\u0131t\u0131m","robots":{"index":"index","follow":"follow","max-snippet":"max-snippet:-1","max-image-preview":"max-image-preview:large","max-video-preview":"max-video-preview:-1"},"canonical":"https:\/\/www.distribucionarc.com\/sl\/producto\/maquina-de-helados-industrial\/","og_locale":"tr_TR","og_type":"article","og_title":"M\u00e1quina de helados industrial","og_description":"M\u00e1quina de helados industrial En\u00a0ARC\u00a0siempre encontrar\u00e1s la\u00a0maquinaria para helados\u00a0para uso\u00a0comercial profesional\u00a0m\u00e1s innovadora del mercado por sus detalles elegantes, su cuidado en favorecer la producci\u00f3n y a su vez la calidad del producto, adem\u00e1s de ayudar en el consumo energ\u00e9tico con\u00a0m\u00e1quinas de helado de\u00a0bajo consumo energ\u00e9tico.  Esta\u00a0m\u00e1quina para helado yogurt con estructura vertical es capaz de producir 3 sabores de helado aprovechando su tercera boquilla para elaborar uno mixto de la formas mas sencilla, con una funci\u00f3n de pre enfriamiento y limpieza. La m\u00e1quina de helados ARCMH400\u00a0Viene con compresores duales, dos dep\u00f3sitos de acero inoxidable de 6L, un soporte de cono de humedad externo y una\u00a0pantalla LCD t\u00e1ctil\u00a0para observar directamente el funcionamiento de la\u00a0m\u00e1quina heladera, lo que convierte a\u00a0la m\u00e1quina de helados\u00a0de\u00a0ARC en una herramienta ideal para ubicaciones de alta demanda gracias a su posible producci\u00f3n de 400 conos por minuto. Dispone de ruedas con frenos lo que hace que la m\u00e1quina sea f\u00e1cil de llevar a donde quiera. Garant\u00eda\u00a0ARC 2 A\u00d1OS Maquina para hacer helados eficiente, bajo consumo 2150w soporte t\u00e9cnico incluido","og_url":"https:\/\/www.distribucionarc.com\/sl\/producto\/maquina-de-helados-industrial\/","og_site_name":"distribuci\u00f3n ARC","article_modified_time":"2023-06-05T11:10:16+00:00","og_image":[{"width":1600,"height":1600,"url":"https:\/\/www.distribucionarc.com\/wp-content\/uploads\/2021\/05\/Maquina-helados-cremosos-400xmin-.jpg","type":"image\/jpeg"}],"twitter_card":"summary_large_image","twitter_misc":{"Tahmini okuma s\u00fcresi":"2 dakika"},"schema":{"@context":"https:\/\/schema.org","@graph":[{"@type":"WebPage","@id":"https:\/\/www.distribucionarc.com\/sl\/producto\/maquina-de-helados-industrial\/","url":"https:\/\/www.distribucionarc.com\/sl\/producto\/maquina-de-helados-industrial\/","name":"End\u00fcstriyel dondurma makinesi - ARC da\u011f\u0131t\u0131m","isPartOf":{"@id":"https:\/\/www.distribucionarc.com\/sl\/#website"},"primaryImageOfPage":{"@id":"https:\/\/www.distribucionarc.com\/sl\/producto\/maquina-de-helados-industrial\/#primaryimage"},"image":{"@id":"https:\/\/www.distribucionarc.com\/sl\/producto\/maquina-de-helados-industrial\/#primaryimage"},"thumbnailUrl":"https:\/\/distribucionarc.com\/wp-content\/uploads\/2021\/05\/Maquina-helados-cremosos-400xmin-.jpg","datePublished":"2021-05-04T09:34:24+00:00","dateModified":"2023-06-05T11:10:16+00:00","breadcrumb":{"@id":"https:\/\/www.distribucionarc.com\/sl\/producto\/maquina-de-helados-industrial\/#breadcrumb"},"inLanguage":"tr","potentialAction":[{"@type":"ReadAction","target":["https:\/\/www.distribucionarc.com\/sl\/producto\/maquina-de-helados-industrial\/"]}]},{"@type":"ImageObject","inLanguage":"tr","@id":"https:\/\/www.distribucionarc.com\/sl\/producto\/maquina-de-helados-industrial\/#primaryimage","url":"https:\/\/distribucionarc.com\/wp-content\/uploads\/2021\/05\/Maquina-helados-cremosos-400xmin-.jpg","contentUrl":"https:\/\/distribucionarc.com\/wp-content\/uploads\/2021\/05\/Maquina-helados-cremosos-400xmin-.jpg","width":1600,"height":1600},{"@type":"BreadcrumbList","@id":"https:\/\/www.distribucionarc.com\/sl\/producto\/maquina-de-helados-industrial\/#breadcrumb","itemListElement":[{"@type":"ListItem","position":1,"name":"Portada","item":"https:\/\/www.distribucionarc.com\/"},{"@type":"ListItem","position":2,"name":"\u00dcr\u00fcnler","item":"https:\/\/www.distribucionarc.com\/tr\/magaza\/"},{"@type":"ListItem","position":3,"name":"M\u00e1quina de helados industrial"}]},{"@type":"WebSite","@id":"https:\/\/www.distribucionarc.com\/sl\/#website","url":"https:\/\/www.distribucionarc.com\/sl\/","name":"ARC da\u011f\u0131t\u0131m\u0131","description":"End\u00fcstriyel makinelerin \u00fcretimi ve da\u011f\u0131t\u0131m\u0131 konusunda uzmanla\u015fm\u0131\u015f \u015firket, kutu m\u00fch\u00fcrleme makineleri, tablet yapma makineleri, et kesme makineleri...","publisher":{"@id":"https:\/\/www.distribucionarc.com\/sl\/#organization"},"potentialAction":[{"@type":"SearchAction","target":{"@type":"EntryPoint","urlTemplate":"https:\/\/www.distribucionarc.com\/sl\/?s={search_term_string}"},"query-input":{"@type":"PropertyValueSpecification","valueRequired":true,"valueName":"search_term_string"}}],"inLanguage":"tr"},{"@type":"Organization","@id":"https:\/\/www.distribucionarc.com\/sl\/#organization","name":"ARC Da\u011f\u0131t\u0131m\u0131","url":"https:\/\/www.distribucionarc.com\/sl\/","logo":{"@type":"ImageObject","inLanguage":"tr","@id":"https:\/\/www.distribucionarc.com\/sl\/#\/schema\/logo\/image\/","url":"https:\/\/distribucionarc.com\/wp-content\/uploads\/2024\/10\/distribucion-ARC-COLOR-SIN-FONDO-e1732295305345.png","contentUrl":"https:\/\/distribucionarc.com\/wp-content\/uploads\/2024\/10\/distribucion-ARC-COLOR-SIN-FONDO-e1732295305345.png","width":1164,"height":558,"caption":"Distribuci\u00f3n ARC"},"image":{"@id":"https:\/\/www.distribucionarc.com\/sl\/#\/schema\/logo\/image\/"},"description":"\u015eirket, g\u0131da ve ila\u00e7 sekt\u00f6rleri i\u00e7in end\u00fcstriyel makine \u00fcretimi ve da\u011f\u0131t\u0131m\u0131 konusunda uzmanla\u015fm\u0131\u015ft\u0131r. Uzmanl\u0131k alanlar\u0131m\u0131z Et kesme makineleri Tablet \u00fcretimi End\u00fcstriyel ta\u015f\u0131ma sistemleri \u015ei\u015feleme hatlar\u0131 Dozajlama makineleri Ve \u00e7ok daha fazlas\u0131... \u015eirketinizin \u00fcretim s\u00fcre\u00e7lerini optimize etmek i\u00e7in yenilik\u00e7i ve \u00f6zelle\u015ftirilmi\u015f \u00e7\u00f6z\u00fcmler sunuyoruz.","email":"Admistracion@distribucionarc.com","telephone":"+34 643496664","legalName":"ARC TECH SOLUTIONS","foundingDate":"2024-04-09","vatID":"B55480172","numberOfEmployees":{"@type":"QuantitativeValue","minValue":"1","maxValue":"10"}}]}},"_links":{"self":[{"href":"https:\/\/distribucionarc.com\/tr\/wp-json\/wp\/v2\/product\/4586","targetHints":{"allow":["GET"]}}],"collection":[{"href":"https:\/\/distribucionarc.com\/tr\/wp-json\/wp\/v2\/product"}],"about":[{"href":"https:\/\/distribucionarc.com\/tr\/wp-json\/wp\/v2\/types\/product"}],"replies":[{"embeddable":true,"href":"https:\/\/distribucionarc.com\/tr\/wp-json\/wp\/v2\/comments?post=4586"}],"version-history":[{"count":0,"href":"https:\/\/distribucionarc.com\/tr\/wp-json\/wp\/v2\/product\/4586\/revisions"}],"wp:featuredmedia":[{"embeddable":true,"href":"https:\/\/distribucionarc.com\/tr\/wp-json\/wp\/v2\/media\/6059"}],"wp:attachment":[{"href":"https:\/\/distribucionarc.com\/tr\/wp-json\/wp\/v2\/media?parent=4586"}],"wp:term":[{"taxonomy":"product_brand","embeddable":true,"href":"https:\/\/distribucionarc.com\/tr\/wp-json\/wp\/v2\/product_brand?post=4586"},{"taxonomy":"product_cat","embeddable":true,"href":"https:\/\/distribucionarc.com\/tr\/wp-json\/wp\/v2\/product_cat?post=4586"},{"taxonomy":"product_tag","embeddable":true,"href":"https:\/\/distribucionarc.com\/tr\/wp-json\/wp\/v2\/product_tag?post=4586"}],"curies":[{"name":"wp","href":"https:\/\/api.w.org\/{rel}","templated":true}]}}