{"id":502,"date":"2020-04-19T15:15:10","date_gmt":"2020-04-19T15:15:10","guid":{"rendered":"https:\/\/distribucionarc.com\/?post_type=product&#038;p=502"},"modified":"2023-03-31T07:42:33","modified_gmt":"2023-03-31T07:42:33","slug":"profesyonel-sise-etiketleme-makinesi-%f0%9f%a7%b4-lot-numarasi-etiketleme","status":"publish","type":"product","link":"https:\/\/distribucionarc.com\/tr\/producto\/maquina-etiquetadora-de-botellas-profesional-%f0%9f%a7%b4-etiquetado-numero-de-lote\/","title":{"rendered":"Profesyonel \u015ei\u015fe Etiketleme Makinesi? Lot Numaras\u0131 Etiketlemesi\u00a0"},"content":{"rendered":"<h2>Profesyonel \u015ei\u015fe Etiketleme Makinesi?<strong>\u00a0 Lot Numaras\u0131 Etiketlemesi\u00a0<\/strong><\/h2>\n<p>&nbsp;<\/p>\n<p>Farkl\u0131 boyutlardaki yap\u0131\u015fkan etiketlerin yan\u0131 s\u0131ra her t\u00fcr yuvarlak \u015fi\u015feye uygun yar\u0131 otomatik makine, ayn\u0131 zamanda otomatik olarak da\u011f\u0131tma ve etiketleme konusunda y\u00fcksek hassasiyete ve h\u0131za sahiptir. PET \u015fi\u015feler, plastik \u015fi\u015feler, cam \u015fi\u015feler, metal \u015fi\u015feler vb. \u00fczerinde kullan\u0131labilir.<\/p>\n<ul class=\"_1V4Ij\" data-hook=\"collapse-info-section\">\n<li class=\"_2knBS undefined\" data-hook=\"collapse-info-item\">\n<div class=\"rah-static rah-static--height-auto\" aria-hidden=\"false\">\n<div class=\"_1yvxJ cell\">\n<div class=\"WncCi\" data-hook=\"info-section-description\">\n<ul>\n<li>Farkl\u0131 boyutlardaki yuvarlak \u015fi\u015felerin etiketlenmesi i\u00e7in uygundur.<\/li>\n<li>\u0130\u015f par\u00e7as\u0131n\u0131n ihtiya\u00e7lar\u0131na g\u00f6re ayarlanabilir etiketleme.<\/li>\n<li>Etiketleme verimlili\u011fi \u00e7ok y\u00fcksektir.<\/li>\n<li>\u015ei\u015feyi manuel olarak istenen y\u00f6ne yerle\u015ftirmeniz yeterli<\/li>\n<li>Katlanma, k\u0131r\u0131\u015f\u0131kl\u0131k veya kabarc\u0131k olmadan m\u00fckemmel etiketleme, \u00fcr\u00fcn\u00fcn rekabet g\u00fcc\u00fcn\u00fc art\u0131r\u0131r.<\/li>\n<li>Sens\u00f6rler ve elektronik bile\u015fenler PLC taraf\u0131ndan kontrol edilerek performans\u0131 daha istikrarl\u0131 hale getirir.<\/li>\n<li>Bak\u0131m ve onar\u0131mlar\u0131 d\u00fc\u015f\u00fck maliyetlidir.<\/li>\n<li>Kullan\u0131m\u0131 \u00e7ok kolayd\u0131r.<\/li>\n<\/ul>\n<p><strong>\u015eartname<\/strong><\/p>\n<p>Kodlamal\u0131 yaz\u0131c\u0131 fonksiyonuna sahip SL130 yar\u0131 otomatik yuvarlak \u015fi\u015fe etiketleme makinesi<br \/>\nBu makine, 2 etiketin uzunlu\u011fu ayn\u0131 oldu\u011fu s\u00fcrece 1 yuvarlak \u015fi\u015feyi 2 etiketle etiketler.<br \/>\nBu etiketleme makinesi, cam \u015fi\u015feler, plastik \u015fi\u015feler, teneke kutular, kristal vb. gibi \u00e7e\u015fitli yuvarlak \u015fi\u015felerin etiketlenmesi ve kodlanmas\u0131 i\u00e7in kullan\u0131l\u0131r.<\/p>\n<p>Bu makine kodlama fonksiyonuyla yap\u0131land\u0131r\u0131lm\u0131\u015ft\u0131r. Etiketleme s\u0131ras\u0131nda \u00fcretim parti numaras\u0131n\u0131 ve tarihini ayn\u0131 anda yazd\u0131rabilirsiniz; bu, \u00fcretim s\u00fcrecini basitle\u015ftirir ve verimlili\u011fi art\u0131r\u0131r.<\/p>\n<p>Hassasiyeti art\u0131ran elektromanyetik sistemi kullan\u0131yoruz. Makinede y\u00fcksek s\u0131n\u0131f al\u00fcminyum ala\u015f\u0131m\u0131 eloksal oldu\u011fundan makinenin kullan\u0131m \u00f6mr\u00fc daha uzundur.<\/p>\n<p>Makinenin t\u00fcm standart par\u00e7a ve bile\u015fenleri \u00f6zenle paslanmaz \u00e7elikten \u00fcretilmi\u015ftir. Bu arada PLC kontrol paneli ve s\u0131v\u0131 kristal ekran\u0131 ile g\u00f6r\u00fcn\u00fcm olduk\u00e7a moderndir.<\/p>\n<p>DETAYLAR:<\/p>\n<p>Gerilim: 200~240V veya 110V<\/p>\n<p>G\u00fc\u00e7: 150W<\/p>\n<p>Etiket boyutlar\u0131 (maks): 120 (geni\u015flik) x 400 (uzunluk) mm<\/p>\n<p>Etiket boyutlar\u0131 (MINI): 10 (geni\u015flik) x 30 (uzunluk) mm<\/p>\n<h3>\u015ei\u015fe boyutu.<\/h3>\n<p>Maksimum boyut (maks): 125 125 mm (4,92 \u00bb)<\/p>\n<p>Minimum boyut (MINI): 20 20 mm (0,8 \u00bb)<\/p>\n<p>D\u0131\u015f boyutlar: 580x680x860mm (22,84\u00d726,77\u00d733,86\u2033)<\/p>\n<p>Net a\u011f\u0131rl\u0131k: 42kg<\/p>\n<p>Paket i\u00e7eri\u011fi:<br \/>\n1X\u03a64 kemer<\/p>\n<p>1 X 3A koruyucu t\u00fcp<\/p>\n<p>1 X Kullan\u0131m K\u0131lavuzu<\/p>\n<p>1 X fren yay\u0131<\/p>\n<p>1 x M4 i\u00e7 alt\u0131gen anahtar<\/p>\n<p>1 x M5 i\u00e7 alt\u0131gen anahtar<\/p>\n<p>1 x M6 i\u00e7 alt\u0131gen anahtar<\/p>\n<p>1 x M8 i\u00e7 alt\u0131gen anahtar<\/p>\n<p>1 X HP-241 Kodlama Makinas\u0131<\/p>\n<\/div>\n<p>&nbsp;<\/p>\n<div class=\"WncCi\" data-hook=\"info-section-description\">\n<p>&nbsp;<\/p>\n<\/div>\n<\/div>\n<\/div>\n<\/li>\n<\/ul>\n<p><iframe loading=\"lazy\" src=\"https:\/\/www.youtube.com\/embed\/-ImYO2i-Ji0\" width=\"560\" height=\"315\" frameborder=\"0\" allowfullscreen=\"allowfullscreen\"><\/iframe><\/p>","protected":false},"excerpt":{"rendered":"<p>\u015ei\u015fe Etiketleme Makinas\u0131<\/p>\n<p>Toplu ve son kullanma tarihi yaz\u0131c\u0131 fonksiyonuna sahip SL130 yar\u0131 otomatik yuvarlak \u015fi\u015fe etiketleme makinesi<br \/>\nBu makine, 2 etiketin uzunlu\u011fu ayn\u0131 oldu\u011fu s\u00fcrece 1 yuvarlak \u015fi\u015feyi 2 etiketle etiketler.<br \/>\nBu etiketleme makinesi, cam \u015fi\u015feler, plastik \u015fi\u015feler, teneke kutular vb. gibi \u00e7e\u015fitli yuvarlak \u015fi\u015felerin etiketlenmesi ve kodlanmas\u0131 i\u00e7in kullan\u0131l\u0131r.<br \/>\nmaksimum etiket boyutu (120mm geni\u015flik \u2796400mm uzunluk)<\/p>\n<p>T\u00fcm makinelerimiz 2\ufe0f\u20e3 y\u0131l garantilidir.<\/p>\n<p>Ar\u0131za durumunda teknik destek.<\/p>","protected":false},"featured_media":506,"comment_status":"open","ping_status":"closed","template":"","meta":{"wds_primary_product_brand":0,"wds_primary_product_cat":0},"product_brand":[],"product_cat":[44],"product_tag":[],"class_list":{"0":"post-502","1":"product","2":"type-product","3":"status-publish","4":"has-post-thumbnail","6":"product_cat-etiquetadoras-de-botellas","8":"first","9":"instock","10":"taxable","11":"shipping-taxable","12":"purchasable","13":"product-type-simple"},"yoast_head":"<!-- This site is optimized with the Yoast SEO Premium plugin v24.9 (Yoast SEO v26.1) - https:\/\/yoast.com\/wordpress\/plugins\/seo\/ -->\n<title>M\u00e1quina Etiquetadora de Botellas Profesional ?\u00a0 Etiquetado N\u00famero de Lote\u00a0 - distribuci\u00f3n ARC<\/title>\n<meta name=\"robots\" content=\"index, follow, max-snippet:-1, max-image-preview:large, max-video-preview:-1\" \/>\n<link rel=\"canonical\" href=\"https:\/\/distribucionarc.com\/tr\/urun\/profesyonel-sise-etiketleme-makinesi-\ud83e\uddf4-lot-numarasi-etiketleme\/\" \/>\n<meta property=\"og:locale\" content=\"tr_TR\" \/>\n<meta property=\"og:type\" content=\"article\" \/>\n<meta property=\"og:title\" content=\"M\u00e1quina Etiquetadora de Botellas Profesional ?\u00a0 Etiquetado N\u00famero de Lote\u00a0\" \/>\n<meta property=\"og:description\" content=\"M\u00e1quina Etiquetadora de Botellas  Etiquetadora de botellas redondas semiautom\u00e1tica SL130 con funci\u00f3n de impresora de lote y caducidad Esta m\u00e1quina etiqueta 1 botella redonda con 2 etiquetas, siempre y cuando la longitud de las 2 etiquetas sea la misma. Esta m\u00e1quina de etiquetas se utiliza para etiquetar y codificar en varias botellas redondas, codificaci\u00f3n, como: botellas de vidrio, botellas de pl\u00e1stico, latas, etc. tama\u00f1o de la etiqueta\u00a0 maximo (120mm ancho \u2796400mm largo)  Toda nuestra maquinaria tiene garant\u00eda de 2\ufe0f\u20e3 a\u00f1os.  Soporte t\u00e9cnico en caso de aver\u00eda.\" \/>\n<meta property=\"og:url\" content=\"https:\/\/distribucionarc.com\/tr\/urun\/profesyonel-sise-etiketleme-makinesi-\ud83e\uddf4-lot-numarasi-etiketleme\/\" \/>\n<meta property=\"og:site_name\" content=\"distribuci\u00f3n ARC\" \/>\n<meta property=\"article:modified_time\" content=\"2023-03-31T07:42:33+00:00\" \/>\n<meta property=\"og:image\" content=\"https:\/\/distribucionarc.com\/wp-content\/uploads\/2020\/04\/maquina_Etiquetadora_de_botellas_profesional_0.jpg\" \/>\n\t<meta property=\"og:image:width\" content=\"1600\" \/>\n\t<meta property=\"og:image:height\" content=\"1600\" \/>\n\t<meta property=\"og:image:type\" content=\"image\/jpeg\" \/>\n<meta name=\"twitter:card\" content=\"summary_large_image\" \/>\n<meta name=\"twitter:label1\" content=\"Tahmini okuma s\u00fcresi\" \/>\n\t<meta name=\"twitter:data1\" content=\"2 dakika\" \/>\n<script type=\"application\/ld+json\" class=\"yoast-schema-graph\">{\"@context\":\"https:\/\/schema.org\",\"@graph\":[{\"@type\":\"WebPage\",\"@id\":\"https:\/\/distribucionarc.com\/el\/producto\/maquina-etiquetadora-de-botellas-profesional-%f0%9f%a7%b4-etiquetado-numero-de-lote\/\",\"url\":\"https:\/\/distribucionarc.com\/el\/producto\/maquina-etiquetadora-de-botellas-profesional-%f0%9f%a7%b4-etiquetado-numero-de-lote\/\",\"name\":\"M\u00e1quina Etiquetadora de Botellas Profesional ?\u00a0 Etiquetado N\u00famero de Lote\u00a0 - distribuci\u00f3n ARC\",\"isPartOf\":{\"@id\":\"https:\/\/www.distribucionarc.com\/sl\/#website\"},\"primaryImageOfPage\":{\"@id\":\"https:\/\/distribucionarc.com\/el\/producto\/maquina-etiquetadora-de-botellas-profesional-%f0%9f%a7%b4-etiquetado-numero-de-lote\/#primaryimage\"},\"image\":{\"@id\":\"https:\/\/distribucionarc.com\/el\/producto\/maquina-etiquetadora-de-botellas-profesional-%f0%9f%a7%b4-etiquetado-numero-de-lote\/#primaryimage\"},\"thumbnailUrl\":\"https:\/\/distribucionarc.com\/wp-content\/uploads\/2020\/04\/maquina_Etiquetadora_de_botellas_profesional_0.jpg\",\"datePublished\":\"2020-04-19T15:15:10+00:00\",\"dateModified\":\"2023-03-31T07:42:33+00:00\",\"breadcrumb\":{\"@id\":\"https:\/\/distribucionarc.com\/el\/producto\/maquina-etiquetadora-de-botellas-profesional-%f0%9f%a7%b4-etiquetado-numero-de-lote\/#breadcrumb\"},\"inLanguage\":\"tr\",\"potentialAction\":[{\"@type\":\"ReadAction\",\"target\":[\"https:\/\/distribucionarc.com\/el\/producto\/maquina-etiquetadora-de-botellas-profesional-%f0%9f%a7%b4-etiquetado-numero-de-lote\/\"]}]},{\"@type\":\"ImageObject\",\"inLanguage\":\"tr\",\"@id\":\"https:\/\/distribucionarc.com\/el\/producto\/maquina-etiquetadora-de-botellas-profesional-%f0%9f%a7%b4-etiquetado-numero-de-lote\/#primaryimage\",\"url\":\"https:\/\/distribucionarc.com\/wp-content\/uploads\/2020\/04\/maquina_Etiquetadora_de_botellas_profesional_0.jpg\",\"contentUrl\":\"https:\/\/distribucionarc.com\/wp-content\/uploads\/2020\/04\/maquina_Etiquetadora_de_botellas_profesional_0.jpg\",\"width\":1600,\"height\":1600},{\"@type\":\"BreadcrumbList\",\"@id\":\"https:\/\/distribucionarc.com\/el\/producto\/maquina-etiquetadora-de-botellas-profesional-%f0%9f%a7%b4-etiquetado-numero-de-lote\/#breadcrumb\",\"itemListElement\":[{\"@type\":\"ListItem\",\"position\":1,\"name\":\"Portada\",\"item\":\"https:\/\/www.distribucionarc.com\/\"},{\"@type\":\"ListItem\",\"position\":2,\"name\":\"\u00dcr\u00fcnler\",\"item\":\"https:\/\/www.distribucionarc.com\/tr\/magaza\/\"},{\"@type\":\"ListItem\",\"position\":3,\"name\":\"M\u00e1quina Etiquetadora de Botellas Profesional ?\u00a0 Etiquetado N\u00famero de Lote\u00a0\"}]},{\"@type\":\"WebSite\",\"@id\":\"https:\/\/www.distribucionarc.com\/sl\/#website\",\"url\":\"https:\/\/www.distribucionarc.com\/sl\/\",\"name\":\"distribuci\u00f3n ARC\",\"description\":\"Empresa especializada en la fabricaci\u00f3n y distribuci\u00f3n de maquinaria industrial, selladoras de latas, Maquinas de hacer pastillas, Maquinas de cortar carne...\",\"publisher\":{\"@id\":\"https:\/\/www.distribucionarc.com\/sl\/#organization\"},\"potentialAction\":[{\"@type\":\"SearchAction\",\"target\":{\"@type\":\"EntryPoint\",\"urlTemplate\":\"https:\/\/www.distribucionarc.com\/sl\/?s={search_term_string}\"},\"query-input\":{\"@type\":\"PropertyValueSpecification\",\"valueRequired\":true,\"valueName\":\"search_term_string\"}}],\"inLanguage\":\"tr\"},{\"@type\":\"Organization\",\"@id\":\"https:\/\/www.distribucionarc.com\/sl\/#organization\",\"name\":\"Distribuci\u00f3n ARC\",\"url\":\"https:\/\/www.distribucionarc.com\/sl\/\",\"logo\":{\"@type\":\"ImageObject\",\"inLanguage\":\"tr\",\"@id\":\"https:\/\/www.distribucionarc.com\/sl\/#\/schema\/logo\/image\/\",\"url\":\"https:\/\/distribucionarc.com\/wp-content\/uploads\/2024\/10\/distribucion-ARC-COLOR-SIN-FONDO-e1732295305345.png\",\"contentUrl\":\"https:\/\/distribucionarc.com\/wp-content\/uploads\/2024\/10\/distribucion-ARC-COLOR-SIN-FONDO-e1732295305345.png\",\"width\":1164,\"height\":558,\"caption\":\"Distribuci\u00f3n ARC\"},\"image\":{\"@id\":\"https:\/\/www.distribucionarc.com\/sl\/#\/schema\/logo\/image\/\"},\"description\":\"Empresa especializada en la fabricaci\u00f3n y distribuci\u00f3n de maquinaria industrial para los sectores alimentario y farmac\u00e9utico. Nos especializamos en: M\u00e1quinas de cortar carne Fabricaci\u00f3n de comprimidos Sistemas de transporte industrial L\u00edneas de embotellado Dosificadores Y mucho m\u00e1s... Ofrecemos soluciones innovadoras y personalizadas para optimizar los procesos productivos de tu empresa.\",\"email\":\"Admistracion@distribucionarc.com\",\"telephone\":\"+34 643496664\",\"legalName\":\"ARC TECH SOLUTIONS\",\"foundingDate\":\"2024-04-09\",\"vatID\":\"B55480172\",\"numberOfEmployees\":{\"@type\":\"QuantitativeValue\",\"minValue\":\"1\",\"maxValue\":\"10\"}}]}<\/script>\n<!-- \/ Yoast SEO Premium plugin. -->","yoast_head_json":{"title":"Profesyonel \u015ei\u015fe Etiketleme Makinesi? Lot Numaras\u0131 Etiketlemesi - ARC da\u011f\u0131t\u0131m\u0131","robots":{"index":"index","follow":"follow","max-snippet":"max-snippet:-1","max-image-preview":"max-image-preview:large","max-video-preview":"max-video-preview:-1"},"canonical":"https:\/\/distribucionarc.com\/tr\/urun\/profesyonel-sise-etiketleme-makinesi-\ud83e\uddf4-lot-numarasi-etiketleme\/","og_locale":"tr_TR","og_type":"article","og_title":"M\u00e1quina Etiquetadora de Botellas Profesional ?\u00a0 Etiquetado N\u00famero de Lote\u00a0","og_description":"M\u00e1quina Etiquetadora de Botellas  Etiquetadora de botellas redondas semiautom\u00e1tica SL130 con funci\u00f3n de impresora de lote y caducidad Esta m\u00e1quina etiqueta 1 botella redonda con 2 etiquetas, siempre y cuando la longitud de las 2 etiquetas sea la misma. Esta m\u00e1quina de etiquetas se utiliza para etiquetar y codificar en varias botellas redondas, codificaci\u00f3n, como: botellas de vidrio, botellas de pl\u00e1stico, latas, etc. tama\u00f1o de la etiqueta\u00a0 maximo (120mm ancho \u2796400mm largo)  Toda nuestra maquinaria tiene garant\u00eda de 2\ufe0f\u20e3 a\u00f1os.  Soporte t\u00e9cnico en caso de aver\u00eda.","og_url":"https:\/\/distribucionarc.com\/tr\/urun\/profesyonel-sise-etiketleme-makinesi-\ud83e\uddf4-lot-numarasi-etiketleme\/","og_site_name":"distribuci\u00f3n ARC","article_modified_time":"2023-03-31T07:42:33+00:00","og_image":[{"width":1600,"height":1600,"url":"https:\/\/distribucionarc.com\/wp-content\/uploads\/2020\/04\/maquina_Etiquetadora_de_botellas_profesional_0.jpg","type":"image\/jpeg"}],"twitter_card":"summary_large_image","twitter_misc":{"Tahmini okuma s\u00fcresi":"2 dakika"},"schema":{"@context":"https:\/\/schema.org","@graph":[{"@type":"WebPage","@id":"https:\/\/distribucionarc.com\/el\/producto\/maquina-etiquetadora-de-botellas-profesional-%f0%9f%a7%b4-etiquetado-numero-de-lote\/","url":"https:\/\/distribucionarc.com\/el\/producto\/maquina-etiquetadora-de-botellas-profesional-%f0%9f%a7%b4-etiquetado-numero-de-lote\/","name":"Profesyonel \u015ei\u015fe Etiketleme Makinesi? Lot Numaras\u0131 Etiketlemesi - ARC da\u011f\u0131t\u0131m\u0131","isPartOf":{"@id":"https:\/\/www.distribucionarc.com\/sl\/#website"},"primaryImageOfPage":{"@id":"https:\/\/distribucionarc.com\/el\/producto\/maquina-etiquetadora-de-botellas-profesional-%f0%9f%a7%b4-etiquetado-numero-de-lote\/#primaryimage"},"image":{"@id":"https:\/\/distribucionarc.com\/el\/producto\/maquina-etiquetadora-de-botellas-profesional-%f0%9f%a7%b4-etiquetado-numero-de-lote\/#primaryimage"},"thumbnailUrl":"https:\/\/distribucionarc.com\/wp-content\/uploads\/2020\/04\/maquina_Etiquetadora_de_botellas_profesional_0.jpg","datePublished":"2020-04-19T15:15:10+00:00","dateModified":"2023-03-31T07:42:33+00:00","breadcrumb":{"@id":"https:\/\/distribucionarc.com\/el\/producto\/maquina-etiquetadora-de-botellas-profesional-%f0%9f%a7%b4-etiquetado-numero-de-lote\/#breadcrumb"},"inLanguage":"tr","potentialAction":[{"@type":"ReadAction","target":["https:\/\/distribucionarc.com\/el\/producto\/maquina-etiquetadora-de-botellas-profesional-%f0%9f%a7%b4-etiquetado-numero-de-lote\/"]}]},{"@type":"ImageObject","inLanguage":"tr","@id":"https:\/\/distribucionarc.com\/el\/producto\/maquina-etiquetadora-de-botellas-profesional-%f0%9f%a7%b4-etiquetado-numero-de-lote\/#primaryimage","url":"https:\/\/distribucionarc.com\/wp-content\/uploads\/2020\/04\/maquina_Etiquetadora_de_botellas_profesional_0.jpg","contentUrl":"https:\/\/distribucionarc.com\/wp-content\/uploads\/2020\/04\/maquina_Etiquetadora_de_botellas_profesional_0.jpg","width":1600,"height":1600},{"@type":"BreadcrumbList","@id":"https:\/\/distribucionarc.com\/el\/producto\/maquina-etiquetadora-de-botellas-profesional-%f0%9f%a7%b4-etiquetado-numero-de-lote\/#breadcrumb","itemListElement":[{"@type":"ListItem","position":1,"name":"Portada","item":"https:\/\/www.distribucionarc.com\/"},{"@type":"ListItem","position":2,"name":"\u00dcr\u00fcnler","item":"https:\/\/www.distribucionarc.com\/tr\/magaza\/"},{"@type":"ListItem","position":3,"name":"M\u00e1quina Etiquetadora de Botellas Profesional ?\u00a0 Etiquetado N\u00famero de Lote\u00a0"}]},{"@type":"WebSite","@id":"https:\/\/www.distribucionarc.com\/sl\/#website","url":"https:\/\/www.distribucionarc.com\/sl\/","name":"ARC da\u011f\u0131t\u0131m\u0131","description":"End\u00fcstriyel makinelerin \u00fcretimi ve da\u011f\u0131t\u0131m\u0131 konusunda uzmanla\u015fm\u0131\u015f \u015firket, kutu m\u00fch\u00fcrleme makineleri, tablet yapma makineleri, et kesme makineleri...","publisher":{"@id":"https:\/\/www.distribucionarc.com\/sl\/#organization"},"potentialAction":[{"@type":"SearchAction","target":{"@type":"EntryPoint","urlTemplate":"https:\/\/www.distribucionarc.com\/sl\/?s={search_term_string}"},"query-input":{"@type":"PropertyValueSpecification","valueRequired":true,"valueName":"search_term_string"}}],"inLanguage":"tr"},{"@type":"Organization","@id":"https:\/\/www.distribucionarc.com\/sl\/#organization","name":"ARC Da\u011f\u0131t\u0131m\u0131","url":"https:\/\/www.distribucionarc.com\/sl\/","logo":{"@type":"ImageObject","inLanguage":"tr","@id":"https:\/\/www.distribucionarc.com\/sl\/#\/schema\/logo\/image\/","url":"https:\/\/distribucionarc.com\/wp-content\/uploads\/2024\/10\/distribucion-ARC-COLOR-SIN-FONDO-e1732295305345.png","contentUrl":"https:\/\/distribucionarc.com\/wp-content\/uploads\/2024\/10\/distribucion-ARC-COLOR-SIN-FONDO-e1732295305345.png","width":1164,"height":558,"caption":"Distribuci\u00f3n ARC"},"image":{"@id":"https:\/\/www.distribucionarc.com\/sl\/#\/schema\/logo\/image\/"},"description":"\u015eirket, g\u0131da ve ila\u00e7 sekt\u00f6rleri i\u00e7in end\u00fcstriyel makine \u00fcretimi ve da\u011f\u0131t\u0131m\u0131 konusunda uzmanla\u015fm\u0131\u015ft\u0131r. Uzmanl\u0131k alanlar\u0131m\u0131z Et kesme makineleri Tablet \u00fcretimi End\u00fcstriyel ta\u015f\u0131ma sistemleri \u015ei\u015feleme hatlar\u0131 Dozajlama makineleri Ve \u00e7ok daha fazlas\u0131... \u015eirketinizin \u00fcretim s\u00fcre\u00e7lerini optimize etmek i\u00e7in yenilik\u00e7i ve \u00f6zelle\u015ftirilmi\u015f \u00e7\u00f6z\u00fcmler sunuyoruz.","email":"Admistracion@distribucionarc.com","telephone":"+34 643496664","legalName":"ARC TECH SOLUTIONS","foundingDate":"2024-04-09","vatID":"B55480172","numberOfEmployees":{"@type":"QuantitativeValue","minValue":"1","maxValue":"10"}}]}},"_links":{"self":[{"href":"https:\/\/distribucionarc.com\/tr\/wp-json\/wp\/v2\/product\/502","targetHints":{"allow":["GET"]}}],"collection":[{"href":"https:\/\/distribucionarc.com\/tr\/wp-json\/wp\/v2\/product"}],"about":[{"href":"https:\/\/distribucionarc.com\/tr\/wp-json\/wp\/v2\/types\/product"}],"replies":[{"embeddable":true,"href":"https:\/\/distribucionarc.com\/tr\/wp-json\/wp\/v2\/comments?post=502"}],"version-history":[{"count":0,"href":"https:\/\/distribucionarc.com\/tr\/wp-json\/wp\/v2\/product\/502\/revisions"}],"wp:featuredmedia":[{"embeddable":true,"href":"https:\/\/distribucionarc.com\/tr\/wp-json\/wp\/v2\/media\/506"}],"wp:attachment":[{"href":"https:\/\/distribucionarc.com\/tr\/wp-json\/wp\/v2\/media?parent=502"}],"wp:term":[{"taxonomy":"product_brand","embeddable":true,"href":"https:\/\/distribucionarc.com\/tr\/wp-json\/wp\/v2\/product_brand?post=502"},{"taxonomy":"product_cat","embeddable":true,"href":"https:\/\/distribucionarc.com\/tr\/wp-json\/wp\/v2\/product_cat?post=502"},{"taxonomy":"product_tag","embeddable":true,"href":"https:\/\/distribucionarc.com\/tr\/wp-json\/wp\/v2\/product_tag?post=502"}],"curies":[{"name":"wp","href":"https:\/\/api.w.org\/{rel}","templated":true}]}}