{"id":5393,"date":"2023-03-31T09:36:10","date_gmt":"2023-03-31T09:36:10","guid":{"rendered":"https:\/\/distribucionarc.com\/?post_type=product&#038;p=5393"},"modified":"2023-03-31T12:11:29","modified_gmt":"2023-03-31T12:11:29","slug":"yari-otomatik-bira-sarap-yag-sise-kavanoz-etiketleme-makinesi","status":"publish","type":"product","link":"https:\/\/distribucionarc.com\/tr\/producto\/maquina-etiquetadora-de-botellas-tarros-semi-automatica-cerveza-vino-aceite\/","title":{"rendered":"Bira, \u015farap, ya\u011f i\u00e7in yar\u0131 otomatik \u015fi\u015fe, kavanoz etiketleme makinesi"},"content":{"rendered":"<p>Teknik \u00f6zellikler Yar\u0131 otomatik \u015fi\u015fe etiketleme makinesi, Pet<\/p>\n<table style=\"height: 1306px;\" width=\"829\">\n<tbody>\n<tr>\n<td><span style=\"font-weight: 400;\">Parametre<\/span><\/td>\n<td><span style=\"font-weight: 400;\">Veri<\/span><\/td>\n<\/tr>\n<tr>\n<td><span style=\"font-weight: 400;\">Etiket spesifikasyonu<\/span><\/td>\n<td><span style=\"font-weight: 400;\">Yap\u0131\u015fkan etiket, \u015feffaf veya opak<\/span><\/td>\n<\/tr>\n<tr>\n<td><span style=\"font-weight: 400;\">Etiketleme tolerans\u0131<\/span><\/td>\n<td><span style=\"font-weight: 400;\">\u00b10,5 mm<\/span><\/td>\n<\/tr>\n<tr>\n<td><span style=\"font-weight: 400;\">Kapasite (birim\/dak)<\/span><\/td>\n<td><span style=\"font-weight: 400;\">15 ~ 30<\/span><\/td>\n<\/tr>\n<tr>\n<td><span style=\"font-weight: 400;\">\u015ei\u015fe boyutu (mm)<\/span><\/td>\n<td><span style=\"font-weight: 400;\">\u00d815 ~ \u00d8155 Ayarlanabilir<\/span><\/td>\n<\/tr>\n<tr>\n<td><span style=\"font-weight: 400;\">Etiket boyutu (mm)<\/span><\/td>\n<td><span style=\"font-weight: 400;\">L: 20-400; G(Y): 20-220<\/span><\/td>\n<\/tr>\n<tr>\n<td><span style=\"font-weight: 400;\">Makine boyutu (U*G*Y)<\/span><\/td>\n<td><span style=\"font-weight: 400;\">\u2248920*470*560 (mm)<\/span><\/td>\n<\/tr>\n<tr>\n<td><span style=\"font-weight: 400;\">Paket boyutu (U*G*Y)<\/span><\/td>\n<td><span style=\"font-weight: 400;\">\u2248 1020*660*740 (mm)<\/span><\/td>\n<\/tr>\n<tr>\n<td><span style=\"font-weight: 400;\">Gerilim<\/span><\/td>\n<td><span style=\"font-weight: 400;\">220V\/110V 50(60)HZ;<\/span><\/td>\n<\/tr>\n<tr>\n<td><span style=\"font-weight: 400;\">G\u00fc\u00e7<\/span><\/td>\n<td><span style=\"font-weight: 400;\">120W<\/span><\/td>\n<\/tr>\n<tr>\n<td><span style=\"font-weight: 400;\">Kuzeybat\u0131 (KG)<\/span><\/td>\n<td><span style=\"font-weight: 400;\">\u2248 45,0<\/span><\/td>\n<\/tr>\n<tr>\n<td><span style=\"font-weight: 400;\">GW (KG)<\/span><\/td>\n<td><span style=\"font-weight: 400;\">\u2248 67,5<\/span><\/td>\n<\/tr>\n<tr>\n<td><span style=\"font-weight: 400;\">Etiket rulosu<\/span><\/td>\n<td><span style=\"font-weight: 400;\">Kimlik: \u00d876mm;D\u0131\u015f \u00c7ap:\u2264300mm<\/span><\/td>\n<\/tr>\n<tr>\n<td><span style=\"font-weight: 400;\">Hava beslemesi<\/span><\/td>\n<td><span style=\"font-weight: 400;\">0.4~0.6Mpa<\/span><\/td>\n<\/tr>\n<tr>\n<td><span style=\"font-weight: 400;\">Temel uygulama<\/span><\/td>\n<td><span style=\"font-weight: 400;\">* Her t\u00fcrl\u00fc i\u00e7in <\/span><b>silindirik nesnelerin etiketlenmesi<\/b><span style=\"font-weight: 400;\"> ve ksilitol gibi koniktir, <\/span><b>kozmetik \u015fi\u015feleri<\/b><span style=\"font-weight: 400;\">, <\/span><b>\u015farap \u015fi\u015feleri<\/b><span style=\"font-weight: 400;\">.<\/span><\/p>\n<p><span style=\"font-weight: 400;\">* Etiketlemenin etraf\u0131na bir etiket, \u00f6n ve arka etiketleme ve y\u00f6nlendirme etiketlemesine iki etiket sarabilirsiniz.<\/span><\/p>\n<p><span style=\"font-weight: 400;\">* Etiketleme s\u0131ras\u0131nda \u00fcretim tarihi, parti ve son kullanma tarihini basmak i\u00e7in tarih yaz\u0131c\u0131s\u0131 eklenebilmektedir.<\/span><\/p>\n<p><span style=\"font-weight: 400;\">* G\u0131da, kozmetik, kimya, ila\u00e7 ve di\u011fer end\u00fcstrilerde yayg\u0131n olarak kullan\u0131lmaktad\u0131r.<\/span><\/p>\n<p><span style=\"font-weight: 400;\">* \u00d6zelle\u015ftirmeyi destekler. Stokta var.<\/span><\/td>\n<\/tr>\n<\/tbody>\n<\/table>\n<p>&nbsp;<\/p>","protected":false},"excerpt":{"rendered":"<p><span style=\"font-weight: 400;\">La <strong>\u015fi\u015fe etiketleme makinesi<\/strong> ve yar\u0131 otomatik kavanozlar bira, \u015farap ve ya\u011f gibi s\u0131v\u0131 yiyecek ve i\u00e7eceklerin \u00fcretiminde ve paketlenmesinde \u00f6nemli bir ara\u00e7t\u0131r. Bu makine \u015funlardan sorumludur: <strong>etiket kaplar\u0131<\/strong> h\u0131zl\u0131 ve verimli bir \u015fekilde \u00fcretkenli\u011fi art\u0131r\u0131r ve i\u015f\u00e7ilik maliyetlerini azalt\u0131r.<\/span><\/p>\n<p><span style=\"font-weight: 400;\">Makine <strong>yar\u0131 otomatik etiketleme makinesi<\/strong> Kullan\u0131m\u0131 kolayd\u0131r ve farkl\u0131 boyut ve \u015fekillerdeki \u015fi\u015fe ve kavanozlara uyacak \u015fekilde tasarlanm\u0131\u015ft\u0131r.<\/span><\/p>\n<div style=\"width: 520px;\" class=\"wp-video\"><video class=\"wp-video-shortcode\" id=\"video-5393-1\" width=\"520\" height=\"560\" preload=\"metadata\" controls=\"controls\"><source type=\"video\/mp4\" src=\"https:\/\/distribucionarc.com\/wp-content\/uploads\/2023\/03\/etiquetadoras-manuales.mp4?_=1\" \/><a href=\"https:\/\/distribucionarc.com\/wp-content\/uploads\/2023\/03\/etiquetadoras-manuales.mp4\">https:\/\/distribucionarc.com\/wp-content\/uploads\/2023\/03\/etiquetadoras-manuales.mp4<\/a><\/video><\/div>","protected":false},"featured_media":5398,"comment_status":"open","ping_status":"closed","template":"","meta":{"wds_primary_product_brand":0,"wds_primary_product_cat":0},"product_brand":[],"product_cat":[44],"product_tag":[],"class_list":{"0":"post-5393","1":"product","2":"type-product","3":"status-publish","4":"has-post-thumbnail","6":"product_cat-etiquetadoras-de-botellas","7":"product_shipping_class-express","9":"first","10":"instock","11":"sale","12":"taxable","13":"shipping-taxable","14":"purchasable","15":"product-type-simple"},"yoast_head":"<!-- This site is optimized with the Yoast SEO Premium plugin v24.9 (Yoast SEO v26.1) - https:\/\/yoast.com\/wordpress\/plugins\/seo\/ -->\n<title>Maquina Etiquetadora de botellas, tarros semi automatica cerveza, vino, aceite - distribuci\u00f3n ARC<\/title>\n<meta name=\"robots\" content=\"index, follow, max-snippet:-1, max-image-preview:large, max-video-preview:-1\" \/>\n<link rel=\"canonical\" href=\"https:\/\/distribucionarc.com\/tr\/urun\/yari-otomatik-bira-sarap-yag-sise-kavanoz-etiketleme-makinesi\/\" \/>\n<meta property=\"og:locale\" content=\"tr_TR\" \/>\n<meta property=\"og:type\" content=\"article\" \/>\n<meta property=\"og:title\" content=\"Maquina Etiquetadora de botellas, tarros semi automatica cerveza, vino, aceite\" \/>\n<meta property=\"og:description\" content=\"La m\u00e1quina etiquetadora de botellas y tarros semi-autom\u00e1tica es una herramienta esencial en la producci\u00f3n y envasado de bebidas y alimentos l\u00edquidos como cerveza, vino y aceite. Esta m\u00e1quina se encarga de etiquetar los envases de manera r\u00e1pida y eficiente, lo que aumenta la productividad y reduce los costos de mano de obra.  La m\u00e1quina etiquetadora semi-autom\u00e1tica es f\u00e1cil de usar y est\u00e1 dise\u00f1ada para adaptarse a diferentes tama\u00f1os y formas de botellas y tarros.\" \/>\n<meta property=\"og:url\" content=\"https:\/\/distribucionarc.com\/tr\/urun\/yari-otomatik-bira-sarap-yag-sise-kavanoz-etiketleme-makinesi\/\" \/>\n<meta property=\"og:site_name\" content=\"distribuci\u00f3n ARC\" \/>\n<meta property=\"article:modified_time\" content=\"2023-03-31T12:11:29+00:00\" \/>\n<meta property=\"og:image\" content=\"https:\/\/distribucionarc.com\/wp-content\/uploads\/2023\/03\/etiquetadora-de-botellas.jpg\" \/>\n\t<meta property=\"og:image:width\" content=\"480\" \/>\n\t<meta property=\"og:image:height\" content=\"480\" \/>\n\t<meta property=\"og:image:type\" content=\"image\/jpeg\" \/>\n<meta name=\"twitter:card\" content=\"summary_large_image\" \/>\n<meta name=\"twitter:label1\" content=\"Tahmini okuma s\u00fcresi\" \/>\n\t<meta name=\"twitter:data1\" content=\"1 dakika\" \/>\n<script type=\"application\/ld+json\" class=\"yoast-schema-graph\">{\"@context\":\"https:\/\/schema.org\",\"@graph\":[{\"@type\":\"WebPage\",\"@id\":\"https:\/\/distribucionarc.com\/de\/producto\/maquina-etiquetadora-de-botellas-tarros-semi-automatica-cerveza-vino-aceite\/\",\"url\":\"https:\/\/distribucionarc.com\/de\/producto\/maquina-etiquetadora-de-botellas-tarros-semi-automatica-cerveza-vino-aceite\/\",\"name\":\"Maquina Etiquetadora de botellas, tarros semi automatica cerveza, vino, aceite - distribuci\u00f3n ARC\",\"isPartOf\":{\"@id\":\"https:\/\/www.distribucionarc.com\/sl\/#website\"},\"primaryImageOfPage\":{\"@id\":\"https:\/\/distribucionarc.com\/de\/producto\/maquina-etiquetadora-de-botellas-tarros-semi-automatica-cerveza-vino-aceite\/#primaryimage\"},\"image\":{\"@id\":\"https:\/\/distribucionarc.com\/de\/producto\/maquina-etiquetadora-de-botellas-tarros-semi-automatica-cerveza-vino-aceite\/#primaryimage\"},\"thumbnailUrl\":\"https:\/\/distribucionarc.com\/wp-content\/uploads\/2023\/03\/etiquetadora-de-botellas.jpg\",\"datePublished\":\"2023-03-31T09:36:10+00:00\",\"dateModified\":\"2023-03-31T12:11:29+00:00\",\"breadcrumb\":{\"@id\":\"https:\/\/distribucionarc.com\/de\/producto\/maquina-etiquetadora-de-botellas-tarros-semi-automatica-cerveza-vino-aceite\/#breadcrumb\"},\"inLanguage\":\"tr\",\"potentialAction\":[{\"@type\":\"ReadAction\",\"target\":[\"https:\/\/distribucionarc.com\/de\/producto\/maquina-etiquetadora-de-botellas-tarros-semi-automatica-cerveza-vino-aceite\/\"]}]},{\"@type\":\"ImageObject\",\"inLanguage\":\"tr\",\"@id\":\"https:\/\/distribucionarc.com\/de\/producto\/maquina-etiquetadora-de-botellas-tarros-semi-automatica-cerveza-vino-aceite\/#primaryimage\",\"url\":\"https:\/\/distribucionarc.com\/wp-content\/uploads\/2023\/03\/etiquetadora-de-botellas.jpg\",\"contentUrl\":\"https:\/\/distribucionarc.com\/wp-content\/uploads\/2023\/03\/etiquetadora-de-botellas.jpg\",\"width\":480,\"height\":480},{\"@type\":\"BreadcrumbList\",\"@id\":\"https:\/\/distribucionarc.com\/de\/producto\/maquina-etiquetadora-de-botellas-tarros-semi-automatica-cerveza-vino-aceite\/#breadcrumb\",\"itemListElement\":[{\"@type\":\"ListItem\",\"position\":1,\"name\":\"Portada\",\"item\":\"https:\/\/www.distribucionarc.com\/\"},{\"@type\":\"ListItem\",\"position\":2,\"name\":\"\u00dcr\u00fcnler\",\"item\":\"https:\/\/www.distribucionarc.com\/tr\/magaza\/\"},{\"@type\":\"ListItem\",\"position\":3,\"name\":\"Maquina Etiquetadora de botellas, tarros semi automatica cerveza, vino, aceite\"}]},{\"@type\":\"WebSite\",\"@id\":\"https:\/\/www.distribucionarc.com\/sl\/#website\",\"url\":\"https:\/\/www.distribucionarc.com\/sl\/\",\"name\":\"distribuci\u00f3n ARC\",\"description\":\"Empresa especializada en la fabricaci\u00f3n y distribuci\u00f3n de maquinaria industrial, selladoras de latas, Maquinas de hacer pastillas, Maquinas de cortar carne...\",\"publisher\":{\"@id\":\"https:\/\/www.distribucionarc.com\/sl\/#organization\"},\"potentialAction\":[{\"@type\":\"SearchAction\",\"target\":{\"@type\":\"EntryPoint\",\"urlTemplate\":\"https:\/\/www.distribucionarc.com\/sl\/?s={search_term_string}\"},\"query-input\":{\"@type\":\"PropertyValueSpecification\",\"valueRequired\":true,\"valueName\":\"search_term_string\"}}],\"inLanguage\":\"tr\"},{\"@type\":\"Organization\",\"@id\":\"https:\/\/www.distribucionarc.com\/sl\/#organization\",\"name\":\"Distribuci\u00f3n ARC\",\"url\":\"https:\/\/www.distribucionarc.com\/sl\/\",\"logo\":{\"@type\":\"ImageObject\",\"inLanguage\":\"tr\",\"@id\":\"https:\/\/www.distribucionarc.com\/sl\/#\/schema\/logo\/image\/\",\"url\":\"https:\/\/distribucionarc.com\/wp-content\/uploads\/2024\/10\/distribucion-ARC-COLOR-SIN-FONDO-e1732295305345.png\",\"contentUrl\":\"https:\/\/distribucionarc.com\/wp-content\/uploads\/2024\/10\/distribucion-ARC-COLOR-SIN-FONDO-e1732295305345.png\",\"width\":1164,\"height\":558,\"caption\":\"Distribuci\u00f3n ARC\"},\"image\":{\"@id\":\"https:\/\/www.distribucionarc.com\/sl\/#\/schema\/logo\/image\/\"},\"description\":\"Empresa especializada en la fabricaci\u00f3n y distribuci\u00f3n de maquinaria industrial para los sectores alimentario y farmac\u00e9utico. Nos especializamos en: M\u00e1quinas de cortar carne Fabricaci\u00f3n de comprimidos Sistemas de transporte industrial L\u00edneas de embotellado Dosificadores Y mucho m\u00e1s... Ofrecemos soluciones innovadoras y personalizadas para optimizar los procesos productivos de tu empresa.\",\"email\":\"Admistracion@distribucionarc.com\",\"telephone\":\"+34 643496664\",\"legalName\":\"ARC TECH SOLUTIONS\",\"foundingDate\":\"2024-04-09\",\"vatID\":\"B55480172\",\"numberOfEmployees\":{\"@type\":\"QuantitativeValue\",\"minValue\":\"1\",\"maxValue\":\"10\"}}]}<\/script>\n<!-- \/ Yoast SEO Premium plugin. -->","yoast_head_json":{"title":"Bira, \u015farap, ya\u011f i\u00e7in yar\u0131 otomatik \u015fi\u015fe, kavanoz etiketleme makinesi - ARC da\u011f\u0131t\u0131m\u0131","robots":{"index":"index","follow":"follow","max-snippet":"max-snippet:-1","max-image-preview":"max-image-preview:large","max-video-preview":"max-video-preview:-1"},"canonical":"https:\/\/distribucionarc.com\/tr\/urun\/yari-otomatik-bira-sarap-yag-sise-kavanoz-etiketleme-makinesi\/","og_locale":"tr_TR","og_type":"article","og_title":"Maquina Etiquetadora de botellas, tarros semi automatica cerveza, vino, aceite","og_description":"La m\u00e1quina etiquetadora de botellas y tarros semi-autom\u00e1tica es una herramienta esencial en la producci\u00f3n y envasado de bebidas y alimentos l\u00edquidos como cerveza, vino y aceite. Esta m\u00e1quina se encarga de etiquetar los envases de manera r\u00e1pida y eficiente, lo que aumenta la productividad y reduce los costos de mano de obra.  La m\u00e1quina etiquetadora semi-autom\u00e1tica es f\u00e1cil de usar y est\u00e1 dise\u00f1ada para adaptarse a diferentes tama\u00f1os y formas de botellas y tarros.","og_url":"https:\/\/distribucionarc.com\/tr\/urun\/yari-otomatik-bira-sarap-yag-sise-kavanoz-etiketleme-makinesi\/","og_site_name":"distribuci\u00f3n ARC","article_modified_time":"2023-03-31T12:11:29+00:00","og_image":[{"width":480,"height":480,"url":"https:\/\/distribucionarc.com\/wp-content\/uploads\/2023\/03\/etiquetadora-de-botellas.jpg","type":"image\/jpeg"}],"twitter_card":"summary_large_image","twitter_misc":{"Tahmini okuma s\u00fcresi":"1 dakika"},"schema":{"@context":"https:\/\/schema.org","@graph":[{"@type":"WebPage","@id":"https:\/\/distribucionarc.com\/de\/producto\/maquina-etiquetadora-de-botellas-tarros-semi-automatica-cerveza-vino-aceite\/","url":"https:\/\/distribucionarc.com\/de\/producto\/maquina-etiquetadora-de-botellas-tarros-semi-automatica-cerveza-vino-aceite\/","name":"Bira, \u015farap, ya\u011f i\u00e7in yar\u0131 otomatik \u015fi\u015fe, kavanoz etiketleme makinesi - ARC da\u011f\u0131t\u0131m\u0131","isPartOf":{"@id":"https:\/\/www.distribucionarc.com\/sl\/#website"},"primaryImageOfPage":{"@id":"https:\/\/distribucionarc.com\/de\/producto\/maquina-etiquetadora-de-botellas-tarros-semi-automatica-cerveza-vino-aceite\/#primaryimage"},"image":{"@id":"https:\/\/distribucionarc.com\/de\/producto\/maquina-etiquetadora-de-botellas-tarros-semi-automatica-cerveza-vino-aceite\/#primaryimage"},"thumbnailUrl":"https:\/\/distribucionarc.com\/wp-content\/uploads\/2023\/03\/etiquetadora-de-botellas.jpg","datePublished":"2023-03-31T09:36:10+00:00","dateModified":"2023-03-31T12:11:29+00:00","breadcrumb":{"@id":"https:\/\/distribucionarc.com\/de\/producto\/maquina-etiquetadora-de-botellas-tarros-semi-automatica-cerveza-vino-aceite\/#breadcrumb"},"inLanguage":"tr","potentialAction":[{"@type":"ReadAction","target":["https:\/\/distribucionarc.com\/de\/producto\/maquina-etiquetadora-de-botellas-tarros-semi-automatica-cerveza-vino-aceite\/"]}]},{"@type":"ImageObject","inLanguage":"tr","@id":"https:\/\/distribucionarc.com\/de\/producto\/maquina-etiquetadora-de-botellas-tarros-semi-automatica-cerveza-vino-aceite\/#primaryimage","url":"https:\/\/distribucionarc.com\/wp-content\/uploads\/2023\/03\/etiquetadora-de-botellas.jpg","contentUrl":"https:\/\/distribucionarc.com\/wp-content\/uploads\/2023\/03\/etiquetadora-de-botellas.jpg","width":480,"height":480},{"@type":"BreadcrumbList","@id":"https:\/\/distribucionarc.com\/de\/producto\/maquina-etiquetadora-de-botellas-tarros-semi-automatica-cerveza-vino-aceite\/#breadcrumb","itemListElement":[{"@type":"ListItem","position":1,"name":"Portada","item":"https:\/\/www.distribucionarc.com\/"},{"@type":"ListItem","position":2,"name":"\u00dcr\u00fcnler","item":"https:\/\/www.distribucionarc.com\/tr\/magaza\/"},{"@type":"ListItem","position":3,"name":"Maquina Etiquetadora de botellas, tarros semi automatica cerveza, vino, aceite"}]},{"@type":"WebSite","@id":"https:\/\/www.distribucionarc.com\/sl\/#website","url":"https:\/\/www.distribucionarc.com\/sl\/","name":"ARC da\u011f\u0131t\u0131m\u0131","description":"End\u00fcstriyel makinelerin \u00fcretimi ve da\u011f\u0131t\u0131m\u0131 konusunda uzmanla\u015fm\u0131\u015f \u015firket, kutu m\u00fch\u00fcrleme makineleri, tablet yapma makineleri, et kesme makineleri...","publisher":{"@id":"https:\/\/www.distribucionarc.com\/sl\/#organization"},"potentialAction":[{"@type":"SearchAction","target":{"@type":"EntryPoint","urlTemplate":"https:\/\/www.distribucionarc.com\/sl\/?s={search_term_string}"},"query-input":{"@type":"PropertyValueSpecification","valueRequired":true,"valueName":"search_term_string"}}],"inLanguage":"tr"},{"@type":"Organization","@id":"https:\/\/www.distribucionarc.com\/sl\/#organization","name":"ARC Da\u011f\u0131t\u0131m\u0131","url":"https:\/\/www.distribucionarc.com\/sl\/","logo":{"@type":"ImageObject","inLanguage":"tr","@id":"https:\/\/www.distribucionarc.com\/sl\/#\/schema\/logo\/image\/","url":"https:\/\/distribucionarc.com\/wp-content\/uploads\/2024\/10\/distribucion-ARC-COLOR-SIN-FONDO-e1732295305345.png","contentUrl":"https:\/\/distribucionarc.com\/wp-content\/uploads\/2024\/10\/distribucion-ARC-COLOR-SIN-FONDO-e1732295305345.png","width":1164,"height":558,"caption":"Distribuci\u00f3n ARC"},"image":{"@id":"https:\/\/www.distribucionarc.com\/sl\/#\/schema\/logo\/image\/"},"description":"\u015eirket, g\u0131da ve ila\u00e7 sekt\u00f6rleri i\u00e7in end\u00fcstriyel makine \u00fcretimi ve da\u011f\u0131t\u0131m\u0131 konusunda uzmanla\u015fm\u0131\u015ft\u0131r. Uzmanl\u0131k alanlar\u0131m\u0131z Et kesme makineleri Tablet \u00fcretimi End\u00fcstriyel ta\u015f\u0131ma sistemleri \u015ei\u015feleme hatlar\u0131 Dozajlama makineleri Ve \u00e7ok daha fazlas\u0131... \u015eirketinizin \u00fcretim s\u00fcre\u00e7lerini optimize etmek i\u00e7in yenilik\u00e7i ve \u00f6zelle\u015ftirilmi\u015f \u00e7\u00f6z\u00fcmler sunuyoruz.","email":"Admistracion@distribucionarc.com","telephone":"+34 643496664","legalName":"ARC TECH SOLUTIONS","foundingDate":"2024-04-09","vatID":"B55480172","numberOfEmployees":{"@type":"QuantitativeValue","minValue":"1","maxValue":"10"}}]}},"_links":{"self":[{"href":"https:\/\/distribucionarc.com\/tr\/wp-json\/wp\/v2\/product\/5393","targetHints":{"allow":["GET"]}}],"collection":[{"href":"https:\/\/distribucionarc.com\/tr\/wp-json\/wp\/v2\/product"}],"about":[{"href":"https:\/\/distribucionarc.com\/tr\/wp-json\/wp\/v2\/types\/product"}],"replies":[{"embeddable":true,"href":"https:\/\/distribucionarc.com\/tr\/wp-json\/wp\/v2\/comments?post=5393"}],"version-history":[{"count":0,"href":"https:\/\/distribucionarc.com\/tr\/wp-json\/wp\/v2\/product\/5393\/revisions"}],"wp:featuredmedia":[{"embeddable":true,"href":"https:\/\/distribucionarc.com\/tr\/wp-json\/wp\/v2\/media\/5398"}],"wp:attachment":[{"href":"https:\/\/distribucionarc.com\/tr\/wp-json\/wp\/v2\/media?parent=5393"}],"wp:term":[{"taxonomy":"product_brand","embeddable":true,"href":"https:\/\/distribucionarc.com\/tr\/wp-json\/wp\/v2\/product_brand?post=5393"},{"taxonomy":"product_cat","embeddable":true,"href":"https:\/\/distribucionarc.com\/tr\/wp-json\/wp\/v2\/product_cat?post=5393"},{"taxonomy":"product_tag","embeddable":true,"href":"https:\/\/distribucionarc.com\/tr\/wp-json\/wp\/v2\/product_tag?post=5393"}],"curies":[{"name":"wp","href":"https:\/\/api.w.org\/{rel}","templated":true}]}}