{"id":5787,"date":"2023-05-14T11:31:10","date_gmt":"2023-05-14T11:31:10","guid":{"rendered":"https:\/\/distribucionarc.com\/?post_type=product&#038;p=5787"},"modified":"2024-10-05T03:02:53","modified_gmt":"2024-10-05T03:02:53","slug":"et-kiyma-kesme-makinesi","status":"publish","type":"product","link":"https:\/\/distribucionarc.com\/tr\/producto\/maquina-cortadora-chuletas-de-carne-con-hueso\/","title":{"rendered":"kemikli et pirzola kesme makinas\u0131"},"content":{"rendered":"<h2>Kuzu pirzola kesme makinas\u0131<\/h2>\n<p><a href=\"https:\/\/distribucionarc.com\/wp-content\/uploads\/2023\/05\/maquina-para-cortar-carne-en-filetes.webp\"><img loading=\"lazy\" decoding=\"async\" src=\"https:\/\/distribucionarc.com\/wp-content\/uploads\/2023\/05\/maquina-para-cortar-carne-en-filetes-300x300.webp\" alt=\"\" width=\"300\" height=\"300\" \/><\/a><br \/>\nJARY-25K kemikli fileto kesici, kesmek i\u00e7in kullan\u0131lan bir makinedir <strong>dondurulmu\u015f et<\/strong>, <strong>kaburga<\/strong>, <strong>Bacon<\/strong>, <strong>sosisler<\/strong>, <strong>kuzu<\/strong>vb. dilimlenmi\u015f. Kesme kal\u0131nl\u0131\u011f\u0131n\u0131n hassas dijital ayar\u0131na sahiptir ve kullan\u0131c\u0131lar\u0131n k\u00fc\u00e7\u00fck kesimlere y\u00f6nelik gereksinimlerini kar\u015f\u0131lar. Paslanmaz \u00e7elik malzemeden \u00fcretilmi\u015f olup kesme motoru, red\u00fckt\u00f6r, servomotor ve kesici gibi y\u00fcksek kaliteli bile\u015fenlere sahiptir. Almanya&#039;dan ithal edilen \u00f6zel b\u0131\u00e7ak keskin ve dayan\u0131kl\u0131d\u0131r, kaburga kesmek i\u00e7in \u00f6zel olarak tasarlanm\u0131\u015ft\u0131r ve uzun \u00e7al\u0131\u015fma s\u00fcrelerine zarar vermeden dayan\u0131r. Makine ayr\u0131ca g\u00fcvenilir zamanlama fonksiyonlar\u0131 ve g\u00fcvenlik \u00f6nlemleri sunar.<br \/>\n<a href=\"https:\/\/distribucionarc.com\/wp-content\/uploads\/2023\/05\/maquina-para-cortar-chuletas-de-cordero.webp\"><img loading=\"lazy\" decoding=\"async\" src=\"https:\/\/distribucionarc.com\/wp-content\/uploads\/2023\/05\/maquina-para-cortar-chuletas-de-cordero-300x300.webp\" alt=\"\" width=\"300\" height=\"300\" \/><\/a><a href=\"https:\/\/distribucionarc.com\/wp-content\/uploads\/2023\/05\/maquina-para-cortar-chuletas-de-cordero-linea.jpg\"><img loading=\"lazy\" decoding=\"async\" src=\"https:\/\/distribucionarc.com\/wp-content\/uploads\/2023\/05\/maquina-para-cortar-chuletas-de-cordero-linea-300x156.jpg\" alt=\"\" width=\"300\" height=\"156\" \/><\/a><a href=\"https:\/\/distribucionarc.com\/wp-content\/uploads\/2023\/05\/cortadora-de-carne-peneles-de-contrrol.webp\"><img loading=\"lazy\" decoding=\"async\" src=\"https:\/\/distribucionarc.com\/wp-content\/uploads\/2023\/05\/cortadora-de-carne-peneles-de-contrrol-163x300.webp\" alt=\"\" width=\"163\" height=\"300\" \/><\/a><br \/>\nTeknik \u00f6zellikler:<\/p>\n<table role=\"presentation\" width=\"100%\" cellspacing=\"0\" cellpadding=\"0\">\n<tbody>\n<tr>\n<td>G\u00fc\u00e7:<\/td>\n<td width=\"50.0%\">4,84 kW<\/td>\n<\/tr>\n<tr>\n<td>Gerilim:<\/td>\n<td width=\"50.0%\">380\/220v<\/td>\n<td>A\u011f\u0131rl\u0131k:<\/td>\n<td width=\"50.0%\">500kg<\/td>\n<\/tr>\n<tr>\n<td>Besleme y\u00fcksekli\u011fi:<\/td>\n<td width=\"50.0%\">180mm<\/td>\n<td>Y\u00fckseklik:<\/td>\n<td width=\"50.0%\">1850mm<\/td>\n<\/tr>\n<tr>\n<td>Et kesmek i\u00e7in en d\u00fc\u015f\u00fck s\u0131cakl\u0131k:<\/td>\n<td width=\"50.0%\">-4\u00b0C<\/td>\n<td>Uzun:<\/td>\n<td width=\"50.0%\">950 mm<\/td>\n<\/tr>\n<tr>\n<td>B\u00f6l\u00fcm i\u015flevi:<\/td>\n<td width=\"50.0%\">Her par\u00e7an\u0131n numaras\u0131 dijital olarak ayarlan\u0131r<\/td>\n<td>Geni\u015f:<\/td>\n<td width=\"50.0%\">\u00a01480mm<\/td>\n<\/tr>\n<tr>\n<td>\u00dcretici numaras\u0131:<\/td>\n<td width=\"50.0%\">ARCMHE100<\/td>\n<td>\u00c7al\u0131\u015fma h\u0131z\u0131:<\/td>\n<td width=\"50.0%\">\u00a0Dakikada 200 kg<\/td>\n<\/tr>\n<tr>\n<td>Y\u00fcksek kaliteli malzemeler:<\/td>\n<td width=\"50.0%\">\u00a0Motor<br \/>\nPLC paneli<br \/>\nAlmanya&#039;da \u00fcretilen b\u0131\u00e7aklar<br \/>\n,<\/td>\n<td>Dilim kal\u0131nl\u0131\u011f\u0131:<\/td>\n<td width=\"50.0%\">Dijitalden 1-32mm oyun<\/td>\n<\/tr>\n<tr>\n<td>Et kesme uzunlu\u011fu:<\/td>\n<td width=\"50.0%\">Yakla\u015f\u0131k. 600 mm<\/td>\n<td>Depolamak:<\/td>\n<td width=\"50.0%\">30kg<\/td>\n<\/tr>\n<tr>\n<td>Dilim kal\u0131nl\u0131\u011f\u0131:<\/td>\n<td width=\"50.0%\">Dijitalden 1-32mm oyun<\/td>\n<td>Garanti:<\/td>\n<td width=\"50.0%\">2 YIL<\/td>\n<\/tr>\n<\/tbody>\n<\/table>\n<div style=\"width: 720px;\" class=\"wp-video\"><video class=\"wp-video-shortcode\" id=\"video-5787-1\" width=\"720\" height=\"1280\" preload=\"metadata\" controls=\"controls\"><source type=\"video\/mp4\" src=\"https:\/\/distribucionarc.com\/wp-content\/uploads\/2023\/05\/69A34BEB-597A-45CE-89B9-E55AC367D4C7_L0_001.mp4?_=1\" \/><a href=\"https:\/\/distribucionarc.com\/wp-content\/uploads\/2023\/05\/69A34BEB-597A-45CE-89B9-E55AC367D4C7_L0_001.mp4\">https:\/\/distribucionarc.com\/wp-content\/uploads\/2023\/05\/69A34BEB-597A-45CE-89B9-E55AC367D4C7_L0_001.mp4<\/a><\/video><\/div>\n<p>&nbsp;<\/p>\n<p>\u0130n\u015faat malzemeleri:<\/p>\n<ul>\n<li>Alman markas\u0131 NORD di\u015fli motor.<\/li>\n<li>Yenilik\u00e7i dokunmatik ekran.<\/li>\n<li>plc, servo s\u00fcr\u00fcc\u00fc<\/li>\n<li>Schneider kontakt\u00f6r r\u00f6lesi omron<\/li>\n<li>Siemens Devre Kesiciler<\/li>\n<li>Japon triger kay\u0131\u015f\u0131<\/li>\n<li>NSK rulmanlar\u0131<\/li>\n<\/ul>\n<h3>Daha fazla bilgi isteyin<\/h3>\n<p>\u0130\u00e7inde\u00a0<b>ARC da\u011f\u0131t\u0131m\u0131<\/b>\u00a0Fabrikan\u0131n optimizasyonu veya yeni bir end\u00fcstri yarat\u0131lmas\u0131 konusunda size tavsiyelerde bulunuyoruz<\/p>","protected":false},"excerpt":{"rendered":"<p>Kuzu Pirzola Kesme Makinesi JARY-25K Kemikli Biftek Dilimleyici, kuzu pirzolas\u0131 i\u00e7in kullan\u0131lan bir makinedir.<\/p>","protected":false},"featured_media":5790,"comment_status":"open","ping_status":"closed","template":"","meta":{"wds_primary_product_brand":0,"wds_primary_product_cat":0},"product_brand":[],"product_cat":[121,116,117],"product_tag":[],"class_list":{"0":"post-5787","1":"product","2":"type-product","3":"status-publish","4":"has-post-thumbnail","6":"product_cat-carne-y-hueso","7":"product_cat-coartadoras-de-carne","8":"product_cat-filetes","9":"product_shipping_class-express","11":"first","12":"instock","13":"taxable","14":"shipping-taxable","15":"purchasable","16":"product-type-simple"},"yoast_head":"<!-- This site is optimized with the Yoast SEO Premium plugin v24.9 (Yoast SEO v26.1) - https:\/\/yoast.com\/wordpress\/plugins\/seo\/ -->\n<title>maquina cortadora chuletas de carne con hueso - distribuci\u00f3n ARC<\/title>\n<meta name=\"robots\" content=\"index, follow, max-snippet:-1, max-image-preview:large, max-video-preview:-1\" \/>\n<link rel=\"canonical\" href=\"https:\/\/www.distribucionarc.com\/it\/producto\/maquina-cortadora-chuletas-de-carne-con-hueso\/\" \/>\n<meta property=\"og:locale\" content=\"tr_TR\" \/>\n<meta property=\"og:type\" content=\"article\" \/>\n<meta property=\"og:title\" content=\"maquina cortadora chuletas de carne con hueso\" \/>\n<meta property=\"og:description\" content=\"Maquina para cortar chuletas de cordero La cortadora de filetes con hueso JARY-25K es una maquina que se utiliza para\" \/>\n<meta property=\"og:url\" content=\"https:\/\/www.distribucionarc.com\/it\/producto\/maquina-cortadora-chuletas-de-carne-con-hueso\/\" \/>\n<meta property=\"og:site_name\" content=\"distribuci\u00f3n ARC\" \/>\n<meta property=\"article:modified_time\" content=\"2024-10-05T03:02:53+00:00\" \/>\n<meta property=\"og:image\" content=\"https:\/\/www.distribucionarc.com\/wp-content\/uploads\/2023\/05\/cortadora-fileteadora-de3-crane-iagem-producto.webp\" \/>\n\t<meta property=\"og:image:width\" content=\"743\" \/>\n\t<meta property=\"og:image:height\" content=\"775\" \/>\n\t<meta property=\"og:image:type\" content=\"image\/webp\" \/>\n<meta name=\"twitter:card\" content=\"summary_large_image\" \/>\n<meta name=\"twitter:label1\" content=\"Tahmini okuma s\u00fcresi\" \/>\n\t<meta name=\"twitter:data1\" content=\"3 dakika\" \/>\n<script type=\"application\/ld+json\" class=\"yoast-schema-graph\">{\"@context\":\"https:\/\/schema.org\",\"@graph\":[{\"@type\":\"WebPage\",\"@id\":\"https:\/\/www.distribucionarc.com\/it\/producto\/maquina-cortadora-chuletas-de-carne-con-hueso\/\",\"url\":\"https:\/\/www.distribucionarc.com\/it\/producto\/maquina-cortadora-chuletas-de-carne-con-hueso\/\",\"name\":\"maquina cortadora chuletas de carne con hueso - distribuci\u00f3n ARC\",\"isPartOf\":{\"@id\":\"https:\/\/distribucionarc.com\/de\/#website\"},\"primaryImageOfPage\":{\"@id\":\"https:\/\/www.distribucionarc.com\/it\/producto\/maquina-cortadora-chuletas-de-carne-con-hueso\/#primaryimage\"},\"image\":{\"@id\":\"https:\/\/www.distribucionarc.com\/it\/producto\/maquina-cortadora-chuletas-de-carne-con-hueso\/#primaryimage\"},\"thumbnailUrl\":\"https:\/\/distribucionarc.com\/wp-content\/uploads\/2023\/05\/cortadora-fileteadora-de3-crane-iagem-producto.webp\",\"datePublished\":\"2023-05-14T11:31:10+00:00\",\"dateModified\":\"2024-10-05T03:02:53+00:00\",\"breadcrumb\":{\"@id\":\"https:\/\/www.distribucionarc.com\/it\/producto\/maquina-cortadora-chuletas-de-carne-con-hueso\/#breadcrumb\"},\"inLanguage\":\"tr\",\"potentialAction\":[{\"@type\":\"ReadAction\",\"target\":[\"https:\/\/www.distribucionarc.com\/it\/producto\/maquina-cortadora-chuletas-de-carne-con-hueso\/\"]}]},{\"@type\":\"ImageObject\",\"inLanguage\":\"tr\",\"@id\":\"https:\/\/www.distribucionarc.com\/it\/producto\/maquina-cortadora-chuletas-de-carne-con-hueso\/#primaryimage\",\"url\":\"https:\/\/distribucionarc.com\/wp-content\/uploads\/2023\/05\/cortadora-fileteadora-de3-crane-iagem-producto.webp\",\"contentUrl\":\"https:\/\/distribucionarc.com\/wp-content\/uploads\/2023\/05\/cortadora-fileteadora-de3-crane-iagem-producto.webp\",\"width\":743,\"height\":775},{\"@type\":\"BreadcrumbList\",\"@id\":\"https:\/\/www.distribucionarc.com\/it\/producto\/maquina-cortadora-chuletas-de-carne-con-hueso\/#breadcrumb\",\"itemListElement\":[{\"@type\":\"ListItem\",\"position\":1,\"name\":\"Portada\",\"item\":\"https:\/\/distribucionarc.com\/pl\/\"},{\"@type\":\"ListItem\",\"position\":2,\"name\":\"Produkty\",\"item\":\"https:\/\/distribucionarc.com\/pl\/shop\/\"},{\"@type\":\"ListItem\",\"position\":3,\"name\":\"maquina cortadora chuletas de carne con hueso\"}]},{\"@type\":\"WebSite\",\"@id\":\"https:\/\/distribucionarc.com\/de\/#website\",\"url\":\"https:\/\/distribucionarc.com\/de\/\",\"name\":\"distribuci\u00f3n ARC\",\"description\":\"Empresa especializada en la fabricaci\u00f3n y distribuci\u00f3n de maquinaria industrial, selladoras de latas, Maquinas de hacer pastillas, Maquinas de cortar carne...\",\"publisher\":{\"@id\":\"https:\/\/distribucionarc.com\/de\/#organization\"},\"potentialAction\":[{\"@type\":\"SearchAction\",\"target\":{\"@type\":\"EntryPoint\",\"urlTemplate\":\"https:\/\/distribucionarc.com\/de\/?s={search_term_string}\"},\"query-input\":{\"@type\":\"PropertyValueSpecification\",\"valueRequired\":true,\"valueName\":\"search_term_string\"}}],\"inLanguage\":\"tr\"},{\"@type\":\"Organization\",\"@id\":\"https:\/\/distribucionarc.com\/de\/#organization\",\"name\":\"Distribuci\u00f3n ARC\",\"url\":\"https:\/\/distribucionarc.com\/de\/\",\"logo\":{\"@type\":\"ImageObject\",\"inLanguage\":\"tr\",\"@id\":\"https:\/\/distribucionarc.com\/de\/#\/schema\/logo\/image\/\",\"url\":\"https:\/\/distribucionarc.com\/wp-content\/uploads\/2024\/10\/distribucion-ARC-COLOR-SIN-FONDO-e1732295305345.png\",\"contentUrl\":\"https:\/\/distribucionarc.com\/wp-content\/uploads\/2024\/10\/distribucion-ARC-COLOR-SIN-FONDO-e1732295305345.png\",\"width\":1164,\"height\":558,\"caption\":\"Distribuci\u00f3n ARC\"},\"image\":{\"@id\":\"https:\/\/distribucionarc.com\/de\/#\/schema\/logo\/image\/\"},\"description\":\"Empresa especializada en la fabricaci\u00f3n y distribuci\u00f3n de maquinaria industrial para los sectores alimentario y farmac\u00e9utico. Nos especializamos en: M\u00e1quinas de cortar carne Fabricaci\u00f3n de comprimidos Sistemas de transporte industrial L\u00edneas de embotellado Dosificadores Y mucho m\u00e1s... Ofrecemos soluciones innovadoras y personalizadas para optimizar los procesos productivos de tu empresa.\",\"email\":\"Admistracion@distribucionarc.com\",\"telephone\":\"+34 643496664\",\"legalName\":\"ARC TECH SOLUTIONS\",\"foundingDate\":\"2024-04-09\",\"vatID\":\"B55480172\",\"numberOfEmployees\":{\"@type\":\"QuantitativeValue\",\"minValue\":\"1\",\"maxValue\":\"10\"}}]}<\/script>\n<!-- \/ Yoast SEO Premium plugin. -->","yoast_head_json":{"title":"kemikli et k\u0131yma makinesi - ARC da\u011f\u0131t\u0131m\u0131","robots":{"index":"index","follow":"follow","max-snippet":"max-snippet:-1","max-image-preview":"max-image-preview:large","max-video-preview":"max-video-preview:-1"},"canonical":"https:\/\/www.distribucionarc.com\/it\/producto\/maquina-cortadora-chuletas-de-carne-con-hueso\/","og_locale":"tr_TR","og_type":"article","og_title":"maquina cortadora chuletas de carne con hueso","og_description":"Maquina para cortar chuletas de cordero La cortadora de filetes con hueso JARY-25K es una maquina que se utiliza para","og_url":"https:\/\/www.distribucionarc.com\/it\/producto\/maquina-cortadora-chuletas-de-carne-con-hueso\/","og_site_name":"distribuci\u00f3n ARC","article_modified_time":"2024-10-05T03:02:53+00:00","og_image":[{"width":743,"height":775,"url":"https:\/\/www.distribucionarc.com\/wp-content\/uploads\/2023\/05\/cortadora-fileteadora-de3-crane-iagem-producto.webp","type":"image\/webp"}],"twitter_card":"summary_large_image","twitter_misc":{"Tahmini okuma s\u00fcresi":"3 dakika"},"schema":{"@context":"https:\/\/schema.org","@graph":[{"@type":"WebPage","@id":"https:\/\/www.distribucionarc.com\/it\/producto\/maquina-cortadora-chuletas-de-carne-con-hueso\/","url":"https:\/\/www.distribucionarc.com\/it\/producto\/maquina-cortadora-chuletas-de-carne-con-hueso\/","name":"kemikli et k\u0131yma makinesi - ARC da\u011f\u0131t\u0131m\u0131","isPartOf":{"@id":"https:\/\/distribucionarc.com\/de\/#website"},"primaryImageOfPage":{"@id":"https:\/\/www.distribucionarc.com\/it\/producto\/maquina-cortadora-chuletas-de-carne-con-hueso\/#primaryimage"},"image":{"@id":"https:\/\/www.distribucionarc.com\/it\/producto\/maquina-cortadora-chuletas-de-carne-con-hueso\/#primaryimage"},"thumbnailUrl":"https:\/\/distribucionarc.com\/wp-content\/uploads\/2023\/05\/cortadora-fileteadora-de3-crane-iagem-producto.webp","datePublished":"2023-05-14T11:31:10+00:00","dateModified":"2024-10-05T03:02:53+00:00","breadcrumb":{"@id":"https:\/\/www.distribucionarc.com\/it\/producto\/maquina-cortadora-chuletas-de-carne-con-hueso\/#breadcrumb"},"inLanguage":"tr","potentialAction":[{"@type":"ReadAction","target":["https:\/\/www.distribucionarc.com\/it\/producto\/maquina-cortadora-chuletas-de-carne-con-hueso\/"]}]},{"@type":"ImageObject","inLanguage":"tr","@id":"https:\/\/www.distribucionarc.com\/it\/producto\/maquina-cortadora-chuletas-de-carne-con-hueso\/#primaryimage","url":"https:\/\/distribucionarc.com\/wp-content\/uploads\/2023\/05\/cortadora-fileteadora-de3-crane-iagem-producto.webp","contentUrl":"https:\/\/distribucionarc.com\/wp-content\/uploads\/2023\/05\/cortadora-fileteadora-de3-crane-iagem-producto.webp","width":743,"height":775},{"@type":"BreadcrumbList","@id":"https:\/\/www.distribucionarc.com\/it\/producto\/maquina-cortadora-chuletas-de-carne-con-hueso\/#breadcrumb","itemListElement":[{"@type":"ListItem","position":1,"name":"Portada","item":"https:\/\/distribucionarc.com\/pl\/"},{"@type":"ListItem","position":2,"name":"Produkty","item":"https:\/\/distribucionarc.com\/pl\/shop\/"},{"@type":"ListItem","position":3,"name":"maquina cortadora chuletas de carne con hueso"}]},{"@type":"WebSite","@id":"https:\/\/distribucionarc.com\/de\/#website","url":"https:\/\/distribucionarc.com\/de\/","name":"ARC da\u011f\u0131t\u0131m\u0131","description":"End\u00fcstriyel makinelerin \u00fcretimi ve da\u011f\u0131t\u0131m\u0131 konusunda uzmanla\u015fm\u0131\u015f \u015firket, kutu m\u00fch\u00fcrleme makineleri, tablet yapma makineleri, et kesme makineleri...","publisher":{"@id":"https:\/\/distribucionarc.com\/de\/#organization"},"potentialAction":[{"@type":"SearchAction","target":{"@type":"EntryPoint","urlTemplate":"https:\/\/distribucionarc.com\/de\/?s={search_term_string}"},"query-input":{"@type":"PropertyValueSpecification","valueRequired":true,"valueName":"search_term_string"}}],"inLanguage":"tr"},{"@type":"Organization","@id":"https:\/\/distribucionarc.com\/de\/#organization","name":"ARC Da\u011f\u0131t\u0131m\u0131","url":"https:\/\/distribucionarc.com\/de\/","logo":{"@type":"ImageObject","inLanguage":"tr","@id":"https:\/\/distribucionarc.com\/de\/#\/schema\/logo\/image\/","url":"https:\/\/distribucionarc.com\/wp-content\/uploads\/2024\/10\/distribucion-ARC-COLOR-SIN-FONDO-e1732295305345.png","contentUrl":"https:\/\/distribucionarc.com\/wp-content\/uploads\/2024\/10\/distribucion-ARC-COLOR-SIN-FONDO-e1732295305345.png","width":1164,"height":558,"caption":"Distribuci\u00f3n ARC"},"image":{"@id":"https:\/\/distribucionarc.com\/de\/#\/schema\/logo\/image\/"},"description":"\u015eirket, g\u0131da ve ila\u00e7 sekt\u00f6rleri i\u00e7in end\u00fcstriyel makine \u00fcretimi ve da\u011f\u0131t\u0131m\u0131 konusunda uzmanla\u015fm\u0131\u015ft\u0131r. Uzmanl\u0131k alanlar\u0131m\u0131z Et kesme makineleri Tablet \u00fcretimi End\u00fcstriyel ta\u015f\u0131ma sistemleri \u015ei\u015feleme hatlar\u0131 Dozajlama makineleri Ve \u00e7ok daha fazlas\u0131... \u015eirketinizin \u00fcretim s\u00fcre\u00e7lerini optimize etmek i\u00e7in yenilik\u00e7i ve \u00f6zelle\u015ftirilmi\u015f \u00e7\u00f6z\u00fcmler sunuyoruz.","email":"Admistracion@distribucionarc.com","telephone":"+34 643496664","legalName":"ARC TECH SOLUTIONS","foundingDate":"2024-04-09","vatID":"B55480172","numberOfEmployees":{"@type":"QuantitativeValue","minValue":"1","maxValue":"10"}}]}},"_links":{"self":[{"href":"https:\/\/distribucionarc.com\/tr\/wp-json\/wp\/v2\/product\/5787","targetHints":{"allow":["GET"]}}],"collection":[{"href":"https:\/\/distribucionarc.com\/tr\/wp-json\/wp\/v2\/product"}],"about":[{"href":"https:\/\/distribucionarc.com\/tr\/wp-json\/wp\/v2\/types\/product"}],"replies":[{"embeddable":true,"href":"https:\/\/distribucionarc.com\/tr\/wp-json\/wp\/v2\/comments?post=5787"}],"version-history":[{"count":0,"href":"https:\/\/distribucionarc.com\/tr\/wp-json\/wp\/v2\/product\/5787\/revisions"}],"wp:featuredmedia":[{"embeddable":true,"href":"https:\/\/distribucionarc.com\/tr\/wp-json\/wp\/v2\/media\/5790"}],"wp:attachment":[{"href":"https:\/\/distribucionarc.com\/tr\/wp-json\/wp\/v2\/media?parent=5787"}],"wp:term":[{"taxonomy":"product_brand","embeddable":true,"href":"https:\/\/distribucionarc.com\/tr\/wp-json\/wp\/v2\/product_brand?post=5787"},{"taxonomy":"product_cat","embeddable":true,"href":"https:\/\/distribucionarc.com\/tr\/wp-json\/wp\/v2\/product_cat?post=5787"},{"taxonomy":"product_tag","embeddable":true,"href":"https:\/\/distribucionarc.com\/tr\/wp-json\/wp\/v2\/product_tag?post=5787"}],"curies":[{"name":"wp","href":"https:\/\/api.w.org\/{rel}","templated":true}]}}