{"id":6223,"date":"2023-07-26T14:20:26","date_gmt":"2023-07-26T14:20:26","guid":{"rendered":"https:\/\/distribucionarc.com\/?post_type=product&#038;p=6223"},"modified":"2023-07-26T15:28:16","modified_gmt":"2023-07-26T15:28:16","slug":"lineer-endustriyel-vakum-paketleme-4000-uh","status":"publish","type":"product","link":"https:\/\/distribucionarc.com\/tr\/producto\/envasadora-al-vacio-lineal-industrial-4000-u-h\/","title":{"rendered":"End\u00fcstriyel lineer vakum paketleme makinesi 4000 u\/h"},"content":{"rendered":"<p>&nbsp;<\/p>\n<h2>End\u00fcstriyel do\u011frusal vakum paketleme makinesi modeli 320-T<\/h2>\n<p><a href=\"https:\/\/distribucionarc.com\/wp-content\/uploads\/2023\/07\/envasadora-al-vacio-lineal.jpg\"><img loading=\"lazy\" decoding=\"async\" class=\"alignnone size-medium wp-image-6228\" src=\"https:\/\/distribucionarc.com\/wp-content\/uploads\/2023\/07\/envasadora-al-vacio-lineal-225x300.jpg\" alt=\"\" width=\"225\" height=\"300\" srcset=\"https:\/\/distribucionarc.com\/wp-content\/uploads\/2023\/07\/envasadora-al-vacio-lineal-225x300.jpg 225w, https:\/\/distribucionarc.com\/wp-content\/uploads\/2023\/07\/envasadora-al-vacio-lineal-430x574.jpg 430w, https:\/\/distribucionarc.com\/wp-content\/uploads\/2023\/07\/envasadora-al-vacio-lineal-150x200.jpg 150w, https:\/\/distribucionarc.com\/wp-content\/uploads\/2023\/07\/envasadora-al-vacio-lineal-700x934.jpg 700w, https:\/\/distribucionarc.com\/wp-content\/uploads\/2023\/07\/envasadora-al-vacio-lineal-768x1024.jpg 768w, https:\/\/distribucionarc.com\/wp-content\/uploads\/2023\/07\/envasadora-al-vacio-lineal-1152x1536.jpg 1152w, https:\/\/distribucionarc.com\/wp-content\/uploads\/2023\/07\/envasadora-al-vacio-lineal-9x12.jpg 9w, https:\/\/distribucionarc.com\/wp-content\/uploads\/2023\/07\/envasadora-al-vacio-lineal-48x64.jpg 48w, https:\/\/distribucionarc.com\/wp-content\/uploads\/2023\/07\/envasadora-al-vacio-lineal.jpg 1276w\" sizes=\"auto, (max-width: 225px) 100vw, 225px\" \/><\/a>\u00a0 \u00a0 \u00a0 \u00a0 \u00a0 \u00a0 \u00a0 <a href=\"https:\/\/distribucionarc.com\/wp-content\/uploads\/2023\/07\/envasadora-lineal-al-vacio.jpg\"><img loading=\"lazy\" decoding=\"async\" class=\"alignnone size-medium wp-image-6229\" src=\"https:\/\/distribucionarc.com\/wp-content\/uploads\/2023\/07\/envasadora-lineal-al-vacio-225x300.jpg\" alt=\"\" width=\"225\" height=\"300\" srcset=\"https:\/\/distribucionarc.com\/wp-content\/uploads\/2023\/07\/envasadora-lineal-al-vacio-225x300.jpg 225w, https:\/\/distribucionarc.com\/wp-content\/uploads\/2023\/07\/envasadora-lineal-al-vacio-430x574.jpg 430w, https:\/\/distribucionarc.com\/wp-content\/uploads\/2023\/07\/envasadora-lineal-al-vacio-150x200.jpg 150w, https:\/\/distribucionarc.com\/wp-content\/uploads\/2023\/07\/envasadora-lineal-al-vacio-700x934.jpg 700w, https:\/\/distribucionarc.com\/wp-content\/uploads\/2023\/07\/envasadora-lineal-al-vacio-768x1024.jpg 768w, https:\/\/distribucionarc.com\/wp-content\/uploads\/2023\/07\/envasadora-lineal-al-vacio-1152x1536.jpg 1152w, https:\/\/distribucionarc.com\/wp-content\/uploads\/2023\/07\/envasadora-lineal-al-vacio-9x12.jpg 9w, https:\/\/distribucionarc.com\/wp-content\/uploads\/2023\/07\/envasadora-lineal-al-vacio-48x64.jpg 48w, https:\/\/distribucionarc.com\/wp-content\/uploads\/2023\/07\/envasadora-lineal-al-vacio.jpg 1276w\" sizes=\"auto, (max-width: 225px) 100vw, 225px\" \/><\/a><\/p>\n<p><strong>End\u00fcstriyel do\u011frusal vakum paketleme makinesi modeli 320-T<\/strong>, paketleme s\u00fcrecinde esneklik ve performans sunmak \u00fczere tasarlanm\u0131\u015f son teknoloji \u00fcr\u00fcn\u00fc bir makinedir.<strong> 320-T paketleme makinesi<\/strong> Ambalaj po\u015fetinin boyutuna uyum sa\u011flama \u00f6zelli\u011fi ile \u00f6n plana \u00e7\u0131kmaktad\u0131r. 292 mm vakum rulo geni\u015fli\u011fi ve 322 mm vakum po\u015fet rulo geni\u015fli\u011fine sahip bu paketleme makinesi, size farkl\u0131 po\u015fet boyutlar\u0131yla \u00e7al\u0131\u015fma esnekli\u011fi sa\u011flar.<\/p>\n<h3><strong>420-T lineer end\u00fcstriyel vakum paketleme makinesi<\/strong><\/h3>\n<p><a href=\"https:\/\/distribucionarc.com\/wp-content\/uploads\/2023\/07\/envasadora-al-vacio-lineal-industrial.jpg\"><img loading=\"lazy\" decoding=\"async\" class=\"alignnone size-medium wp-image-6227\" src=\"https:\/\/distribucionarc.com\/wp-content\/uploads\/2023\/07\/envasadora-al-vacio-lineal-industrial-225x300.jpg\" alt=\"\" width=\"225\" height=\"300\" srcset=\"https:\/\/distribucionarc.com\/wp-content\/uploads\/2023\/07\/envasadora-al-vacio-lineal-industrial-225x300.jpg 225w, https:\/\/distribucionarc.com\/wp-content\/uploads\/2023\/07\/envasadora-al-vacio-lineal-industrial-430x574.jpg 430w, https:\/\/distribucionarc.com\/wp-content\/uploads\/2023\/07\/envasadora-al-vacio-lineal-industrial-150x200.jpg 150w, https:\/\/distribucionarc.com\/wp-content\/uploads\/2023\/07\/envasadora-al-vacio-lineal-industrial-700x934.jpg 700w, https:\/\/distribucionarc.com\/wp-content\/uploads\/2023\/07\/envasadora-al-vacio-lineal-industrial-768x1024.jpg 768w, https:\/\/distribucionarc.com\/wp-content\/uploads\/2023\/07\/envasadora-al-vacio-lineal-industrial-1152x1536.jpg 1152w, https:\/\/distribucionarc.com\/wp-content\/uploads\/2023\/07\/envasadora-al-vacio-lineal-industrial-9x12.jpg 9w, https:\/\/distribucionarc.com\/wp-content\/uploads\/2023\/07\/envasadora-al-vacio-lineal-industrial-48x64.jpg 48w, https:\/\/distribucionarc.com\/wp-content\/uploads\/2023\/07\/envasadora-al-vacio-lineal-industrial.jpg 1276w\" sizes=\"auto, (max-width: 225px) 100vw, 225px\" \/>\u00a0\u00a0\u00a0\u00a0\u00a0\u00a0\u00a0\u00a0\u00a0 <\/a><a href=\"https:\/\/distribucionarc.com\/wp-content\/uploads\/2023\/07\/bolsas-envasadora-al-vacio.jpg\"><img loading=\"lazy\" decoding=\"async\" class=\"alignnone size-medium wp-image-6232\" src=\"https:\/\/distribucionarc.com\/wp-content\/uploads\/2023\/07\/bolsas-envasadora-al-vacio-225x300.jpg\" alt=\"\" width=\"225\" height=\"300\" srcset=\"https:\/\/distribucionarc.com\/wp-content\/uploads\/2023\/07\/bolsas-envasadora-al-vacio-225x300.jpg 225w, https:\/\/distribucionarc.com\/wp-content\/uploads\/2023\/07\/bolsas-envasadora-al-vacio-430x574.jpg 430w, https:\/\/distribucionarc.com\/wp-content\/uploads\/2023\/07\/bolsas-envasadora-al-vacio-150x200.jpg 150w, https:\/\/distribucionarc.com\/wp-content\/uploads\/2023\/07\/bolsas-envasadora-al-vacio-700x934.jpg 700w, https:\/\/distribucionarc.com\/wp-content\/uploads\/2023\/07\/bolsas-envasadora-al-vacio-768x1024.jpg 768w, https:\/\/distribucionarc.com\/wp-content\/uploads\/2023\/07\/bolsas-envasadora-al-vacio-1152x1536.jpg 1152w, https:\/\/distribucionarc.com\/wp-content\/uploads\/2023\/07\/bolsas-envasadora-al-vacio-9x12.jpg 9w, https:\/\/distribucionarc.com\/wp-content\/uploads\/2023\/07\/bolsas-envasadora-al-vacio-48x64.jpg 48w, https:\/\/distribucionarc.com\/wp-content\/uploads\/2023\/07\/bolsas-envasadora-al-vacio.jpg 1276w\" sizes=\"auto, (max-width: 225px) 100vw, 225px\" \/><\/a><\/p>\n<p><strong>Model 420-T lineer end\u00fcstriyel vakum paketleme makinesi<\/strong>, \u00e7ok y\u00f6nl\u00fc ve verimli bir makine Sa\u011flam tasar\u0131m\u0131 ve geli\u015fmi\u015f teknik \u00f6zellikleriyle bu paketleme makinesi, y\u00fcksek performans ve kaliteli sonu\u00e7lar sunmak \u00fczere tasarlanm\u0131\u015ft\u0131r. <strong>420-T paketleme makinesi<\/strong> Paketlenecek \u00fcr\u00fcn\u00fcn boyutuna ve cinsine g\u00f6re de\u011fi\u015fen bir \u00fcretim h\u0131z\u0131 sunar. Optimum ko\u015fullarda, 2000 ile 3000p\/saat aras\u0131nda etkileyici bir de\u011fi\u015fime ula\u015fabilir. 392 mm&#039;lik ambalaj po\u015fetleri rulosu ve 422 mm&#039;lik artan rulo ile.<\/p>\n<h3>Do\u011frusal vakumlama makinesi modeli 520-T<\/h3>\n<p><strong>Model 520-T Do\u011frusal Vakum Kapat\u0131c\u0131<\/strong> End\u00fcstriyel ve ticari ortamlardaki en zorlu paketleme ihtiya\u00e7lar\u0131 i\u00e7in tasarlanm\u0131\u015f y\u00fcksek performans. \u00dcretim kapasitesi:<strong> Vakum kapat\u0131c\u0131<\/strong> \u00dc\u00e7 s\u00fctun halinde \u00fc\u00e7 s\u0131ral\u0131 bir konfig\u00fcrasyona sahiptir ve ayn\u0131 anda 9 torban\u0131n paketlenmesine olanak tan\u0131r. Etkileyici h\u0131z\u0131yla sadece 1 dakikada 36 ila 63 torba ambalajlayabiliyor ve saatte 2.160 ila 3.780 torba \u00fcretim aral\u0131\u011f\u0131na sahip. (tamamen \u00f6zelle\u015ftirilmi\u015f \u00e7antalar)<\/p>\n<p><a href=\"https:\/\/distribucionarc.com\/wp-content\/uploads\/2023\/07\/envasadora-lineal-al-vacio-industrial.jpg\"><img loading=\"lazy\" decoding=\"async\" class=\"alignnone size-medium wp-image-6226\" src=\"https:\/\/distribucionarc.com\/wp-content\/uploads\/2023\/07\/envasadora-lineal-al-vacio-industrial-225x300.jpg\" alt=\"\" width=\"225\" height=\"300\" srcset=\"https:\/\/distribucionarc.com\/wp-content\/uploads\/2023\/07\/envasadora-lineal-al-vacio-industrial-225x300.jpg 225w, https:\/\/distribucionarc.com\/wp-content\/uploads\/2023\/07\/envasadora-lineal-al-vacio-industrial-430x574.jpg 430w, https:\/\/distribucionarc.com\/wp-content\/uploads\/2023\/07\/envasadora-lineal-al-vacio-industrial-150x200.jpg 150w, https:\/\/distribucionarc.com\/wp-content\/uploads\/2023\/07\/envasadora-lineal-al-vacio-industrial-700x934.jpg 700w, https:\/\/distribucionarc.com\/wp-content\/uploads\/2023\/07\/envasadora-lineal-al-vacio-industrial-768x1024.jpg 768w, https:\/\/distribucionarc.com\/wp-content\/uploads\/2023\/07\/envasadora-lineal-al-vacio-industrial-1152x1536.jpg 1152w, https:\/\/distribucionarc.com\/wp-content\/uploads\/2023\/07\/envasadora-lineal-al-vacio-industrial-9x12.jpg 9w, https:\/\/distribucionarc.com\/wp-content\/uploads\/2023\/07\/envasadora-lineal-al-vacio-industrial-48x64.jpg 48w, https:\/\/distribucionarc.com\/wp-content\/uploads\/2023\/07\/envasadora-lineal-al-vacio-industrial.jpg 1276w\" sizes=\"auto, (max-width: 225px) 100vw, 225px\" \/><\/a><\/p>\n<p><a href=\"https:\/\/distribucionarc.com\/wp-content\/uploads\/2023\/07\/complementos-envasadora-lineal.jpeg\"><img loading=\"lazy\" decoding=\"async\" class=\"alignnone wp-image-6236\" src=\"https:\/\/distribucionarc.com\/wp-content\/uploads\/2023\/07\/complementos-envasadora-lineal-261x300.jpeg\" alt=\"\" width=\"392\" height=\"451\" srcset=\"https:\/\/distribucionarc.com\/wp-content\/uploads\/2023\/07\/complementos-envasadora-lineal-261x300.jpeg 261w, https:\/\/distribucionarc.com\/wp-content\/uploads\/2023\/07\/complementos-envasadora-lineal-430x495.jpeg 430w, https:\/\/distribucionarc.com\/wp-content\/uploads\/2023\/07\/complementos-envasadora-lineal-150x173.jpeg 150w, https:\/\/distribucionarc.com\/wp-content\/uploads\/2023\/07\/complementos-envasadora-lineal-700x805.jpeg 700w, https:\/\/distribucionarc.com\/wp-content\/uploads\/2023\/07\/complementos-envasadora-lineal-890x1024.jpeg 890w, https:\/\/distribucionarc.com\/wp-content\/uploads\/2023\/07\/complementos-envasadora-lineal-768x883.jpeg 768w, https:\/\/distribucionarc.com\/wp-content\/uploads\/2023\/07\/complementos-envasadora-lineal-10x12.jpeg 10w, https:\/\/distribucionarc.com\/wp-content\/uploads\/2023\/07\/complementos-envasadora-lineal-48x55.jpeg 48w, https:\/\/distribucionarc.com\/wp-content\/uploads\/2023\/07\/complementos-envasadora-lineal.jpeg 1000w\" sizes=\"auto, (max-width: 392px) 100vw, 392px\" \/><\/a><\/p>\n<table width=\"568\">\n<tbody>\n<tr>\n<td width=\"142\">MODEL\u0130<\/td>\n<td width=\"142\">320-T<\/td>\n<td width=\"142\">420-T<\/td>\n<td width=\"142\">520-T<\/td>\n<\/tr>\n<tr>\n<td width=\"142\">rulo geni\u015fli\u011fi<\/td>\n<td width=\"142\">292 mm<\/td>\n<td width=\"142\">392 mm<\/td>\n<td width=\"142\">\u00a0492 mm<\/td>\n<\/tr>\n<tr>\n<td width=\"142\">\u00c7anta rulo geni\u015fli\u011fi<\/td>\n<td width=\"142\">322 mm<\/td>\n<td width=\"142\">\u00a0422 mm<\/td>\n<td width=\"142\">520mm<\/td>\n<\/tr>\n<tr>\n<td width=\"142\">vakum pompas\u0131<\/td>\n<td width=\"142\">100-200pa<\/td>\n<td width=\"142\">200 pa<\/td>\n<td width=\"142\">200-300pa<\/td>\n<\/tr>\n<tr>\n<td width=\"142\">hava bas\u0131nc\u0131<\/td>\n<td width=\"142\">0,6mpa<\/td>\n<td width=\"142\">0,6mpa<\/td>\n<td width=\"142\">0,6mpa<\/td>\n<\/tr>\n<tr>\n<td width=\"142\">Gerilim<\/td>\n<td width=\"142\">380V 50H\/14KW<\/td>\n<td width=\"142\">380W50H\/16KW<\/td>\n<td width=\"142\">380v 50H\/18KW<\/td>\n<\/tr>\n<tr>\n<td width=\"142\">Boyutlar<\/td>\n<td width=\"142\">5380mm*965mm*1880mm*<\/td>\n<td width=\"142\">6150mm*1080mm*1880mm*<\/td>\n<td width=\"142\">6600mm*1180mm*1880mm*<\/td>\n<\/tr>\n<tr>\n<td width=\"142\">A\u011f\u0131rl\u0131k<\/td>\n<td width=\"142\">1580kg<\/td>\n<td width=\"142\">\u00a01820kg<\/td>\n<td width=\"142\">2015kg<\/td>\n<\/tr>\n<\/tbody>\n<\/table>","protected":false},"excerpt":{"rendered":"<p>&nbsp; Do\u011frusal end\u00fcstriyel vakum paketleme makinesi modeli 320-T Do\u011frusal end\u00fcstriyel vakum paketleme makinesi<\/p>","protected":false},"featured_media":6225,"comment_status":"open","ping_status":"closed","template":"","meta":{"wds_primary_product_brand":0,"wds_primary_product_cat":0},"product_brand":[],"product_cat":[266],"product_tag":[],"class_list":{"0":"post-6223","1":"product","2":"type-product","3":"status-publish","4":"has-post-thumbnail","6":"product_cat-accessories","7":"product_shipping_class-express","9":"first","10":"instock","11":"taxable","12":"shipping-taxable","13":"purchasable","14":"product-type-simple"},"yoast_head":"<!-- This site is optimized with the Yoast SEO Premium plugin v24.9 (Yoast SEO v26.1) - https:\/\/yoast.com\/wordpress\/plugins\/seo\/ -->\n<title>Envasadora al vac\u00edo lineal industrial 4000 u\/h - distribuci\u00f3n ARC<\/title>\n<meta name=\"robots\" content=\"index, follow, max-snippet:-1, max-image-preview:large, max-video-preview:-1\" \/>\n<link rel=\"canonical\" href=\"https:\/\/distribucionarc.com\/tr\/urun\/lineer-endustriyel-vakum-paketleme-4000-uh\/\" \/>\n<meta property=\"og:locale\" content=\"tr_TR\" \/>\n<meta property=\"og:type\" content=\"article\" \/>\n<meta property=\"og:title\" content=\"Envasadora al vac\u00edo lineal industrial 4000 u\/h\" \/>\n<meta property=\"og:description\" content=\"&nbsp; Envasadora industrial lineal al vac\u00edo modelo 320-T \u00a0 \u00a0 \u00a0 \u00a0 \u00a0 \u00a0 \u00a0 La envasadora industrial lineal al\" \/>\n<meta property=\"og:url\" content=\"https:\/\/distribucionarc.com\/tr\/urun\/lineer-endustriyel-vakum-paketleme-4000-uh\/\" \/>\n<meta property=\"og:site_name\" content=\"distribuci\u00f3n ARC\" \/>\n<meta property=\"article:modified_time\" content=\"2023-07-26T15:28:16+00:00\" \/>\n<meta property=\"og:image\" content=\"https:\/\/distribucionarc.com\/wp-content\/uploads\/2023\/07\/imagen-producto-envasadora.jpg\" \/>\n\t<meta property=\"og:image:width\" content=\"962\" \/>\n\t<meta property=\"og:image:height\" content=\"596\" \/>\n\t<meta property=\"og:image:type\" content=\"image\/jpeg\" \/>\n<meta name=\"twitter:card\" content=\"summary_large_image\" \/>\n<meta name=\"twitter:label1\" content=\"Tahmini okuma s\u00fcresi\" \/>\n\t<meta name=\"twitter:data1\" content=\"2 dakika\" \/>\n<script type=\"application\/ld+json\" class=\"yoast-schema-graph\">{\"@context\":\"https:\/\/schema.org\",\"@graph\":[{\"@type\":\"WebPage\",\"@id\":\"https:\/\/distribucionarc.com\/ro\/producto\/envasadora-al-vacio-lineal-industrial-4000-u-h\/\",\"url\":\"https:\/\/distribucionarc.com\/ro\/producto\/envasadora-al-vacio-lineal-industrial-4000-u-h\/\",\"name\":\"Envasadora al vac\u00edo lineal industrial 4000 u\/h - distribuci\u00f3n ARC\",\"isPartOf\":{\"@id\":\"https:\/\/distribucionarc.com\/de\/#website\"},\"primaryImageOfPage\":{\"@id\":\"https:\/\/distribucionarc.com\/ro\/producto\/envasadora-al-vacio-lineal-industrial-4000-u-h\/#primaryimage\"},\"image\":{\"@id\":\"https:\/\/distribucionarc.com\/ro\/producto\/envasadora-al-vacio-lineal-industrial-4000-u-h\/#primaryimage\"},\"thumbnailUrl\":\"https:\/\/distribucionarc.com\/wp-content\/uploads\/2023\/07\/imagen-producto-envasadora.jpg\",\"datePublished\":\"2023-07-26T14:20:26+00:00\",\"dateModified\":\"2023-07-26T15:28:16+00:00\",\"breadcrumb\":{\"@id\":\"https:\/\/distribucionarc.com\/ro\/producto\/envasadora-al-vacio-lineal-industrial-4000-u-h\/#breadcrumb\"},\"inLanguage\":\"tr\",\"potentialAction\":[{\"@type\":\"ReadAction\",\"target\":[\"https:\/\/distribucionarc.com\/ro\/producto\/envasadora-al-vacio-lineal-industrial-4000-u-h\/\"]}]},{\"@type\":\"ImageObject\",\"inLanguage\":\"tr\",\"@id\":\"https:\/\/distribucionarc.com\/ro\/producto\/envasadora-al-vacio-lineal-industrial-4000-u-h\/#primaryimage\",\"url\":\"https:\/\/distribucionarc.com\/wp-content\/uploads\/2023\/07\/imagen-producto-envasadora.jpg\",\"contentUrl\":\"https:\/\/distribucionarc.com\/wp-content\/uploads\/2023\/07\/imagen-producto-envasadora.jpg\",\"width\":962,\"height\":596},{\"@type\":\"BreadcrumbList\",\"@id\":\"https:\/\/distribucionarc.com\/ro\/producto\/envasadora-al-vacio-lineal-industrial-4000-u-h\/#breadcrumb\",\"itemListElement\":[{\"@type\":\"ListItem\",\"position\":1,\"name\":\"Portada\",\"item\":\"https:\/\/distribucionarc.com\/pl\/\"},{\"@type\":\"ListItem\",\"position\":2,\"name\":\"Produkty\",\"item\":\"https:\/\/distribucionarc.com\/pl\/shop\/\"},{\"@type\":\"ListItem\",\"position\":3,\"name\":\"Envasadora al vac\u00edo lineal industrial 4000 u\/h\"}]},{\"@type\":\"WebSite\",\"@id\":\"https:\/\/distribucionarc.com\/de\/#website\",\"url\":\"https:\/\/distribucionarc.com\/de\/\",\"name\":\"distribuci\u00f3n ARC\",\"description\":\"Empresa especializada en la fabricaci\u00f3n y distribuci\u00f3n de maquinaria industrial, selladoras de latas, Maquinas de hacer pastillas, Maquinas de cortar carne...\",\"publisher\":{\"@id\":\"https:\/\/distribucionarc.com\/de\/#organization\"},\"potentialAction\":[{\"@type\":\"SearchAction\",\"target\":{\"@type\":\"EntryPoint\",\"urlTemplate\":\"https:\/\/distribucionarc.com\/de\/?s={search_term_string}\"},\"query-input\":{\"@type\":\"PropertyValueSpecification\",\"valueRequired\":true,\"valueName\":\"search_term_string\"}}],\"inLanguage\":\"tr\"},{\"@type\":\"Organization\",\"@id\":\"https:\/\/distribucionarc.com\/de\/#organization\",\"name\":\"Distribuci\u00f3n ARC\",\"url\":\"https:\/\/distribucionarc.com\/de\/\",\"logo\":{\"@type\":\"ImageObject\",\"inLanguage\":\"tr\",\"@id\":\"https:\/\/distribucionarc.com\/de\/#\/schema\/logo\/image\/\",\"url\":\"https:\/\/distribucionarc.com\/wp-content\/uploads\/2024\/10\/distribucion-ARC-COLOR-SIN-FONDO-e1732295305345.png\",\"contentUrl\":\"https:\/\/distribucionarc.com\/wp-content\/uploads\/2024\/10\/distribucion-ARC-COLOR-SIN-FONDO-e1732295305345.png\",\"width\":1164,\"height\":558,\"caption\":\"Distribuci\u00f3n ARC\"},\"image\":{\"@id\":\"https:\/\/distribucionarc.com\/de\/#\/schema\/logo\/image\/\"},\"description\":\"Empresa especializada en la fabricaci\u00f3n y distribuci\u00f3n de maquinaria industrial para los sectores alimentario y farmac\u00e9utico. Nos especializamos en: M\u00e1quinas de cortar carne Fabricaci\u00f3n de comprimidos Sistemas de transporte industrial L\u00edneas de embotellado Dosificadores Y mucho m\u00e1s... Ofrecemos soluciones innovadoras y personalizadas para optimizar los procesos productivos de tu empresa.\",\"email\":\"Admistracion@distribucionarc.com\",\"telephone\":\"+34 643496664\",\"legalName\":\"ARC TECH SOLUTIONS\",\"foundingDate\":\"2024-04-09\",\"vatID\":\"B55480172\",\"numberOfEmployees\":{\"@type\":\"QuantitativeValue\",\"minValue\":\"1\",\"maxValue\":\"10\"}}]}<\/script>\n<!-- \/ Yoast SEO Premium plugin. -->","yoast_head_json":{"title":"End\u00fcstriyel lineer vakum paketleme makinesi 4000 u\/h - ARC da\u011f\u0131t\u0131m\u0131","robots":{"index":"index","follow":"follow","max-snippet":"max-snippet:-1","max-image-preview":"max-image-preview:large","max-video-preview":"max-video-preview:-1"},"canonical":"https:\/\/distribucionarc.com\/tr\/urun\/lineer-endustriyel-vakum-paketleme-4000-uh\/","og_locale":"tr_TR","og_type":"article","og_title":"Envasadora al vac\u00edo lineal industrial 4000 u\/h","og_description":"&nbsp; Envasadora industrial lineal al vac\u00edo modelo 320-T \u00a0 \u00a0 \u00a0 \u00a0 \u00a0 \u00a0 \u00a0 La envasadora industrial lineal al","og_url":"https:\/\/distribucionarc.com\/tr\/urun\/lineer-endustriyel-vakum-paketleme-4000-uh\/","og_site_name":"distribuci\u00f3n ARC","article_modified_time":"2023-07-26T15:28:16+00:00","og_image":[{"width":962,"height":596,"url":"https:\/\/distribucionarc.com\/wp-content\/uploads\/2023\/07\/imagen-producto-envasadora.jpg","type":"image\/jpeg"}],"twitter_card":"summary_large_image","twitter_misc":{"Tahmini okuma s\u00fcresi":"2 dakika"},"schema":{"@context":"https:\/\/schema.org","@graph":[{"@type":"WebPage","@id":"https:\/\/distribucionarc.com\/ro\/producto\/envasadora-al-vacio-lineal-industrial-4000-u-h\/","url":"https:\/\/distribucionarc.com\/ro\/producto\/envasadora-al-vacio-lineal-industrial-4000-u-h\/","name":"End\u00fcstriyel lineer vakum paketleme makinesi 4000 u\/h - ARC da\u011f\u0131t\u0131m\u0131","isPartOf":{"@id":"https:\/\/distribucionarc.com\/de\/#website"},"primaryImageOfPage":{"@id":"https:\/\/distribucionarc.com\/ro\/producto\/envasadora-al-vacio-lineal-industrial-4000-u-h\/#primaryimage"},"image":{"@id":"https:\/\/distribucionarc.com\/ro\/producto\/envasadora-al-vacio-lineal-industrial-4000-u-h\/#primaryimage"},"thumbnailUrl":"https:\/\/distribucionarc.com\/wp-content\/uploads\/2023\/07\/imagen-producto-envasadora.jpg","datePublished":"2023-07-26T14:20:26+00:00","dateModified":"2023-07-26T15:28:16+00:00","breadcrumb":{"@id":"https:\/\/distribucionarc.com\/ro\/producto\/envasadora-al-vacio-lineal-industrial-4000-u-h\/#breadcrumb"},"inLanguage":"tr","potentialAction":[{"@type":"ReadAction","target":["https:\/\/distribucionarc.com\/ro\/producto\/envasadora-al-vacio-lineal-industrial-4000-u-h\/"]}]},{"@type":"ImageObject","inLanguage":"tr","@id":"https:\/\/distribucionarc.com\/ro\/producto\/envasadora-al-vacio-lineal-industrial-4000-u-h\/#primaryimage","url":"https:\/\/distribucionarc.com\/wp-content\/uploads\/2023\/07\/imagen-producto-envasadora.jpg","contentUrl":"https:\/\/distribucionarc.com\/wp-content\/uploads\/2023\/07\/imagen-producto-envasadora.jpg","width":962,"height":596},{"@type":"BreadcrumbList","@id":"https:\/\/distribucionarc.com\/ro\/producto\/envasadora-al-vacio-lineal-industrial-4000-u-h\/#breadcrumb","itemListElement":[{"@type":"ListItem","position":1,"name":"Portada","item":"https:\/\/distribucionarc.com\/pl\/"},{"@type":"ListItem","position":2,"name":"Produkty","item":"https:\/\/distribucionarc.com\/pl\/shop\/"},{"@type":"ListItem","position":3,"name":"Envasadora al vac\u00edo lineal industrial 4000 u\/h"}]},{"@type":"WebSite","@id":"https:\/\/distribucionarc.com\/de\/#website","url":"https:\/\/distribucionarc.com\/de\/","name":"ARC da\u011f\u0131t\u0131m\u0131","description":"End\u00fcstriyel makinelerin \u00fcretimi ve da\u011f\u0131t\u0131m\u0131 konusunda uzmanla\u015fm\u0131\u015f \u015firket, kutu m\u00fch\u00fcrleme makineleri, tablet yapma makineleri, et kesme makineleri...","publisher":{"@id":"https:\/\/distribucionarc.com\/de\/#organization"},"potentialAction":[{"@type":"SearchAction","target":{"@type":"EntryPoint","urlTemplate":"https:\/\/distribucionarc.com\/de\/?s={search_term_string}"},"query-input":{"@type":"PropertyValueSpecification","valueRequired":true,"valueName":"search_term_string"}}],"inLanguage":"tr"},{"@type":"Organization","@id":"https:\/\/distribucionarc.com\/de\/#organization","name":"ARC Da\u011f\u0131t\u0131m\u0131","url":"https:\/\/distribucionarc.com\/de\/","logo":{"@type":"ImageObject","inLanguage":"tr","@id":"https:\/\/distribucionarc.com\/de\/#\/schema\/logo\/image\/","url":"https:\/\/distribucionarc.com\/wp-content\/uploads\/2024\/10\/distribucion-ARC-COLOR-SIN-FONDO-e1732295305345.png","contentUrl":"https:\/\/distribucionarc.com\/wp-content\/uploads\/2024\/10\/distribucion-ARC-COLOR-SIN-FONDO-e1732295305345.png","width":1164,"height":558,"caption":"Distribuci\u00f3n ARC"},"image":{"@id":"https:\/\/distribucionarc.com\/de\/#\/schema\/logo\/image\/"},"description":"\u015eirket, g\u0131da ve ila\u00e7 sekt\u00f6rleri i\u00e7in end\u00fcstriyel makine \u00fcretimi ve da\u011f\u0131t\u0131m\u0131 konusunda uzmanla\u015fm\u0131\u015ft\u0131r. Uzmanl\u0131k alanlar\u0131m\u0131z Et kesme makineleri Tablet \u00fcretimi End\u00fcstriyel ta\u015f\u0131ma sistemleri \u015ei\u015feleme hatlar\u0131 Dozajlama makineleri Ve \u00e7ok daha fazlas\u0131... \u015eirketinizin \u00fcretim s\u00fcre\u00e7lerini optimize etmek i\u00e7in yenilik\u00e7i ve \u00f6zelle\u015ftirilmi\u015f \u00e7\u00f6z\u00fcmler sunuyoruz.","email":"Admistracion@distribucionarc.com","telephone":"+34 643496664","legalName":"ARC TECH SOLUTIONS","foundingDate":"2024-04-09","vatID":"B55480172","numberOfEmployees":{"@type":"QuantitativeValue","minValue":"1","maxValue":"10"}}]}},"_links":{"self":[{"href":"https:\/\/distribucionarc.com\/tr\/wp-json\/wp\/v2\/product\/6223","targetHints":{"allow":["GET"]}}],"collection":[{"href":"https:\/\/distribucionarc.com\/tr\/wp-json\/wp\/v2\/product"}],"about":[{"href":"https:\/\/distribucionarc.com\/tr\/wp-json\/wp\/v2\/types\/product"}],"replies":[{"embeddable":true,"href":"https:\/\/distribucionarc.com\/tr\/wp-json\/wp\/v2\/comments?post=6223"}],"version-history":[{"count":0,"href":"https:\/\/distribucionarc.com\/tr\/wp-json\/wp\/v2\/product\/6223\/revisions"}],"wp:featuredmedia":[{"embeddable":true,"href":"https:\/\/distribucionarc.com\/tr\/wp-json\/wp\/v2\/media\/6225"}],"wp:attachment":[{"href":"https:\/\/distribucionarc.com\/tr\/wp-json\/wp\/v2\/media?parent=6223"}],"wp:term":[{"taxonomy":"product_brand","embeddable":true,"href":"https:\/\/distribucionarc.com\/tr\/wp-json\/wp\/v2\/product_brand?post=6223"},{"taxonomy":"product_cat","embeddable":true,"href":"https:\/\/distribucionarc.com\/tr\/wp-json\/wp\/v2\/product_cat?post=6223"},{"taxonomy":"product_tag","embeddable":true,"href":"https:\/\/distribucionarc.com\/tr\/wp-json\/wp\/v2\/product_tag?post=6223"}],"curies":[{"name":"wp","href":"https:\/\/api.w.org\/{rel}","templated":true}]}}