{"id":654,"date":"2020-05-28T22:34:21","date_gmt":"2020-05-28T22:34:21","guid":{"rendered":"https:\/\/distribucionarc.com\/?post_type=product&#038;p=654"},"modified":"2024-09-04T19:31:36","modified_gmt":"2024-09-04T19:31:36","slug":"kizarmis-balik-patates-vb-icin-elektrikli-fritoz-2x10l-%f0%9f%8d%9f","status":"publish","type":"product","link":"https:\/\/distribucionarc.com\/tr\/producto\/freidora-electrica-para-pescado-frito-patatas-etc-2x10l-%f0%9f%8d%9f\/","title":{"rendered":"K\u0131zarm\u0131\u015f bal\u0131k, patates vb. i\u00e7in elektrikli frit\u00f6z. 2x10L?"},"content":{"rendered":"<div class=\"description-row description-text\">\n<h2>Elektrikli frit\u00f6z \u2013 2 x 10 litre<\/h2>\n<p>ARC DISTRIBUCION elektrikli frit\u00f6z profesyonel kullan\u0131m i\u00e7in tasarlanm\u0131\u015ft\u0131r ve 220 voltta \u00e7al\u0131\u015f\u0131r. Haz\u0131rlamak istedi\u011finiz yemek t\u00fcr\u00fc ne olursa olsun, konforlu bir \u015fekilde lezzetli k\u0131zartmalar haz\u0131rlaman\u0131za olanak sa\u011flar. Restoran\u0131n\u0131z veya bar\u0131n\u0131z i\u00e7in ideal olup, ola\u011fan\u00fcst\u00fc gastronomik deneyimler sunman\u0131za olanak sa\u011flayacakt\u0131r.<\/p>\n<\/div>\n<div class=\"product-icon--wrapper\">\n<div class=\"product--icon\">\n<div class=\"icon-body\">\n<div class=\"product_icon_container svg-icon\"><\/div>\n<div class=\"icon-text\">\n<p>Bu mutfak cihaz\u0131n\u0131n maksimum 6,5 litreye kadar ya\u011f kapasitesi ve\u00a0<strong>toplam hacim 10 litre<\/strong>. \u00d6zellikle haz\u0131rlamak i\u00e7in uygun oldu\u011fundan, \u00e7ok y\u00f6nl\u00fc bir \u015fekilde profesyonelce kullanabilirsiniz. <strong>bal\u0131k<\/strong>, mezeler veya cipsler.<\/p>\n<\/div>\n<\/div>\n<h3 class=\"product--icon-headline\">Gastronomiye y\u00f6nelik ARC 1020 elektrikli frit\u00f6z ile h\u0131zl\u0131 ve \u00e7\u0131t\u0131r at\u0131\u015ft\u0131rmal\u0131klar<\/h3>\n<div class=\"icon-body\">\n<div class=\"product_icon_easy_clean svg-icon\"><\/div>\n<div class=\"icon-text\">\n<p>Elektrikli frit\u00f6z sepeti 20 x 22 x 10 cm boyutlar\u0131ndad\u0131r. Tank\u0131n i\u00e7inde kalabilecek yiyecek kal\u0131nt\u0131lar\u0131, tank\u0131n alt k\u0131sm\u0131nda, so\u011fuk b\u00f6lge denilen b\u00f6lgede birikerek yanmazlar. Bu sayede ya\u011f do\u011fal lezzetini korur. Ayr\u0131ca ya\u011f\u0131n bo\u015falt\u0131lmas\u0131 kolayd\u0131r.<\/p>\n<\/div>\n<\/div>\n<div class=\"icon-body\">\n<div class=\"product_icon_voltage svg-icon\"><\/div>\n<div class=\"icon-text\">\n<p>Y\u00fcksek performans\u0131 sayesinde<strong>\u00a0\u0131s\u0131tma eleman\u0131<\/strong> \u00e7\u0131kar\u0131labilir <strong>5000<\/strong>\u00a0<strong>vat<\/strong>, frit\u00f6z ya\u011f\u0131 h\u0131zla 200 \u00b0C&#039;lik maksimum s\u0131cakl\u0131\u011fa ula\u015f\u0131r. Optimum sonu\u00e7lar i\u00e7in y\u00fcksek hassasiyetli termostat, ya\u011f deposunun \u0131s\u0131s\u0131n\u0131 sabit bir s\u0131cakl\u0131kta tutar. <span style=\"color: #0000ff;\">Bu s\u0131cakl\u0131\u011fa \u00e7ok h\u0131zl\u0131 ula\u015f\u0131l\u0131r ve ak\u0131ll\u0131 elektronik kart sayesinde ya\u011f \u0131s\u0131nd\u0131\u011f\u0131nda elektrik t\u00fcketimi minimumda tutulur.<\/span> <span style=\"color: #ff0000;\">Ya\u011f\u0131n a\u015f\u0131r\u0131 \u0131s\u0131nmas\u0131 veya \u0131s\u0131tma kafas\u0131n\u0131n \u00e7\u0131kar\u0131lmas\u0131 durumunda, bir sigorta \u00fcnitenin ba\u011flant\u0131s\u0131n\u0131 otomatik olarak keser.<\/span><\/p>\n<\/div>\n<\/div>\n<div class=\"icon-body\">\n<div class=\"product_icon_durable svg-icon\"><\/div>\n<div class=\"icon-text\">\n<p>Modern tasar\u0131ml\u0131 kapak,\u00a0<strong>uzun \u00f6m\u00fcrl\u00fc paslanmaz \u00e7elik<\/strong>, olduk\u00e7a dayan\u0131kl\u0131d\u0131r ve \u00e7\u0131kar\u0131labilir \u0131s\u0131tma eleman\u0131 sayesinde temizlenmesi kolayd\u0131r. Bug\u00fcn g\u00fc\u00e7l\u00fc bir elektrikli frit\u00f6ze karar verin; m\u00fc\u015fterileriniz ve misafirleriniz size te\u015fekk\u00fcr edecek.<\/p>\n<\/div>\n<\/div>\n<\/div>\n<\/div>","protected":false},"excerpt":{"rendered":"<h2><strong>Bar veya restoran i\u00e7in 10 litre \u00e7ift tankl\u0131 elektrikli frit\u00f6z<\/strong><\/h2>\n<p>Bizim <strong>profesyonel \u00e7ift tankl\u0131 elektrikli frit\u00f6z<\/strong> B\u00fcy\u00fck miktarlardaki yiyecekleri h\u0131zl\u0131 ve verimli bir \u015fekilde k\u0131zartmaya ihtiya\u00e7 duyan i\u015fletmeler i\u00e7in m\u00fckemmel bir \u00e7\u00f6z\u00fcmd\u00fcr. Toplam kapasitesi ile <strong>Tank ba\u015f\u0131na 10 litre<\/strong>, bu frit\u00f6z bar, restoran veya kafelerdeki ticari mutfaklar\u0131n taleplerini kar\u015f\u0131lamak \u00fczere tasarlanm\u0131\u015ft\u0131r.<\/p>\n<p>\u00c7ift tank\u0131 sayesinde \u015funlar\u0131 yapabilirsiniz: <strong>farkl\u0131 yiyecekleri ayn\u0131 anda k\u0131zart\u0131n<\/strong>\u0130stenmeyen kar\u0131\u015f\u0131mlar olmadan kaliteyi ve lezzeti koruman\u0131za olanak tan\u0131r. A\u015fa\u011f\u0131dakiler gibi \u00e7ok \u00e7e\u015fitli k\u0131zarm\u0131\u015f yiyeceklerin haz\u0131rlanmas\u0131 i\u00e7in idealdir:<\/p>\n<ul>\n<li><strong>k\u0131zarm\u0131\u015f bal\u0131k<\/strong>: \u00c7\u0131t\u0131r deniz \u00fcr\u00fcnleri yemekleri i\u00e7in m\u00fckemmeldir.<\/li>\n<li><strong>Cips<\/strong>: Bar ve restoranlarda klasik e\u015flik.<\/li>\n<li><strong>k\u0131zarm\u0131\u015f domuz eti<\/strong>: Tapas veya ana yemek haz\u0131rlamak i\u00e7in idealdir.<\/li>\n<li><strong>tavuk kanad\u0131<\/strong>: \u00c7\u0131t\u0131r \u00e7\u0131t\u0131r ve alt\u0131n rengi.<\/li>\n<li><strong>Kroketler<\/strong>: Tapas veya mezeler i\u00e7in tek tip k\u0131zartma.<\/li>\n<li><strong>Panelenmi\u015f sebzeler<\/strong>: Vejetaryen k\u0131zartma se\u00e7ene\u011fi i\u00e7in.<\/li>\n<\/ul>\n<p>Paslanmaz \u00e7elikten yap\u0131lm\u0131\u015f olan bu <strong>\u00e7ift tankl\u0131 frit\u00f6z<\/strong> Y\u00fcksek performansl\u0131 ticari mutfaklar\u0131n vazge\u00e7ilmezi olan dayan\u0131kl\u0131l\u0131k ve temizlik kolayl\u0131\u011f\u0131n\u0131 sa\u011flar. Ek olarak, her tank\u0131n ba\u011f\u0131ms\u0131z bir s\u0131cakl\u0131k kontrol\u00fc vard\u0131r; bu, pi\u015firilen yeme\u011fin t\u00fcr\u00fcne ba\u011fl\u0131 olarak \u0131s\u0131y\u0131 ayarlaman\u0131za olanak tan\u0131r. D\u0131\u015f\u0131 \u00e7\u0131t\u0131r, i\u00e7i sulu patates k\u0131zartmas\u0131 elde etmek i\u00e7in bu \u00e7ok \u00f6nemlidir.<\/p>\n<p>\u0130ster bir ar\u0131yor olun <strong>bar frit\u00f6z\u00fc<\/strong>, A <strong>restoran frit\u00f6z\u00fc<\/strong>veya bir <strong>b\u00fcy\u00fck kapasiteli elektrikli frit\u00f6z<\/strong>, bu makine ticari mutfa\u011f\u0131n\u0131zda k\u0131zartma i\u015flemini optimize etmek i\u00e7in m\u00fckemmel bir se\u00e7enektir.<\/p>","protected":false},"featured_media":661,"comment_status":"open","ping_status":"closed","template":"","meta":{"wds_primary_product_brand":0,"wds_primary_product_cat":0},"product_brand":[],"product_cat":[38],"product_tag":[],"class_list":{"0":"post-654","1":"product","2":"type-product","3":"status-publish","4":"has-post-thumbnail","6":"product_cat-freidoras","7":"product_shipping_class-hosteleria","9":"first","10":"instock","11":"taxable","12":"shipping-taxable","13":"purchasable","14":"product-type-simple"},"yoast_head":"<!-- This site is optimized with the Yoast SEO Premium plugin v24.9 (Yoast SEO v26.1) - https:\/\/yoast.com\/wordpress\/plugins\/seo\/ -->\n<title>Freidora el\u00e9ctrica para pescado frito, patatas, etc. 2x10L ? - distribuci\u00f3n ARC<\/title>\n<meta name=\"description\" content=\"Freidora el\u00e9ctrica de doble tanque de 10 litros para bares y restaurantes. Perfecta para fre\u00edr patatas, pescado y m\u00e1s con control independiente. Ideal para cocinas comerciales\" \/>\n<meta name=\"robots\" content=\"index, follow, max-snippet:-1, max-image-preview:large, max-video-preview:-1\" \/>\n<link rel=\"canonical\" href=\"https:\/\/distribucionarc.com\/tr\/urun\/kizarmis-balik-patates-vb-icin-elektrikli-fritoz-2x10l-\ud83c\udf5f\/\" \/>\n<meta property=\"og:locale\" content=\"tr_TR\" \/>\n<meta property=\"og:type\" content=\"article\" \/>\n<meta property=\"og:title\" content=\"Freidora el\u00e9ctrica para pescado frito, patatas, etc. 2x10L ?\" \/>\n<meta property=\"og:description\" content=\"Freidora el\u00e9ctrica de doble tanque de 10 litros para bares y restaurantes. Perfecta para fre\u00edr patatas, pescado y m\u00e1s con control independiente. Ideal para cocinas comerciales\" \/>\n<meta property=\"og:url\" content=\"https:\/\/distribucionarc.com\/tr\/urun\/kizarmis-balik-patates-vb-icin-elektrikli-fritoz-2x10l-\ud83c\udf5f\/\" \/>\n<meta property=\"og:site_name\" content=\"distribuci\u00f3n ARC\" \/>\n<meta property=\"article:modified_time\" content=\"2024-09-04T19:31:36+00:00\" \/>\n<meta property=\"og:image\" content=\"https:\/\/distribucionarc.com\/wp-content\/uploads\/2020\/05\/Freidora-el\u00e9ctrica-para-pescado-frito-10L-0.jpg\" \/>\n\t<meta property=\"og:image:width\" content=\"1600\" \/>\n\t<meta property=\"og:image:height\" content=\"1600\" \/>\n\t<meta property=\"og:image:type\" content=\"image\/jpeg\" \/>\n<meta name=\"twitter:card\" content=\"summary_large_image\" \/>\n<meta name=\"twitter:label1\" content=\"Tahmini okuma s\u00fcresi\" \/>\n\t<meta name=\"twitter:data1\" content=\"2 dakika\" \/>\n<script type=\"application\/ld+json\" class=\"yoast-schema-graph\">{\"@context\":\"https:\/\/schema.org\",\"@graph\":[{\"@type\":\"WebPage\",\"@id\":\"https:\/\/distribucionarc.com\/producto\/freidora-electrica-para-pescado-frito-patatas-etc-2x10l-%f0%9f%8d%9f\/\",\"url\":\"https:\/\/distribucionarc.com\/producto\/freidora-electrica-para-pescado-frito-patatas-etc-2x10l-%f0%9f%8d%9f\/\",\"name\":\"Freidora el\u00e9ctrica para pescado frito, patatas, etc. 2x10L ? - distribuci\u00f3n ARC\",\"isPartOf\":{\"@id\":\"https:\/\/www.distribucionarc.com\/de\/#website\"},\"primaryImageOfPage\":{\"@id\":\"https:\/\/distribucionarc.com\/producto\/freidora-electrica-para-pescado-frito-patatas-etc-2x10l-%f0%9f%8d%9f\/#primaryimage\"},\"image\":{\"@id\":\"https:\/\/distribucionarc.com\/producto\/freidora-electrica-para-pescado-frito-patatas-etc-2x10l-%f0%9f%8d%9f\/#primaryimage\"},\"thumbnailUrl\":\"https:\/\/distribucionarc.com\/wp-content\/uploads\/2020\/05\/Freidora-el\u00e9ctrica-para-pescado-frito-10L-0.jpg\",\"datePublished\":\"2020-05-28T22:34:21+00:00\",\"dateModified\":\"2024-09-04T19:31:36+00:00\",\"description\":\"Freidora el\u00e9ctrica de doble tanque de 10 litros para bares y restaurantes. Perfecta para fre\u00edr patatas, pescado y m\u00e1s con control independiente. Ideal para cocinas comerciales\",\"breadcrumb\":{\"@id\":\"https:\/\/distribucionarc.com\/producto\/freidora-electrica-para-pescado-frito-patatas-etc-2x10l-%f0%9f%8d%9f\/#breadcrumb\"},\"inLanguage\":\"tr\",\"potentialAction\":[{\"@type\":\"ReadAction\",\"target\":[\"https:\/\/distribucionarc.com\/producto\/freidora-electrica-para-pescado-frito-patatas-etc-2x10l-%f0%9f%8d%9f\/\"]}]},{\"@type\":\"ImageObject\",\"inLanguage\":\"tr\",\"@id\":\"https:\/\/distribucionarc.com\/producto\/freidora-electrica-para-pescado-frito-patatas-etc-2x10l-%f0%9f%8d%9f\/#primaryimage\",\"url\":\"https:\/\/distribucionarc.com\/wp-content\/uploads\/2020\/05\/Freidora-el\u00e9ctrica-para-pescado-frito-10L-0.jpg\",\"contentUrl\":\"https:\/\/distribucionarc.com\/wp-content\/uploads\/2020\/05\/Freidora-el\u00e9ctrica-para-pescado-frito-10L-0.jpg\",\"width\":1600,\"height\":1600},{\"@type\":\"BreadcrumbList\",\"@id\":\"https:\/\/distribucionarc.com\/producto\/freidora-electrica-para-pescado-frito-patatas-etc-2x10l-%f0%9f%8d%9f\/#breadcrumb\",\"itemListElement\":[{\"@type\":\"ListItem\",\"position\":1,\"name\":\"Portada\",\"item\":\"https:\/\/www.distribucionarc.com\/en\/\"},{\"@type\":\"ListItem\",\"position\":2,\"name\":\"Products\",\"item\":\"https:\/\/www.distribucionarc.com\/en\/shop\/\"},{\"@type\":\"ListItem\",\"position\":3,\"name\":\"Freidora el\u00e9ctrica para pescado frito, patatas, etc. 2x10L ?\"}]},{\"@type\":\"WebSite\",\"@id\":\"https:\/\/www.distribucionarc.com\/de\/#website\",\"url\":\"https:\/\/www.distribucionarc.com\/de\/\",\"name\":\"distribuci\u00f3n ARC\",\"description\":\"Empresa especializada en la fabricaci\u00f3n y distribuci\u00f3n de maquinaria industrial, selladoras de latas, Maquinas de hacer pastillas, Maquinas de cortar carne...\",\"publisher\":{\"@id\":\"https:\/\/www.distribucionarc.com\/de\/#organization\"},\"potentialAction\":[{\"@type\":\"SearchAction\",\"target\":{\"@type\":\"EntryPoint\",\"urlTemplate\":\"https:\/\/www.distribucionarc.com\/de\/?s={search_term_string}\"},\"query-input\":{\"@type\":\"PropertyValueSpecification\",\"valueRequired\":true,\"valueName\":\"search_term_string\"}}],\"inLanguage\":\"tr\"},{\"@type\":\"Organization\",\"@id\":\"https:\/\/www.distribucionarc.com\/de\/#organization\",\"name\":\"Distribuci\u00f3n ARC\",\"url\":\"https:\/\/www.distribucionarc.com\/de\/\",\"logo\":{\"@type\":\"ImageObject\",\"inLanguage\":\"tr\",\"@id\":\"https:\/\/www.distribucionarc.com\/de\/#\/schema\/logo\/image\/\",\"url\":\"https:\/\/distribucionarc.com\/wp-content\/uploads\/2024\/10\/distribucion-ARC-COLOR-SIN-FONDO-e1732295305345.png\",\"contentUrl\":\"https:\/\/distribucionarc.com\/wp-content\/uploads\/2024\/10\/distribucion-ARC-COLOR-SIN-FONDO-e1732295305345.png\",\"width\":1164,\"height\":558,\"caption\":\"Distribuci\u00f3n ARC\"},\"image\":{\"@id\":\"https:\/\/www.distribucionarc.com\/de\/#\/schema\/logo\/image\/\"},\"description\":\"Empresa especializada en la fabricaci\u00f3n y distribuci\u00f3n de maquinaria industrial para los sectores alimentario y farmac\u00e9utico. Nos especializamos en: M\u00e1quinas de cortar carne Fabricaci\u00f3n de comprimidos Sistemas de transporte industrial L\u00edneas de embotellado Dosificadores Y mucho m\u00e1s... Ofrecemos soluciones innovadoras y personalizadas para optimizar los procesos productivos de tu empresa.\",\"email\":\"Admistracion@distribucionarc.com\",\"telephone\":\"+34 643496664\",\"legalName\":\"ARC TECH SOLUTIONS\",\"foundingDate\":\"2024-04-09\",\"vatID\":\"B55480172\",\"numberOfEmployees\":{\"@type\":\"QuantitativeValue\",\"minValue\":\"1\",\"maxValue\":\"10\"}}]}<\/script>\n<!-- \/ Yoast SEO Premium plugin. -->","yoast_head_json":{"title":"K\u0131zart\u0131lm\u0131\u015f bal\u0131k, patates vb. i\u00e7in elektrikli frit\u00f6z. 2x10L? - ARC da\u011f\u0131t\u0131m\u0131","description":"Barlar ve restoranlar i\u00e7in 10 litrelik \u00e7ift tankl\u0131 elektrikli frit\u00f6z. Ba\u011f\u0131ms\u0131z kontrolle patates, bal\u0131k ve daha fazlas\u0131n\u0131 k\u0131zartmak i\u00e7in m\u00fckemmeldir. Ticari mutfaklar i\u00e7in idealdir","robots":{"index":"index","follow":"follow","max-snippet":"max-snippet:-1","max-image-preview":"max-image-preview:large","max-video-preview":"max-video-preview:-1"},"canonical":"https:\/\/distribucionarc.com\/tr\/urun\/kizarmis-balik-patates-vb-icin-elektrikli-fritoz-2x10l-\ud83c\udf5f\/","og_locale":"tr_TR","og_type":"article","og_title":"Freidora el\u00e9ctrica para pescado frito, patatas, etc. 2x10L ?","og_description":"Freidora el\u00e9ctrica de doble tanque de 10 litros para bares y restaurantes. Perfecta para fre\u00edr patatas, pescado y m\u00e1s con control independiente. Ideal para cocinas comerciales","og_url":"https:\/\/distribucionarc.com\/tr\/urun\/kizarmis-balik-patates-vb-icin-elektrikli-fritoz-2x10l-\ud83c\udf5f\/","og_site_name":"distribuci\u00f3n ARC","article_modified_time":"2024-09-04T19:31:36+00:00","og_image":[{"width":1600,"height":1600,"url":"https:\/\/distribucionarc.com\/wp-content\/uploads\/2020\/05\/Freidora-el\u00e9ctrica-para-pescado-frito-10L-0.jpg","type":"image\/jpeg"}],"twitter_card":"summary_large_image","twitter_misc":{"Tahmini okuma s\u00fcresi":"2 dakika"},"schema":{"@context":"https:\/\/schema.org","@graph":[{"@type":"WebPage","@id":"https:\/\/distribucionarc.com\/producto\/freidora-electrica-para-pescado-frito-patatas-etc-2x10l-%f0%9f%8d%9f\/","url":"https:\/\/distribucionarc.com\/producto\/freidora-electrica-para-pescado-frito-patatas-etc-2x10l-%f0%9f%8d%9f\/","name":"K\u0131zart\u0131lm\u0131\u015f bal\u0131k, patates vb. i\u00e7in elektrikli frit\u00f6z. 2x10L? - ARC da\u011f\u0131t\u0131m\u0131","isPartOf":{"@id":"https:\/\/www.distribucionarc.com\/de\/#website"},"primaryImageOfPage":{"@id":"https:\/\/distribucionarc.com\/producto\/freidora-electrica-para-pescado-frito-patatas-etc-2x10l-%f0%9f%8d%9f\/#primaryimage"},"image":{"@id":"https:\/\/distribucionarc.com\/producto\/freidora-electrica-para-pescado-frito-patatas-etc-2x10l-%f0%9f%8d%9f\/#primaryimage"},"thumbnailUrl":"https:\/\/distribucionarc.com\/wp-content\/uploads\/2020\/05\/Freidora-el\u00e9ctrica-para-pescado-frito-10L-0.jpg","datePublished":"2020-05-28T22:34:21+00:00","dateModified":"2024-09-04T19:31:36+00:00","description":"Barlar ve restoranlar i\u00e7in 10 litrelik \u00e7ift tankl\u0131 elektrikli frit\u00f6z. Ba\u011f\u0131ms\u0131z kontrolle patates, bal\u0131k ve daha fazlas\u0131n\u0131 k\u0131zartmak i\u00e7in m\u00fckemmeldir. Ticari mutfaklar i\u00e7in idealdir","breadcrumb":{"@id":"https:\/\/distribucionarc.com\/producto\/freidora-electrica-para-pescado-frito-patatas-etc-2x10l-%f0%9f%8d%9f\/#breadcrumb"},"inLanguage":"tr","potentialAction":[{"@type":"ReadAction","target":["https:\/\/distribucionarc.com\/producto\/freidora-electrica-para-pescado-frito-patatas-etc-2x10l-%f0%9f%8d%9f\/"]}]},{"@type":"ImageObject","inLanguage":"tr","@id":"https:\/\/distribucionarc.com\/producto\/freidora-electrica-para-pescado-frito-patatas-etc-2x10l-%f0%9f%8d%9f\/#primaryimage","url":"https:\/\/distribucionarc.com\/wp-content\/uploads\/2020\/05\/Freidora-el\u00e9ctrica-para-pescado-frito-10L-0.jpg","contentUrl":"https:\/\/distribucionarc.com\/wp-content\/uploads\/2020\/05\/Freidora-el\u00e9ctrica-para-pescado-frito-10L-0.jpg","width":1600,"height":1600},{"@type":"BreadcrumbList","@id":"https:\/\/distribucionarc.com\/producto\/freidora-electrica-para-pescado-frito-patatas-etc-2x10l-%f0%9f%8d%9f\/#breadcrumb","itemListElement":[{"@type":"ListItem","position":1,"name":"Portada","item":"https:\/\/www.distribucionarc.com\/en\/"},{"@type":"ListItem","position":2,"name":"Products","item":"https:\/\/www.distribucionarc.com\/en\/shop\/"},{"@type":"ListItem","position":3,"name":"Freidora el\u00e9ctrica para pescado frito, patatas, etc. 2x10L ?"}]},{"@type":"WebSite","@id":"https:\/\/www.distribucionarc.com\/de\/#website","url":"https:\/\/www.distribucionarc.com\/de\/","name":"ARC da\u011f\u0131t\u0131m\u0131","description":"End\u00fcstriyel makinelerin \u00fcretimi ve da\u011f\u0131t\u0131m\u0131 konusunda uzmanla\u015fm\u0131\u015f \u015firket, kutu m\u00fch\u00fcrleme makineleri, tablet yapma makineleri, et kesme makineleri...","publisher":{"@id":"https:\/\/www.distribucionarc.com\/de\/#organization"},"potentialAction":[{"@type":"SearchAction","target":{"@type":"EntryPoint","urlTemplate":"https:\/\/www.distribucionarc.com\/de\/?s={search_term_string}"},"query-input":{"@type":"PropertyValueSpecification","valueRequired":true,"valueName":"search_term_string"}}],"inLanguage":"tr"},{"@type":"Organization","@id":"https:\/\/www.distribucionarc.com\/de\/#organization","name":"ARC Da\u011f\u0131t\u0131m\u0131","url":"https:\/\/www.distribucionarc.com\/de\/","logo":{"@type":"ImageObject","inLanguage":"tr","@id":"https:\/\/www.distribucionarc.com\/de\/#\/schema\/logo\/image\/","url":"https:\/\/distribucionarc.com\/wp-content\/uploads\/2024\/10\/distribucion-ARC-COLOR-SIN-FONDO-e1732295305345.png","contentUrl":"https:\/\/distribucionarc.com\/wp-content\/uploads\/2024\/10\/distribucion-ARC-COLOR-SIN-FONDO-e1732295305345.png","width":1164,"height":558,"caption":"Distribuci\u00f3n ARC"},"image":{"@id":"https:\/\/www.distribucionarc.com\/de\/#\/schema\/logo\/image\/"},"description":"\u015eirket, g\u0131da ve ila\u00e7 sekt\u00f6rleri i\u00e7in end\u00fcstriyel makine \u00fcretimi ve da\u011f\u0131t\u0131m\u0131 konusunda uzmanla\u015fm\u0131\u015ft\u0131r. Uzmanl\u0131k alanlar\u0131m\u0131z Et kesme makineleri Tablet \u00fcretimi End\u00fcstriyel ta\u015f\u0131ma sistemleri \u015ei\u015feleme hatlar\u0131 Dozajlama makineleri Ve \u00e7ok daha fazlas\u0131... \u015eirketinizin \u00fcretim s\u00fcre\u00e7lerini optimize etmek i\u00e7in yenilik\u00e7i ve \u00f6zelle\u015ftirilmi\u015f \u00e7\u00f6z\u00fcmler sunuyoruz.","email":"Admistracion@distribucionarc.com","telephone":"+34 643496664","legalName":"ARC TECH SOLUTIONS","foundingDate":"2024-04-09","vatID":"B55480172","numberOfEmployees":{"@type":"QuantitativeValue","minValue":"1","maxValue":"10"}}]}},"_links":{"self":[{"href":"https:\/\/distribucionarc.com\/tr\/wp-json\/wp\/v2\/product\/654","targetHints":{"allow":["GET"]}}],"collection":[{"href":"https:\/\/distribucionarc.com\/tr\/wp-json\/wp\/v2\/product"}],"about":[{"href":"https:\/\/distribucionarc.com\/tr\/wp-json\/wp\/v2\/types\/product"}],"replies":[{"embeddable":true,"href":"https:\/\/distribucionarc.com\/tr\/wp-json\/wp\/v2\/comments?post=654"}],"version-history":[{"count":0,"href":"https:\/\/distribucionarc.com\/tr\/wp-json\/wp\/v2\/product\/654\/revisions"}],"wp:featuredmedia":[{"embeddable":true,"href":"https:\/\/distribucionarc.com\/tr\/wp-json\/wp\/v2\/media\/661"}],"wp:attachment":[{"href":"https:\/\/distribucionarc.com\/tr\/wp-json\/wp\/v2\/media?parent=654"}],"wp:term":[{"taxonomy":"product_brand","embeddable":true,"href":"https:\/\/distribucionarc.com\/tr\/wp-json\/wp\/v2\/product_brand?post=654"},{"taxonomy":"product_cat","embeddable":true,"href":"https:\/\/distribucionarc.com\/tr\/wp-json\/wp\/v2\/product_cat?post=654"},{"taxonomy":"product_tag","embeddable":true,"href":"https:\/\/distribucionarc.com\/tr\/wp-json\/wp\/v2\/product_tag?post=654"}],"curies":[{"name":"wp","href":"https:\/\/api.w.org\/{rel}","templated":true}]}}