{"id":6667,"date":"2024-04-24T18:45:23","date_gmt":"2024-04-24T18:45:23","guid":{"rendered":"https:\/\/distribucionarc.com\/?post_type=product&#038;p=6667"},"modified":"2024-04-24T18:45:25","modified_gmt":"2024-04-24T18:45:25","slug":"vitamin-ve-mineral-tabletleri-icin-profesyonel-doner-presleme-makinesi","status":"publish","type":"product","link":"https:\/\/distribucionarc.com\/tr\/producto\/maquina-prensadora-rotativa-profesional-para-tabletas-de-vitaminas-y-minerales\/","title":{"rendered":"V\u0130TAM\u0130N VE M\u0130NERAL TABLETLER \u0130\u00c7\u0130N PROFESYONEL D\u00d6NER PRES MAK\u0130NASI"},"content":{"rendered":"<p>La <strong>ZARP-15\/17\/19A D\u00f6ner Pres Makinas\u0131<\/strong> i\u00e7in idealdir<strong> vitamin ve mineral tabletlerinin \u00fcretimi.<\/strong> K\u00fc\u00e7\u00fck partiler halinde \u00fcretim yapabilen bu \u00fcr\u00fcn, d\u00f6n\u00fc\u015f h\u0131z\u0131, toz dolumu ve tablet kal\u0131nl\u0131\u011f\u0131 \u00fczerinde tam kontrol sa\u011flar. Mekanik bir s\u00f6n\u00fcmleme cihaz\u0131yla donat\u0131lm\u0131\u015f olup, a\u015f\u0131r\u0131 y\u00fck hasar\u0131na kar\u015f\u0131 korumay\u0131 garanti ederek ekipman\u0131n dayan\u0131kl\u0131l\u0131\u011f\u0131n\u0131 ve g\u00fcvenilirli\u011fini garanti eder.<\/p>\n<p>&nbsp;<\/p>\n<table>\n<tbody>\n<tr>\n<td width=\"142\">Modeli<\/td>\n<td width=\"142\">ZARP-15A<\/td>\n<td width=\"142\">ZARP-17A<\/td>\n<td width=\"142\">ZARP-19A<\/td>\n<\/tr>\n<tr>\n<td width=\"142\">Delme \u00f6l\u00fcr<\/td>\n<td width=\"142\">15<\/td>\n<td width=\"142\">17<\/td>\n<td width=\"142\">19<\/td>\n<\/tr>\n<tr>\n<td width=\"142\">Maksimum bas\u0131n\u00e7 (kn)<\/td>\n<td width=\"142\">80<\/td>\n<td width=\"142\">80<\/td>\n<td width=\"142\">80<\/td>\n<\/tr>\n<tr>\n<td width=\"142\">Tablet maksimum \u00e7ap\u0131 (mm)<\/td>\n<td width=\"142\">3-25<\/td>\n<td width=\"142\">3-20<\/td>\n<td width=\"142\">3-13<\/td>\n<\/tr>\n<tr>\n<td width=\"142\">Maksimum doldurma derinli\u011fi (mm)<\/td>\n<td width=\"142\">0-17(ayarlanabilir)<\/td>\n<td width=\"142\">0-17(ayarlanabilir)<\/td>\n<td width=\"142\">0-17(ayarlanabilir)<\/td>\n<\/tr>\n<tr>\n<td width=\"142\">Maksimum tablet kal\u0131nl\u0131\u011f\u0131 (mm)<\/td>\n<td width=\"142\">0-8 ayarlanabilir<\/td>\n<td width=\"142\">0-8 ayarlanabilir<\/td>\n<td width=\"142\">0-8 ayarlanabilir<\/td>\n<\/tr>\n<tr>\n<td width=\"142\">Taret h\u0131z\u0131 (r-min)<\/td>\n<td width=\"142\">0-30<\/td>\n<td width=\"142\">0-30<\/td>\n<td width=\"142\">0-30<\/td>\n<\/tr>\n<tr>\n<td width=\"142\">\u00dcretim kapasitesi (adet\/saat)<\/td>\n<td width=\"142\">31500<\/td>\n<td width=\"142\">35700<\/td>\n<td width=\"142\">39900<\/td>\n<\/tr>\n<tr>\n<td width=\"142\">Gerilim(V)<\/td>\n<td width=\"142\">220V VE 380V<\/td>\n<td width=\"142\">220V 380V<\/td>\n<td width=\"142\">220V 380V<\/td>\n<\/tr>\n<tr>\n<td width=\"142\">Motor g\u00fcc\u00fc(kw)<\/td>\n<td width=\"142\">3.0<\/td>\n<td width=\"142\">3.0<\/td>\n<td width=\"142\">3.0<\/td>\n<\/tr>\n<tr>\n<td width=\"142\">Genel boyut (mm)<\/td>\n<td width=\"142\">800*<\/p>\n<p>850*<\/p>\n<p>1750*<\/td>\n<td width=\"142\">800*<\/p>\n<p>850*<\/p>\n<p>1750*<\/td>\n<td width=\"142\">800*<\/p>\n<p>850*<\/p>\n<p>1750*<\/td>\n<\/tr>\n<tr>\n<td width=\"142\">Net a\u011f\u0131rl\u0131k kg<\/td>\n<td width=\"142\">500<\/td>\n<td width=\"142\">500<\/td>\n<td width=\"142\">500<\/td>\n<\/tr>\n<\/tbody>\n<\/table>","protected":false},"excerpt":{"rendered":"<p>ZARP-15\/17\/19A D\u00f6ner Tablet Pres Makinas\u0131 vitamin ve mineral tablet \u00fcretimi i\u00e7in idealdir. Toplu \u00fcretim kapasitesiyle<\/p>","protected":false},"featured_media":6668,"comment_status":"open","ping_status":"closed","template":"","meta":{"wds_primary_product_brand":0,"wds_primary_product_cat":0},"product_brand":[],"product_cat":[84],"product_tag":[],"class_list":{"0":"post-6667","1":"product","2":"type-product","3":"status-publish","4":"has-post-thumbnail","6":"product_cat-maquinas-para-hacer-pastillas","8":"first","9":"instock","10":"taxable","11":"shipping-taxable","12":"purchasable","13":"product-type-simple"},"yoast_head":"<!-- This site is optimized with the Yoast SEO Premium plugin v24.9 (Yoast SEO v26.1) - https:\/\/yoast.com\/wordpress\/plugins\/seo\/ -->\n<title>MAQUINA PRENSADORA ROTATIVA PROFESIONAL PARA TABLETAS DE VITAMINAS Y MINERALES - distribuci\u00f3n ARC<\/title>\n<meta name=\"robots\" content=\"index, follow, max-snippet:-1, max-image-preview:large, max-video-preview:-1\" \/>\n<link rel=\"canonical\" href=\"https:\/\/www.distribucionarc.com\/lt\/producto\/maquina-prensadora-rotativa-profesional-para-tabletas-de-vitaminas-y-minerales\/\" \/>\n<meta property=\"og:locale\" content=\"tr_TR\" \/>\n<meta property=\"og:type\" content=\"article\" \/>\n<meta property=\"og:title\" content=\"MAQUINA PRENSADORA ROTATIVA PROFESIONAL PARA TABLETAS DE VITAMINAS Y MINERALES\" \/>\n<meta property=\"og:description\" content=\"La M\u00e1quina Prensadora Rotativa ZARP-15\/17\/19A es ideal para la producci\u00f3n de tabletas de vitaminas y minerales. Con capacidad para lotes\" \/>\n<meta property=\"og:url\" content=\"https:\/\/www.distribucionarc.com\/lt\/producto\/maquina-prensadora-rotativa-profesional-para-tabletas-de-vitaminas-y-minerales\/\" \/>\n<meta property=\"og:site_name\" content=\"distribuci\u00f3n ARC\" \/>\n<meta property=\"article:modified_time\" content=\"2024-04-24T18:45:25+00:00\" \/>\n<meta property=\"og:image\" content=\"https:\/\/www.distribucionarc.com\/wp-content\/uploads\/2024\/04\/MAQUINA-PRENSADORA-ROTATIVA-PROFESIONAL-PARA-TABLETAS-DE-VITAMINAS-Y-MINERALES.jpg\" \/>\n\t<meta property=\"og:image:width\" content=\"664\" \/>\n\t<meta property=\"og:image:height\" content=\"960\" \/>\n\t<meta property=\"og:image:type\" content=\"image\/jpeg\" \/>\n<meta name=\"twitter:card\" content=\"summary_large_image\" \/>\n<meta name=\"twitter:label1\" content=\"Tahmini okuma s\u00fcresi\" \/>\n\t<meta name=\"twitter:data1\" content=\"1 dakika\" \/>\n<script type=\"application\/ld+json\" class=\"yoast-schema-graph\">{\"@context\":\"https:\/\/schema.org\",\"@graph\":[{\"@type\":\"WebPage\",\"@id\":\"https:\/\/www.distribucionarc.com\/lt\/producto\/maquina-prensadora-rotativa-profesional-para-tabletas-de-vitaminas-y-minerales\/\",\"url\":\"https:\/\/www.distribucionarc.com\/lt\/producto\/maquina-prensadora-rotativa-profesional-para-tabletas-de-vitaminas-y-minerales\/\",\"name\":\"MAQUINA PRENSADORA ROTATIVA PROFESIONAL PARA TABLETAS DE VITAMINAS Y MINERALES - distribuci\u00f3n ARC\",\"isPartOf\":{\"@id\":\"https:\/\/www.distribucionarc.com\/sl\/#website\"},\"primaryImageOfPage\":{\"@id\":\"https:\/\/www.distribucionarc.com\/lt\/producto\/maquina-prensadora-rotativa-profesional-para-tabletas-de-vitaminas-y-minerales\/#primaryimage\"},\"image\":{\"@id\":\"https:\/\/www.distribucionarc.com\/lt\/producto\/maquina-prensadora-rotativa-profesional-para-tabletas-de-vitaminas-y-minerales\/#primaryimage\"},\"thumbnailUrl\":\"https:\/\/distribucionarc.com\/wp-content\/uploads\/2024\/04\/MAQUINA-PRENSADORA-ROTATIVA-PROFESIONAL-PARA-TABLETAS-DE-VITAMINAS-Y-MINERALES.jpg\",\"datePublished\":\"2024-04-24T18:45:23+00:00\",\"dateModified\":\"2024-04-24T18:45:25+00:00\",\"breadcrumb\":{\"@id\":\"https:\/\/www.distribucionarc.com\/lt\/producto\/maquina-prensadora-rotativa-profesional-para-tabletas-de-vitaminas-y-minerales\/#breadcrumb\"},\"inLanguage\":\"tr\",\"potentialAction\":[{\"@type\":\"ReadAction\",\"target\":[\"https:\/\/www.distribucionarc.com\/lt\/producto\/maquina-prensadora-rotativa-profesional-para-tabletas-de-vitaminas-y-minerales\/\"]}]},{\"@type\":\"ImageObject\",\"inLanguage\":\"tr\",\"@id\":\"https:\/\/www.distribucionarc.com\/lt\/producto\/maquina-prensadora-rotativa-profesional-para-tabletas-de-vitaminas-y-minerales\/#primaryimage\",\"url\":\"https:\/\/distribucionarc.com\/wp-content\/uploads\/2024\/04\/MAQUINA-PRENSADORA-ROTATIVA-PROFESIONAL-PARA-TABLETAS-DE-VITAMINAS-Y-MINERALES.jpg\",\"contentUrl\":\"https:\/\/distribucionarc.com\/wp-content\/uploads\/2024\/04\/MAQUINA-PRENSADORA-ROTATIVA-PROFESIONAL-PARA-TABLETAS-DE-VITAMINAS-Y-MINERALES.jpg\",\"width\":664,\"height\":960,\"caption\":\"#image_title\"},{\"@type\":\"BreadcrumbList\",\"@id\":\"https:\/\/www.distribucionarc.com\/lt\/producto\/maquina-prensadora-rotativa-profesional-para-tabletas-de-vitaminas-y-minerales\/#breadcrumb\",\"itemListElement\":[{\"@type\":\"ListItem\",\"position\":1,\"name\":\"Portada\",\"item\":\"https:\/\/www.distribucionarc.com\/\"},{\"@type\":\"ListItem\",\"position\":2,\"name\":\"\u00dcr\u00fcnler\",\"item\":\"https:\/\/www.distribucionarc.com\/tr\/magaza\/\"},{\"@type\":\"ListItem\",\"position\":3,\"name\":\"MAQUINA PRENSADORA ROTATIVA PROFESIONAL PARA TABLETAS DE VITAMINAS Y MINERALES\"}]},{\"@type\":\"WebSite\",\"@id\":\"https:\/\/www.distribucionarc.com\/sl\/#website\",\"url\":\"https:\/\/www.distribucionarc.com\/sl\/\",\"name\":\"distribuci\u00f3n ARC\",\"description\":\"Empresa especializada en la fabricaci\u00f3n y distribuci\u00f3n de maquinaria industrial, selladoras de latas, Maquinas de hacer pastillas, Maquinas de cortar carne...\",\"publisher\":{\"@id\":\"https:\/\/www.distribucionarc.com\/sl\/#organization\"},\"potentialAction\":[{\"@type\":\"SearchAction\",\"target\":{\"@type\":\"EntryPoint\",\"urlTemplate\":\"https:\/\/www.distribucionarc.com\/sl\/?s={search_term_string}\"},\"query-input\":{\"@type\":\"PropertyValueSpecification\",\"valueRequired\":true,\"valueName\":\"search_term_string\"}}],\"inLanguage\":\"tr\"},{\"@type\":\"Organization\",\"@id\":\"https:\/\/www.distribucionarc.com\/sl\/#organization\",\"name\":\"Distribuci\u00f3n ARC\",\"url\":\"https:\/\/www.distribucionarc.com\/sl\/\",\"logo\":{\"@type\":\"ImageObject\",\"inLanguage\":\"tr\",\"@id\":\"https:\/\/www.distribucionarc.com\/sl\/#\/schema\/logo\/image\/\",\"url\":\"https:\/\/distribucionarc.com\/wp-content\/uploads\/2024\/10\/distribucion-ARC-COLOR-SIN-FONDO-e1732295305345.png\",\"contentUrl\":\"https:\/\/distribucionarc.com\/wp-content\/uploads\/2024\/10\/distribucion-ARC-COLOR-SIN-FONDO-e1732295305345.png\",\"width\":1164,\"height\":558,\"caption\":\"Distribuci\u00f3n ARC\"},\"image\":{\"@id\":\"https:\/\/www.distribucionarc.com\/sl\/#\/schema\/logo\/image\/\"},\"description\":\"Empresa especializada en la fabricaci\u00f3n y distribuci\u00f3n de maquinaria industrial para los sectores alimentario y farmac\u00e9utico. Nos especializamos en: M\u00e1quinas de cortar carne Fabricaci\u00f3n de comprimidos Sistemas de transporte industrial L\u00edneas de embotellado Dosificadores Y mucho m\u00e1s... Ofrecemos soluciones innovadoras y personalizadas para optimizar los procesos productivos de tu empresa.\",\"email\":\"Admistracion@distribucionarc.com\",\"telephone\":\"+34 643496664\",\"legalName\":\"ARC TECH SOLUTIONS\",\"foundingDate\":\"2024-04-09\",\"vatID\":\"B55480172\",\"numberOfEmployees\":{\"@type\":\"QuantitativeValue\",\"minValue\":\"1\",\"maxValue\":\"10\"}}]}<\/script>\n<!-- \/ Yoast SEO Premium plugin. -->","yoast_head_json":{"title":"V\u0130TAM\u0130N VE M\u0130NERAL TABLETLER \u0130\u00c7\u0130N PROFESYONEL ROTARY PRESLEME MAK\u0130NASI - ARC da\u011f\u0131t\u0131m\u0131","robots":{"index":"index","follow":"follow","max-snippet":"max-snippet:-1","max-image-preview":"max-image-preview:large","max-video-preview":"max-video-preview:-1"},"canonical":"https:\/\/www.distribucionarc.com\/lt\/producto\/maquina-prensadora-rotativa-profesional-para-tabletas-de-vitaminas-y-minerales\/","og_locale":"tr_TR","og_type":"article","og_title":"MAQUINA PRENSADORA ROTATIVA PROFESIONAL PARA TABLETAS DE VITAMINAS Y MINERALES","og_description":"La M\u00e1quina Prensadora Rotativa ZARP-15\/17\/19A es ideal para la producci\u00f3n de tabletas de vitaminas y minerales. Con capacidad para lotes","og_url":"https:\/\/www.distribucionarc.com\/lt\/producto\/maquina-prensadora-rotativa-profesional-para-tabletas-de-vitaminas-y-minerales\/","og_site_name":"distribuci\u00f3n ARC","article_modified_time":"2024-04-24T18:45:25+00:00","og_image":[{"width":664,"height":960,"url":"https:\/\/www.distribucionarc.com\/wp-content\/uploads\/2024\/04\/MAQUINA-PRENSADORA-ROTATIVA-PROFESIONAL-PARA-TABLETAS-DE-VITAMINAS-Y-MINERALES.jpg","type":"image\/jpeg"}],"twitter_card":"summary_large_image","twitter_misc":{"Tahmini okuma s\u00fcresi":"1 dakika"},"schema":{"@context":"https:\/\/schema.org","@graph":[{"@type":"WebPage","@id":"https:\/\/www.distribucionarc.com\/lt\/producto\/maquina-prensadora-rotativa-profesional-para-tabletas-de-vitaminas-y-minerales\/","url":"https:\/\/www.distribucionarc.com\/lt\/producto\/maquina-prensadora-rotativa-profesional-para-tabletas-de-vitaminas-y-minerales\/","name":"V\u0130TAM\u0130N VE M\u0130NERAL TABLETLER \u0130\u00c7\u0130N PROFESYONEL ROTARY PRESLEME MAK\u0130NASI - ARC da\u011f\u0131t\u0131m\u0131","isPartOf":{"@id":"https:\/\/www.distribucionarc.com\/sl\/#website"},"primaryImageOfPage":{"@id":"https:\/\/www.distribucionarc.com\/lt\/producto\/maquina-prensadora-rotativa-profesional-para-tabletas-de-vitaminas-y-minerales\/#primaryimage"},"image":{"@id":"https:\/\/www.distribucionarc.com\/lt\/producto\/maquina-prensadora-rotativa-profesional-para-tabletas-de-vitaminas-y-minerales\/#primaryimage"},"thumbnailUrl":"https:\/\/distribucionarc.com\/wp-content\/uploads\/2024\/04\/MAQUINA-PRENSADORA-ROTATIVA-PROFESIONAL-PARA-TABLETAS-DE-VITAMINAS-Y-MINERALES.jpg","datePublished":"2024-04-24T18:45:23+00:00","dateModified":"2024-04-24T18:45:25+00:00","breadcrumb":{"@id":"https:\/\/www.distribucionarc.com\/lt\/producto\/maquina-prensadora-rotativa-profesional-para-tabletas-de-vitaminas-y-minerales\/#breadcrumb"},"inLanguage":"tr","potentialAction":[{"@type":"ReadAction","target":["https:\/\/www.distribucionarc.com\/lt\/producto\/maquina-prensadora-rotativa-profesional-para-tabletas-de-vitaminas-y-minerales\/"]}]},{"@type":"ImageObject","inLanguage":"tr","@id":"https:\/\/www.distribucionarc.com\/lt\/producto\/maquina-prensadora-rotativa-profesional-para-tabletas-de-vitaminas-y-minerales\/#primaryimage","url":"https:\/\/distribucionarc.com\/wp-content\/uploads\/2024\/04\/MAQUINA-PRENSADORA-ROTATIVA-PROFESIONAL-PARA-TABLETAS-DE-VITAMINAS-Y-MINERALES.jpg","contentUrl":"https:\/\/distribucionarc.com\/wp-content\/uploads\/2024\/04\/MAQUINA-PRENSADORA-ROTATIVA-PROFESIONAL-PARA-TABLETAS-DE-VITAMINAS-Y-MINERALES.jpg","width":664,"height":960,"caption":"#image_title"},{"@type":"BreadcrumbList","@id":"https:\/\/www.distribucionarc.com\/lt\/producto\/maquina-prensadora-rotativa-profesional-para-tabletas-de-vitaminas-y-minerales\/#breadcrumb","itemListElement":[{"@type":"ListItem","position":1,"name":"Portada","item":"https:\/\/www.distribucionarc.com\/"},{"@type":"ListItem","position":2,"name":"\u00dcr\u00fcnler","item":"https:\/\/www.distribucionarc.com\/tr\/magaza\/"},{"@type":"ListItem","position":3,"name":"MAQUINA PRENSADORA ROTATIVA PROFESIONAL PARA TABLETAS DE VITAMINAS Y MINERALES"}]},{"@type":"WebSite","@id":"https:\/\/www.distribucionarc.com\/sl\/#website","url":"https:\/\/www.distribucionarc.com\/sl\/","name":"ARC da\u011f\u0131t\u0131m\u0131","description":"End\u00fcstriyel makinelerin \u00fcretimi ve da\u011f\u0131t\u0131m\u0131 konusunda uzmanla\u015fm\u0131\u015f \u015firket, kutu m\u00fch\u00fcrleme makineleri, tablet yapma makineleri, et kesme makineleri...","publisher":{"@id":"https:\/\/www.distribucionarc.com\/sl\/#organization"},"potentialAction":[{"@type":"SearchAction","target":{"@type":"EntryPoint","urlTemplate":"https:\/\/www.distribucionarc.com\/sl\/?s={search_term_string}"},"query-input":{"@type":"PropertyValueSpecification","valueRequired":true,"valueName":"search_term_string"}}],"inLanguage":"tr"},{"@type":"Organization","@id":"https:\/\/www.distribucionarc.com\/sl\/#organization","name":"ARC Da\u011f\u0131t\u0131m\u0131","url":"https:\/\/www.distribucionarc.com\/sl\/","logo":{"@type":"ImageObject","inLanguage":"tr","@id":"https:\/\/www.distribucionarc.com\/sl\/#\/schema\/logo\/image\/","url":"https:\/\/distribucionarc.com\/wp-content\/uploads\/2024\/10\/distribucion-ARC-COLOR-SIN-FONDO-e1732295305345.png","contentUrl":"https:\/\/distribucionarc.com\/wp-content\/uploads\/2024\/10\/distribucion-ARC-COLOR-SIN-FONDO-e1732295305345.png","width":1164,"height":558,"caption":"Distribuci\u00f3n ARC"},"image":{"@id":"https:\/\/www.distribucionarc.com\/sl\/#\/schema\/logo\/image\/"},"description":"\u015eirket, g\u0131da ve ila\u00e7 sekt\u00f6rleri i\u00e7in end\u00fcstriyel makine \u00fcretimi ve da\u011f\u0131t\u0131m\u0131 konusunda uzmanla\u015fm\u0131\u015ft\u0131r. Uzmanl\u0131k alanlar\u0131m\u0131z Et kesme makineleri Tablet \u00fcretimi End\u00fcstriyel ta\u015f\u0131ma sistemleri \u015ei\u015feleme hatlar\u0131 Dozajlama makineleri Ve \u00e7ok daha fazlas\u0131... \u015eirketinizin \u00fcretim s\u00fcre\u00e7lerini optimize etmek i\u00e7in yenilik\u00e7i ve \u00f6zelle\u015ftirilmi\u015f \u00e7\u00f6z\u00fcmler sunuyoruz.","email":"Admistracion@distribucionarc.com","telephone":"+34 643496664","legalName":"ARC TECH SOLUTIONS","foundingDate":"2024-04-09","vatID":"B55480172","numberOfEmployees":{"@type":"QuantitativeValue","minValue":"1","maxValue":"10"}}]}},"_links":{"self":[{"href":"https:\/\/distribucionarc.com\/tr\/wp-json\/wp\/v2\/product\/6667","targetHints":{"allow":["GET"]}}],"collection":[{"href":"https:\/\/distribucionarc.com\/tr\/wp-json\/wp\/v2\/product"}],"about":[{"href":"https:\/\/distribucionarc.com\/tr\/wp-json\/wp\/v2\/types\/product"}],"replies":[{"embeddable":true,"href":"https:\/\/distribucionarc.com\/tr\/wp-json\/wp\/v2\/comments?post=6667"}],"version-history":[{"count":0,"href":"https:\/\/distribucionarc.com\/tr\/wp-json\/wp\/v2\/product\/6667\/revisions"}],"wp:featuredmedia":[{"embeddable":true,"href":"https:\/\/distribucionarc.com\/tr\/wp-json\/wp\/v2\/media\/6668"}],"wp:attachment":[{"href":"https:\/\/distribucionarc.com\/tr\/wp-json\/wp\/v2\/media?parent=6667"}],"wp:term":[{"taxonomy":"product_brand","embeddable":true,"href":"https:\/\/distribucionarc.com\/tr\/wp-json\/wp\/v2\/product_brand?post=6667"},{"taxonomy":"product_cat","embeddable":true,"href":"https:\/\/distribucionarc.com\/tr\/wp-json\/wp\/v2\/product_cat?post=6667"},{"taxonomy":"product_tag","embeddable":true,"href":"https:\/\/distribucionarc.com\/tr\/wp-json\/wp\/v2\/product_tag?post=6667"}],"curies":[{"name":"wp","href":"https:\/\/api.w.org\/{rel}","templated":true}]}}