{"id":6686,"date":"2024-04-24T19:17:37","date_gmt":"2024-04-24T19:17:37","guid":{"rendered":"https:\/\/distribucionarc.com\/?post_type=product&#038;p=6686"},"modified":"2024-04-24T19:17:39","modified_gmt":"2024-04-24T19:17:39","slug":"besin-takviyesi-tabletleri-icin-granulator-makinesi","status":"publish","type":"product","link":"https:\/\/distribucionarc.com\/tr\/producto\/maquina-granuladora-para-comprimidos-de-suplementos-nutricionales\/","title":{"rendered":"BES\u0130N TAKV\u0130YEL\u0130 TABLETLER \u0130\u00c7\u0130N GRAN\u00dcL MAK\u0130NES\u0130"},"content":{"rendered":"<p>Bizim <strong>ZARP d\u00f6ner makine<\/strong> \u00dcretiminiz i\u00e7in tasarlanm\u0131\u015ft\u0131r<strong> besin takviyesi tabletleri<\/strong> <strong>Presleme makinesi<\/strong> toz, gran\u00fcl ve k\u00fc\u00e7\u00fck tanelerden, seri \u00fcretime uygun, y\u00fcksek kaliteli tabletlere. H\u0131z\u0131, toz dolum miktar\u0131n\u0131 ve toz kal\u0131nl\u0131\u011f\u0131n\u0131 ayarlay\u0131n. <strong>s\u0131k\u0131\u015ft\u0131r\u0131lm\u0131\u015f<\/strong> ihtiya\u00e7lar\u0131n\u0131za g\u00f6re. A\u015f\u0131r\u0131 y\u00fcklenmeden kaynaklanan hasar\u0131 \u00f6nlemek i\u00e7in mekanik amortis\u00f6r tertibat\u0131 ile donat\u0131lm\u0131\u015ft\u0131r. \u00dcretim s\u00fcrecinizi hassasiyet ve verimlilikle optimize edin.<\/p>\n<p>&nbsp;<\/p>\n<table>\n<tbody>\n<tr>\n<td width=\"81\"><em>Modeli<\/em><\/td>\n<td width=\"81\">ZARP-15<\/td>\n<td width=\"81\"><em>ZARP-17<\/em><\/td>\n<td width=\"81\"><em>ZARP-19<\/em><\/td>\n<td width=\"81\"><em>ZARP-29<\/em><\/td>\n<td width=\"81\"><em>ZARP-31<\/em><\/td>\n<td width=\"81\"><em>ZARP-33<\/em><\/td>\n<\/tr>\n<tr>\n<td width=\"81\">Delme \u00f6l\u00fcr<\/td>\n<td width=\"81\">15<\/td>\n<td width=\"81\">17<\/td>\n<td width=\"81\">19<\/td>\n<td width=\"81\">29<\/td>\n<td width=\"81\">31<\/td>\n<td width=\"81\">33<\/td>\n<\/tr>\n<tr>\n<td width=\"81\">maksimum bas\u0131n\u00e7(kn)<\/td>\n<td width=\"81\">80<\/td>\n<td width=\"81\">60<\/td>\n<td width=\"81\">60<\/td>\n<td width=\"81\">60<\/td>\n<td width=\"81\">60<\/td>\n<td width=\"81\">60<\/td>\n<\/tr>\n<tr>\n<td width=\"81\">Tablet maksimum \u00e7ap\u0131 (mm)<\/td>\n<td width=\"81\">25<\/td>\n<td width=\"81\">20<\/td>\n<td width=\"81\">13<\/td>\n<td width=\"81\">20<\/td>\n<td width=\"81\">20<\/td>\n<td width=\"81\">12<\/td>\n<\/tr>\n<tr>\n<td width=\"81\">Maksimum doldurma derinli\u011fi (mm)<\/td>\n<td width=\"81\">15 ayarlanabilir<\/td>\n<td width=\"81\">15 ayarlanabilir<\/td>\n<td width=\"81\">15 ayarlanabilir<\/td>\n<td width=\"81\">15 ayarlanabilir<\/td>\n<td width=\"81\">15 ayarlanabilir<\/td>\n<td width=\"81\">15 ayarlanabilir<\/td>\n<\/tr>\n<tr>\n<td width=\"81\">Maksimum tablet kal\u0131nl\u0131\u011f\u0131 (mm)<\/td>\n<td width=\"81\">6 ayarlanabilir<\/td>\n<td width=\"81\">6 ayarlanabilir<\/td>\n<td width=\"81\">6 ayarlanabilir<\/td>\n<td width=\"81\">6 ayarlanabilir<\/td>\n<td width=\"81\">6 ayarlanabilir<\/td>\n<td width=\"81\">6 ayarlanabilir<\/td>\n<\/tr>\n<tr>\n<td width=\"81\">Taret h\u0131z\u0131 (r-min)<\/td>\n<td width=\"81\">0-35<\/td>\n<td width=\"81\">0-35<\/td>\n<td width=\"81\">0-35<\/td>\n<td width=\"81\">11-28<\/td>\n<td width=\"81\">11-28<\/td>\n<td width=\"81\">11-28<\/td>\n<\/tr>\n<tr>\n<td width=\"81\">\u00dcretim kapasitesi (adet\/saat)<\/td>\n<td width=\"81\">31500<\/td>\n<td width=\"81\">35700<\/td>\n<td width=\"81\">39900<\/td>\n<td width=\"81\">38280-97000<\/td>\n<td width=\"81\">40900-104000<\/td>\n<td width=\"81\">43000-110000<\/td>\n<\/tr>\n<tr>\n<td width=\"81\">Voltaj (V)<\/td>\n<td width=\"81\">220V VE 380V<\/td>\n<td width=\"81\">220V VE 380V<\/td>\n<td width=\"81\">220V VE 380V<\/td>\n<td width=\"81\">220V VE 380V<\/td>\n<td width=\"81\">220V VE 380V<\/td>\n<td width=\"81\">220V VE 380V<\/td>\n<\/tr>\n<tr>\n<td width=\"81\">Motor g\u00fcc\u00fc (kw)<\/td>\n<td width=\"81\">2.2<\/td>\n<td width=\"81\">2.2<\/td>\n<td width=\"81\">2.2<\/td>\n<td width=\"81\">2.2<\/td>\n<td width=\"81\">2.2<\/td>\n<td width=\"81\">2.2<\/td>\n<\/tr>\n<tr>\n<td width=\"81\">Genel boyut (mm)<\/td>\n<td width=\"81\">760*<\/p>\n<p>750*<\/p>\n<p>1550*<\/td>\n<td width=\"81\">760*<\/p>\n<p>750*<\/p>\n<p>1550*<\/td>\n<td width=\"81\">950*<\/p>\n<p>960*<\/p>\n<p>1600*<\/td>\n<td width=\"81\">950*<\/p>\n<p>960*<\/p>\n<p>1600*<\/td>\n<td width=\"81\">950*<\/p>\n<p>960*<\/p>\n<p>1600*<\/td>\n<td width=\"81\">950*<\/p>\n<p>960*<\/p>\n<p>1600*<\/td>\n<\/tr>\n<tr>\n<td width=\"81\">A\u011f\u0131rl\u0131k kg<\/td>\n<td width=\"81\">500<\/td>\n<td width=\"81\">500<\/td>\n<td width=\"81\">500<\/td>\n<td width=\"81\">850<\/td>\n<td width=\"81\">850<\/td>\n<td width=\"81\">850<\/td>\n<\/tr>\n<\/tbody>\n<\/table>\n<p>&nbsp;<\/p>\n<p>&nbsp;<\/p>","protected":false},"excerpt":{"rendered":"<p>ZARP d\u00f6ner makinam\u0131z besin takviyesi tablet, toz, gran\u00fcl ve tah\u0131l preslemelerinizin \u00fcretimi i\u00e7in tasarlanm\u0131\u015ft\u0131r.<\/p>","protected":false},"featured_media":6694,"comment_status":"open","ping_status":"closed","template":"","meta":{"wds_primary_product_brand":0,"wds_primary_product_cat":0},"product_brand":[],"product_cat":[84],"product_tag":[],"class_list":{"0":"post-6686","1":"product","2":"type-product","3":"status-publish","4":"has-post-thumbnail","6":"product_cat-maquinas-para-hacer-pastillas","8":"first","9":"instock","10":"taxable","11":"shipping-taxable","12":"purchasable","13":"product-type-simple"},"yoast_head":"<!-- This site is optimized with the Yoast SEO Premium plugin v24.9 (Yoast SEO v26.1) - https:\/\/yoast.com\/wordpress\/plugins\/seo\/ -->\n<title>MAQUINA GRANULADORA PARA COMPRIMIDOS DE SUPLEMENTOS NUTRICIONALES - distribuci\u00f3n ARC<\/title>\n<meta name=\"robots\" content=\"index, follow, max-snippet:-1, max-image-preview:large, max-video-preview:-1\" \/>\n<link rel=\"canonical\" href=\"https:\/\/distribucionarc.com\/tr\/urun\/besin-takviyesi-tabletleri-icin-granulator-makinesi\/\" \/>\n<meta property=\"og:locale\" content=\"tr_TR\" \/>\n<meta property=\"og:type\" content=\"article\" \/>\n<meta property=\"og:title\" content=\"MAQUINA GRANULADORA PARA COMPRIMIDOS DE SUPLEMENTOS NUTRICIONALES\" \/>\n<meta property=\"og:description\" content=\"Nuestra m\u00e1quina rotativa ZARP esta dise\u00f1ada para tu producci\u00f3n de comprimidos de suplementos nutricionales prensadora de polvo, gr\u00e1nulos y granos\" \/>\n<meta property=\"og:url\" content=\"https:\/\/distribucionarc.com\/tr\/urun\/besin-takviyesi-tabletleri-icin-granulator-makinesi\/\" \/>\n<meta property=\"og:site_name\" content=\"distribuci\u00f3n ARC\" \/>\n<meta property=\"article:modified_time\" content=\"2024-04-24T19:17:39+00:00\" \/>\n<meta property=\"og:image\" content=\"https:\/\/distribucionarc.com\/wp-content\/uploads\/2024\/04\/MAQUINA-GRANULADORA-PARA-COMPRIMIDOS-DE-SUPLEMENTOS-NUTRICIONALES.jpg\" \/>\n\t<meta property=\"og:image:width\" content=\"816\" \/>\n\t<meta property=\"og:image:height\" content=\"824\" \/>\n\t<meta property=\"og:image:type\" content=\"image\/jpeg\" \/>\n<meta name=\"twitter:card\" content=\"summary_large_image\" \/>\n<meta name=\"twitter:label1\" content=\"Tahmini okuma s\u00fcresi\" \/>\n\t<meta name=\"twitter:data1\" content=\"1 dakika\" \/>\n<script type=\"application\/ld+json\" class=\"yoast-schema-graph\">{\"@context\":\"https:\/\/schema.org\",\"@graph\":[{\"@type\":\"WebPage\",\"@id\":\"https:\/\/distribucionarc.com\/pt\/producto\/maquina-granuladora-para-comprimidos-de-suplementos-nutricionales\/\",\"url\":\"https:\/\/distribucionarc.com\/pt\/producto\/maquina-granuladora-para-comprimidos-de-suplementos-nutricionales\/\",\"name\":\"MAQUINA GRANULADORA PARA COMPRIMIDOS DE SUPLEMENTOS NUTRICIONALES - distribuci\u00f3n ARC\",\"isPartOf\":{\"@id\":\"https:\/\/distribucionarc.com\/ro\/#website\"},\"primaryImageOfPage\":{\"@id\":\"https:\/\/distribucionarc.com\/pt\/producto\/maquina-granuladora-para-comprimidos-de-suplementos-nutricionales\/#primaryimage\"},\"image\":{\"@id\":\"https:\/\/distribucionarc.com\/pt\/producto\/maquina-granuladora-para-comprimidos-de-suplementos-nutricionales\/#primaryimage\"},\"thumbnailUrl\":\"https:\/\/distribucionarc.com\/wp-content\/uploads\/2024\/04\/MAQUINA-GRANULADORA-PARA-COMPRIMIDOS-DE-SUPLEMENTOS-NUTRICIONALES.jpg\",\"datePublished\":\"2024-04-24T19:17:37+00:00\",\"dateModified\":\"2024-04-24T19:17:39+00:00\",\"breadcrumb\":{\"@id\":\"https:\/\/distribucionarc.com\/pt\/producto\/maquina-granuladora-para-comprimidos-de-suplementos-nutricionales\/#breadcrumb\"},\"inLanguage\":\"tr\",\"potentialAction\":[{\"@type\":\"ReadAction\",\"target\":[\"https:\/\/distribucionarc.com\/pt\/producto\/maquina-granuladora-para-comprimidos-de-suplementos-nutricionales\/\"]}]},{\"@type\":\"ImageObject\",\"inLanguage\":\"tr\",\"@id\":\"https:\/\/distribucionarc.com\/pt\/producto\/maquina-granuladora-para-comprimidos-de-suplementos-nutricionales\/#primaryimage\",\"url\":\"https:\/\/distribucionarc.com\/wp-content\/uploads\/2024\/04\/MAQUINA-GRANULADORA-PARA-COMPRIMIDOS-DE-SUPLEMENTOS-NUTRICIONALES.jpg\",\"contentUrl\":\"https:\/\/distribucionarc.com\/wp-content\/uploads\/2024\/04\/MAQUINA-GRANULADORA-PARA-COMPRIMIDOS-DE-SUPLEMENTOS-NUTRICIONALES.jpg\",\"width\":816,\"height\":824,\"caption\":\"#image_title\"},{\"@type\":\"BreadcrumbList\",\"@id\":\"https:\/\/distribucionarc.com\/pt\/producto\/maquina-granuladora-para-comprimidos-de-suplementos-nutricionales\/#breadcrumb\",\"itemListElement\":[{\"@type\":\"ListItem\",\"position\":1,\"name\":\"Portada\",\"item\":\"https:\/\/distribucionarc.com\/ar\/\"},{\"@type\":\"ListItem\",\"position\":2,\"name\":\"Proizvodi\",\"item\":\"https:\/\/www.distribucionarc.com\/hr\/ducan\/\"},{\"@type\":\"ListItem\",\"position\":3,\"name\":\"MAQUINA GRANULADORA PARA COMPRIMIDOS DE SUPLEMENTOS NUTRICIONALES\"}]},{\"@type\":\"WebSite\",\"@id\":\"https:\/\/distribucionarc.com\/ro\/#website\",\"url\":\"https:\/\/distribucionarc.com\/ro\/\",\"name\":\"distribuci\u00f3n ARC\",\"description\":\"Empresa especializada en la fabricaci\u00f3n y distribuci\u00f3n de maquinaria industrial, selladoras de latas, Maquinas de hacer pastillas, Maquinas de cortar carne...\",\"publisher\":{\"@id\":\"https:\/\/distribucionarc.com\/ro\/#organization\"},\"potentialAction\":[{\"@type\":\"SearchAction\",\"target\":{\"@type\":\"EntryPoint\",\"urlTemplate\":\"https:\/\/distribucionarc.com\/ro\/?s={search_term_string}\"},\"query-input\":{\"@type\":\"PropertyValueSpecification\",\"valueRequired\":true,\"valueName\":\"search_term_string\"}}],\"inLanguage\":\"tr\"},{\"@type\":\"Organization\",\"@id\":\"https:\/\/distribucionarc.com\/ro\/#organization\",\"name\":\"Distribuci\u00f3n ARC\",\"url\":\"https:\/\/distribucionarc.com\/ro\/\",\"logo\":{\"@type\":\"ImageObject\",\"inLanguage\":\"tr\",\"@id\":\"https:\/\/distribucionarc.com\/ro\/#\/schema\/logo\/image\/\",\"url\":\"https:\/\/distribucionarc.com\/wp-content\/uploads\/2024\/10\/distribucion-ARC-COLOR-SIN-FONDO-e1732295305345.png\",\"contentUrl\":\"https:\/\/distribucionarc.com\/wp-content\/uploads\/2024\/10\/distribucion-ARC-COLOR-SIN-FONDO-e1732295305345.png\",\"width\":1164,\"height\":558,\"caption\":\"Distribuci\u00f3n ARC\"},\"image\":{\"@id\":\"https:\/\/distribucionarc.com\/ro\/#\/schema\/logo\/image\/\"},\"description\":\"Empresa especializada en la fabricaci\u00f3n y distribuci\u00f3n de maquinaria industrial para los sectores alimentario y farmac\u00e9utico. Nos especializamos en: M\u00e1quinas de cortar carne Fabricaci\u00f3n de comprimidos Sistemas de transporte industrial L\u00edneas de embotellado Dosificadores Y mucho m\u00e1s... Ofrecemos soluciones innovadoras y personalizadas para optimizar los procesos productivos de tu empresa.\",\"email\":\"Admistracion@distribucionarc.com\",\"telephone\":\"+34 643496664\",\"legalName\":\"ARC TECH SOLUTIONS\",\"foundingDate\":\"2024-04-09\",\"vatID\":\"B55480172\",\"numberOfEmployees\":{\"@type\":\"QuantitativeValue\",\"minValue\":\"1\",\"maxValue\":\"10\"}}]}<\/script>\n<!-- \/ Yoast SEO Premium plugin. -->","yoast_head_json":{"title":"BES\u0130N TAKV\u0130YES\u0130 TABLETLER\u0130 \u0130\u00c7\u0130N GRAN\u00dcLASYON MAK\u0130NES\u0130 - ARC distribution","robots":{"index":"index","follow":"follow","max-snippet":"max-snippet:-1","max-image-preview":"max-image-preview:large","max-video-preview":"max-video-preview:-1"},"canonical":"https:\/\/distribucionarc.com\/tr\/urun\/besin-takviyesi-tabletleri-icin-granulator-makinesi\/","og_locale":"tr_TR","og_type":"article","og_title":"MAQUINA GRANULADORA PARA COMPRIMIDOS DE SUPLEMENTOS NUTRICIONALES","og_description":"Nuestra m\u00e1quina rotativa ZARP esta dise\u00f1ada para tu producci\u00f3n de comprimidos de suplementos nutricionales prensadora de polvo, gr\u00e1nulos y granos","og_url":"https:\/\/distribucionarc.com\/tr\/urun\/besin-takviyesi-tabletleri-icin-granulator-makinesi\/","og_site_name":"distribuci\u00f3n ARC","article_modified_time":"2024-04-24T19:17:39+00:00","og_image":[{"width":816,"height":824,"url":"https:\/\/distribucionarc.com\/wp-content\/uploads\/2024\/04\/MAQUINA-GRANULADORA-PARA-COMPRIMIDOS-DE-SUPLEMENTOS-NUTRICIONALES.jpg","type":"image\/jpeg"}],"twitter_card":"summary_large_image","twitter_misc":{"Tahmini okuma s\u00fcresi":"1 dakika"},"schema":{"@context":"https:\/\/schema.org","@graph":[{"@type":"WebPage","@id":"https:\/\/distribucionarc.com\/pt\/producto\/maquina-granuladora-para-comprimidos-de-suplementos-nutricionales\/","url":"https:\/\/distribucionarc.com\/pt\/producto\/maquina-granuladora-para-comprimidos-de-suplementos-nutricionales\/","name":"BES\u0130N TAKV\u0130YES\u0130 TABLETLER\u0130 \u0130\u00c7\u0130N GRAN\u00dcLASYON MAK\u0130NES\u0130 - ARC distribution","isPartOf":{"@id":"https:\/\/distribucionarc.com\/ro\/#website"},"primaryImageOfPage":{"@id":"https:\/\/distribucionarc.com\/pt\/producto\/maquina-granuladora-para-comprimidos-de-suplementos-nutricionales\/#primaryimage"},"image":{"@id":"https:\/\/distribucionarc.com\/pt\/producto\/maquina-granuladora-para-comprimidos-de-suplementos-nutricionales\/#primaryimage"},"thumbnailUrl":"https:\/\/distribucionarc.com\/wp-content\/uploads\/2024\/04\/MAQUINA-GRANULADORA-PARA-COMPRIMIDOS-DE-SUPLEMENTOS-NUTRICIONALES.jpg","datePublished":"2024-04-24T19:17:37+00:00","dateModified":"2024-04-24T19:17:39+00:00","breadcrumb":{"@id":"https:\/\/distribucionarc.com\/pt\/producto\/maquina-granuladora-para-comprimidos-de-suplementos-nutricionales\/#breadcrumb"},"inLanguage":"tr","potentialAction":[{"@type":"ReadAction","target":["https:\/\/distribucionarc.com\/pt\/producto\/maquina-granuladora-para-comprimidos-de-suplementos-nutricionales\/"]}]},{"@type":"ImageObject","inLanguage":"tr","@id":"https:\/\/distribucionarc.com\/pt\/producto\/maquina-granuladora-para-comprimidos-de-suplementos-nutricionales\/#primaryimage","url":"https:\/\/distribucionarc.com\/wp-content\/uploads\/2024\/04\/MAQUINA-GRANULADORA-PARA-COMPRIMIDOS-DE-SUPLEMENTOS-NUTRICIONALES.jpg","contentUrl":"https:\/\/distribucionarc.com\/wp-content\/uploads\/2024\/04\/MAQUINA-GRANULADORA-PARA-COMPRIMIDOS-DE-SUPLEMENTOS-NUTRICIONALES.jpg","width":816,"height":824,"caption":"#image_title"},{"@type":"BreadcrumbList","@id":"https:\/\/distribucionarc.com\/pt\/producto\/maquina-granuladora-para-comprimidos-de-suplementos-nutricionales\/#breadcrumb","itemListElement":[{"@type":"ListItem","position":1,"name":"Portada","item":"https:\/\/distribucionarc.com\/ar\/"},{"@type":"ListItem","position":2,"name":"Proizvodi","item":"https:\/\/www.distribucionarc.com\/hr\/ducan\/"},{"@type":"ListItem","position":3,"name":"MAQUINA GRANULADORA PARA COMPRIMIDOS DE SUPLEMENTOS NUTRICIONALES"}]},{"@type":"WebSite","@id":"https:\/\/distribucionarc.com\/ro\/#website","url":"https:\/\/distribucionarc.com\/ro\/","name":"ARC da\u011f\u0131t\u0131m\u0131","description":"End\u00fcstriyel makinelerin \u00fcretimi ve da\u011f\u0131t\u0131m\u0131 konusunda uzmanla\u015fm\u0131\u015f \u015firket, kutu m\u00fch\u00fcrleme makineleri, tablet yapma makineleri, et kesme makineleri...","publisher":{"@id":"https:\/\/distribucionarc.com\/ro\/#organization"},"potentialAction":[{"@type":"SearchAction","target":{"@type":"EntryPoint","urlTemplate":"https:\/\/distribucionarc.com\/ro\/?s={search_term_string}"},"query-input":{"@type":"PropertyValueSpecification","valueRequired":true,"valueName":"search_term_string"}}],"inLanguage":"tr"},{"@type":"Organization","@id":"https:\/\/distribucionarc.com\/ro\/#organization","name":"ARC Da\u011f\u0131t\u0131m\u0131","url":"https:\/\/distribucionarc.com\/ro\/","logo":{"@type":"ImageObject","inLanguage":"tr","@id":"https:\/\/distribucionarc.com\/ro\/#\/schema\/logo\/image\/","url":"https:\/\/distribucionarc.com\/wp-content\/uploads\/2024\/10\/distribucion-ARC-COLOR-SIN-FONDO-e1732295305345.png","contentUrl":"https:\/\/distribucionarc.com\/wp-content\/uploads\/2024\/10\/distribucion-ARC-COLOR-SIN-FONDO-e1732295305345.png","width":1164,"height":558,"caption":"Distribuci\u00f3n ARC"},"image":{"@id":"https:\/\/distribucionarc.com\/ro\/#\/schema\/logo\/image\/"},"description":"\u015eirket, g\u0131da ve ila\u00e7 sekt\u00f6rleri i\u00e7in end\u00fcstriyel makine \u00fcretimi ve da\u011f\u0131t\u0131m\u0131 konusunda uzmanla\u015fm\u0131\u015ft\u0131r. Uzmanl\u0131k alanlar\u0131m\u0131z Et kesme makineleri Tablet \u00fcretimi End\u00fcstriyel ta\u015f\u0131ma sistemleri \u015ei\u015feleme hatlar\u0131 Dozajlama makineleri Ve \u00e7ok daha fazlas\u0131... \u015eirketinizin \u00fcretim s\u00fcre\u00e7lerini optimize etmek i\u00e7in yenilik\u00e7i ve \u00f6zelle\u015ftirilmi\u015f \u00e7\u00f6z\u00fcmler sunuyoruz.","email":"Admistracion@distribucionarc.com","telephone":"+34 643496664","legalName":"ARC TECH SOLUTIONS","foundingDate":"2024-04-09","vatID":"B55480172","numberOfEmployees":{"@type":"QuantitativeValue","minValue":"1","maxValue":"10"}}]}},"_links":{"self":[{"href":"https:\/\/distribucionarc.com\/tr\/wp-json\/wp\/v2\/product\/6686","targetHints":{"allow":["GET"]}}],"collection":[{"href":"https:\/\/distribucionarc.com\/tr\/wp-json\/wp\/v2\/product"}],"about":[{"href":"https:\/\/distribucionarc.com\/tr\/wp-json\/wp\/v2\/types\/product"}],"replies":[{"embeddable":true,"href":"https:\/\/distribucionarc.com\/tr\/wp-json\/wp\/v2\/comments?post=6686"}],"version-history":[{"count":0,"href":"https:\/\/distribucionarc.com\/tr\/wp-json\/wp\/v2\/product\/6686\/revisions"}],"wp:featuredmedia":[{"embeddable":true,"href":"https:\/\/distribucionarc.com\/tr\/wp-json\/wp\/v2\/media\/6694"}],"wp:attachment":[{"href":"https:\/\/distribucionarc.com\/tr\/wp-json\/wp\/v2\/media?parent=6686"}],"wp:term":[{"taxonomy":"product_brand","embeddable":true,"href":"https:\/\/distribucionarc.com\/tr\/wp-json\/wp\/v2\/product_brand?post=6686"},{"taxonomy":"product_cat","embeddable":true,"href":"https:\/\/distribucionarc.com\/tr\/wp-json\/wp\/v2\/product_cat?post=6686"},{"taxonomy":"product_tag","embeddable":true,"href":"https:\/\/distribucionarc.com\/tr\/wp-json\/wp\/v2\/product_tag?post=6686"}],"curies":[{"name":"wp","href":"https:\/\/api.w.org\/{rel}","templated":true}]}}