{"id":6764,"date":"2024-04-25T16:46:42","date_gmt":"2024-04-25T16:46:42","guid":{"rendered":"https:\/\/distribucionarc.com\/?post_type=product&#038;p=6764"},"modified":"2024-04-25T16:59:56","modified_gmt":"2024-04-25T16:59:56","slug":"uzatilmis-salinimli-tablet-sekillendirme-makinesi","status":"publish","type":"product","link":"https:\/\/distribucionarc.com\/tr\/producto\/maquina-formadora-de-tabletas-de-liberacion-prolongada\/","title":{"rendered":"UZATILMI\u015e SALIM TABLET \u015eEK\u0130LLEND\u0130RME MAK\u0130NES\u0130"},"content":{"rendered":"<p>Devrimciyi tan\u0131t\u0131yoruz<strong> Uzun S\u00fcreli Sal\u0131ml\u0131 Tabletler i\u00e7in D\u00f6ner Tablet \u0130\u015fleme Makinesi,<\/strong> Hassas \u00fcretim i\u00e7in tasarlanm\u0131\u015ft\u0131r<strong> tabletler<\/strong> \u0130la\u00e7 sanayinde \u00e7e\u015fitli formlarda kullan\u0131lmaktad\u0131r. Bu makine, tozlar\u0131, tah\u0131llar\u0131 ve gran\u00fclleri preslerken ola\u011fan\u00fcst\u00fc bir performans sunar. <strong>tabletler,<\/strong>\u00a0\u0130la\u00e7lar\u0131n etkinli\u011finin sa\u011flanmas\u0131. \u00dcretimde m\u00fckemmelli\u011fi ke\u015ffedin <strong>D\u00f6ner \u0130\u015fleme Makinesi ile uzat\u0131lm\u0131\u015f sal\u0131ml\u0131 tabletler,<\/strong> \u0130la\u00e7 pazar\u0131n\u0131n en zorlu ihtiya\u00e7lar\u0131n\u0131 kar\u015f\u0131lamak i\u00e7in g\u00fcvenilir ve verimli bir yat\u0131r\u0131m.<\/p>\n<p>&nbsp;<\/p>\n<table>\n<tbody>\n<tr>\n<td width=\"142\">Modeli<\/td>\n<td width=\"142\">ZARP-5B<\/td>\n<td width=\"142\">ZARP-7B<\/td>\n<td width=\"142\">ZARP-9B<\/td>\n<\/tr>\n<tr>\n<td width=\"142\">Oyunlar<\/td>\n<td width=\"142\">5<\/td>\n<td width=\"142\">7<\/td>\n<td width=\"142\">9<\/td>\n<\/tr>\n<tr>\n<td width=\"142\">Maksimum bas\u0131n\u00e7 (ton)<\/td>\n<td width=\"142\">60<\/td>\n<td width=\"142\">60<\/td>\n<td width=\"142\">60<\/td>\n<\/tr>\n<tr>\n<td width=\"142\">Maksimum \u00e7ap tablet (mm)<\/td>\n<td width=\"142\">20<\/td>\n<td width=\"142\">20<\/td>\n<td width=\"142\">20<\/td>\n<\/tr>\n<tr>\n<td width=\"142\">Maksimum doldurma derinli\u011fi (mm)<\/td>\n<td width=\"142\">15<\/td>\n<td width=\"142\">15<\/td>\n<td width=\"142\">15<\/td>\n<\/tr>\n<tr>\n<td width=\"142\">Taret h\u0131z\u0131 (dev\/dak)<\/td>\n<td width=\"142\">30<\/td>\n<td width=\"142\">30<\/td>\n<td width=\"142\">30<\/td>\n<\/tr>\n<tr>\n<td width=\"142\">\u00dcretim kapasitesi (adet\/saat)<\/td>\n<td width=\"142\">9000<\/td>\n<td width=\"142\">12600<\/td>\n<td width=\"142\">16200<\/td>\n<\/tr>\n<tr>\n<td width=\"142\">Maksimum tablet kal\u0131nl\u0131\u011f\u0131 (mm)<\/td>\n<td width=\"142\">6<\/td>\n<td width=\"142\">6<\/td>\n<td width=\"142\">6<\/td>\n<\/tr>\n<tr>\n<td width=\"142\">Motor g\u00fcc\u00fc (kw)<\/td>\n<td width=\"142\">2.2<\/td>\n<td width=\"142\">2.2<\/td>\n<td width=\"142\">2.2<\/td>\n<\/tr>\n<tr>\n<td width=\"142\">Genel boyut (mm)<\/td>\n<td width=\"142\">520*<\/p>\n<p>630*<\/p>\n<p>1150*<\/td>\n<td width=\"142\">520*<\/p>\n<p>630*<\/p>\n<p>1150*<\/td>\n<td width=\"142\">520*<\/p>\n<p>630*<\/p>\n<p>1150*<\/td>\n<\/tr>\n<tr>\n<td width=\"142\">Net a\u011f\u0131rl\u0131k (kg)<\/td>\n<td width=\"142\">220<\/td>\n<td width=\"142\">220<\/td>\n<td width=\"142\">220<\/td>\n<\/tr>\n<\/tbody>\n<\/table>","protected":false},"excerpt":{"rendered":"<p>\u00c7e\u015fitli tabletlerin hassas \u00fcretimi i\u00e7in tasarlanm\u0131\u015f devrim niteli\u011findeki D\u00f6ner Uzun S\u00fcreli Sal\u0131ml\u0131 Tablet \u0130\u015flemcisini tan\u0131t\u0131yoruz.<\/p>","protected":false},"featured_media":6770,"comment_status":"open","ping_status":"closed","template":"","meta":{"wds_primary_product_brand":0,"wds_primary_product_cat":0},"product_brand":[],"product_cat":[84],"product_tag":[],"class_list":{"0":"post-6764","1":"product","2":"type-product","3":"status-publish","4":"has-post-thumbnail","6":"product_cat-maquinas-para-hacer-pastillas","8":"first","9":"instock","10":"taxable","11":"shipping-taxable","12":"purchasable","13":"product-type-simple"},"yoast_head":"<!-- This site is optimized with the Yoast SEO Premium plugin v24.9 (Yoast SEO v26.1) - https:\/\/yoast.com\/wordpress\/plugins\/seo\/ -->\n<title>MAQUINA FORMADORA DE TABLETAS DE LIBERACION PROLONGADA - distribuci\u00f3n ARC<\/title>\n<meta name=\"robots\" content=\"index, follow, max-snippet:-1, max-image-preview:large, max-video-preview:-1\" \/>\n<link rel=\"canonical\" href=\"https:\/\/distribucionarc.com\/tr\/urun\/uzatilmis-salinimli-tablet-sekillendirme-makinesi\/\" \/>\n<meta property=\"og:locale\" content=\"tr_TR\" \/>\n<meta property=\"og:type\" content=\"article\" \/>\n<meta property=\"og:title\" content=\"MAQUINA FORMADORA DE TABLETAS DE LIBERACION PROLONGADA\" \/>\n<meta property=\"og:description\" content=\"Presentamos la revolucionaria M\u00e1quina Rotativa Procesadora de Tabletas de Liberaci\u00f3n Prolongada, dise\u00f1ada para la fabricaci\u00f3n precisa de tabletas con diversas\" \/>\n<meta property=\"og:url\" content=\"https:\/\/distribucionarc.com\/tr\/urun\/uzatilmis-salinimli-tablet-sekillendirme-makinesi\/\" \/>\n<meta property=\"og:site_name\" content=\"distribuci\u00f3n ARC\" \/>\n<meta property=\"article:modified_time\" content=\"2024-04-25T16:59:56+00:00\" \/>\n<meta property=\"og:image\" content=\"https:\/\/distribucionarc.com\/wp-content\/uploads\/2024\/04\/MAQUINA-FORMADORA-DE-TABLETAS-DE-LIBERACION-PROLONGADA-.jpg\" \/>\n\t<meta property=\"og:image:width\" content=\"600\" \/>\n\t<meta property=\"og:image:height\" content=\"880\" \/>\n\t<meta property=\"og:image:type\" content=\"image\/jpeg\" \/>\n<meta name=\"twitter:card\" content=\"summary_large_image\" \/>\n<meta name=\"twitter:label1\" content=\"Tahmini okuma s\u00fcresi\" \/>\n\t<meta name=\"twitter:data1\" content=\"1 dakika\" \/>\n<script type=\"application\/ld+json\" class=\"yoast-schema-graph\">{\"@context\":\"https:\/\/schema.org\",\"@graph\":[{\"@type\":\"WebPage\",\"@id\":\"https:\/\/distribucionarc.com\/nl\/producto\/maquina-formadora-de-tabletas-de-liberacion-prolongada\/\",\"url\":\"https:\/\/distribucionarc.com\/nl\/producto\/maquina-formadora-de-tabletas-de-liberacion-prolongada\/\",\"name\":\"MAQUINA FORMADORA DE TABLETAS DE LIBERACION PROLONGADA - distribuci\u00f3n ARC\",\"isPartOf\":{\"@id\":\"https:\/\/distribucionarc.com\/ro\/#website\"},\"primaryImageOfPage\":{\"@id\":\"https:\/\/distribucionarc.com\/nl\/producto\/maquina-formadora-de-tabletas-de-liberacion-prolongada\/#primaryimage\"},\"image\":{\"@id\":\"https:\/\/distribucionarc.com\/nl\/producto\/maquina-formadora-de-tabletas-de-liberacion-prolongada\/#primaryimage\"},\"thumbnailUrl\":\"https:\/\/distribucionarc.com\/wp-content\/uploads\/2024\/04\/MAQUINA-FORMADORA-DE-TABLETAS-DE-LIBERACION-PROLONGADA-.jpg\",\"datePublished\":\"2024-04-25T16:46:42+00:00\",\"dateModified\":\"2024-04-25T16:59:56+00:00\",\"breadcrumb\":{\"@id\":\"https:\/\/distribucionarc.com\/nl\/producto\/maquina-formadora-de-tabletas-de-liberacion-prolongada\/#breadcrumb\"},\"inLanguage\":\"tr\",\"potentialAction\":[{\"@type\":\"ReadAction\",\"target\":[\"https:\/\/distribucionarc.com\/nl\/producto\/maquina-formadora-de-tabletas-de-liberacion-prolongada\/\"]}]},{\"@type\":\"ImageObject\",\"inLanguage\":\"tr\",\"@id\":\"https:\/\/distribucionarc.com\/nl\/producto\/maquina-formadora-de-tabletas-de-liberacion-prolongada\/#primaryimage\",\"url\":\"https:\/\/distribucionarc.com\/wp-content\/uploads\/2024\/04\/MAQUINA-FORMADORA-DE-TABLETAS-DE-LIBERACION-PROLONGADA-.jpg\",\"contentUrl\":\"https:\/\/distribucionarc.com\/wp-content\/uploads\/2024\/04\/MAQUINA-FORMADORA-DE-TABLETAS-DE-LIBERACION-PROLONGADA-.jpg\",\"width\":600,\"height\":880,\"caption\":\"#image_title\"},{\"@type\":\"BreadcrumbList\",\"@id\":\"https:\/\/distribucionarc.com\/nl\/producto\/maquina-formadora-de-tabletas-de-liberacion-prolongada\/#breadcrumb\",\"itemListElement\":[{\"@type\":\"ListItem\",\"position\":1,\"name\":\"Portada\",\"item\":\"https:\/\/distribucionarc.com\/ar\/\"},{\"@type\":\"ListItem\",\"position\":2,\"name\":\"Proizvodi\",\"item\":\"https:\/\/www.distribucionarc.com\/hr\/ducan\/\"},{\"@type\":\"ListItem\",\"position\":3,\"name\":\"MAQUINA FORMADORA DE TABLETAS DE LIBERACION PROLONGADA\"}]},{\"@type\":\"WebSite\",\"@id\":\"https:\/\/distribucionarc.com\/ro\/#website\",\"url\":\"https:\/\/distribucionarc.com\/ro\/\",\"name\":\"distribuci\u00f3n ARC\",\"description\":\"Empresa especializada en la fabricaci\u00f3n y distribuci\u00f3n de maquinaria industrial, selladoras de latas, Maquinas de hacer pastillas, Maquinas de cortar carne...\",\"publisher\":{\"@id\":\"https:\/\/distribucionarc.com\/ro\/#organization\"},\"potentialAction\":[{\"@type\":\"SearchAction\",\"target\":{\"@type\":\"EntryPoint\",\"urlTemplate\":\"https:\/\/distribucionarc.com\/ro\/?s={search_term_string}\"},\"query-input\":{\"@type\":\"PropertyValueSpecification\",\"valueRequired\":true,\"valueName\":\"search_term_string\"}}],\"inLanguage\":\"tr\"},{\"@type\":\"Organization\",\"@id\":\"https:\/\/distribucionarc.com\/ro\/#organization\",\"name\":\"Distribuci\u00f3n ARC\",\"url\":\"https:\/\/distribucionarc.com\/ro\/\",\"logo\":{\"@type\":\"ImageObject\",\"inLanguage\":\"tr\",\"@id\":\"https:\/\/distribucionarc.com\/ro\/#\/schema\/logo\/image\/\",\"url\":\"https:\/\/distribucionarc.com\/wp-content\/uploads\/2024\/10\/distribucion-ARC-COLOR-SIN-FONDO-e1732295305345.png\",\"contentUrl\":\"https:\/\/distribucionarc.com\/wp-content\/uploads\/2024\/10\/distribucion-ARC-COLOR-SIN-FONDO-e1732295305345.png\",\"width\":1164,\"height\":558,\"caption\":\"Distribuci\u00f3n ARC\"},\"image\":{\"@id\":\"https:\/\/distribucionarc.com\/ro\/#\/schema\/logo\/image\/\"},\"description\":\"Empresa especializada en la fabricaci\u00f3n y distribuci\u00f3n de maquinaria industrial para los sectores alimentario y farmac\u00e9utico. Nos especializamos en: M\u00e1quinas de cortar carne Fabricaci\u00f3n de comprimidos Sistemas de transporte industrial L\u00edneas de embotellado Dosificadores Y mucho m\u00e1s... Ofrecemos soluciones innovadoras y personalizadas para optimizar los procesos productivos de tu empresa.\",\"email\":\"Admistracion@distribucionarc.com\",\"telephone\":\"+34 643496664\",\"legalName\":\"ARC TECH SOLUTIONS\",\"foundingDate\":\"2024-04-09\",\"vatID\":\"B55480172\",\"numberOfEmployees\":{\"@type\":\"QuantitativeValue\",\"minValue\":\"1\",\"maxValue\":\"10\"}}]}<\/script>\n<!-- \/ Yoast SEO Premium plugin. -->","yoast_head_json":{"title":"UZATILMI\u015e SALIMLI TABLET FORMLAMA MAK\u0130NES\u0130 - ARK da\u011f\u0131l\u0131m\u0131","robots":{"index":"index","follow":"follow","max-snippet":"max-snippet:-1","max-image-preview":"max-image-preview:large","max-video-preview":"max-video-preview:-1"},"canonical":"https:\/\/distribucionarc.com\/tr\/urun\/uzatilmis-salinimli-tablet-sekillendirme-makinesi\/","og_locale":"tr_TR","og_type":"article","og_title":"MAQUINA FORMADORA DE TABLETAS DE LIBERACION PROLONGADA","og_description":"Presentamos la revolucionaria M\u00e1quina Rotativa Procesadora de Tabletas de Liberaci\u00f3n Prolongada, dise\u00f1ada para la fabricaci\u00f3n precisa de tabletas con diversas","og_url":"https:\/\/distribucionarc.com\/tr\/urun\/uzatilmis-salinimli-tablet-sekillendirme-makinesi\/","og_site_name":"distribuci\u00f3n ARC","article_modified_time":"2024-04-25T16:59:56+00:00","og_image":[{"width":600,"height":880,"url":"https:\/\/distribucionarc.com\/wp-content\/uploads\/2024\/04\/MAQUINA-FORMADORA-DE-TABLETAS-DE-LIBERACION-PROLONGADA-.jpg","type":"image\/jpeg"}],"twitter_card":"summary_large_image","twitter_misc":{"Tahmini okuma s\u00fcresi":"1 dakika"},"schema":{"@context":"https:\/\/schema.org","@graph":[{"@type":"WebPage","@id":"https:\/\/distribucionarc.com\/nl\/producto\/maquina-formadora-de-tabletas-de-liberacion-prolongada\/","url":"https:\/\/distribucionarc.com\/nl\/producto\/maquina-formadora-de-tabletas-de-liberacion-prolongada\/","name":"UZATILMI\u015e SALIMLI TABLET FORMLAMA MAK\u0130NES\u0130 - ARK da\u011f\u0131l\u0131m\u0131","isPartOf":{"@id":"https:\/\/distribucionarc.com\/ro\/#website"},"primaryImageOfPage":{"@id":"https:\/\/distribucionarc.com\/nl\/producto\/maquina-formadora-de-tabletas-de-liberacion-prolongada\/#primaryimage"},"image":{"@id":"https:\/\/distribucionarc.com\/nl\/producto\/maquina-formadora-de-tabletas-de-liberacion-prolongada\/#primaryimage"},"thumbnailUrl":"https:\/\/distribucionarc.com\/wp-content\/uploads\/2024\/04\/MAQUINA-FORMADORA-DE-TABLETAS-DE-LIBERACION-PROLONGADA-.jpg","datePublished":"2024-04-25T16:46:42+00:00","dateModified":"2024-04-25T16:59:56+00:00","breadcrumb":{"@id":"https:\/\/distribucionarc.com\/nl\/producto\/maquina-formadora-de-tabletas-de-liberacion-prolongada\/#breadcrumb"},"inLanguage":"tr","potentialAction":[{"@type":"ReadAction","target":["https:\/\/distribucionarc.com\/nl\/producto\/maquina-formadora-de-tabletas-de-liberacion-prolongada\/"]}]},{"@type":"ImageObject","inLanguage":"tr","@id":"https:\/\/distribucionarc.com\/nl\/producto\/maquina-formadora-de-tabletas-de-liberacion-prolongada\/#primaryimage","url":"https:\/\/distribucionarc.com\/wp-content\/uploads\/2024\/04\/MAQUINA-FORMADORA-DE-TABLETAS-DE-LIBERACION-PROLONGADA-.jpg","contentUrl":"https:\/\/distribucionarc.com\/wp-content\/uploads\/2024\/04\/MAQUINA-FORMADORA-DE-TABLETAS-DE-LIBERACION-PROLONGADA-.jpg","width":600,"height":880,"caption":"#image_title"},{"@type":"BreadcrumbList","@id":"https:\/\/distribucionarc.com\/nl\/producto\/maquina-formadora-de-tabletas-de-liberacion-prolongada\/#breadcrumb","itemListElement":[{"@type":"ListItem","position":1,"name":"Portada","item":"https:\/\/distribucionarc.com\/ar\/"},{"@type":"ListItem","position":2,"name":"Proizvodi","item":"https:\/\/www.distribucionarc.com\/hr\/ducan\/"},{"@type":"ListItem","position":3,"name":"MAQUINA FORMADORA DE TABLETAS DE LIBERACION PROLONGADA"}]},{"@type":"WebSite","@id":"https:\/\/distribucionarc.com\/ro\/#website","url":"https:\/\/distribucionarc.com\/ro\/","name":"ARC da\u011f\u0131t\u0131m\u0131","description":"End\u00fcstriyel makinelerin \u00fcretimi ve da\u011f\u0131t\u0131m\u0131 konusunda uzmanla\u015fm\u0131\u015f \u015firket, kutu m\u00fch\u00fcrleme makineleri, tablet yapma makineleri, et kesme makineleri...","publisher":{"@id":"https:\/\/distribucionarc.com\/ro\/#organization"},"potentialAction":[{"@type":"SearchAction","target":{"@type":"EntryPoint","urlTemplate":"https:\/\/distribucionarc.com\/ro\/?s={search_term_string}"},"query-input":{"@type":"PropertyValueSpecification","valueRequired":true,"valueName":"search_term_string"}}],"inLanguage":"tr"},{"@type":"Organization","@id":"https:\/\/distribucionarc.com\/ro\/#organization","name":"ARC Da\u011f\u0131t\u0131m\u0131","url":"https:\/\/distribucionarc.com\/ro\/","logo":{"@type":"ImageObject","inLanguage":"tr","@id":"https:\/\/distribucionarc.com\/ro\/#\/schema\/logo\/image\/","url":"https:\/\/distribucionarc.com\/wp-content\/uploads\/2024\/10\/distribucion-ARC-COLOR-SIN-FONDO-e1732295305345.png","contentUrl":"https:\/\/distribucionarc.com\/wp-content\/uploads\/2024\/10\/distribucion-ARC-COLOR-SIN-FONDO-e1732295305345.png","width":1164,"height":558,"caption":"Distribuci\u00f3n ARC"},"image":{"@id":"https:\/\/distribucionarc.com\/ro\/#\/schema\/logo\/image\/"},"description":"\u015eirket, g\u0131da ve ila\u00e7 sekt\u00f6rleri i\u00e7in end\u00fcstriyel makine \u00fcretimi ve da\u011f\u0131t\u0131m\u0131 konusunda uzmanla\u015fm\u0131\u015ft\u0131r. Uzmanl\u0131k alanlar\u0131m\u0131z Et kesme makineleri Tablet \u00fcretimi End\u00fcstriyel ta\u015f\u0131ma sistemleri \u015ei\u015feleme hatlar\u0131 Dozajlama makineleri Ve \u00e7ok daha fazlas\u0131... \u015eirketinizin \u00fcretim s\u00fcre\u00e7lerini optimize etmek i\u00e7in yenilik\u00e7i ve \u00f6zelle\u015ftirilmi\u015f \u00e7\u00f6z\u00fcmler sunuyoruz.","email":"Admistracion@distribucionarc.com","telephone":"+34 643496664","legalName":"ARC TECH SOLUTIONS","foundingDate":"2024-04-09","vatID":"B55480172","numberOfEmployees":{"@type":"QuantitativeValue","minValue":"1","maxValue":"10"}}]}},"_links":{"self":[{"href":"https:\/\/distribucionarc.com\/tr\/wp-json\/wp\/v2\/product\/6764","targetHints":{"allow":["GET"]}}],"collection":[{"href":"https:\/\/distribucionarc.com\/tr\/wp-json\/wp\/v2\/product"}],"about":[{"href":"https:\/\/distribucionarc.com\/tr\/wp-json\/wp\/v2\/types\/product"}],"replies":[{"embeddable":true,"href":"https:\/\/distribucionarc.com\/tr\/wp-json\/wp\/v2\/comments?post=6764"}],"version-history":[{"count":0,"href":"https:\/\/distribucionarc.com\/tr\/wp-json\/wp\/v2\/product\/6764\/revisions"}],"wp:featuredmedia":[{"embeddable":true,"href":"https:\/\/distribucionarc.com\/tr\/wp-json\/wp\/v2\/media\/6770"}],"wp:attachment":[{"href":"https:\/\/distribucionarc.com\/tr\/wp-json\/wp\/v2\/media?parent=6764"}],"wp:term":[{"taxonomy":"product_brand","embeddable":true,"href":"https:\/\/distribucionarc.com\/tr\/wp-json\/wp\/v2\/product_brand?post=6764"},{"taxonomy":"product_cat","embeddable":true,"href":"https:\/\/distribucionarc.com\/tr\/wp-json\/wp\/v2\/product_cat?post=6764"},{"taxonomy":"product_tag","embeddable":true,"href":"https:\/\/distribucionarc.com\/tr\/wp-json\/wp\/v2\/product_tag?post=6764"}],"curies":[{"name":"wp","href":"https:\/\/api.w.org\/{rel}","templated":true}]}}