{"id":6813,"date":"2024-04-25T18:43:17","date_gmt":"2024-04-25T18:43:17","guid":{"rendered":"https:\/\/distribucionarc.com\/?post_type=product&#038;p=6813"},"modified":"2024-04-25T18:43:19","modified_gmt":"2024-04-25T18:43:19","slug":"besin-tableti-sikistirma-makinesi","status":"publish","type":"product","link":"https:\/\/distribucionarc.com\/tr\/producto\/maquina-compactadora-de-tabletas-de-nutrientes\/","title":{"rendered":"BES\u0130N TABLET KOMPAKT\u00d6R MAK\u0130NES\u0130"},"content":{"rendered":"<p>Biz sunuyoruz <strong>Besin Tableti Yapma Makinesi,<\/strong> Toz ge\u00e7i\u015fini \u00f6nlemek i\u00e7in tamamen kapal\u0131 sistem ve organik cam kullan\u0131larak tasarlanm\u0131\u015ft\u0131r. 304 paslanmaz \u00e7elikten \u00fcretilmi\u015ftir, GMP standartlar\u0131na uygundur. DARP20 dokunmatik ekran\u0131 \u00fcretimi izliyor ve otomatik kapanma, a\u015f\u0131r\u0131 bas\u0131n\u00e7 alarm\u0131 gibi geli\u015fmi\u015f \u00f6zellikler sunuyor. M\u00fckemmel y\u00fckleme kapasitesiyle \u00e7ok \u00e7e\u015fitli uygulamalar i\u00e7in idealdir. <strong>besin tabletleri \u00fcretimi.<\/strong><\/p>\n<p>&nbsp;<\/p>\n<table>\n<tbody>\n<tr>\n<td width=\"189\">Modeli<\/td>\n<td width=\"189\">DARP-20E dokunmatik ekran (plc)<\/td>\n<td width=\"189\">DARP-20E<\/td>\n<\/tr>\n<tr>\n<td width=\"189\">Oyunlar<\/td>\n<td width=\"189\">1<\/td>\n<td width=\"189\">1<\/td>\n<\/tr>\n<tr>\n<td width=\"189\">Maksimum bas\u0131n\u00e7 (ton)<\/td>\n<td width=\"189\">60<\/td>\n<td width=\"189\">60<\/td>\n<\/tr>\n<tr>\n<td width=\"189\">Maksimum \u00e7ap tabletin (mm)<\/td>\n<td width=\"189\">25<\/td>\n<td width=\"189\">25<\/td>\n<\/tr>\n<tr>\n<td width=\"189\">Maksimum derinlik dolum(mm)<\/td>\n<td width=\"189\">18<\/td>\n<td width=\"189\">18<\/td>\n<\/tr>\n<tr>\n<td width=\"189\">Maksimum tablet kal\u0131nl\u0131\u011f\u0131 (mm)<\/td>\n<td width=\"189\">7<\/td>\n<td width=\"189\">7<\/td>\n<\/tr>\n<tr>\n<td width=\"189\">\u00dcretim kapasitesi (adet\/saat)<\/td>\n<td width=\"189\">2100<\/td>\n<td width=\"189\">2100<\/td>\n<\/tr>\n<tr>\n<td width=\"189\">Motor g\u00fcc\u00fc (KW)<\/td>\n<td width=\"189\">1.5<\/td>\n<td width=\"189\">1.5<\/td>\n<\/tr>\n<tr>\n<td width=\"189\">Genel boyut (mm)<\/td>\n<td width=\"189\">550*<\/p>\n<p>540*<\/p>\n<p>880*<\/td>\n<td width=\"189\">550*<\/p>\n<p>540*<\/p>\n<p>880*<\/td>\n<\/tr>\n<tr>\n<td width=\"189\">Net a\u011f\u0131rl\u0131k (kg)<\/td>\n<td width=\"189\">180<\/td>\n<td width=\"189\">180<\/td>\n<\/tr>\n<tr>\n<td width=\"189\">Paket boyutu(mm)<\/td>\n<td width=\"189\">770*<\/p>\n<p>630*<\/p>\n<p>1060*<\/td>\n<td width=\"189\">770*<\/p>\n<p>630*<\/p>\n<p>1060*<\/td>\n<\/tr>\n<tr>\n<td width=\"189\">Paket a\u011f\u0131rl\u0131\u011f\u0131 (mm)<\/td>\n<td width=\"189\">200<\/td>\n<td width=\"189\">200<\/td>\n<\/tr>\n<\/tbody>\n<\/table>\n<p>&nbsp;<\/p>","protected":false},"excerpt":{"rendered":"<p>Tamamen kapal\u0131 bir sistem ve organik camla tasarlanm\u0131\u015f Beslenme Tableti Yapma Makinemizi tan\u0131t\u0131yoruz.<\/p>","protected":false},"featured_media":6814,"comment_status":"open","ping_status":"closed","template":"","meta":{"wds_primary_product_brand":0,"wds_primary_product_cat":0},"product_brand":[],"product_cat":[266],"product_tag":[],"class_list":{"0":"post-6813","1":"product","2":"type-product","3":"status-publish","4":"has-post-thumbnail","6":"product_cat-accessories","8":"first","9":"instock","10":"taxable","11":"shipping-taxable","12":"purchasable","13":"product-type-simple"},"yoast_head":"<!-- This site is optimized with the Yoast SEO Premium plugin v24.9 (Yoast SEO v26.1) - https:\/\/yoast.com\/wordpress\/plugins\/seo\/ -->\n<title>MAQUINA COMPACTADORA DE TABLETAS DE NUTRIENTES - distribuci\u00f3n ARC<\/title>\n<meta name=\"robots\" content=\"index, follow, max-snippet:-1, max-image-preview:large, max-video-preview:-1\" \/>\n<link rel=\"canonical\" href=\"https:\/\/www.distribucionarc.com\/de\/producto\/maquina-compactadora-de-tabletas-de-nutrientes\/\" \/>\n<meta property=\"og:locale\" content=\"tr_TR\" \/>\n<meta property=\"og:type\" content=\"article\" \/>\n<meta property=\"og:title\" content=\"MAQUINA COMPACTADORA DE TABLETAS DE NUTRIENTES\" \/>\n<meta property=\"og:description\" content=\"Presentamos nuestra M\u00e1quina de Fabricaci\u00f3n de Tabletas Nutritivas, dise\u00f1ada con un sistema completamente cerrado y vidrio org\u00e1nico para prevenir la\" \/>\n<meta property=\"og:url\" content=\"https:\/\/www.distribucionarc.com\/de\/producto\/maquina-compactadora-de-tabletas-de-nutrientes\/\" \/>\n<meta property=\"og:site_name\" content=\"distribuci\u00f3n ARC\" \/>\n<meta property=\"article:modified_time\" content=\"2024-04-25T18:43:19+00:00\" \/>\n<meta property=\"og:image\" content=\"https:\/\/www.distribucionarc.com\/wp-content\/uploads\/2024\/04\/MAQUINA-COMPACTADORA-DE-TABLETAS-DE-NUTRIENTES.jpg\" \/>\n\t<meta property=\"og:image:width\" content=\"400\" \/>\n\t<meta property=\"og:image:height\" content=\"440\" \/>\n\t<meta property=\"og:image:type\" content=\"image\/jpeg\" \/>\n<meta name=\"twitter:card\" content=\"summary_large_image\" \/>\n<meta name=\"twitter:label1\" content=\"Tahmini okuma s\u00fcresi\" \/>\n\t<meta name=\"twitter:data1\" content=\"1 dakika\" \/>\n<script type=\"application\/ld+json\" class=\"yoast-schema-graph\">{\"@context\":\"https:\/\/schema.org\",\"@graph\":[{\"@type\":\"WebPage\",\"@id\":\"https:\/\/www.distribucionarc.com\/de\/producto\/maquina-compactadora-de-tabletas-de-nutrientes\/\",\"url\":\"https:\/\/www.distribucionarc.com\/de\/producto\/maquina-compactadora-de-tabletas-de-nutrientes\/\",\"name\":\"MAQUINA COMPACTADORA DE TABLETAS DE NUTRIENTES - distribuci\u00f3n ARC\",\"isPartOf\":{\"@id\":\"https:\/\/distribucionarc.com\/ro\/#website\"},\"primaryImageOfPage\":{\"@id\":\"https:\/\/www.distribucionarc.com\/de\/producto\/maquina-compactadora-de-tabletas-de-nutrientes\/#primaryimage\"},\"image\":{\"@id\":\"https:\/\/www.distribucionarc.com\/de\/producto\/maquina-compactadora-de-tabletas-de-nutrientes\/#primaryimage\"},\"thumbnailUrl\":\"https:\/\/distribucionarc.com\/wp-content\/uploads\/2024\/04\/MAQUINA-COMPACTADORA-DE-TABLETAS-DE-NUTRIENTES.jpg\",\"datePublished\":\"2024-04-25T18:43:17+00:00\",\"dateModified\":\"2024-04-25T18:43:19+00:00\",\"breadcrumb\":{\"@id\":\"https:\/\/www.distribucionarc.com\/de\/producto\/maquina-compactadora-de-tabletas-de-nutrientes\/#breadcrumb\"},\"inLanguage\":\"tr\",\"potentialAction\":[{\"@type\":\"ReadAction\",\"target\":[\"https:\/\/www.distribucionarc.com\/de\/producto\/maquina-compactadora-de-tabletas-de-nutrientes\/\"]}]},{\"@type\":\"ImageObject\",\"inLanguage\":\"tr\",\"@id\":\"https:\/\/www.distribucionarc.com\/de\/producto\/maquina-compactadora-de-tabletas-de-nutrientes\/#primaryimage\",\"url\":\"https:\/\/distribucionarc.com\/wp-content\/uploads\/2024\/04\/MAQUINA-COMPACTADORA-DE-TABLETAS-DE-NUTRIENTES.jpg\",\"contentUrl\":\"https:\/\/distribucionarc.com\/wp-content\/uploads\/2024\/04\/MAQUINA-COMPACTADORA-DE-TABLETAS-DE-NUTRIENTES.jpg\",\"width\":400,\"height\":440,\"caption\":\"#image_title\"},{\"@type\":\"BreadcrumbList\",\"@id\":\"https:\/\/www.distribucionarc.com\/de\/producto\/maquina-compactadora-de-tabletas-de-nutrientes\/#breadcrumb\",\"itemListElement\":[{\"@type\":\"ListItem\",\"position\":1,\"name\":\"Portada\",\"item\":\"https:\/\/distribucionarc.com\/ar\/\"},{\"@type\":\"ListItem\",\"position\":2,\"name\":\"Proizvodi\",\"item\":\"https:\/\/www.distribucionarc.com\/hr\/ducan\/\"},{\"@type\":\"ListItem\",\"position\":3,\"name\":\"MAQUINA COMPACTADORA DE TABLETAS DE NUTRIENTES\"}]},{\"@type\":\"WebSite\",\"@id\":\"https:\/\/distribucionarc.com\/ro\/#website\",\"url\":\"https:\/\/distribucionarc.com\/ro\/\",\"name\":\"distribuci\u00f3n ARC\",\"description\":\"Empresa especializada en la fabricaci\u00f3n y distribuci\u00f3n de maquinaria industrial, selladoras de latas, Maquinas de hacer pastillas, Maquinas de cortar carne...\",\"publisher\":{\"@id\":\"https:\/\/distribucionarc.com\/ro\/#organization\"},\"potentialAction\":[{\"@type\":\"SearchAction\",\"target\":{\"@type\":\"EntryPoint\",\"urlTemplate\":\"https:\/\/distribucionarc.com\/ro\/?s={search_term_string}\"},\"query-input\":{\"@type\":\"PropertyValueSpecification\",\"valueRequired\":true,\"valueName\":\"search_term_string\"}}],\"inLanguage\":\"tr\"},{\"@type\":\"Organization\",\"@id\":\"https:\/\/distribucionarc.com\/ro\/#organization\",\"name\":\"Distribuci\u00f3n ARC\",\"url\":\"https:\/\/distribucionarc.com\/ro\/\",\"logo\":{\"@type\":\"ImageObject\",\"inLanguage\":\"tr\",\"@id\":\"https:\/\/distribucionarc.com\/ro\/#\/schema\/logo\/image\/\",\"url\":\"https:\/\/distribucionarc.com\/wp-content\/uploads\/2024\/10\/distribucion-ARC-COLOR-SIN-FONDO-e1732295305345.png\",\"contentUrl\":\"https:\/\/distribucionarc.com\/wp-content\/uploads\/2024\/10\/distribucion-ARC-COLOR-SIN-FONDO-e1732295305345.png\",\"width\":1164,\"height\":558,\"caption\":\"Distribuci\u00f3n ARC\"},\"image\":{\"@id\":\"https:\/\/distribucionarc.com\/ro\/#\/schema\/logo\/image\/\"},\"description\":\"Empresa especializada en la fabricaci\u00f3n y distribuci\u00f3n de maquinaria industrial para los sectores alimentario y farmac\u00e9utico. Nos especializamos en: M\u00e1quinas de cortar carne Fabricaci\u00f3n de comprimidos Sistemas de transporte industrial L\u00edneas de embotellado Dosificadores Y mucho m\u00e1s... Ofrecemos soluciones innovadoras y personalizadas para optimizar los procesos productivos de tu empresa.\",\"email\":\"Admistracion@distribucionarc.com\",\"telephone\":\"+34 643496664\",\"legalName\":\"ARC TECH SOLUTIONS\",\"foundingDate\":\"2024-04-09\",\"vatID\":\"B55480172\",\"numberOfEmployees\":{\"@type\":\"QuantitativeValue\",\"minValue\":\"1\",\"maxValue\":\"10\"}}]}<\/script>\n<!-- \/ Yoast SEO Premium plugin. -->","yoast_head_json":{"title":"BES\u0130N TABLET\u0130 SIKI\u015eTIRMA MAK\u0130NES\u0130 - ARC da\u011f\u0131l\u0131m\u0131","robots":{"index":"index","follow":"follow","max-snippet":"max-snippet:-1","max-image-preview":"max-image-preview:large","max-video-preview":"max-video-preview:-1"},"canonical":"https:\/\/www.distribucionarc.com\/de\/producto\/maquina-compactadora-de-tabletas-de-nutrientes\/","og_locale":"tr_TR","og_type":"article","og_title":"MAQUINA COMPACTADORA DE TABLETAS DE NUTRIENTES","og_description":"Presentamos nuestra M\u00e1quina de Fabricaci\u00f3n de Tabletas Nutritivas, dise\u00f1ada con un sistema completamente cerrado y vidrio org\u00e1nico para prevenir la","og_url":"https:\/\/www.distribucionarc.com\/de\/producto\/maquina-compactadora-de-tabletas-de-nutrientes\/","og_site_name":"distribuci\u00f3n ARC","article_modified_time":"2024-04-25T18:43:19+00:00","og_image":[{"width":400,"height":440,"url":"https:\/\/www.distribucionarc.com\/wp-content\/uploads\/2024\/04\/MAQUINA-COMPACTADORA-DE-TABLETAS-DE-NUTRIENTES.jpg","type":"image\/jpeg"}],"twitter_card":"summary_large_image","twitter_misc":{"Tahmini okuma s\u00fcresi":"1 dakika"},"schema":{"@context":"https:\/\/schema.org","@graph":[{"@type":"WebPage","@id":"https:\/\/www.distribucionarc.com\/de\/producto\/maquina-compactadora-de-tabletas-de-nutrientes\/","url":"https:\/\/www.distribucionarc.com\/de\/producto\/maquina-compactadora-de-tabletas-de-nutrientes\/","name":"BES\u0130N TABLET\u0130 SIKI\u015eTIRMA MAK\u0130NES\u0130 - ARC da\u011f\u0131l\u0131m\u0131","isPartOf":{"@id":"https:\/\/distribucionarc.com\/ro\/#website"},"primaryImageOfPage":{"@id":"https:\/\/www.distribucionarc.com\/de\/producto\/maquina-compactadora-de-tabletas-de-nutrientes\/#primaryimage"},"image":{"@id":"https:\/\/www.distribucionarc.com\/de\/producto\/maquina-compactadora-de-tabletas-de-nutrientes\/#primaryimage"},"thumbnailUrl":"https:\/\/distribucionarc.com\/wp-content\/uploads\/2024\/04\/MAQUINA-COMPACTADORA-DE-TABLETAS-DE-NUTRIENTES.jpg","datePublished":"2024-04-25T18:43:17+00:00","dateModified":"2024-04-25T18:43:19+00:00","breadcrumb":{"@id":"https:\/\/www.distribucionarc.com\/de\/producto\/maquina-compactadora-de-tabletas-de-nutrientes\/#breadcrumb"},"inLanguage":"tr","potentialAction":[{"@type":"ReadAction","target":["https:\/\/www.distribucionarc.com\/de\/producto\/maquina-compactadora-de-tabletas-de-nutrientes\/"]}]},{"@type":"ImageObject","inLanguage":"tr","@id":"https:\/\/www.distribucionarc.com\/de\/producto\/maquina-compactadora-de-tabletas-de-nutrientes\/#primaryimage","url":"https:\/\/distribucionarc.com\/wp-content\/uploads\/2024\/04\/MAQUINA-COMPACTADORA-DE-TABLETAS-DE-NUTRIENTES.jpg","contentUrl":"https:\/\/distribucionarc.com\/wp-content\/uploads\/2024\/04\/MAQUINA-COMPACTADORA-DE-TABLETAS-DE-NUTRIENTES.jpg","width":400,"height":440,"caption":"#image_title"},{"@type":"BreadcrumbList","@id":"https:\/\/www.distribucionarc.com\/de\/producto\/maquina-compactadora-de-tabletas-de-nutrientes\/#breadcrumb","itemListElement":[{"@type":"ListItem","position":1,"name":"Portada","item":"https:\/\/distribucionarc.com\/ar\/"},{"@type":"ListItem","position":2,"name":"Proizvodi","item":"https:\/\/www.distribucionarc.com\/hr\/ducan\/"},{"@type":"ListItem","position":3,"name":"MAQUINA COMPACTADORA DE TABLETAS DE NUTRIENTES"}]},{"@type":"WebSite","@id":"https:\/\/distribucionarc.com\/ro\/#website","url":"https:\/\/distribucionarc.com\/ro\/","name":"ARC da\u011f\u0131t\u0131m\u0131","description":"End\u00fcstriyel makinelerin \u00fcretimi ve da\u011f\u0131t\u0131m\u0131 konusunda uzmanla\u015fm\u0131\u015f \u015firket, kutu m\u00fch\u00fcrleme makineleri, tablet yapma makineleri, et kesme makineleri...","publisher":{"@id":"https:\/\/distribucionarc.com\/ro\/#organization"},"potentialAction":[{"@type":"SearchAction","target":{"@type":"EntryPoint","urlTemplate":"https:\/\/distribucionarc.com\/ro\/?s={search_term_string}"},"query-input":{"@type":"PropertyValueSpecification","valueRequired":true,"valueName":"search_term_string"}}],"inLanguage":"tr"},{"@type":"Organization","@id":"https:\/\/distribucionarc.com\/ro\/#organization","name":"ARC Da\u011f\u0131t\u0131m\u0131","url":"https:\/\/distribucionarc.com\/ro\/","logo":{"@type":"ImageObject","inLanguage":"tr","@id":"https:\/\/distribucionarc.com\/ro\/#\/schema\/logo\/image\/","url":"https:\/\/distribucionarc.com\/wp-content\/uploads\/2024\/10\/distribucion-ARC-COLOR-SIN-FONDO-e1732295305345.png","contentUrl":"https:\/\/distribucionarc.com\/wp-content\/uploads\/2024\/10\/distribucion-ARC-COLOR-SIN-FONDO-e1732295305345.png","width":1164,"height":558,"caption":"Distribuci\u00f3n ARC"},"image":{"@id":"https:\/\/distribucionarc.com\/ro\/#\/schema\/logo\/image\/"},"description":"\u015eirket, g\u0131da ve ila\u00e7 sekt\u00f6rleri i\u00e7in end\u00fcstriyel makine \u00fcretimi ve da\u011f\u0131t\u0131m\u0131 konusunda uzmanla\u015fm\u0131\u015ft\u0131r. Uzmanl\u0131k alanlar\u0131m\u0131z Et kesme makineleri Tablet \u00fcretimi End\u00fcstriyel ta\u015f\u0131ma sistemleri \u015ei\u015feleme hatlar\u0131 Dozajlama makineleri Ve \u00e7ok daha fazlas\u0131... \u015eirketinizin \u00fcretim s\u00fcre\u00e7lerini optimize etmek i\u00e7in yenilik\u00e7i ve \u00f6zelle\u015ftirilmi\u015f \u00e7\u00f6z\u00fcmler sunuyoruz.","email":"Admistracion@distribucionarc.com","telephone":"+34 643496664","legalName":"ARC TECH SOLUTIONS","foundingDate":"2024-04-09","vatID":"B55480172","numberOfEmployees":{"@type":"QuantitativeValue","minValue":"1","maxValue":"10"}}]}},"_links":{"self":[{"href":"https:\/\/distribucionarc.com\/tr\/wp-json\/wp\/v2\/product\/6813","targetHints":{"allow":["GET"]}}],"collection":[{"href":"https:\/\/distribucionarc.com\/tr\/wp-json\/wp\/v2\/product"}],"about":[{"href":"https:\/\/distribucionarc.com\/tr\/wp-json\/wp\/v2\/types\/product"}],"replies":[{"embeddable":true,"href":"https:\/\/distribucionarc.com\/tr\/wp-json\/wp\/v2\/comments?post=6813"}],"version-history":[{"count":0,"href":"https:\/\/distribucionarc.com\/tr\/wp-json\/wp\/v2\/product\/6813\/revisions"}],"wp:featuredmedia":[{"embeddable":true,"href":"https:\/\/distribucionarc.com\/tr\/wp-json\/wp\/v2\/media\/6814"}],"wp:attachment":[{"href":"https:\/\/distribucionarc.com\/tr\/wp-json\/wp\/v2\/media?parent=6813"}],"wp:term":[{"taxonomy":"product_brand","embeddable":true,"href":"https:\/\/distribucionarc.com\/tr\/wp-json\/wp\/v2\/product_brand?post=6813"},{"taxonomy":"product_cat","embeddable":true,"href":"https:\/\/distribucionarc.com\/tr\/wp-json\/wp\/v2\/product_cat?post=6813"},{"taxonomy":"product_tag","embeddable":true,"href":"https:\/\/distribucionarc.com\/tr\/wp-json\/wp\/v2\/product_tag?post=6813"}],"curies":[{"name":"wp","href":"https:\/\/api.w.org\/{rel}","templated":true}]}}