{"id":6832,"date":"2024-04-26T08:44:58","date_gmt":"2024-04-26T08:44:58","guid":{"rendered":"https:\/\/distribucionarc.com\/?post_type=product&#038;p=6832"},"modified":"2024-04-26T08:45:00","modified_gmt":"2024-04-26T08:45:00","slug":"magnezyum-takviyeleri-icin-tablet-presleme-makinesi","status":"publish","type":"product","link":"https:\/\/distribucionarc.com\/tr\/producto\/maquina-prensadora-de-tabletas-para-suplementos-de-magnesio\/","title":{"rendered":"MAGNEZYUM TAKV\u0130YELER\u0130 \u0130\u00c7\u0130N TABLET PRESLEME MAK\u0130NES\u0130"},"content":{"rendered":"<p>tan\u0131t\u0131yoruz<strong> Magnesi Takviyesi Tablet Presleme Makinas\u0131<\/strong>veya<strong> tek bir DARP-60D Delgi<\/strong>\u00fcretimi i\u00e7in m\u00fckemmel<strong> tabletler<\/strong> \u00e7e\u015fitli \u015fekillerde. \u0130la\u00e7 end\u00fcstrisinde ve kimya, g\u0131da, elektronik gibi sekt\u00f6rlerde yayg\u0131n olarak kullan\u0131lan bu makine \u00e7ok y\u00f6nl\u00fc ve etkilidir. i\u00e7in g\u00fcvenilir ve uyarlanabilir bir \u00e7\u00f6z\u00fcm<strong> magnezyum takviyesi \u00fcretimi<\/strong> ve di\u011fer \u00fcr\u00fcnler, <strong>DARP-60D makinesi<\/strong> \u00c7e\u015fitli sekt\u00f6rlerdeki \u015firketler i\u00e7in de\u011ferli bir yat\u0131r\u0131md\u0131r.<\/p>\n<p>&nbsp;<\/p>\n<table>\n<tbody>\n<tr>\n<td width=\"283\">Modeli<\/td>\n<td width=\"283\">DARP-60D<\/td>\n<\/tr>\n<tr>\n<td width=\"283\">Oyunlar<\/td>\n<td width=\"283\">1<\/td>\n<\/tr>\n<tr>\n<td width=\"283\">Maksimum bas\u0131n\u00e7 (ton)<\/td>\n<td width=\"283\">0-80<\/td>\n<\/tr>\n<tr>\n<td width=\"283\">Tablet \u00e7ap\u0131 (milimetre)<\/td>\n<td width=\"283\">5-30<\/td>\n<\/tr>\n<tr>\n<td width=\"283\">Maksimum derinlik doldurma (milimetre)<\/td>\n<td width=\"283\">0-25<\/td>\n<\/tr>\n<tr>\n<td width=\"283\">Maksimum tablet kal\u0131nl\u0131\u011f\u0131 (milimetre)<\/td>\n<td width=\"283\">0-12<\/td>\n<\/tr>\n<tr>\n<td width=\"283\">\u00dcretim kapasitesi (adet\/saat)<\/td>\n<td width=\"283\">2150<\/td>\n<\/tr>\n<tr>\n<td width=\"283\">Motor g\u00fcc\u00fc (kw)<\/td>\n<td width=\"283\">3<\/td>\n<\/tr>\n<tr>\n<td width=\"283\">Genel boyut (milimetre)<\/td>\n<td width=\"283\">550*<\/p>\n<p>450*<\/p>\n<p>800*<\/td>\n<\/tr>\n<tr>\n<td width=\"283\">Net a\u011f\u0131rl\u0131k (kg)<\/td>\n<td width=\"283\">135<\/td>\n<\/tr>\n<\/tbody>\n<\/table>","protected":false},"excerpt":{"rendered":"<p>\u00dcretim i\u00e7in m\u00fckemmel olan DARP-60D Tek Yumruklu Magnezyum Takviyesi Tablet Pres Makinesini tan\u0131t\u0131yoruz<\/p>","protected":false},"featured_media":6833,"comment_status":"open","ping_status":"closed","template":"","meta":{"wds_primary_product_brand":0,"wds_primary_product_cat":0},"product_brand":[],"product_cat":[84],"product_tag":[],"class_list":{"0":"post-6832","1":"product","2":"type-product","3":"status-publish","4":"has-post-thumbnail","6":"product_cat-maquinas-para-hacer-pastillas","8":"first","9":"instock","10":"taxable","11":"shipping-taxable","12":"purchasable","13":"product-type-simple"},"yoast_head":"<!-- This site is optimized with the Yoast SEO Premium plugin v24.9 (Yoast SEO v26.1) - https:\/\/yoast.com\/wordpress\/plugins\/seo\/ -->\n<title>MAQUINA PRENSADORA DE TABLETAS PARA SUPLEMENTOS DE MAGNESIO - distribuci\u00f3n ARC<\/title>\n<meta name=\"robots\" content=\"index, follow, max-snippet:-1, max-image-preview:large, max-video-preview:-1\" \/>\n<link rel=\"canonical\" href=\"https:\/\/distribucionarc.com\/tr\/urun\/magnezyum-takviyeleri-icin-tablet-presleme-makinesi\/\" \/>\n<meta property=\"og:locale\" content=\"tr_TR\" \/>\n<meta property=\"og:type\" content=\"article\" \/>\n<meta property=\"og:title\" content=\"MAQUINA PRENSADORA DE TABLETAS PARA SUPLEMENTOS DE MAGNESIO\" \/>\n<meta property=\"og:description\" content=\"Introducimos la M\u00e1quina Prensadora de Tabletas de Suplementos de Magnesio de un solo Punz\u00f3n DARP-60D, perfecta para la producci\u00f3n de\" \/>\n<meta property=\"og:url\" content=\"https:\/\/distribucionarc.com\/tr\/urun\/magnezyum-takviyeleri-icin-tablet-presleme-makinesi\/\" \/>\n<meta property=\"og:site_name\" content=\"distribuci\u00f3n ARC\" \/>\n<meta property=\"article:modified_time\" content=\"2024-04-26T08:45:00+00:00\" \/>\n<meta property=\"og:image\" content=\"https:\/\/distribucionarc.com\/wp-content\/uploads\/2024\/04\/MAQUINA-PRENSADORA-DE-TABLETAS-DE-SUPLEMENTOS-DE-MAGNESIO-.jpg\" \/>\n\t<meta property=\"og:image:width\" content=\"648\" \/>\n\t<meta property=\"og:image:height\" content=\"872\" \/>\n\t<meta property=\"og:image:type\" content=\"image\/jpeg\" \/>\n<meta name=\"twitter:card\" content=\"summary_large_image\" \/>\n<meta name=\"twitter:label1\" content=\"Tahmini okuma s\u00fcresi\" \/>\n\t<meta name=\"twitter:data1\" content=\"1 dakika\" \/>\n<script type=\"application\/ld+json\" class=\"yoast-schema-graph\">{\"@context\":\"https:\/\/schema.org\",\"@graph\":[{\"@type\":\"WebPage\",\"@id\":\"https:\/\/distribucionarc.com\/producto\/maquina-prensadora-de-tabletas-para-suplementos-de-magnesio\/\",\"url\":\"https:\/\/distribucionarc.com\/producto\/maquina-prensadora-de-tabletas-para-suplementos-de-magnesio\/\",\"name\":\"MAQUINA PRENSADORA DE TABLETAS PARA SUPLEMENTOS DE MAGNESIO - distribuci\u00f3n ARC\",\"isPartOf\":{\"@id\":\"https:\/\/www.distribucionarc.com\/de\/#website\"},\"primaryImageOfPage\":{\"@id\":\"https:\/\/distribucionarc.com\/producto\/maquina-prensadora-de-tabletas-para-suplementos-de-magnesio\/#primaryimage\"},\"image\":{\"@id\":\"https:\/\/distribucionarc.com\/producto\/maquina-prensadora-de-tabletas-para-suplementos-de-magnesio\/#primaryimage\"},\"thumbnailUrl\":\"https:\/\/distribucionarc.com\/wp-content\/uploads\/2024\/04\/MAQUINA-PRENSADORA-DE-TABLETAS-DE-SUPLEMENTOS-DE-MAGNESIO-.jpg\",\"datePublished\":\"2024-04-26T08:44:58+00:00\",\"dateModified\":\"2024-04-26T08:45:00+00:00\",\"breadcrumb\":{\"@id\":\"https:\/\/distribucionarc.com\/producto\/maquina-prensadora-de-tabletas-para-suplementos-de-magnesio\/#breadcrumb\"},\"inLanguage\":\"tr\",\"potentialAction\":[{\"@type\":\"ReadAction\",\"target\":[\"https:\/\/distribucionarc.com\/producto\/maquina-prensadora-de-tabletas-para-suplementos-de-magnesio\/\"]}]},{\"@type\":\"ImageObject\",\"inLanguage\":\"tr\",\"@id\":\"https:\/\/distribucionarc.com\/producto\/maquina-prensadora-de-tabletas-para-suplementos-de-magnesio\/#primaryimage\",\"url\":\"https:\/\/distribucionarc.com\/wp-content\/uploads\/2024\/04\/MAQUINA-PRENSADORA-DE-TABLETAS-DE-SUPLEMENTOS-DE-MAGNESIO-.jpg\",\"contentUrl\":\"https:\/\/distribucionarc.com\/wp-content\/uploads\/2024\/04\/MAQUINA-PRENSADORA-DE-TABLETAS-DE-SUPLEMENTOS-DE-MAGNESIO-.jpg\",\"width\":648,\"height\":872,\"caption\":\"#image_title\"},{\"@type\":\"BreadcrumbList\",\"@id\":\"https:\/\/distribucionarc.com\/producto\/maquina-prensadora-de-tabletas-para-suplementos-de-magnesio\/#breadcrumb\",\"itemListElement\":[{\"@type\":\"ListItem\",\"position\":1,\"name\":\"Portada\",\"item\":\"https:\/\/www.distribucionarc.com\/en\/\"},{\"@type\":\"ListItem\",\"position\":2,\"name\":\"Products\",\"item\":\"https:\/\/www.distribucionarc.com\/en\/shop\/\"},{\"@type\":\"ListItem\",\"position\":3,\"name\":\"MAQUINA PRENSADORA DE TABLETAS PARA SUPLEMENTOS DE MAGNESIO\"}]},{\"@type\":\"WebSite\",\"@id\":\"https:\/\/www.distribucionarc.com\/de\/#website\",\"url\":\"https:\/\/www.distribucionarc.com\/de\/\",\"name\":\"distribuci\u00f3n ARC\",\"description\":\"Empresa especializada en la fabricaci\u00f3n y distribuci\u00f3n de maquinaria industrial, selladoras de latas, Maquinas de hacer pastillas, Maquinas de cortar carne...\",\"publisher\":{\"@id\":\"https:\/\/www.distribucionarc.com\/de\/#organization\"},\"potentialAction\":[{\"@type\":\"SearchAction\",\"target\":{\"@type\":\"EntryPoint\",\"urlTemplate\":\"https:\/\/www.distribucionarc.com\/de\/?s={search_term_string}\"},\"query-input\":{\"@type\":\"PropertyValueSpecification\",\"valueRequired\":true,\"valueName\":\"search_term_string\"}}],\"inLanguage\":\"tr\"},{\"@type\":\"Organization\",\"@id\":\"https:\/\/www.distribucionarc.com\/de\/#organization\",\"name\":\"Distribuci\u00f3n ARC\",\"url\":\"https:\/\/www.distribucionarc.com\/de\/\",\"logo\":{\"@type\":\"ImageObject\",\"inLanguage\":\"tr\",\"@id\":\"https:\/\/www.distribucionarc.com\/de\/#\/schema\/logo\/image\/\",\"url\":\"https:\/\/distribucionarc.com\/wp-content\/uploads\/2024\/10\/distribucion-ARC-COLOR-SIN-FONDO-e1732295305345.png\",\"contentUrl\":\"https:\/\/distribucionarc.com\/wp-content\/uploads\/2024\/10\/distribucion-ARC-COLOR-SIN-FONDO-e1732295305345.png\",\"width\":1164,\"height\":558,\"caption\":\"Distribuci\u00f3n ARC\"},\"image\":{\"@id\":\"https:\/\/www.distribucionarc.com\/de\/#\/schema\/logo\/image\/\"},\"description\":\"Empresa especializada en la fabricaci\u00f3n y distribuci\u00f3n de maquinaria industrial para los sectores alimentario y farmac\u00e9utico. Nos especializamos en: M\u00e1quinas de cortar carne Fabricaci\u00f3n de comprimidos Sistemas de transporte industrial L\u00edneas de embotellado Dosificadores Y mucho m\u00e1s... Ofrecemos soluciones innovadoras y personalizadas para optimizar los procesos productivos de tu empresa.\",\"email\":\"Admistracion@distribucionarc.com\",\"telephone\":\"+34 643496664\",\"legalName\":\"ARC TECH SOLUTIONS\",\"foundingDate\":\"2024-04-09\",\"vatID\":\"B55480172\",\"numberOfEmployees\":{\"@type\":\"QuantitativeValue\",\"minValue\":\"1\",\"maxValue\":\"10\"}}]}<\/script>\n<!-- \/ Yoast SEO Premium plugin. -->","yoast_head_json":{"title":"MAGNEZYUM TAKV\u0130YELER\u0130 \u0130\u00c7\u0130N TABLET PRESLEME MAK\u0130NES\u0130 - ARC da\u011f\u0131t\u0131m\u0131","robots":{"index":"index","follow":"follow","max-snippet":"max-snippet:-1","max-image-preview":"max-image-preview:large","max-video-preview":"max-video-preview:-1"},"canonical":"https:\/\/distribucionarc.com\/tr\/urun\/magnezyum-takviyeleri-icin-tablet-presleme-makinesi\/","og_locale":"tr_TR","og_type":"article","og_title":"MAQUINA PRENSADORA DE TABLETAS PARA SUPLEMENTOS DE MAGNESIO","og_description":"Introducimos la M\u00e1quina Prensadora de Tabletas de Suplementos de Magnesio de un solo Punz\u00f3n DARP-60D, perfecta para la producci\u00f3n de","og_url":"https:\/\/distribucionarc.com\/tr\/urun\/magnezyum-takviyeleri-icin-tablet-presleme-makinesi\/","og_site_name":"distribuci\u00f3n ARC","article_modified_time":"2024-04-26T08:45:00+00:00","og_image":[{"width":648,"height":872,"url":"https:\/\/distribucionarc.com\/wp-content\/uploads\/2024\/04\/MAQUINA-PRENSADORA-DE-TABLETAS-DE-SUPLEMENTOS-DE-MAGNESIO-.jpg","type":"image\/jpeg"}],"twitter_card":"summary_large_image","twitter_misc":{"Tahmini okuma s\u00fcresi":"1 dakika"},"schema":{"@context":"https:\/\/schema.org","@graph":[{"@type":"WebPage","@id":"https:\/\/distribucionarc.com\/producto\/maquina-prensadora-de-tabletas-para-suplementos-de-magnesio\/","url":"https:\/\/distribucionarc.com\/producto\/maquina-prensadora-de-tabletas-para-suplementos-de-magnesio\/","name":"MAGNEZYUM TAKV\u0130YELER\u0130 \u0130\u00c7\u0130N TABLET PRESLEME MAK\u0130NES\u0130 - ARC da\u011f\u0131t\u0131m\u0131","isPartOf":{"@id":"https:\/\/www.distribucionarc.com\/de\/#website"},"primaryImageOfPage":{"@id":"https:\/\/distribucionarc.com\/producto\/maquina-prensadora-de-tabletas-para-suplementos-de-magnesio\/#primaryimage"},"image":{"@id":"https:\/\/distribucionarc.com\/producto\/maquina-prensadora-de-tabletas-para-suplementos-de-magnesio\/#primaryimage"},"thumbnailUrl":"https:\/\/distribucionarc.com\/wp-content\/uploads\/2024\/04\/MAQUINA-PRENSADORA-DE-TABLETAS-DE-SUPLEMENTOS-DE-MAGNESIO-.jpg","datePublished":"2024-04-26T08:44:58+00:00","dateModified":"2024-04-26T08:45:00+00:00","breadcrumb":{"@id":"https:\/\/distribucionarc.com\/producto\/maquina-prensadora-de-tabletas-para-suplementos-de-magnesio\/#breadcrumb"},"inLanguage":"tr","potentialAction":[{"@type":"ReadAction","target":["https:\/\/distribucionarc.com\/producto\/maquina-prensadora-de-tabletas-para-suplementos-de-magnesio\/"]}]},{"@type":"ImageObject","inLanguage":"tr","@id":"https:\/\/distribucionarc.com\/producto\/maquina-prensadora-de-tabletas-para-suplementos-de-magnesio\/#primaryimage","url":"https:\/\/distribucionarc.com\/wp-content\/uploads\/2024\/04\/MAQUINA-PRENSADORA-DE-TABLETAS-DE-SUPLEMENTOS-DE-MAGNESIO-.jpg","contentUrl":"https:\/\/distribucionarc.com\/wp-content\/uploads\/2024\/04\/MAQUINA-PRENSADORA-DE-TABLETAS-DE-SUPLEMENTOS-DE-MAGNESIO-.jpg","width":648,"height":872,"caption":"#image_title"},{"@type":"BreadcrumbList","@id":"https:\/\/distribucionarc.com\/producto\/maquina-prensadora-de-tabletas-para-suplementos-de-magnesio\/#breadcrumb","itemListElement":[{"@type":"ListItem","position":1,"name":"Portada","item":"https:\/\/www.distribucionarc.com\/en\/"},{"@type":"ListItem","position":2,"name":"Products","item":"https:\/\/www.distribucionarc.com\/en\/shop\/"},{"@type":"ListItem","position":3,"name":"MAQUINA PRENSADORA DE TABLETAS PARA SUPLEMENTOS DE MAGNESIO"}]},{"@type":"WebSite","@id":"https:\/\/www.distribucionarc.com\/de\/#website","url":"https:\/\/www.distribucionarc.com\/de\/","name":"ARC da\u011f\u0131t\u0131m\u0131","description":"End\u00fcstriyel makinelerin \u00fcretimi ve da\u011f\u0131t\u0131m\u0131 konusunda uzmanla\u015fm\u0131\u015f \u015firket, kutu m\u00fch\u00fcrleme makineleri, tablet yapma makineleri, et kesme makineleri...","publisher":{"@id":"https:\/\/www.distribucionarc.com\/de\/#organization"},"potentialAction":[{"@type":"SearchAction","target":{"@type":"EntryPoint","urlTemplate":"https:\/\/www.distribucionarc.com\/de\/?s={search_term_string}"},"query-input":{"@type":"PropertyValueSpecification","valueRequired":true,"valueName":"search_term_string"}}],"inLanguage":"tr"},{"@type":"Organization","@id":"https:\/\/www.distribucionarc.com\/de\/#organization","name":"ARC Da\u011f\u0131t\u0131m\u0131","url":"https:\/\/www.distribucionarc.com\/de\/","logo":{"@type":"ImageObject","inLanguage":"tr","@id":"https:\/\/www.distribucionarc.com\/de\/#\/schema\/logo\/image\/","url":"https:\/\/distribucionarc.com\/wp-content\/uploads\/2024\/10\/distribucion-ARC-COLOR-SIN-FONDO-e1732295305345.png","contentUrl":"https:\/\/distribucionarc.com\/wp-content\/uploads\/2024\/10\/distribucion-ARC-COLOR-SIN-FONDO-e1732295305345.png","width":1164,"height":558,"caption":"Distribuci\u00f3n ARC"},"image":{"@id":"https:\/\/www.distribucionarc.com\/de\/#\/schema\/logo\/image\/"},"description":"\u015eirket, g\u0131da ve ila\u00e7 sekt\u00f6rleri i\u00e7in end\u00fcstriyel makine \u00fcretimi ve da\u011f\u0131t\u0131m\u0131 konusunda uzmanla\u015fm\u0131\u015ft\u0131r. Uzmanl\u0131k alanlar\u0131m\u0131z Et kesme makineleri Tablet \u00fcretimi End\u00fcstriyel ta\u015f\u0131ma sistemleri \u015ei\u015feleme hatlar\u0131 Dozajlama makineleri Ve \u00e7ok daha fazlas\u0131... \u015eirketinizin \u00fcretim s\u00fcre\u00e7lerini optimize etmek i\u00e7in yenilik\u00e7i ve \u00f6zelle\u015ftirilmi\u015f \u00e7\u00f6z\u00fcmler sunuyoruz.","email":"Admistracion@distribucionarc.com","telephone":"+34 643496664","legalName":"ARC TECH SOLUTIONS","foundingDate":"2024-04-09","vatID":"B55480172","numberOfEmployees":{"@type":"QuantitativeValue","minValue":"1","maxValue":"10"}}]}},"_links":{"self":[{"href":"https:\/\/distribucionarc.com\/tr\/wp-json\/wp\/v2\/product\/6832","targetHints":{"allow":["GET"]}}],"collection":[{"href":"https:\/\/distribucionarc.com\/tr\/wp-json\/wp\/v2\/product"}],"about":[{"href":"https:\/\/distribucionarc.com\/tr\/wp-json\/wp\/v2\/types\/product"}],"replies":[{"embeddable":true,"href":"https:\/\/distribucionarc.com\/tr\/wp-json\/wp\/v2\/comments?post=6832"}],"version-history":[{"count":0,"href":"https:\/\/distribucionarc.com\/tr\/wp-json\/wp\/v2\/product\/6832\/revisions"}],"wp:featuredmedia":[{"embeddable":true,"href":"https:\/\/distribucionarc.com\/tr\/wp-json\/wp\/v2\/media\/6833"}],"wp:attachment":[{"href":"https:\/\/distribucionarc.com\/tr\/wp-json\/wp\/v2\/media?parent=6832"}],"wp:term":[{"taxonomy":"product_brand","embeddable":true,"href":"https:\/\/distribucionarc.com\/tr\/wp-json\/wp\/v2\/product_brand?post=6832"},{"taxonomy":"product_cat","embeddable":true,"href":"https:\/\/distribucionarc.com\/tr\/wp-json\/wp\/v2\/product_cat?post=6832"},{"taxonomy":"product_tag","embeddable":true,"href":"https:\/\/distribucionarc.com\/tr\/wp-json\/wp\/v2\/product_tag?post=6832"}],"curies":[{"name":"wp","href":"https:\/\/api.w.org\/{rel}","templated":true}]}}