{"id":6863,"date":"2024-04-26T16:23:43","date_gmt":"2024-04-26T16:23:43","guid":{"rendered":"https:\/\/distribucionarc.com\/?post_type=product&#038;p=6863"},"modified":"2024-04-26T16:23:45","modified_gmt":"2024-04-26T16:23:45","slug":"gelistirilmis-protein-tabletleri-icin-sikistirma-presleme-makinesi","status":"publish","type":"product","link":"https:\/\/distribucionarc.com\/tr\/producto\/maquina-compactadora-prensadora-para-comprimidos-mejorados-de-proteinas\/","title":{"rendered":"GEL\u0130\u015eT\u0130R\u0130LM\u0130\u015e PROTE\u0130N TABLETLER \u0130\u00c7\u0130N KOMPAKT\u00d6R PRES MAK\u0130NES\u0130"},"content":{"rendered":"<p>biz sunuyoruz<strong> Tablet Pres S\u0131k\u0131\u015ft\u0131rma Makinesi Modeli TARHDP<\/strong>, elektrikli modellerde mevcuttur <strong>TARHDP-3<\/strong>, elektrik ve manuel de\u011fi\u015fim, <strong>TARHDP-5 ve TARHDP-6.<\/strong> Bu makine \u00f6zellikle a\u015fa\u011f\u0131dakilerin \u00fcretimi i\u00e7in tasarlanm\u0131\u015ft\u0131r:<strong> protein takviyeli tabletler tabletler<\/strong> gran\u00fcllerden ve ince tozlardan. K\u00fc\u00e7\u00fck toz gran\u00fclleri i\u015fleyebilme \u00f6zelli\u011fi ile<strong> TARHDP makinesi<\/strong> her \u00fcretim d\u00f6ng\u00fcs\u00fcnde ola\u011fan\u00fcst\u00fc verimlilik ve y\u00fcksek kaliteli sonu\u00e7lar sa\u011flar. Elektriksel tasar\u0131m\u0131 sorunsuz ve g\u00fcvenilir \u00e7al\u0131\u015fmay\u0131 sa\u011flarken, elektriksel ve manuel de\u011fi\u015ftirilebilirlik se\u00e7ene\u011fi kullan\u0131c\u0131n\u0131n ihtiya\u00e7lar\u0131na g\u00f6re \u00e7al\u0131\u015fmada \u00e7ok y\u00f6nl\u00fcl\u00fck sa\u011flar. Ayr\u0131ca, <strong>TARHDP makinesi<\/strong> Optimum \u00fcretim i\u00e7in hassas bas\u0131n\u00e7 ve tablet kal\u0131nl\u0131\u011f\u0131 ayarlar\u0131 gibi geli\u015fmi\u015f \u00f6zelliklerle donat\u0131lm\u0131\u015ft\u0131r. Sa\u011flam ve dayan\u0131kl\u0131 tasar\u0131m\u0131, \u00fcretim s\u00fcre\u00e7lerini iyile\u015ftirmek isteyen \u015firketler i\u00e7in onu g\u00fcvenilir bir yat\u0131r\u0131m haline getiriyor. <strong>protein tabletleri \u00fcretimi.<\/strong><\/p>\n<p>&nbsp;<\/p>\n<table>\n<tbody>\n<tr>\n<td width=\"113\">Modeli<\/td>\n<td width=\"113\">TARHDP-3 elektrikli<\/td>\n<td width=\"113\">TARHDP-3 (manuel elektrik de\u011fi\u015fimi<\/td>\n<td width=\"113\">TARHDP-5<\/td>\n<td width=\"113\">TARHDP-6<\/td>\n<\/tr>\n<tr>\n<td width=\"113\">Oyunlar<\/td>\n<td width=\"113\">1<\/td>\n<td width=\"113\">1<\/td>\n<td width=\"113\">1<\/td>\n<td width=\"113\">1<\/td>\n<\/tr>\n<tr>\n<td width=\"113\">Maksimum bas\u0131n\u00e7 (ton)<\/td>\n<td width=\"113\">30<\/td>\n<td width=\"113\">30<\/td>\n<td width=\"113\">50<\/td>\n<td width=\"113\">60<\/td>\n<\/tr>\n<tr>\n<td width=\"113\">Maksimum \u00e7ap tablet (mm)<\/td>\n<td width=\"113\">5-15<\/td>\n<td width=\"113\">12<\/td>\n<td width=\"113\">5.15<\/td>\n<td width=\"113\">20<\/td>\n<\/tr>\n<tr>\n<td width=\"113\">Maksimum derinlik doldurma (milimetre)<\/td>\n<td width=\"113\">18<\/td>\n<td width=\"113\">12<\/td>\n<td width=\"113\">0.18<\/td>\n<td width=\"113\">18<\/td>\n<\/tr>\n<tr>\n<td width=\"113\">Maksimum kal\u0131nl\u0131k tablet (milimetre)<\/td>\n<td width=\"113\">6<\/td>\n<td width=\"113\">6<\/td>\n<td width=\"113\">0.7<\/td>\n<td width=\"113\">7<\/td>\n<\/tr>\n<tr>\n<td width=\"113\">\u00dcretim kapasitesi (adet\/saat)<\/td>\n<td width=\"113\">4000<\/td>\n<td width=\"113\">4000<\/td>\n<td width=\"113\">4200<\/td>\n<td width=\"113\">4000<\/td>\n<\/tr>\n<tr>\n<td width=\"113\">Motor g\u00fcc\u00fc (kw)<\/td>\n<td width=\"113\">0.75<\/td>\n<td width=\"113\">4000<\/td>\n<td width=\"113\">0.78<\/td>\n<td width=\"113\">1.5<\/td>\n<\/tr>\n<tr>\n<td width=\"113\">Genel boyut (milimetre)<\/td>\n<td width=\"113\">450*<\/p>\n<p>300*<\/p>\n<p>550*<\/td>\n<td width=\"113\">450*<\/p>\n<p>300*<\/p>\n<p>550*<\/td>\n<td width=\"113\">480*<\/p>\n<p>460*<\/p>\n<p>620*<\/td>\n<td width=\"113\">500*<\/p>\n<p>410*<\/p>\n<p>680*<\/td>\n<\/tr>\n<tr>\n<td width=\"113\">Net a\u011f\u0131rl\u0131k (kg)<\/td>\n<td width=\"113\">50<\/td>\n<td width=\"113\">40<\/td>\n<td width=\"113\">55<\/td>\n<td width=\"113\">85<\/td>\n<\/tr>\n<\/tbody>\n<\/table>\n<p>&nbsp;<\/p>","protected":false},"excerpt":{"rendered":"<p>Elektrikli TARHDP-3, elektrikli de\u011fi\u015ftirilebilir ve manuel TARHDP-5 modellerinde mevcut olan Tablet Pres Kompakt\u00f6r Makinesi Model TARHDP&#039;yi tan\u0131t\u0131yoruz<\/p>","protected":false},"featured_media":6864,"comment_status":"open","ping_status":"closed","template":"","meta":{"wds_primary_product_brand":0,"wds_primary_product_cat":0},"product_brand":[],"product_cat":[84],"product_tag":[],"class_list":{"0":"post-6863","1":"product","2":"type-product","3":"status-publish","4":"has-post-thumbnail","6":"product_cat-maquinas-para-hacer-pastillas","8":"first","9":"instock","10":"taxable","11":"shipping-taxable","12":"purchasable","13":"product-type-simple"},"yoast_head":"<!-- This site is optimized with the Yoast SEO Premium plugin v24.9 (Yoast SEO v26.1) - https:\/\/yoast.com\/wordpress\/plugins\/seo\/ -->\n<title>MAQUINA COMPACTADORA PRENSADORA PARA COMPRIMIDOS MEJORADOS DE PROTEINAS - distribuci\u00f3n ARC<\/title>\n<meta name=\"robots\" content=\"index, follow, max-snippet:-1, max-image-preview:large, max-video-preview:-1\" \/>\n<link rel=\"canonical\" href=\"https:\/\/www.distribucionarc.com\/producto\/maquina-compactadora-prensadora-para-comprimidos-mejorados-de-proteinas\/\" \/>\n<meta property=\"og:locale\" content=\"tr_TR\" \/>\n<meta property=\"og:type\" content=\"article\" \/>\n<meta property=\"og:title\" content=\"MAQUINA COMPACTADORA PRENSADORA PARA COMPRIMIDOS MEJORADOS DE PROTEINAS\" \/>\n<meta property=\"og:description\" content=\"Presentamos la M\u00e1quina Compactadora Prensadora de Tabletas Modelo TARHDP, disponible en los modelos el\u00e9ctricos TARHDP-3, intercambio el\u00e9ctrico y manual, TARHDP-5\" \/>\n<meta property=\"og:url\" content=\"https:\/\/www.distribucionarc.com\/producto\/maquina-compactadora-prensadora-para-comprimidos-mejorados-de-proteinas\/\" \/>\n<meta property=\"og:site_name\" content=\"distribuci\u00f3n ARC\" \/>\n<meta property=\"article:modified_time\" content=\"2024-04-26T16:23:45+00:00\" \/>\n<meta property=\"og:image\" content=\"https:\/\/www.distribucionarc.com\/wp-content\/uploads\/2024\/04\/MAQUINA-COMPACTADORA-PRENSADORA-PARA-COMPRIMIDOS-MEJORADOS-DE-PROTEINAS-TARHDP-6.jpg\" \/>\n\t<meta property=\"og:image:width\" content=\"1656\" \/>\n\t<meta property=\"og:image:height\" content=\"1160\" \/>\n\t<meta property=\"og:image:type\" content=\"image\/jpeg\" \/>\n<meta name=\"twitter:card\" content=\"summary_large_image\" \/>\n<meta name=\"twitter:label1\" content=\"Tahmini okuma s\u00fcresi\" \/>\n\t<meta name=\"twitter:data1\" content=\"1 dakika\" \/>\n<script type=\"application\/ld+json\" class=\"yoast-schema-graph\">{\"@context\":\"https:\/\/schema.org\",\"@graph\":[{\"@type\":\"WebPage\",\"@id\":\"https:\/\/www.distribucionarc.com\/producto\/maquina-compactadora-prensadora-para-comprimidos-mejorados-de-proteinas\/\",\"url\":\"https:\/\/www.distribucionarc.com\/producto\/maquina-compactadora-prensadora-para-comprimidos-mejorados-de-proteinas\/\",\"name\":\"MAQUINA COMPACTADORA PRENSADORA PARA COMPRIMIDOS MEJORADOS DE PROTEINAS - distribuci\u00f3n ARC\",\"isPartOf\":{\"@id\":\"https:\/\/www.distribucionarc.com\/sl\/#website\"},\"primaryImageOfPage\":{\"@id\":\"https:\/\/www.distribucionarc.com\/producto\/maquina-compactadora-prensadora-para-comprimidos-mejorados-de-proteinas\/#primaryimage\"},\"image\":{\"@id\":\"https:\/\/www.distribucionarc.com\/producto\/maquina-compactadora-prensadora-para-comprimidos-mejorados-de-proteinas\/#primaryimage\"},\"thumbnailUrl\":\"https:\/\/distribucionarc.com\/wp-content\/uploads\/2024\/04\/MAQUINA-COMPACTADORA-PRENSADORA-PARA-COMPRIMIDOS-MEJORADOS-DE-PROTEINAS-TARHDP-6.jpg\",\"datePublished\":\"2024-04-26T16:23:43+00:00\",\"dateModified\":\"2024-04-26T16:23:45+00:00\",\"breadcrumb\":{\"@id\":\"https:\/\/www.distribucionarc.com\/producto\/maquina-compactadora-prensadora-para-comprimidos-mejorados-de-proteinas\/#breadcrumb\"},\"inLanguage\":\"tr\",\"potentialAction\":[{\"@type\":\"ReadAction\",\"target\":[\"https:\/\/www.distribucionarc.com\/producto\/maquina-compactadora-prensadora-para-comprimidos-mejorados-de-proteinas\/\"]}]},{\"@type\":\"ImageObject\",\"inLanguage\":\"tr\",\"@id\":\"https:\/\/www.distribucionarc.com\/producto\/maquina-compactadora-prensadora-para-comprimidos-mejorados-de-proteinas\/#primaryimage\",\"url\":\"https:\/\/distribucionarc.com\/wp-content\/uploads\/2024\/04\/MAQUINA-COMPACTADORA-PRENSADORA-PARA-COMPRIMIDOS-MEJORADOS-DE-PROTEINAS-TARHDP-6.jpg\",\"contentUrl\":\"https:\/\/distribucionarc.com\/wp-content\/uploads\/2024\/04\/MAQUINA-COMPACTADORA-PRENSADORA-PARA-COMPRIMIDOS-MEJORADOS-DE-PROTEINAS-TARHDP-6.jpg\",\"width\":1656,\"height\":1160,\"caption\":\"#image_title\"},{\"@type\":\"BreadcrumbList\",\"@id\":\"https:\/\/www.distribucionarc.com\/producto\/maquina-compactadora-prensadora-para-comprimidos-mejorados-de-proteinas\/#breadcrumb\",\"itemListElement\":[{\"@type\":\"ListItem\",\"position\":1,\"name\":\"Portada\",\"item\":\"https:\/\/www.distribucionarc.com\/\"},{\"@type\":\"ListItem\",\"position\":2,\"name\":\"\u00dcr\u00fcnler\",\"item\":\"https:\/\/www.distribucionarc.com\/tr\/magaza\/\"},{\"@type\":\"ListItem\",\"position\":3,\"name\":\"MAQUINA COMPACTADORA PRENSADORA PARA COMPRIMIDOS MEJORADOS DE PROTEINAS\"}]},{\"@type\":\"WebSite\",\"@id\":\"https:\/\/www.distribucionarc.com\/sl\/#website\",\"url\":\"https:\/\/www.distribucionarc.com\/sl\/\",\"name\":\"distribuci\u00f3n ARC\",\"description\":\"Empresa especializada en la fabricaci\u00f3n y distribuci\u00f3n de maquinaria industrial, selladoras de latas, Maquinas de hacer pastillas, Maquinas de cortar carne...\",\"publisher\":{\"@id\":\"https:\/\/www.distribucionarc.com\/sl\/#organization\"},\"potentialAction\":[{\"@type\":\"SearchAction\",\"target\":{\"@type\":\"EntryPoint\",\"urlTemplate\":\"https:\/\/www.distribucionarc.com\/sl\/?s={search_term_string}\"},\"query-input\":{\"@type\":\"PropertyValueSpecification\",\"valueRequired\":true,\"valueName\":\"search_term_string\"}}],\"inLanguage\":\"tr\"},{\"@type\":\"Organization\",\"@id\":\"https:\/\/www.distribucionarc.com\/sl\/#organization\",\"name\":\"Distribuci\u00f3n ARC\",\"url\":\"https:\/\/www.distribucionarc.com\/sl\/\",\"logo\":{\"@type\":\"ImageObject\",\"inLanguage\":\"tr\",\"@id\":\"https:\/\/www.distribucionarc.com\/sl\/#\/schema\/logo\/image\/\",\"url\":\"https:\/\/distribucionarc.com\/wp-content\/uploads\/2024\/10\/distribucion-ARC-COLOR-SIN-FONDO-e1732295305345.png\",\"contentUrl\":\"https:\/\/distribucionarc.com\/wp-content\/uploads\/2024\/10\/distribucion-ARC-COLOR-SIN-FONDO-e1732295305345.png\",\"width\":1164,\"height\":558,\"caption\":\"Distribuci\u00f3n ARC\"},\"image\":{\"@id\":\"https:\/\/www.distribucionarc.com\/sl\/#\/schema\/logo\/image\/\"},\"description\":\"Empresa especializada en la fabricaci\u00f3n y distribuci\u00f3n de maquinaria industrial para los sectores alimentario y farmac\u00e9utico. Nos especializamos en: M\u00e1quinas de cortar carne Fabricaci\u00f3n de comprimidos Sistemas de transporte industrial L\u00edneas de embotellado Dosificadores Y mucho m\u00e1s... Ofrecemos soluciones innovadoras y personalizadas para optimizar los procesos productivos de tu empresa.\",\"email\":\"Admistracion@distribucionarc.com\",\"telephone\":\"+34 643496664\",\"legalName\":\"ARC TECH SOLUTIONS\",\"foundingDate\":\"2024-04-09\",\"vatID\":\"B55480172\",\"numberOfEmployees\":{\"@type\":\"QuantitativeValue\",\"minValue\":\"1\",\"maxValue\":\"10\"}}]}<\/script>\n<!-- \/ Yoast SEO Premium plugin. -->","yoast_head_json":{"title":"GEL\u0130\u015eT\u0130R\u0130LM\u0130\u015e PROTE\u0130N TABLETLER \u0130\u00c7\u0130N KOMPAKT\u00d6R PRES MAK\u0130NASI - ARC da\u011f\u0131t\u0131m\u0131","robots":{"index":"index","follow":"follow","max-snippet":"max-snippet:-1","max-image-preview":"max-image-preview:large","max-video-preview":"max-video-preview:-1"},"canonical":"https:\/\/www.distribucionarc.com\/producto\/maquina-compactadora-prensadora-para-comprimidos-mejorados-de-proteinas\/","og_locale":"tr_TR","og_type":"article","og_title":"MAQUINA COMPACTADORA PRENSADORA PARA COMPRIMIDOS MEJORADOS DE PROTEINAS","og_description":"Presentamos la M\u00e1quina Compactadora Prensadora de Tabletas Modelo TARHDP, disponible en los modelos el\u00e9ctricos TARHDP-3, intercambio el\u00e9ctrico y manual, TARHDP-5","og_url":"https:\/\/www.distribucionarc.com\/producto\/maquina-compactadora-prensadora-para-comprimidos-mejorados-de-proteinas\/","og_site_name":"distribuci\u00f3n ARC","article_modified_time":"2024-04-26T16:23:45+00:00","og_image":[{"width":1656,"height":1160,"url":"https:\/\/www.distribucionarc.com\/wp-content\/uploads\/2024\/04\/MAQUINA-COMPACTADORA-PRENSADORA-PARA-COMPRIMIDOS-MEJORADOS-DE-PROTEINAS-TARHDP-6.jpg","type":"image\/jpeg"}],"twitter_card":"summary_large_image","twitter_misc":{"Tahmini okuma s\u00fcresi":"1 dakika"},"schema":{"@context":"https:\/\/schema.org","@graph":[{"@type":"WebPage","@id":"https:\/\/www.distribucionarc.com\/producto\/maquina-compactadora-prensadora-para-comprimidos-mejorados-de-proteinas\/","url":"https:\/\/www.distribucionarc.com\/producto\/maquina-compactadora-prensadora-para-comprimidos-mejorados-de-proteinas\/","name":"GEL\u0130\u015eT\u0130R\u0130LM\u0130\u015e PROTE\u0130N TABLETLER \u0130\u00c7\u0130N KOMPAKT\u00d6R PRES MAK\u0130NASI - ARC da\u011f\u0131t\u0131m\u0131","isPartOf":{"@id":"https:\/\/www.distribucionarc.com\/sl\/#website"},"primaryImageOfPage":{"@id":"https:\/\/www.distribucionarc.com\/producto\/maquina-compactadora-prensadora-para-comprimidos-mejorados-de-proteinas\/#primaryimage"},"image":{"@id":"https:\/\/www.distribucionarc.com\/producto\/maquina-compactadora-prensadora-para-comprimidos-mejorados-de-proteinas\/#primaryimage"},"thumbnailUrl":"https:\/\/distribucionarc.com\/wp-content\/uploads\/2024\/04\/MAQUINA-COMPACTADORA-PRENSADORA-PARA-COMPRIMIDOS-MEJORADOS-DE-PROTEINAS-TARHDP-6.jpg","datePublished":"2024-04-26T16:23:43+00:00","dateModified":"2024-04-26T16:23:45+00:00","breadcrumb":{"@id":"https:\/\/www.distribucionarc.com\/producto\/maquina-compactadora-prensadora-para-comprimidos-mejorados-de-proteinas\/#breadcrumb"},"inLanguage":"tr","potentialAction":[{"@type":"ReadAction","target":["https:\/\/www.distribucionarc.com\/producto\/maquina-compactadora-prensadora-para-comprimidos-mejorados-de-proteinas\/"]}]},{"@type":"ImageObject","inLanguage":"tr","@id":"https:\/\/www.distribucionarc.com\/producto\/maquina-compactadora-prensadora-para-comprimidos-mejorados-de-proteinas\/#primaryimage","url":"https:\/\/distribucionarc.com\/wp-content\/uploads\/2024\/04\/MAQUINA-COMPACTADORA-PRENSADORA-PARA-COMPRIMIDOS-MEJORADOS-DE-PROTEINAS-TARHDP-6.jpg","contentUrl":"https:\/\/distribucionarc.com\/wp-content\/uploads\/2024\/04\/MAQUINA-COMPACTADORA-PRENSADORA-PARA-COMPRIMIDOS-MEJORADOS-DE-PROTEINAS-TARHDP-6.jpg","width":1656,"height":1160,"caption":"#image_title"},{"@type":"BreadcrumbList","@id":"https:\/\/www.distribucionarc.com\/producto\/maquina-compactadora-prensadora-para-comprimidos-mejorados-de-proteinas\/#breadcrumb","itemListElement":[{"@type":"ListItem","position":1,"name":"Portada","item":"https:\/\/www.distribucionarc.com\/"},{"@type":"ListItem","position":2,"name":"\u00dcr\u00fcnler","item":"https:\/\/www.distribucionarc.com\/tr\/magaza\/"},{"@type":"ListItem","position":3,"name":"MAQUINA COMPACTADORA PRENSADORA PARA COMPRIMIDOS MEJORADOS DE PROTEINAS"}]},{"@type":"WebSite","@id":"https:\/\/www.distribucionarc.com\/sl\/#website","url":"https:\/\/www.distribucionarc.com\/sl\/","name":"ARC da\u011f\u0131t\u0131m\u0131","description":"End\u00fcstriyel makinelerin \u00fcretimi ve da\u011f\u0131t\u0131m\u0131 konusunda uzmanla\u015fm\u0131\u015f \u015firket, kutu m\u00fch\u00fcrleme makineleri, tablet yapma makineleri, et kesme makineleri...","publisher":{"@id":"https:\/\/www.distribucionarc.com\/sl\/#organization"},"potentialAction":[{"@type":"SearchAction","target":{"@type":"EntryPoint","urlTemplate":"https:\/\/www.distribucionarc.com\/sl\/?s={search_term_string}"},"query-input":{"@type":"PropertyValueSpecification","valueRequired":true,"valueName":"search_term_string"}}],"inLanguage":"tr"},{"@type":"Organization","@id":"https:\/\/www.distribucionarc.com\/sl\/#organization","name":"ARC Da\u011f\u0131t\u0131m\u0131","url":"https:\/\/www.distribucionarc.com\/sl\/","logo":{"@type":"ImageObject","inLanguage":"tr","@id":"https:\/\/www.distribucionarc.com\/sl\/#\/schema\/logo\/image\/","url":"https:\/\/distribucionarc.com\/wp-content\/uploads\/2024\/10\/distribucion-ARC-COLOR-SIN-FONDO-e1732295305345.png","contentUrl":"https:\/\/distribucionarc.com\/wp-content\/uploads\/2024\/10\/distribucion-ARC-COLOR-SIN-FONDO-e1732295305345.png","width":1164,"height":558,"caption":"Distribuci\u00f3n ARC"},"image":{"@id":"https:\/\/www.distribucionarc.com\/sl\/#\/schema\/logo\/image\/"},"description":"\u015eirket, g\u0131da ve ila\u00e7 sekt\u00f6rleri i\u00e7in end\u00fcstriyel makine \u00fcretimi ve da\u011f\u0131t\u0131m\u0131 konusunda uzmanla\u015fm\u0131\u015ft\u0131r. Uzmanl\u0131k alanlar\u0131m\u0131z Et kesme makineleri Tablet \u00fcretimi End\u00fcstriyel ta\u015f\u0131ma sistemleri \u015ei\u015feleme hatlar\u0131 Dozajlama makineleri Ve \u00e7ok daha fazlas\u0131... \u015eirketinizin \u00fcretim s\u00fcre\u00e7lerini optimize etmek i\u00e7in yenilik\u00e7i ve \u00f6zelle\u015ftirilmi\u015f \u00e7\u00f6z\u00fcmler sunuyoruz.","email":"Admistracion@distribucionarc.com","telephone":"+34 643496664","legalName":"ARC TECH SOLUTIONS","foundingDate":"2024-04-09","vatID":"B55480172","numberOfEmployees":{"@type":"QuantitativeValue","minValue":"1","maxValue":"10"}}]}},"_links":{"self":[{"href":"https:\/\/distribucionarc.com\/tr\/wp-json\/wp\/v2\/product\/6863","targetHints":{"allow":["GET"]}}],"collection":[{"href":"https:\/\/distribucionarc.com\/tr\/wp-json\/wp\/v2\/product"}],"about":[{"href":"https:\/\/distribucionarc.com\/tr\/wp-json\/wp\/v2\/types\/product"}],"replies":[{"embeddable":true,"href":"https:\/\/distribucionarc.com\/tr\/wp-json\/wp\/v2\/comments?post=6863"}],"version-history":[{"count":0,"href":"https:\/\/distribucionarc.com\/tr\/wp-json\/wp\/v2\/product\/6863\/revisions"}],"wp:featuredmedia":[{"embeddable":true,"href":"https:\/\/distribucionarc.com\/tr\/wp-json\/wp\/v2\/media\/6864"}],"wp:attachment":[{"href":"https:\/\/distribucionarc.com\/tr\/wp-json\/wp\/v2\/media?parent=6863"}],"wp:term":[{"taxonomy":"product_brand","embeddable":true,"href":"https:\/\/distribucionarc.com\/tr\/wp-json\/wp\/v2\/product_brand?post=6863"},{"taxonomy":"product_cat","embeddable":true,"href":"https:\/\/distribucionarc.com\/tr\/wp-json\/wp\/v2\/product_cat?post=6863"},{"taxonomy":"product_tag","embeddable":true,"href":"https:\/\/distribucionarc.com\/tr\/wp-json\/wp\/v2\/product_tag?post=6863"}],"curies":[{"name":"wp","href":"https:\/\/api.w.org\/{rel}","templated":true}]}}