{"id":6879,"date":"2024-04-26T17:33:50","date_gmt":"2024-04-26T17:33:50","guid":{"rendered":"https:\/\/distribucionarc.com\/?post_type=product&#038;p=6879"},"modified":"2024-04-26T17:33:52","modified_gmt":"2024-04-26T17:33:52","slug":"vitamin-destek-takviyeleri-tozu-icin-kirici","status":"publish","type":"product","link":"https:\/\/distribucionarc.com\/tr\/producto\/trituradora-para-polvo-de-complementos-de-apoyo-vitaminico\/","title":{"rendered":"V\u0130TAM\u0130N DESTEK TOZU \u0130\u00c7\u0130N KIRICI"},"content":{"rendered":"<p>Geli\u015fmi\u015f \u00fcr\u00fcnlerimizi tan\u0131t\u0131yoruz <strong>Vitamin destek takviyelerinin toz k\u0131r\u0131c\u0131,<\/strong> \u00dcr\u00fcnlerinizin haz\u0131rlanmas\u0131nda ola\u011fan\u00fcst\u00fc performans sunmak i\u00e7in tasarlanm\u0131\u015ft\u0131r. Bu makine, darbe, s\u00fcrt\u00fcnme ve di\u015flilerin etkili bir kombinasyonunu kullanarak, malzemeyi k\u0131rmak i\u00e7in iki sabit ve hareketli disk aras\u0131ndaki y\u00fcksek h\u0131zl\u0131 ba\u011f\u0131l hareketten yararlan\u0131r. Ekran\u0131 farkl\u0131 bir meshe de\u011fi\u015ftirme yetene\u011fi ile.<\/p>\n<p>&nbsp;<\/p>\n<table>\n<tbody>\n<tr>\n<td width=\"142\">Modeli<\/td>\n<td width=\"142\">20B<\/td>\n<td width=\"142\">30B<\/td>\n<td width=\"142\">40B<\/td>\n<\/tr>\n<tr>\n<td width=\"142\">Mil h\u0131z\u0131 (dev\/dak)<\/td>\n<td width=\"142\">4500<\/td>\n<td width=\"142\">3800<\/td>\n<td width=\"142\">3400<\/td>\n<\/tr>\n<tr>\n<td width=\"142\">\u00dcretim kapasitesi (kg\/saat)<\/td>\n<td width=\"142\">60-150<\/td>\n<td width=\"142\">100-300<\/td>\n<td width=\"142\">160-800<\/td>\n<\/tr>\n<tr>\n<td width=\"142\">Motor g\u00fcc\u00fc (kw)<\/td>\n<td width=\"142\">4<\/td>\n<td width=\"142\">5.5<\/td>\n<td width=\"142\">11<\/td>\n<\/tr>\n<tr>\n<td width=\"142\">Fan g\u00fcc\u00fc (kilovat)<\/td>\n<td width=\"142\">1.5<\/td>\n<td width=\"142\">1.5<\/td>\n<td width=\"142\">1.5<\/td>\n<\/tr>\n<tr>\n<td width=\"142\">Besleme grafi\u011fi (milimetre)<\/td>\n<td width=\"142\">-6<\/td>\n<td width=\"142\">-10<\/td>\n<td width=\"142\">-12<\/td>\n<\/tr>\n<tr>\n<td width=\"142\">\u0130nce taneli \u00f6\u011f\u00fctme (mesh)<\/td>\n<td width=\"142\">10-120<\/td>\n<td width=\"142\">10-120<\/td>\n<td width=\"142\">10-120<\/td>\n<\/tr>\n<tr>\n<td width=\"142\">Genel boyut (mm)<\/td>\n<td width=\"142\">1100*<\/p>\n<p>600*<\/p>\n<p>1650*<\/td>\n<td width=\"142\">1200*<\/p>\n<p>650*<\/p>\n<p>1650*<\/td>\n<td width=\"142\">1650*<\/p>\n<p>700*<\/p>\n<p>1700*<\/td>\n<\/tr>\n<\/tbody>\n<\/table>","protected":false},"excerpt":{"rendered":"<p>Haz\u0131rlamada ola\u011fan\u00fcst\u00fc performans sunmak \u00fczere tasarlanm\u0131\u015f geli\u015fmi\u015f Vitamin Destek Takviyesi Toz \u00d6\u011f\u00fct\u00fcc\u00fcm\u00fcz\u00fc tan\u0131t\u0131yoruz<\/p>","protected":false},"featured_media":6880,"comment_status":"open","ping_status":"closed","template":"","meta":{"wds_primary_product_brand":0,"wds_primary_product_cat":0},"product_brand":[],"product_cat":[84],"product_tag":[],"class_list":{"0":"post-6879","1":"product","2":"type-product","3":"status-publish","4":"has-post-thumbnail","6":"product_cat-maquinas-para-hacer-pastillas","8":"first","9":"instock","10":"taxable","11":"shipping-taxable","12":"purchasable","13":"product-type-simple"},"yoast_head":"<!-- This site is optimized with the Yoast SEO Premium plugin v24.9 (Yoast SEO v26.1) - https:\/\/yoast.com\/wordpress\/plugins\/seo\/ -->\n<title>TRITURADORA PARA POLVO DE COMPLEMENTOS DE APOYO VITAMINICO - distribuci\u00f3n ARC<\/title>\n<meta name=\"robots\" content=\"index, follow, max-snippet:-1, max-image-preview:large, max-video-preview:-1\" \/>\n<link rel=\"canonical\" href=\"https:\/\/distribucionarc.com\/tr\/urun\/vitamin-destek-takviyeleri-tozu-icin-kirici\/\" \/>\n<meta property=\"og:locale\" content=\"tr_TR\" \/>\n<meta property=\"og:type\" content=\"article\" \/>\n<meta property=\"og:title\" content=\"TRITURADORA PARA POLVO DE COMPLEMENTOS DE APOYO VITAMINICO\" \/>\n<meta property=\"og:description\" content=\"Introducimos nuestra avanzada Trituradora para polvo de complementos de apoyo vitam\u00ednico, dise\u00f1ada para ofrecer un rendimiento excepcional en la preparaci\u00f3n\" \/>\n<meta property=\"og:url\" content=\"https:\/\/distribucionarc.com\/tr\/urun\/vitamin-destek-takviyeleri-tozu-icin-kirici\/\" \/>\n<meta property=\"og:site_name\" content=\"distribuci\u00f3n ARC\" \/>\n<meta property=\"article:modified_time\" content=\"2024-04-26T17:33:52+00:00\" \/>\n<meta property=\"og:image\" content=\"https:\/\/distribucionarc.com\/wp-content\/uploads\/2024\/04\/TRITURADORA-PARA-POLVO-DE-COMPLEMENTOS-DE-APOYO-VITAMINICO.jpg\" \/>\n\t<meta property=\"og:image:width\" content=\"696\" \/>\n\t<meta property=\"og:image:height\" content=\"952\" \/>\n\t<meta property=\"og:image:type\" content=\"image\/jpeg\" \/>\n<meta name=\"twitter:card\" content=\"summary_large_image\" \/>\n<meta name=\"twitter:label1\" content=\"Tahmini okuma s\u00fcresi\" \/>\n\t<meta name=\"twitter:data1\" content=\"1 dakika\" \/>\n<script type=\"application\/ld+json\" class=\"yoast-schema-graph\">{\"@context\":\"https:\/\/schema.org\",\"@graph\":[{\"@type\":\"WebPage\",\"@id\":\"https:\/\/distribucionarc.com\/nl\/producto\/trituradora-para-polvo-de-complementos-de-apoyo-vitaminico\/\",\"url\":\"https:\/\/distribucionarc.com\/nl\/producto\/trituradora-para-polvo-de-complementos-de-apoyo-vitaminico\/\",\"name\":\"TRITURADORA PARA POLVO DE COMPLEMENTOS DE APOYO VITAMINICO - distribuci\u00f3n ARC\",\"isPartOf\":{\"@id\":\"https:\/\/www.distribucionarc.com\/sl\/#website\"},\"primaryImageOfPage\":{\"@id\":\"https:\/\/distribucionarc.com\/nl\/producto\/trituradora-para-polvo-de-complementos-de-apoyo-vitaminico\/#primaryimage\"},\"image\":{\"@id\":\"https:\/\/distribucionarc.com\/nl\/producto\/trituradora-para-polvo-de-complementos-de-apoyo-vitaminico\/#primaryimage\"},\"thumbnailUrl\":\"https:\/\/distribucionarc.com\/wp-content\/uploads\/2024\/04\/TRITURADORA-PARA-POLVO-DE-COMPLEMENTOS-DE-APOYO-VITAMINICO.jpg\",\"datePublished\":\"2024-04-26T17:33:50+00:00\",\"dateModified\":\"2024-04-26T17:33:52+00:00\",\"breadcrumb\":{\"@id\":\"https:\/\/distribucionarc.com\/nl\/producto\/trituradora-para-polvo-de-complementos-de-apoyo-vitaminico\/#breadcrumb\"},\"inLanguage\":\"tr\",\"potentialAction\":[{\"@type\":\"ReadAction\",\"target\":[\"https:\/\/distribucionarc.com\/nl\/producto\/trituradora-para-polvo-de-complementos-de-apoyo-vitaminico\/\"]}]},{\"@type\":\"ImageObject\",\"inLanguage\":\"tr\",\"@id\":\"https:\/\/distribucionarc.com\/nl\/producto\/trituradora-para-polvo-de-complementos-de-apoyo-vitaminico\/#primaryimage\",\"url\":\"https:\/\/distribucionarc.com\/wp-content\/uploads\/2024\/04\/TRITURADORA-PARA-POLVO-DE-COMPLEMENTOS-DE-APOYO-VITAMINICO.jpg\",\"contentUrl\":\"https:\/\/distribucionarc.com\/wp-content\/uploads\/2024\/04\/TRITURADORA-PARA-POLVO-DE-COMPLEMENTOS-DE-APOYO-VITAMINICO.jpg\",\"width\":696,\"height\":952,\"caption\":\"#image_title\"},{\"@type\":\"BreadcrumbList\",\"@id\":\"https:\/\/distribucionarc.com\/nl\/producto\/trituradora-para-polvo-de-complementos-de-apoyo-vitaminico\/#breadcrumb\",\"itemListElement\":[{\"@type\":\"ListItem\",\"position\":1,\"name\":\"Portada\",\"item\":\"https:\/\/www.distribucionarc.com\/\"},{\"@type\":\"ListItem\",\"position\":2,\"name\":\"\u00dcr\u00fcnler\",\"item\":\"https:\/\/www.distribucionarc.com\/tr\/magaza\/\"},{\"@type\":\"ListItem\",\"position\":3,\"name\":\"TRITURADORA PARA POLVO DE COMPLEMENTOS DE APOYO VITAMINICO\"}]},{\"@type\":\"WebSite\",\"@id\":\"https:\/\/www.distribucionarc.com\/sl\/#website\",\"url\":\"https:\/\/www.distribucionarc.com\/sl\/\",\"name\":\"distribuci\u00f3n ARC\",\"description\":\"Empresa especializada en la fabricaci\u00f3n y distribuci\u00f3n de maquinaria industrial, selladoras de latas, Maquinas de hacer pastillas, Maquinas de cortar carne...\",\"publisher\":{\"@id\":\"https:\/\/www.distribucionarc.com\/sl\/#organization\"},\"potentialAction\":[{\"@type\":\"SearchAction\",\"target\":{\"@type\":\"EntryPoint\",\"urlTemplate\":\"https:\/\/www.distribucionarc.com\/sl\/?s={search_term_string}\"},\"query-input\":{\"@type\":\"PropertyValueSpecification\",\"valueRequired\":true,\"valueName\":\"search_term_string\"}}],\"inLanguage\":\"tr\"},{\"@type\":\"Organization\",\"@id\":\"https:\/\/www.distribucionarc.com\/sl\/#organization\",\"name\":\"Distribuci\u00f3n ARC\",\"url\":\"https:\/\/www.distribucionarc.com\/sl\/\",\"logo\":{\"@type\":\"ImageObject\",\"inLanguage\":\"tr\",\"@id\":\"https:\/\/www.distribucionarc.com\/sl\/#\/schema\/logo\/image\/\",\"url\":\"https:\/\/distribucionarc.com\/wp-content\/uploads\/2024\/10\/distribucion-ARC-COLOR-SIN-FONDO-e1732295305345.png\",\"contentUrl\":\"https:\/\/distribucionarc.com\/wp-content\/uploads\/2024\/10\/distribucion-ARC-COLOR-SIN-FONDO-e1732295305345.png\",\"width\":1164,\"height\":558,\"caption\":\"Distribuci\u00f3n ARC\"},\"image\":{\"@id\":\"https:\/\/www.distribucionarc.com\/sl\/#\/schema\/logo\/image\/\"},\"description\":\"Empresa especializada en la fabricaci\u00f3n y distribuci\u00f3n de maquinaria industrial para los sectores alimentario y farmac\u00e9utico. Nos especializamos en: M\u00e1quinas de cortar carne Fabricaci\u00f3n de comprimidos Sistemas de transporte industrial L\u00edneas de embotellado Dosificadores Y mucho m\u00e1s... Ofrecemos soluciones innovadoras y personalizadas para optimizar los procesos productivos de tu empresa.\",\"email\":\"Admistracion@distribucionarc.com\",\"telephone\":\"+34 643496664\",\"legalName\":\"ARC TECH SOLUTIONS\",\"foundingDate\":\"2024-04-09\",\"vatID\":\"B55480172\",\"numberOfEmployees\":{\"@type\":\"QuantitativeValue\",\"minValue\":\"1\",\"maxValue\":\"10\"}}]}<\/script>\n<!-- \/ Yoast SEO Premium plugin. -->","yoast_head_json":{"title":"V\u0130TAM\u0130N TAKV\u0130YES\u0130 TOZ KIRICI - ARC da\u011f\u0131t\u0131m","robots":{"index":"index","follow":"follow","max-snippet":"max-snippet:-1","max-image-preview":"max-image-preview:large","max-video-preview":"max-video-preview:-1"},"canonical":"https:\/\/distribucionarc.com\/tr\/urun\/vitamin-destek-takviyeleri-tozu-icin-kirici\/","og_locale":"tr_TR","og_type":"article","og_title":"TRITURADORA PARA POLVO DE COMPLEMENTOS DE APOYO VITAMINICO","og_description":"Introducimos nuestra avanzada Trituradora para polvo de complementos de apoyo vitam\u00ednico, dise\u00f1ada para ofrecer un rendimiento excepcional en la preparaci\u00f3n","og_url":"https:\/\/distribucionarc.com\/tr\/urun\/vitamin-destek-takviyeleri-tozu-icin-kirici\/","og_site_name":"distribuci\u00f3n ARC","article_modified_time":"2024-04-26T17:33:52+00:00","og_image":[{"width":696,"height":952,"url":"https:\/\/distribucionarc.com\/wp-content\/uploads\/2024\/04\/TRITURADORA-PARA-POLVO-DE-COMPLEMENTOS-DE-APOYO-VITAMINICO.jpg","type":"image\/jpeg"}],"twitter_card":"summary_large_image","twitter_misc":{"Tahmini okuma s\u00fcresi":"1 dakika"},"schema":{"@context":"https:\/\/schema.org","@graph":[{"@type":"WebPage","@id":"https:\/\/distribucionarc.com\/nl\/producto\/trituradora-para-polvo-de-complementos-de-apoyo-vitaminico\/","url":"https:\/\/distribucionarc.com\/nl\/producto\/trituradora-para-polvo-de-complementos-de-apoyo-vitaminico\/","name":"V\u0130TAM\u0130N TAKV\u0130YES\u0130 TOZ KIRICI - ARC da\u011f\u0131t\u0131m","isPartOf":{"@id":"https:\/\/www.distribucionarc.com\/sl\/#website"},"primaryImageOfPage":{"@id":"https:\/\/distribucionarc.com\/nl\/producto\/trituradora-para-polvo-de-complementos-de-apoyo-vitaminico\/#primaryimage"},"image":{"@id":"https:\/\/distribucionarc.com\/nl\/producto\/trituradora-para-polvo-de-complementos-de-apoyo-vitaminico\/#primaryimage"},"thumbnailUrl":"https:\/\/distribucionarc.com\/wp-content\/uploads\/2024\/04\/TRITURADORA-PARA-POLVO-DE-COMPLEMENTOS-DE-APOYO-VITAMINICO.jpg","datePublished":"2024-04-26T17:33:50+00:00","dateModified":"2024-04-26T17:33:52+00:00","breadcrumb":{"@id":"https:\/\/distribucionarc.com\/nl\/producto\/trituradora-para-polvo-de-complementos-de-apoyo-vitaminico\/#breadcrumb"},"inLanguage":"tr","potentialAction":[{"@type":"ReadAction","target":["https:\/\/distribucionarc.com\/nl\/producto\/trituradora-para-polvo-de-complementos-de-apoyo-vitaminico\/"]}]},{"@type":"ImageObject","inLanguage":"tr","@id":"https:\/\/distribucionarc.com\/nl\/producto\/trituradora-para-polvo-de-complementos-de-apoyo-vitaminico\/#primaryimage","url":"https:\/\/distribucionarc.com\/wp-content\/uploads\/2024\/04\/TRITURADORA-PARA-POLVO-DE-COMPLEMENTOS-DE-APOYO-VITAMINICO.jpg","contentUrl":"https:\/\/distribucionarc.com\/wp-content\/uploads\/2024\/04\/TRITURADORA-PARA-POLVO-DE-COMPLEMENTOS-DE-APOYO-VITAMINICO.jpg","width":696,"height":952,"caption":"#image_title"},{"@type":"BreadcrumbList","@id":"https:\/\/distribucionarc.com\/nl\/producto\/trituradora-para-polvo-de-complementos-de-apoyo-vitaminico\/#breadcrumb","itemListElement":[{"@type":"ListItem","position":1,"name":"Portada","item":"https:\/\/www.distribucionarc.com\/"},{"@type":"ListItem","position":2,"name":"\u00dcr\u00fcnler","item":"https:\/\/www.distribucionarc.com\/tr\/magaza\/"},{"@type":"ListItem","position":3,"name":"TRITURADORA PARA POLVO DE COMPLEMENTOS DE APOYO VITAMINICO"}]},{"@type":"WebSite","@id":"https:\/\/www.distribucionarc.com\/sl\/#website","url":"https:\/\/www.distribucionarc.com\/sl\/","name":"ARC da\u011f\u0131t\u0131m\u0131","description":"End\u00fcstriyel makinelerin \u00fcretimi ve da\u011f\u0131t\u0131m\u0131 konusunda uzmanla\u015fm\u0131\u015f \u015firket, kutu m\u00fch\u00fcrleme makineleri, tablet yapma makineleri, et kesme makineleri...","publisher":{"@id":"https:\/\/www.distribucionarc.com\/sl\/#organization"},"potentialAction":[{"@type":"SearchAction","target":{"@type":"EntryPoint","urlTemplate":"https:\/\/www.distribucionarc.com\/sl\/?s={search_term_string}"},"query-input":{"@type":"PropertyValueSpecification","valueRequired":true,"valueName":"search_term_string"}}],"inLanguage":"tr"},{"@type":"Organization","@id":"https:\/\/www.distribucionarc.com\/sl\/#organization","name":"ARC Da\u011f\u0131t\u0131m\u0131","url":"https:\/\/www.distribucionarc.com\/sl\/","logo":{"@type":"ImageObject","inLanguage":"tr","@id":"https:\/\/www.distribucionarc.com\/sl\/#\/schema\/logo\/image\/","url":"https:\/\/distribucionarc.com\/wp-content\/uploads\/2024\/10\/distribucion-ARC-COLOR-SIN-FONDO-e1732295305345.png","contentUrl":"https:\/\/distribucionarc.com\/wp-content\/uploads\/2024\/10\/distribucion-ARC-COLOR-SIN-FONDO-e1732295305345.png","width":1164,"height":558,"caption":"Distribuci\u00f3n ARC"},"image":{"@id":"https:\/\/www.distribucionarc.com\/sl\/#\/schema\/logo\/image\/"},"description":"\u015eirket, g\u0131da ve ila\u00e7 sekt\u00f6rleri i\u00e7in end\u00fcstriyel makine \u00fcretimi ve da\u011f\u0131t\u0131m\u0131 konusunda uzmanla\u015fm\u0131\u015ft\u0131r. Uzmanl\u0131k alanlar\u0131m\u0131z Et kesme makineleri Tablet \u00fcretimi End\u00fcstriyel ta\u015f\u0131ma sistemleri \u015ei\u015feleme hatlar\u0131 Dozajlama makineleri Ve \u00e7ok daha fazlas\u0131... \u015eirketinizin \u00fcretim s\u00fcre\u00e7lerini optimize etmek i\u00e7in yenilik\u00e7i ve \u00f6zelle\u015ftirilmi\u015f \u00e7\u00f6z\u00fcmler sunuyoruz.","email":"Admistracion@distribucionarc.com","telephone":"+34 643496664","legalName":"ARC TECH SOLUTIONS","foundingDate":"2024-04-09","vatID":"B55480172","numberOfEmployees":{"@type":"QuantitativeValue","minValue":"1","maxValue":"10"}}]}},"_links":{"self":[{"href":"https:\/\/distribucionarc.com\/tr\/wp-json\/wp\/v2\/product\/6879","targetHints":{"allow":["GET"]}}],"collection":[{"href":"https:\/\/distribucionarc.com\/tr\/wp-json\/wp\/v2\/product"}],"about":[{"href":"https:\/\/distribucionarc.com\/tr\/wp-json\/wp\/v2\/types\/product"}],"replies":[{"embeddable":true,"href":"https:\/\/distribucionarc.com\/tr\/wp-json\/wp\/v2\/comments?post=6879"}],"version-history":[{"count":0,"href":"https:\/\/distribucionarc.com\/tr\/wp-json\/wp\/v2\/product\/6879\/revisions"}],"wp:featuredmedia":[{"embeddable":true,"href":"https:\/\/distribucionarc.com\/tr\/wp-json\/wp\/v2\/media\/6880"}],"wp:attachment":[{"href":"https:\/\/distribucionarc.com\/tr\/wp-json\/wp\/v2\/media?parent=6879"}],"wp:term":[{"taxonomy":"product_brand","embeddable":true,"href":"https:\/\/distribucionarc.com\/tr\/wp-json\/wp\/v2\/product_brand?post=6879"},{"taxonomy":"product_cat","embeddable":true,"href":"https:\/\/distribucionarc.com\/tr\/wp-json\/wp\/v2\/product_cat?post=6879"},{"taxonomy":"product_tag","embeddable":true,"href":"https:\/\/distribucionarc.com\/tr\/wp-json\/wp\/v2\/product_tag?post=6879"}],"curies":[{"name":"wp","href":"https:\/\/api.w.org\/{rel}","templated":true}]}}