{"id":6885,"date":"2024-04-26T17:54:26","date_gmt":"2024-04-26T17:54:26","guid":{"rendered":"https:\/\/distribucionarc.com\/?post_type=product&#038;p=6885"},"modified":"2024-04-26T17:54:27","modified_gmt":"2024-04-26T17:54:27","slug":"kollajen-takviyesi-tozlari-icin-v-blender-mikser","status":"publish","type":"product","link":"https:\/\/distribucionarc.com\/tr\/producto\/mezcladora-v-blender-para-polvos-de-suplementos-de-colageno\/","title":{"rendered":"V KOLAJEN TAKV\u0130YE TOZU \u0130\u00c7\u0130N BLENDER KARI\u015eTIRICI"},"content":{"rendered":"<p>Ke\u015ffedin <strong>V BLENDER Kar\u0131\u015ft\u0131rma Makinesi<\/strong> i\u00e7in \u00f6zel olarak tasarlanm\u0131\u015f <strong>kolajen takviyesi \u00fcretimi<\/strong> ila\u00e7 ve g\u0131da end\u00fcstrilerinde. Geli\u015fmi\u015f mekanik \u015fanz\u0131man ve iki V \u015fekilli silindir ile y\u00fcksek kaliteli SS304 kuru toz malzemelerin e\u015fit ve verimli bir \u015fekilde kar\u0131\u015ft\u0131r\u0131lmas\u0131n\u0131 sa\u011flar. Kullan\u0131m\u0131 kolay ve sezgisel kontrollerle ekibinizin \u00fcretkenli\u011fini en \u00fcst d\u00fczeye \u00e7\u0131kar\u0131n. Yenilik\u00e7i \u00e7\u00f6z\u00fcm\u00fcm\u00fczle \u00fcretim s\u00fcrecinizi iyile\u015ftirin!<\/p>\n<p>&nbsp;<\/p>\n<table>\n<tbody>\n<tr>\n<td width=\"43\">Modeli<\/td>\n<td width=\"44\">Tam de\u011fer (Litre)<\/td>\n<td width=\"42\">Net hacim (Litre)<\/td>\n<td width=\"50\">Y\u00fck katsay\u0131s\u0131<\/td>\n<td width=\"48\">Maksimum kapasite (kg)<\/td>\n<td width=\"48\">Optimum liderlik kapasitesi (kg)<\/td>\n<td width=\"43\">Namlu \u00e7ap\u0131 (milimetre)<\/td>\n<td width=\"55\">Besleme giri\u015f \u00e7ap\u0131 (milimetre)<\/td>\n<td width=\"41\">\u00c7\u0131k\u0131\u015f \u00e7ap\u0131 (milimetre)<\/td>\n<td width=\"35\">Kuvvet (kw)<\/td>\n<td width=\"65\">H\u0131z (dev\/dak)<\/td>\n<td width=\"55\">Boyutlar (mm)<\/td>\n<\/tr>\n<tr>\n<td width=\"43\">VARH2<\/td>\n<td width=\"44\">2<\/td>\n<td width=\"42\">0.8<\/td>\n<td width=\"50\">40%<\/td>\n<td width=\"48\">1<\/td>\n<td width=\"48\">0.6<\/td>\n<td width=\"43\">-900<\/td>\n<td width=\"55\">-57<\/td>\n<td width=\"41\">-57<\/td>\n<td width=\"35\">1.04<\/td>\n<td width=\"65\">24<\/td>\n<td width=\"55\">475*<\/p>\n<p>205*<\/p>\n<p>380*<\/td>\n<\/tr>\n<tr>\n<td width=\"43\">VARH5<\/td>\n<td width=\"44\">5<\/td>\n<td width=\"42\">2<\/td>\n<td width=\"50\">40%<\/td>\n<td width=\"48\">2.5<\/td>\n<td width=\"48\">1.4<\/td>\n<td width=\"43\">-133<\/td>\n<td width=\"55\">-76<\/td>\n<td width=\"41\">-76<\/td>\n<td width=\"35\">0.55<\/td>\n<td width=\"65\">24<\/td>\n<td width=\"55\">720*<\/p>\n<p>350*<\/p>\n<p>610*<\/td>\n<\/tr>\n<tr>\n<td width=\"43\">VARH8<\/td>\n<td width=\"44\">8<\/td>\n<td width=\"42\">3.2<\/td>\n<td width=\"50\">40%<\/td>\n<td width=\"48\">4<\/td>\n<td width=\"48\">2.2<\/td>\n<td width=\"43\">-133<\/td>\n<td width=\"55\">-76<\/td>\n<td width=\"41\">-76<\/td>\n<td width=\"35\">0.55<\/td>\n<td width=\"65\">24<\/td>\n<td width=\"55\">810*<\/p>\n<p>350*<\/p>\n<p>625*<\/td>\n<\/tr>\n<tr>\n<td width=\"43\">VARH10<\/td>\n<td width=\"44\">10<\/td>\n<td width=\"42\">4<\/td>\n<td width=\"50\">40%<\/td>\n<td width=\"48\">5<\/td>\n<td width=\"48\">2.8<\/td>\n<td width=\"43\">-160<\/td>\n<td width=\"55\">-108<\/td>\n<td width=\"41\">-76<\/td>\n<td width=\"35\">0.55<\/td>\n<td width=\"65\">24<\/td>\n<td width=\"55\">850*<\/p>\n<p>350*<\/p>\n<p>785*<\/td>\n<\/tr>\n<tr>\n<td width=\"43\">VAH14<\/p>\n<p>(basit)<\/td>\n<td width=\"44\">14<\/td>\n<td width=\"42\">5.6<\/td>\n<td width=\"50\">40%<\/td>\n<td width=\"48\">7<\/td>\n<td width=\"48\">4.2<\/td>\n<td width=\"43\">-160<\/td>\n<td width=\"55\">-108<\/td>\n<td width=\"41\">-76<\/td>\n<td width=\"35\">0.55<\/td>\n<td width=\"65\">20<\/td>\n<td width=\"55\">925*<\/p>\n<p>350*<\/p>\n<p>825*<\/td>\n<\/tr>\n<tr>\n<td width=\"43\">VARH14 (\u00e7ift)<\/td>\n<td width=\"44\">14<\/td>\n<td width=\"42\">5.6<\/td>\n<td width=\"50\">40%<\/td>\n<td width=\"48\">7<\/td>\n<td width=\"48\">4.2<\/td>\n<td width=\"43\">-160<\/td>\n<td width=\"55\">-108<\/td>\n<td width=\"41\">-76<\/td>\n<td width=\"35\">0.55<\/td>\n<td width=\"65\">20<\/td>\n<td width=\"55\">930*<\/p>\n<p>350*<\/p>\n<p>840*<\/td>\n<\/tr>\n<tr>\n<td width=\"43\">VARH20 (tekli)<\/td>\n<td width=\"44\">20<\/td>\n<td width=\"42\">8<\/td>\n<td width=\"50\">40%<\/td>\n<td width=\"48\">10<\/td>\n<td width=\"48\">5.6<\/td>\n<td width=\"43\">-220<\/td>\n<td width=\"55\">-133<\/td>\n<td width=\"41\">-76<\/td>\n<td width=\"35\">0.75<\/td>\n<td width=\"65\">20<\/td>\n<td width=\"55\">950*<\/p>\n<p>350*<\/p>\n<p>830*<\/td>\n<\/tr>\n<tr>\n<td width=\"43\">VARH2O (\u00e7ift)<\/td>\n<td width=\"44\">20<\/td>\n<td width=\"42\">8<\/td>\n<td width=\"50\">40%<\/td>\n<td width=\"48\">10<\/td>\n<td width=\"48\">5.6<\/td>\n<td width=\"43\">-220<\/td>\n<td width=\"55\">-133<\/td>\n<td width=\"41\">-76<\/td>\n<td width=\"35\">0.55<\/td>\n<td width=\"65\">20<\/td>\n<td width=\"55\">1950*<\/p>\n<p>350*<\/p>\n<p>860*<\/td>\n<\/tr>\n<tr>\n<td width=\"43\">VARH30 (tekli)<\/td>\n<td width=\"44\">30<\/td>\n<td width=\"42\">12<\/td>\n<td width=\"50\">40%<\/td>\n<td width=\"48\">15<\/td>\n<td width=\"48\">8<\/td>\n<td width=\"43\">-255<\/td>\n<td width=\"55\">-133<\/td>\n<td width=\"41\">-76<\/td>\n<td width=\"35\">0.75<\/td>\n<td width=\"65\">20<\/td>\n<td width=\"55\">990*<\/p>\n<p>350*<\/p>\n<p>860*<\/td>\n<\/tr>\n<\/tbody>\n<\/table>","protected":false},"excerpt":{"rendered":"<p>\u0130la\u00e7 ve g\u0131da end\u00fcstrisinde kolajen takviyelerinin \u00fcretimi i\u00e7in \u00f6zel olarak tasarlanm\u0131\u015f V BLENDER Kar\u0131\u015ft\u0131rma Makinemizi ke\u015ffedin.<\/p>","protected":false},"featured_media":6888,"comment_status":"open","ping_status":"closed","template":"","meta":{"wds_primary_product_brand":0,"wds_primary_product_cat":0},"product_brand":[],"product_cat":[84],"product_tag":[],"class_list":{"0":"post-6885","1":"product","2":"type-product","3":"status-publish","4":"has-post-thumbnail","6":"product_cat-maquinas-para-hacer-pastillas","8":"first","9":"instock","10":"taxable","11":"shipping-taxable","12":"purchasable","13":"product-type-simple"},"yoast_head":"<!-- This site is optimized with the Yoast SEO Premium plugin v24.9 (Yoast SEO v26.1) - https:\/\/yoast.com\/wordpress\/plugins\/seo\/ -->\n<title>MEZCLADORA V BLENDER PARA POLVOS DE SUPLEMENTOS DE COLAGENO - distribuci\u00f3n ARC<\/title>\n<meta name=\"robots\" content=\"index, follow, max-snippet:-1, max-image-preview:large, max-video-preview:-1\" \/>\n<link rel=\"canonical\" href=\"https:\/\/distribucionarc.com\/tr\/urun\/kollajen-takviyesi-tozlari-icin-v-blender-mikser\/\" \/>\n<meta property=\"og:locale\" content=\"tr_TR\" \/>\n<meta property=\"og:type\" content=\"article\" \/>\n<meta property=\"og:title\" content=\"MEZCLADORA V BLENDER PARA POLVOS DE SUPLEMENTOS DE COLAGENO\" \/>\n<meta property=\"og:description\" content=\"Descubre nuestra M\u00e1quina\u00a0 Mezcladora V BLENDER dise\u00f1ada espec\u00edficamente para la producci\u00f3n de suplementos de col\u00e1geno en las industrias farmac\u00e9utica y\" \/>\n<meta property=\"og:url\" content=\"https:\/\/distribucionarc.com\/tr\/urun\/kollajen-takviyesi-tozlari-icin-v-blender-mikser\/\" \/>\n<meta property=\"og:site_name\" content=\"distribuci\u00f3n ARC\" \/>\n<meta property=\"article:modified_time\" content=\"2024-04-26T17:54:27+00:00\" \/>\n<meta property=\"og:image\" content=\"https:\/\/distribucionarc.com\/wp-content\/uploads\/2024\/04\/MEZCLADORA-V-BLENDER-PARA-POLVOS-DE-SUPLEMENTOS-DE-COLAGENO.jpg\" \/>\n\t<meta property=\"og:image:width\" content=\"1408\" \/>\n\t<meta property=\"og:image:height\" content=\"1072\" \/>\n\t<meta property=\"og:image:type\" content=\"image\/jpeg\" \/>\n<meta name=\"twitter:card\" content=\"summary_large_image\" \/>\n<meta name=\"twitter:label1\" content=\"Tahmini okuma s\u00fcresi\" \/>\n\t<meta name=\"twitter:data1\" content=\"1 dakika\" \/>\n<script type=\"application\/ld+json\" class=\"yoast-schema-graph\">{\"@context\":\"https:\/\/schema.org\",\"@graph\":[{\"@type\":\"WebPage\",\"@id\":\"https:\/\/distribucionarc.com\/en\/producto\/mezcladora-v-blender-para-polvos-de-suplementos-de-colageno\/\",\"url\":\"https:\/\/distribucionarc.com\/en\/producto\/mezcladora-v-blender-para-polvos-de-suplementos-de-colageno\/\",\"name\":\"MEZCLADORA V BLENDER PARA POLVOS DE SUPLEMENTOS DE COLAGENO - distribuci\u00f3n ARC\",\"isPartOf\":{\"@id\":\"https:\/\/www.distribucionarc.com\/sl\/#website\"},\"primaryImageOfPage\":{\"@id\":\"https:\/\/distribucionarc.com\/en\/producto\/mezcladora-v-blender-para-polvos-de-suplementos-de-colageno\/#primaryimage\"},\"image\":{\"@id\":\"https:\/\/distribucionarc.com\/en\/producto\/mezcladora-v-blender-para-polvos-de-suplementos-de-colageno\/#primaryimage\"},\"thumbnailUrl\":\"https:\/\/distribucionarc.com\/wp-content\/uploads\/2024\/04\/MEZCLADORA-V-BLENDER-PARA-POLVOS-DE-SUPLEMENTOS-DE-COLAGENO.jpg\",\"datePublished\":\"2024-04-26T17:54:26+00:00\",\"dateModified\":\"2024-04-26T17:54:27+00:00\",\"breadcrumb\":{\"@id\":\"https:\/\/distribucionarc.com\/en\/producto\/mezcladora-v-blender-para-polvos-de-suplementos-de-colageno\/#breadcrumb\"},\"inLanguage\":\"tr\",\"potentialAction\":[{\"@type\":\"ReadAction\",\"target\":[\"https:\/\/distribucionarc.com\/en\/producto\/mezcladora-v-blender-para-polvos-de-suplementos-de-colageno\/\"]}]},{\"@type\":\"ImageObject\",\"inLanguage\":\"tr\",\"@id\":\"https:\/\/distribucionarc.com\/en\/producto\/mezcladora-v-blender-para-polvos-de-suplementos-de-colageno\/#primaryimage\",\"url\":\"https:\/\/distribucionarc.com\/wp-content\/uploads\/2024\/04\/MEZCLADORA-V-BLENDER-PARA-POLVOS-DE-SUPLEMENTOS-DE-COLAGENO.jpg\",\"contentUrl\":\"https:\/\/distribucionarc.com\/wp-content\/uploads\/2024\/04\/MEZCLADORA-V-BLENDER-PARA-POLVOS-DE-SUPLEMENTOS-DE-COLAGENO.jpg\",\"width\":1408,\"height\":1072,\"caption\":\"#image_title\"},{\"@type\":\"BreadcrumbList\",\"@id\":\"https:\/\/distribucionarc.com\/en\/producto\/mezcladora-v-blender-para-polvos-de-suplementos-de-colageno\/#breadcrumb\",\"itemListElement\":[{\"@type\":\"ListItem\",\"position\":1,\"name\":\"Portada\",\"item\":\"https:\/\/www.distribucionarc.com\/\"},{\"@type\":\"ListItem\",\"position\":2,\"name\":\"\u00dcr\u00fcnler\",\"item\":\"https:\/\/www.distribucionarc.com\/tr\/magaza\/\"},{\"@type\":\"ListItem\",\"position\":3,\"name\":\"MEZCLADORA V BLENDER PARA POLVOS DE SUPLEMENTOS DE COLAGENO\"}]},{\"@type\":\"WebSite\",\"@id\":\"https:\/\/www.distribucionarc.com\/sl\/#website\",\"url\":\"https:\/\/www.distribucionarc.com\/sl\/\",\"name\":\"distribuci\u00f3n ARC\",\"description\":\"Empresa especializada en la fabricaci\u00f3n y distribuci\u00f3n de maquinaria industrial, selladoras de latas, Maquinas de hacer pastillas, Maquinas de cortar carne...\",\"publisher\":{\"@id\":\"https:\/\/www.distribucionarc.com\/sl\/#organization\"},\"potentialAction\":[{\"@type\":\"SearchAction\",\"target\":{\"@type\":\"EntryPoint\",\"urlTemplate\":\"https:\/\/www.distribucionarc.com\/sl\/?s={search_term_string}\"},\"query-input\":{\"@type\":\"PropertyValueSpecification\",\"valueRequired\":true,\"valueName\":\"search_term_string\"}}],\"inLanguage\":\"tr\"},{\"@type\":\"Organization\",\"@id\":\"https:\/\/www.distribucionarc.com\/sl\/#organization\",\"name\":\"Distribuci\u00f3n ARC\",\"url\":\"https:\/\/www.distribucionarc.com\/sl\/\",\"logo\":{\"@type\":\"ImageObject\",\"inLanguage\":\"tr\",\"@id\":\"https:\/\/www.distribucionarc.com\/sl\/#\/schema\/logo\/image\/\",\"url\":\"https:\/\/distribucionarc.com\/wp-content\/uploads\/2024\/10\/distribucion-ARC-COLOR-SIN-FONDO-e1732295305345.png\",\"contentUrl\":\"https:\/\/distribucionarc.com\/wp-content\/uploads\/2024\/10\/distribucion-ARC-COLOR-SIN-FONDO-e1732295305345.png\",\"width\":1164,\"height\":558,\"caption\":\"Distribuci\u00f3n ARC\"},\"image\":{\"@id\":\"https:\/\/www.distribucionarc.com\/sl\/#\/schema\/logo\/image\/\"},\"description\":\"Empresa especializada en la fabricaci\u00f3n y distribuci\u00f3n de maquinaria industrial para los sectores alimentario y farmac\u00e9utico. Nos especializamos en: M\u00e1quinas de cortar carne Fabricaci\u00f3n de comprimidos Sistemas de transporte industrial L\u00edneas de embotellado Dosificadores Y mucho m\u00e1s... Ofrecemos soluciones innovadoras y personalizadas para optimizar los procesos productivos de tu empresa.\",\"email\":\"Admistracion@distribucionarc.com\",\"telephone\":\"+34 643496664\",\"legalName\":\"ARC TECH SOLUTIONS\",\"foundingDate\":\"2024-04-09\",\"vatID\":\"B55480172\",\"numberOfEmployees\":{\"@type\":\"QuantitativeValue\",\"minValue\":\"1\",\"maxValue\":\"10\"}}]}<\/script>\n<!-- \/ Yoast SEO Premium plugin. -->","yoast_head_json":{"title":"V KOLAJEN TAKV\u0130YE TOZU \u0130\u00c7\u0130N BLENDER M\u0130KSER - ARC da\u011f\u0131t\u0131m\u0131","robots":{"index":"index","follow":"follow","max-snippet":"max-snippet:-1","max-image-preview":"max-image-preview:large","max-video-preview":"max-video-preview:-1"},"canonical":"https:\/\/distribucionarc.com\/tr\/urun\/kollajen-takviyesi-tozlari-icin-v-blender-mikser\/","og_locale":"tr_TR","og_type":"article","og_title":"MEZCLADORA V BLENDER PARA POLVOS DE SUPLEMENTOS DE COLAGENO","og_description":"Descubre nuestra M\u00e1quina\u00a0 Mezcladora V BLENDER dise\u00f1ada espec\u00edficamente para la producci\u00f3n de suplementos de col\u00e1geno en las industrias farmac\u00e9utica y","og_url":"https:\/\/distribucionarc.com\/tr\/urun\/kollajen-takviyesi-tozlari-icin-v-blender-mikser\/","og_site_name":"distribuci\u00f3n ARC","article_modified_time":"2024-04-26T17:54:27+00:00","og_image":[{"width":1408,"height":1072,"url":"https:\/\/distribucionarc.com\/wp-content\/uploads\/2024\/04\/MEZCLADORA-V-BLENDER-PARA-POLVOS-DE-SUPLEMENTOS-DE-COLAGENO.jpg","type":"image\/jpeg"}],"twitter_card":"summary_large_image","twitter_misc":{"Tahmini okuma s\u00fcresi":"1 dakika"},"schema":{"@context":"https:\/\/schema.org","@graph":[{"@type":"WebPage","@id":"https:\/\/distribucionarc.com\/en\/producto\/mezcladora-v-blender-para-polvos-de-suplementos-de-colageno\/","url":"https:\/\/distribucionarc.com\/en\/producto\/mezcladora-v-blender-para-polvos-de-suplementos-de-colageno\/","name":"V KOLAJEN TAKV\u0130YE TOZU \u0130\u00c7\u0130N BLENDER M\u0130KSER - ARC da\u011f\u0131t\u0131m\u0131","isPartOf":{"@id":"https:\/\/www.distribucionarc.com\/sl\/#website"},"primaryImageOfPage":{"@id":"https:\/\/distribucionarc.com\/en\/producto\/mezcladora-v-blender-para-polvos-de-suplementos-de-colageno\/#primaryimage"},"image":{"@id":"https:\/\/distribucionarc.com\/en\/producto\/mezcladora-v-blender-para-polvos-de-suplementos-de-colageno\/#primaryimage"},"thumbnailUrl":"https:\/\/distribucionarc.com\/wp-content\/uploads\/2024\/04\/MEZCLADORA-V-BLENDER-PARA-POLVOS-DE-SUPLEMENTOS-DE-COLAGENO.jpg","datePublished":"2024-04-26T17:54:26+00:00","dateModified":"2024-04-26T17:54:27+00:00","breadcrumb":{"@id":"https:\/\/distribucionarc.com\/en\/producto\/mezcladora-v-blender-para-polvos-de-suplementos-de-colageno\/#breadcrumb"},"inLanguage":"tr","potentialAction":[{"@type":"ReadAction","target":["https:\/\/distribucionarc.com\/en\/producto\/mezcladora-v-blender-para-polvos-de-suplementos-de-colageno\/"]}]},{"@type":"ImageObject","inLanguage":"tr","@id":"https:\/\/distribucionarc.com\/en\/producto\/mezcladora-v-blender-para-polvos-de-suplementos-de-colageno\/#primaryimage","url":"https:\/\/distribucionarc.com\/wp-content\/uploads\/2024\/04\/MEZCLADORA-V-BLENDER-PARA-POLVOS-DE-SUPLEMENTOS-DE-COLAGENO.jpg","contentUrl":"https:\/\/distribucionarc.com\/wp-content\/uploads\/2024\/04\/MEZCLADORA-V-BLENDER-PARA-POLVOS-DE-SUPLEMENTOS-DE-COLAGENO.jpg","width":1408,"height":1072,"caption":"#image_title"},{"@type":"BreadcrumbList","@id":"https:\/\/distribucionarc.com\/en\/producto\/mezcladora-v-blender-para-polvos-de-suplementos-de-colageno\/#breadcrumb","itemListElement":[{"@type":"ListItem","position":1,"name":"Portada","item":"https:\/\/www.distribucionarc.com\/"},{"@type":"ListItem","position":2,"name":"\u00dcr\u00fcnler","item":"https:\/\/www.distribucionarc.com\/tr\/magaza\/"},{"@type":"ListItem","position":3,"name":"MEZCLADORA V BLENDER PARA POLVOS DE SUPLEMENTOS DE COLAGENO"}]},{"@type":"WebSite","@id":"https:\/\/www.distribucionarc.com\/sl\/#website","url":"https:\/\/www.distribucionarc.com\/sl\/","name":"ARC da\u011f\u0131t\u0131m\u0131","description":"End\u00fcstriyel makinelerin \u00fcretimi ve da\u011f\u0131t\u0131m\u0131 konusunda uzmanla\u015fm\u0131\u015f \u015firket, kutu m\u00fch\u00fcrleme makineleri, tablet yapma makineleri, et kesme makineleri...","publisher":{"@id":"https:\/\/www.distribucionarc.com\/sl\/#organization"},"potentialAction":[{"@type":"SearchAction","target":{"@type":"EntryPoint","urlTemplate":"https:\/\/www.distribucionarc.com\/sl\/?s={search_term_string}"},"query-input":{"@type":"PropertyValueSpecification","valueRequired":true,"valueName":"search_term_string"}}],"inLanguage":"tr"},{"@type":"Organization","@id":"https:\/\/www.distribucionarc.com\/sl\/#organization","name":"ARC Da\u011f\u0131t\u0131m\u0131","url":"https:\/\/www.distribucionarc.com\/sl\/","logo":{"@type":"ImageObject","inLanguage":"tr","@id":"https:\/\/www.distribucionarc.com\/sl\/#\/schema\/logo\/image\/","url":"https:\/\/distribucionarc.com\/wp-content\/uploads\/2024\/10\/distribucion-ARC-COLOR-SIN-FONDO-e1732295305345.png","contentUrl":"https:\/\/distribucionarc.com\/wp-content\/uploads\/2024\/10\/distribucion-ARC-COLOR-SIN-FONDO-e1732295305345.png","width":1164,"height":558,"caption":"Distribuci\u00f3n ARC"},"image":{"@id":"https:\/\/www.distribucionarc.com\/sl\/#\/schema\/logo\/image\/"},"description":"\u015eirket, g\u0131da ve ila\u00e7 sekt\u00f6rleri i\u00e7in end\u00fcstriyel makine \u00fcretimi ve da\u011f\u0131t\u0131m\u0131 konusunda uzmanla\u015fm\u0131\u015ft\u0131r. Uzmanl\u0131k alanlar\u0131m\u0131z Et kesme makineleri Tablet \u00fcretimi End\u00fcstriyel ta\u015f\u0131ma sistemleri \u015ei\u015feleme hatlar\u0131 Dozajlama makineleri Ve \u00e7ok daha fazlas\u0131... \u015eirketinizin \u00fcretim s\u00fcre\u00e7lerini optimize etmek i\u00e7in yenilik\u00e7i ve \u00f6zelle\u015ftirilmi\u015f \u00e7\u00f6z\u00fcmler sunuyoruz.","email":"Admistracion@distribucionarc.com","telephone":"+34 643496664","legalName":"ARC TECH SOLUTIONS","foundingDate":"2024-04-09","vatID":"B55480172","numberOfEmployees":{"@type":"QuantitativeValue","minValue":"1","maxValue":"10"}}]}},"_links":{"self":[{"href":"https:\/\/distribucionarc.com\/tr\/wp-json\/wp\/v2\/product\/6885","targetHints":{"allow":["GET"]}}],"collection":[{"href":"https:\/\/distribucionarc.com\/tr\/wp-json\/wp\/v2\/product"}],"about":[{"href":"https:\/\/distribucionarc.com\/tr\/wp-json\/wp\/v2\/types\/product"}],"replies":[{"embeddable":true,"href":"https:\/\/distribucionarc.com\/tr\/wp-json\/wp\/v2\/comments?post=6885"}],"version-history":[{"count":0,"href":"https:\/\/distribucionarc.com\/tr\/wp-json\/wp\/v2\/product\/6885\/revisions"}],"wp:featuredmedia":[{"embeddable":true,"href":"https:\/\/distribucionarc.com\/tr\/wp-json\/wp\/v2\/media\/6888"}],"wp:attachment":[{"href":"https:\/\/distribucionarc.com\/tr\/wp-json\/wp\/v2\/media?parent=6885"}],"wp:term":[{"taxonomy":"product_brand","embeddable":true,"href":"https:\/\/distribucionarc.com\/tr\/wp-json\/wp\/v2\/product_brand?post=6885"},{"taxonomy":"product_cat","embeddable":true,"href":"https:\/\/distribucionarc.com\/tr\/wp-json\/wp\/v2\/product_cat?post=6885"},{"taxonomy":"product_tag","embeddable":true,"href":"https:\/\/distribucionarc.com\/tr\/wp-json\/wp\/v2\/product_tag?post=6885"}],"curies":[{"name":"wp","href":"https:\/\/api.w.org\/{rel}","templated":true}]}}