{"id":6938,"date":"2024-04-27T04:08:04","date_gmt":"2024-04-27T04:08:04","guid":{"rendered":"https:\/\/distribucionarc.com\/?post_type=product&#038;p=6938"},"modified":"2024-04-27T04:08:05","modified_gmt":"2024-04-27T04:08:05","slug":"ginseng-haplari-icin-homojen-karistirma-koni-karistirici","status":"publish","type":"product","link":"https:\/\/distribucionarc.com\/tr\/producto\/mezclador-de-cono-de-mezcla-homogenea-para-pildoras-de-ginseng\/","title":{"rendered":"G\u0130NSENG HAPI \u0130\u00c7\u0130N HOMOJEN MIX KON\u0130K KARI\u015eTIRICI"},"content":{"rendered":"<p>Ke\u015ffedin <strong>YARZ Serisi Koni Mikser<\/strong>\u0130la\u00e7, kimya ve g\u0131da end\u00fcstrileri i\u00e7in m\u00fckemmel \u00e7\u00f6z\u00fcm. Bu yenilik\u00e7i ekipman, \u00f6l\u00fc a\u00e7\u0131lar olmaks\u0131z\u0131n y\u00fcksek kar\u0131\u015ft\u0131rma verimlili\u011fi sunarak malzemelerin homojen bir \u015fekilde da\u011f\u0131t\u0131lmas\u0131n\u0131 garanti eder.<strong> ginseng haplar\u0131<\/strong>. Tek motorla tasarlanan bu \u00fcr\u00fcnde yaln\u0131zca silindir d\u00f6nerken dahili k\u00fcrek statik kal\u0131r ve hassas ve kontroll\u00fc bir kar\u0131\u015ft\u0131rma i\u015flemi sa\u011flar. \u00dcretim operasyonlar\u0131n\u0131zda kaliteyi ve verimlili\u011fi art\u0131r\u0131n. <strong>YARZ Serisi Koni Mikser.<\/strong> Son teknolojimizle sonu\u00e7lar\u0131n\u0131z\u0131 optimize edin!<\/p>\n<p>&nbsp;<\/p>\n<table>\n<tbody>\n<tr>\n<td width=\"63\">modeli<\/td>\n<td width=\"63\">Hacim (litre)<\/td>\n<td width=\"63\">Etkili hacim (litre)<\/td>\n<td width=\"63\">Maksimum y\u00fck (kilogram)<\/td>\n<td width=\"63\">Toplu i\u015f s\u00fcresi (milimetre)<\/td>\n<td width=\"63\">H\u0131z (devir-dakika)<\/td>\n<td width=\"63\">G\u00fc\u00e7 (w)<\/td>\n<td width=\"63\">Genel boyut (milimetre)<\/td>\n<td width=\"63\">A\u011f\u0131rl\u0131k (kg)<\/td>\n<\/tr>\n<tr>\n<td width=\"63\">YARZ-1KG<\/td>\n<td width=\"63\">3<\/td>\n<td width=\"63\">1.5<\/td>\n<td width=\"63\">1<\/td>\n<td width=\"63\">6-8<\/td>\n<td width=\"63\">0-34<\/td>\n<td width=\"63\">15<\/td>\n<td width=\"63\">350*<\/p>\n<p>250*<\/p>\n<p>480*<\/td>\n<td width=\"63\"><\/td>\n<\/tr>\n<tr>\n<td width=\"63\">YARZ-2KG<\/td>\n<td width=\"63\">6<\/td>\n<td width=\"63\">3<\/td>\n<td width=\"63\">2<\/td>\n<td width=\"63\">6-8<\/td>\n<td width=\"63\">0-34<\/td>\n<td width=\"63\">40<\/td>\n<td width=\"63\">430*<\/p>\n<p>300*<\/p>\n<p>580*<\/td>\n<td width=\"63\"><\/td>\n<\/tr>\n<tr>\n<td width=\"63\">YARZ-3KG<\/td>\n<td width=\"63\">9<\/td>\n<td width=\"63\">4.5<\/td>\n<td width=\"63\">3<\/td>\n<td width=\"63\">6-8<\/td>\n<td width=\"63\">0-34<\/td>\n<td width=\"63\">40<\/td>\n<td width=\"63\">440*<\/p>\n<p>300*<\/p>\n<p>580*<\/td>\n<td width=\"63\"><\/td>\n<\/tr>\n<tr>\n<td width=\"63\">YARZ-5KG<\/td>\n<td width=\"63\">15<\/td>\n<td width=\"63\">7.5<\/td>\n<td width=\"63\">5<\/td>\n<td width=\"63\">6-8<\/td>\n<td width=\"63\">0-34<\/td>\n<td width=\"63\">60<\/td>\n<td width=\"63\">480*<\/p>\n<p>380*<\/p>\n<p>860*<\/td>\n<td width=\"63\"><\/td>\n<\/tr>\n<tr>\n<td width=\"63\">YARZ-10KG<\/td>\n<td width=\"63\">30<\/td>\n<td width=\"63\">16<\/td>\n<td width=\"63\">10<\/td>\n<td width=\"63\">6-8<\/td>\n<td width=\"63\">0-34<\/td>\n<td width=\"63\">90<\/td>\n<td width=\"63\">600*<\/p>\n<p>420*<\/p>\n<p>860*<\/td>\n<td width=\"63\"><\/td>\n<\/tr>\n<tr>\n<td width=\"63\">YARZ-15KG<\/td>\n<td width=\"63\">45<\/td>\n<td width=\"63\">23<\/td>\n<td width=\"63\">15<\/td>\n<td width=\"63\">6-8<\/td>\n<td width=\"63\">0-34<\/td>\n<td width=\"63\">140<\/td>\n<td width=\"63\">600*<\/p>\n<p>600*<\/p>\n<p>1050*<\/td>\n<td width=\"63\"><\/td>\n<\/tr>\n<tr>\n<td width=\"63\">YARZ-20KG<\/td>\n<td width=\"63\">60<\/td>\n<td width=\"63\">31<\/td>\n<td width=\"63\">20<\/td>\n<td width=\"63\">6-8<\/td>\n<td width=\"63\">0-34<\/td>\n<td width=\"63\">250<\/td>\n<td width=\"63\">580*<\/p>\n<p>650*<\/p>\n<p>1100*<\/td>\n<td width=\"63\"><\/td>\n<\/tr>\n<tr>\n<td width=\"63\">YARZ-50KG<\/td>\n<td width=\"63\">150<\/td>\n<td width=\"63\">80<\/td>\n<td width=\"63\">50<\/td>\n<td width=\"63\">6-8<\/td>\n<td width=\"63\">380V sabit h\u0131z -16<\/p>\n<p>H\u0131z ayar\u0131 220V 0-18<\/td>\n<td width=\"63\">550<\/td>\n<td width=\"63\">860*<\/p>\n<p>1000*<\/p>\n<p>1450*<\/td>\n<td width=\"63\"><\/td>\n<\/tr>\n<\/tbody>\n<\/table>\n<p>&nbsp;<\/p>","protected":false},"excerpt":{"rendered":"<p>\u0130la\u00e7, kimya ve g\u0131da end\u00fcstrileri i\u00e7in m\u00fckemmel \u00e7\u00f6z\u00fcm olan YARZ Serisi Konik Mikseri ke\u015ffedin. Bu yenilik\u00e7i ekip<\/p>","protected":false},"featured_media":6949,"comment_status":"open","ping_status":"closed","template":"","meta":{"wds_primary_product_brand":0,"wds_primary_product_cat":0},"product_brand":[],"product_cat":[84],"product_tag":[],"class_list":{"0":"post-6938","1":"product","2":"type-product","3":"status-publish","4":"has-post-thumbnail","6":"product_cat-maquinas-para-hacer-pastillas","8":"first","9":"instock","10":"taxable","11":"shipping-taxable","12":"purchasable","13":"product-type-simple"},"yoast_head":"<!-- This site is optimized with the Yoast SEO Premium plugin v24.9 (Yoast SEO v26.1) - https:\/\/yoast.com\/wordpress\/plugins\/seo\/ -->\n<title>MEZCLADORA DE CONO DE MEZCLA HOMOGENEA PARA PILDORA DE GINSENG - distribuci\u00f3n ARC<\/title>\n<meta name=\"robots\" content=\"index, follow, max-snippet:-1, max-image-preview:large, max-video-preview:-1\" \/>\n<link rel=\"canonical\" href=\"https:\/\/www.distribucionarc.com\/fr\/producto\/mezclador-de-cono-de-mezcla-homogenea-para-pildoras-de-ginseng\/\" \/>\n<meta property=\"og:locale\" content=\"tr_TR\" \/>\n<meta property=\"og:type\" content=\"article\" \/>\n<meta property=\"og:title\" content=\"MEZCLADORA DE CONO DE MEZCLA HOMOGENEA PARA PILDORA DE GINSENG\" \/>\n<meta property=\"og:description\" content=\"Descubre el Mezclador de Cono Serie YARZ, la soluci\u00f3n perfecta para la industria farmac\u00e9utica, qu\u00edmica y alimentaria. Este innovador equipo\" \/>\n<meta property=\"og:url\" content=\"https:\/\/www.distribucionarc.com\/fr\/producto\/mezclador-de-cono-de-mezcla-homogenea-para-pildoras-de-ginseng\/\" \/>\n<meta property=\"og:site_name\" content=\"distribuci\u00f3n ARC\" \/>\n<meta property=\"article:modified_time\" content=\"2024-04-27T04:08:05+00:00\" \/>\n<meta property=\"og:image\" content=\"https:\/\/www.distribucionarc.com\/wp-content\/uploads\/2024\/04\/MEZCLADORA-DE-CONO-DE-MEZCLA-HOMOGENEA-PARA-PILDORA-DE-GINSENG.webp\" \/>\n\t<meta property=\"og:image:width\" content=\"864\" \/>\n\t<meta property=\"og:image:height\" content=\"896\" \/>\n\t<meta property=\"og:image:type\" content=\"image\/webp\" \/>\n<meta name=\"twitter:card\" content=\"summary_large_image\" \/>\n<meta name=\"twitter:label1\" content=\"Tahmini okuma s\u00fcresi\" \/>\n\t<meta name=\"twitter:data1\" content=\"1 dakika\" \/>\n<script type=\"application\/ld+json\" class=\"yoast-schema-graph\">{\"@context\":\"https:\/\/schema.org\",\"@graph\":[{\"@type\":\"WebPage\",\"@id\":\"https:\/\/www.distribucionarc.com\/fr\/producto\/mezclador-de-cono-de-mezcla-homogenea-para-pildoras-de-ginseng\/\",\"url\":\"https:\/\/www.distribucionarc.com\/fr\/producto\/mezclador-de-cono-de-mezcla-homogenea-para-pildoras-de-ginseng\/\",\"name\":\"MEZCLADORA DE CONO DE MEZCLA HOMOGENEA PARA PILDORA DE GINSENG - distribuci\u00f3n ARC\",\"isPartOf\":{\"@id\":\"https:\/\/distribucionarc.com\/de\/#website\"},\"primaryImageOfPage\":{\"@id\":\"https:\/\/www.distribucionarc.com\/fr\/producto\/mezclador-de-cono-de-mezcla-homogenea-para-pildoras-de-ginseng\/#primaryimage\"},\"image\":{\"@id\":\"https:\/\/www.distribucionarc.com\/fr\/producto\/mezclador-de-cono-de-mezcla-homogenea-para-pildoras-de-ginseng\/#primaryimage\"},\"thumbnailUrl\":\"https:\/\/distribucionarc.com\/wp-content\/uploads\/2024\/04\/MEZCLADORA-DE-CONO-DE-MEZCLA-HOMOGENEA-PARA-PILDORA-DE-GINSENG.webp\",\"datePublished\":\"2024-04-27T04:08:04+00:00\",\"dateModified\":\"2024-04-27T04:08:05+00:00\",\"breadcrumb\":{\"@id\":\"https:\/\/www.distribucionarc.com\/fr\/producto\/mezclador-de-cono-de-mezcla-homogenea-para-pildoras-de-ginseng\/#breadcrumb\"},\"inLanguage\":\"tr\",\"potentialAction\":[{\"@type\":\"ReadAction\",\"target\":[\"https:\/\/www.distribucionarc.com\/fr\/producto\/mezclador-de-cono-de-mezcla-homogenea-para-pildoras-de-ginseng\/\"]}]},{\"@type\":\"ImageObject\",\"inLanguage\":\"tr\",\"@id\":\"https:\/\/www.distribucionarc.com\/fr\/producto\/mezclador-de-cono-de-mezcla-homogenea-para-pildoras-de-ginseng\/#primaryimage\",\"url\":\"https:\/\/distribucionarc.com\/wp-content\/uploads\/2024\/04\/MEZCLADORA-DE-CONO-DE-MEZCLA-HOMOGENEA-PARA-PILDORA-DE-GINSENG.webp\",\"contentUrl\":\"https:\/\/distribucionarc.com\/wp-content\/uploads\/2024\/04\/MEZCLADORA-DE-CONO-DE-MEZCLA-HOMOGENEA-PARA-PILDORA-DE-GINSENG.webp\",\"width\":864,\"height\":896,\"caption\":\"#image_title\"},{\"@type\":\"BreadcrumbList\",\"@id\":\"https:\/\/www.distribucionarc.com\/fr\/producto\/mezclador-de-cono-de-mezcla-homogenea-para-pildoras-de-ginseng\/#breadcrumb\",\"itemListElement\":[{\"@type\":\"ListItem\",\"position\":1,\"name\":\"Portada\",\"item\":\"https:\/\/distribucionarc.com\/pl\/\"},{\"@type\":\"ListItem\",\"position\":2,\"name\":\"Produkty\",\"item\":\"https:\/\/distribucionarc.com\/pl\/shop\/\"},{\"@type\":\"ListItem\",\"position\":3,\"name\":\"MEZCLADORA DE CONO DE MEZCLA HOMOGENEA PARA PILDORA DE GINSENG\"}]},{\"@type\":\"WebSite\",\"@id\":\"https:\/\/distribucionarc.com\/de\/#website\",\"url\":\"https:\/\/distribucionarc.com\/de\/\",\"name\":\"distribuci\u00f3n ARC\",\"description\":\"Empresa especializada en la fabricaci\u00f3n y distribuci\u00f3n de maquinaria industrial, selladoras de latas, Maquinas de hacer pastillas, Maquinas de cortar carne...\",\"publisher\":{\"@id\":\"https:\/\/distribucionarc.com\/de\/#organization\"},\"potentialAction\":[{\"@type\":\"SearchAction\",\"target\":{\"@type\":\"EntryPoint\",\"urlTemplate\":\"https:\/\/distribucionarc.com\/de\/?s={search_term_string}\"},\"query-input\":{\"@type\":\"PropertyValueSpecification\",\"valueRequired\":true,\"valueName\":\"search_term_string\"}}],\"inLanguage\":\"tr\"},{\"@type\":\"Organization\",\"@id\":\"https:\/\/distribucionarc.com\/de\/#organization\",\"name\":\"Distribuci\u00f3n ARC\",\"url\":\"https:\/\/distribucionarc.com\/de\/\",\"logo\":{\"@type\":\"ImageObject\",\"inLanguage\":\"tr\",\"@id\":\"https:\/\/distribucionarc.com\/de\/#\/schema\/logo\/image\/\",\"url\":\"https:\/\/distribucionarc.com\/wp-content\/uploads\/2024\/10\/distribucion-ARC-COLOR-SIN-FONDO-e1732295305345.png\",\"contentUrl\":\"https:\/\/distribucionarc.com\/wp-content\/uploads\/2024\/10\/distribucion-ARC-COLOR-SIN-FONDO-e1732295305345.png\",\"width\":1164,\"height\":558,\"caption\":\"Distribuci\u00f3n ARC\"},\"image\":{\"@id\":\"https:\/\/distribucionarc.com\/de\/#\/schema\/logo\/image\/\"},\"description\":\"Empresa especializada en la fabricaci\u00f3n y distribuci\u00f3n de maquinaria industrial para los sectores alimentario y farmac\u00e9utico. Nos especializamos en: M\u00e1quinas de cortar carne Fabricaci\u00f3n de comprimidos Sistemas de transporte industrial L\u00edneas de embotellado Dosificadores Y mucho m\u00e1s... Ofrecemos soluciones innovadoras y personalizadas para optimizar los procesos productivos de tu empresa.\",\"email\":\"Admistracion@distribucionarc.com\",\"telephone\":\"+34 643496664\",\"legalName\":\"ARC TECH SOLUTIONS\",\"foundingDate\":\"2024-04-09\",\"vatID\":\"B55480172\",\"numberOfEmployees\":{\"@type\":\"QuantitativeValue\",\"minValue\":\"1\",\"maxValue\":\"10\"}}]}<\/script>\n<!-- \/ Yoast SEO Premium plugin. -->","yoast_head_json":{"title":"GINSENG HAPI \u0130\u00c7\u0130N HOMOJEN MIX KON\u0130K KARI\u015eTIRICI - ARC da\u011f\u0131t\u0131m\u0131","robots":{"index":"index","follow":"follow","max-snippet":"max-snippet:-1","max-image-preview":"max-image-preview:large","max-video-preview":"max-video-preview:-1"},"canonical":"https:\/\/www.distribucionarc.com\/fr\/producto\/mezclador-de-cono-de-mezcla-homogenea-para-pildoras-de-ginseng\/","og_locale":"tr_TR","og_type":"article","og_title":"MEZCLADORA DE CONO DE MEZCLA HOMOGENEA PARA PILDORA DE GINSENG","og_description":"Descubre el Mezclador de Cono Serie YARZ, la soluci\u00f3n perfecta para la industria farmac\u00e9utica, qu\u00edmica y alimentaria. Este innovador equipo","og_url":"https:\/\/www.distribucionarc.com\/fr\/producto\/mezclador-de-cono-de-mezcla-homogenea-para-pildoras-de-ginseng\/","og_site_name":"distribuci\u00f3n ARC","article_modified_time":"2024-04-27T04:08:05+00:00","og_image":[{"width":864,"height":896,"url":"https:\/\/www.distribucionarc.com\/wp-content\/uploads\/2024\/04\/MEZCLADORA-DE-CONO-DE-MEZCLA-HOMOGENEA-PARA-PILDORA-DE-GINSENG.webp","type":"image\/webp"}],"twitter_card":"summary_large_image","twitter_misc":{"Tahmini okuma s\u00fcresi":"1 dakika"},"schema":{"@context":"https:\/\/schema.org","@graph":[{"@type":"WebPage","@id":"https:\/\/www.distribucionarc.com\/fr\/producto\/mezclador-de-cono-de-mezcla-homogenea-para-pildoras-de-ginseng\/","url":"https:\/\/www.distribucionarc.com\/fr\/producto\/mezclador-de-cono-de-mezcla-homogenea-para-pildoras-de-ginseng\/","name":"GINSENG HAPI \u0130\u00c7\u0130N HOMOJEN MIX KON\u0130K KARI\u015eTIRICI - ARC da\u011f\u0131t\u0131m\u0131","isPartOf":{"@id":"https:\/\/distribucionarc.com\/de\/#website"},"primaryImageOfPage":{"@id":"https:\/\/www.distribucionarc.com\/fr\/producto\/mezclador-de-cono-de-mezcla-homogenea-para-pildoras-de-ginseng\/#primaryimage"},"image":{"@id":"https:\/\/www.distribucionarc.com\/fr\/producto\/mezclador-de-cono-de-mezcla-homogenea-para-pildoras-de-ginseng\/#primaryimage"},"thumbnailUrl":"https:\/\/distribucionarc.com\/wp-content\/uploads\/2024\/04\/MEZCLADORA-DE-CONO-DE-MEZCLA-HOMOGENEA-PARA-PILDORA-DE-GINSENG.webp","datePublished":"2024-04-27T04:08:04+00:00","dateModified":"2024-04-27T04:08:05+00:00","breadcrumb":{"@id":"https:\/\/www.distribucionarc.com\/fr\/producto\/mezclador-de-cono-de-mezcla-homogenea-para-pildoras-de-ginseng\/#breadcrumb"},"inLanguage":"tr","potentialAction":[{"@type":"ReadAction","target":["https:\/\/www.distribucionarc.com\/fr\/producto\/mezclador-de-cono-de-mezcla-homogenea-para-pildoras-de-ginseng\/"]}]},{"@type":"ImageObject","inLanguage":"tr","@id":"https:\/\/www.distribucionarc.com\/fr\/producto\/mezclador-de-cono-de-mezcla-homogenea-para-pildoras-de-ginseng\/#primaryimage","url":"https:\/\/distribucionarc.com\/wp-content\/uploads\/2024\/04\/MEZCLADORA-DE-CONO-DE-MEZCLA-HOMOGENEA-PARA-PILDORA-DE-GINSENG.webp","contentUrl":"https:\/\/distribucionarc.com\/wp-content\/uploads\/2024\/04\/MEZCLADORA-DE-CONO-DE-MEZCLA-HOMOGENEA-PARA-PILDORA-DE-GINSENG.webp","width":864,"height":896,"caption":"#image_title"},{"@type":"BreadcrumbList","@id":"https:\/\/www.distribucionarc.com\/fr\/producto\/mezclador-de-cono-de-mezcla-homogenea-para-pildoras-de-ginseng\/#breadcrumb","itemListElement":[{"@type":"ListItem","position":1,"name":"Portada","item":"https:\/\/distribucionarc.com\/pl\/"},{"@type":"ListItem","position":2,"name":"Produkty","item":"https:\/\/distribucionarc.com\/pl\/shop\/"},{"@type":"ListItem","position":3,"name":"MEZCLADORA DE CONO DE MEZCLA HOMOGENEA PARA PILDORA DE GINSENG"}]},{"@type":"WebSite","@id":"https:\/\/distribucionarc.com\/de\/#website","url":"https:\/\/distribucionarc.com\/de\/","name":"ARC da\u011f\u0131t\u0131m\u0131","description":"End\u00fcstriyel makinelerin \u00fcretimi ve da\u011f\u0131t\u0131m\u0131 konusunda uzmanla\u015fm\u0131\u015f \u015firket, kutu m\u00fch\u00fcrleme makineleri, tablet yapma makineleri, et kesme makineleri...","publisher":{"@id":"https:\/\/distribucionarc.com\/de\/#organization"},"potentialAction":[{"@type":"SearchAction","target":{"@type":"EntryPoint","urlTemplate":"https:\/\/distribucionarc.com\/de\/?s={search_term_string}"},"query-input":{"@type":"PropertyValueSpecification","valueRequired":true,"valueName":"search_term_string"}}],"inLanguage":"tr"},{"@type":"Organization","@id":"https:\/\/distribucionarc.com\/de\/#organization","name":"ARC Da\u011f\u0131t\u0131m\u0131","url":"https:\/\/distribucionarc.com\/de\/","logo":{"@type":"ImageObject","inLanguage":"tr","@id":"https:\/\/distribucionarc.com\/de\/#\/schema\/logo\/image\/","url":"https:\/\/distribucionarc.com\/wp-content\/uploads\/2024\/10\/distribucion-ARC-COLOR-SIN-FONDO-e1732295305345.png","contentUrl":"https:\/\/distribucionarc.com\/wp-content\/uploads\/2024\/10\/distribucion-ARC-COLOR-SIN-FONDO-e1732295305345.png","width":1164,"height":558,"caption":"Distribuci\u00f3n ARC"},"image":{"@id":"https:\/\/distribucionarc.com\/de\/#\/schema\/logo\/image\/"},"description":"\u015eirket, g\u0131da ve ila\u00e7 sekt\u00f6rleri i\u00e7in end\u00fcstriyel makine \u00fcretimi ve da\u011f\u0131t\u0131m\u0131 konusunda uzmanla\u015fm\u0131\u015ft\u0131r. Uzmanl\u0131k alanlar\u0131m\u0131z Et kesme makineleri Tablet \u00fcretimi End\u00fcstriyel ta\u015f\u0131ma sistemleri \u015ei\u015feleme hatlar\u0131 Dozajlama makineleri Ve \u00e7ok daha fazlas\u0131... \u015eirketinizin \u00fcretim s\u00fcre\u00e7lerini optimize etmek i\u00e7in yenilik\u00e7i ve \u00f6zelle\u015ftirilmi\u015f \u00e7\u00f6z\u00fcmler sunuyoruz.","email":"Admistracion@distribucionarc.com","telephone":"+34 643496664","legalName":"ARC TECH SOLUTIONS","foundingDate":"2024-04-09","vatID":"B55480172","numberOfEmployees":{"@type":"QuantitativeValue","minValue":"1","maxValue":"10"}}]}},"_links":{"self":[{"href":"https:\/\/distribucionarc.com\/tr\/wp-json\/wp\/v2\/product\/6938","targetHints":{"allow":["GET"]}}],"collection":[{"href":"https:\/\/distribucionarc.com\/tr\/wp-json\/wp\/v2\/product"}],"about":[{"href":"https:\/\/distribucionarc.com\/tr\/wp-json\/wp\/v2\/types\/product"}],"replies":[{"embeddable":true,"href":"https:\/\/distribucionarc.com\/tr\/wp-json\/wp\/v2\/comments?post=6938"}],"version-history":[{"count":0,"href":"https:\/\/distribucionarc.com\/tr\/wp-json\/wp\/v2\/product\/6938\/revisions"}],"wp:featuredmedia":[{"embeddable":true,"href":"https:\/\/distribucionarc.com\/tr\/wp-json\/wp\/v2\/media\/6949"}],"wp:attachment":[{"href":"https:\/\/distribucionarc.com\/tr\/wp-json\/wp\/v2\/media?parent=6938"}],"wp:term":[{"taxonomy":"product_brand","embeddable":true,"href":"https:\/\/distribucionarc.com\/tr\/wp-json\/wp\/v2\/product_brand?post=6938"},{"taxonomy":"product_cat","embeddable":true,"href":"https:\/\/distribucionarc.com\/tr\/wp-json\/wp\/v2\/product_cat?post=6938"},{"taxonomy":"product_tag","embeddable":true,"href":"https:\/\/distribucionarc.com\/tr\/wp-json\/wp\/v2\/product_tag?post=6938"}],"curies":[{"name":"wp","href":"https:\/\/api.w.org\/{rel}","templated":true}]}}