{"id":7004,"date":"2024-04-27T08:52:32","date_gmt":"2024-04-27T08:52:32","guid":{"rendered":"https:\/\/distribucionarc.com\/?post_type=product&#038;p=7004"},"modified":"2024-04-27T08:52:34","modified_gmt":"2024-04-27T08:52:34","slug":"aktif-icerikli-hap-kaplama-makinesi","status":"publish","type":"product","link":"https:\/\/distribucionarc.com\/tr\/producto\/maquina-grajeadora-coater-para-pastillas-con-ingredientes-activos\/","title":{"rendered":"AKT\u0130F MADDEL\u0130 HAPLAR \u0130\u00c7\u0130N KAPLAMA MAK\u0130NASI"},"content":{"rendered":"<p>Ke\u015ffedin <strong>Grajeadora Makinesi<\/strong> BARY Serisi Kaplay\u0131c\u0131, ayn\u0131 zamanda \u00e7ok y\u00f6nl\u00fc bir ekipman olarak da bilinir. <strong>kaplay\u0131c\u0131<\/strong>, <strong>kaplay\u0131c\u0131<\/strong>, herhangi biri <strong>kaplama tamburu<\/strong>, \u00f6nemli <strong>ila\u00e7 end\u00fcstrileri<\/strong> Ve <strong>yiyecek<\/strong>. Bu makine \u00f6zel olarak tasarlanm\u0131\u015ft\u0131r <strong>tablet kaplama<\/strong> Ve <strong>tabletler<\/strong> yenilik\u00e7i pirin\u00e7 proteini polimerleri ile. BARY Serisi, ayarlanabilir e\u011fim a\u00e7\u0131s\u0131na sahip bir kaplama kab\u0131 ve bunun alt\u0131na bir \u0131s\u0131tma cihaz\u0131 entegre etme se\u00e7ene\u011fi ile kaplama i\u015flemi \u00fczerinde hassas kontrole olanak sa\u011flamas\u0131yla \u00f6ne \u00e7\u0131k\u0131yor.<\/p>\n<p>La <strong>Grajeadora Makinesi<\/strong> BARY Serisi Kaplay\u0131c\u0131, yaln\u0131zca ila\u00e7 end\u00fcstrisi i\u00e7in de\u011fil, ayn\u0131 zamanda sal\u0131m\u0131 ve korumay\u0131 iyile\u015ftirmek i\u00e7in de kullan\u0131ld\u0131\u011f\u0131 i\u00e7in idealdir. <strong>aktif maddeler<\/strong> \u0130la\u00e7lar\u0131n yan\u0131 s\u0131ra \u015fekerleme ve \u00e7ikolatada da \u015feker veya \u00e7ikolata katmanlar\u0131yla kaplamak i\u00e7in kullan\u0131l\u0131r. <strong>\u00e7ikolata<\/strong> \u00e7e\u015fitli \u00fcr\u00fcnler. Tar\u0131m alan\u0131nda tohumlara kaplama uygulanmas\u0131n\u0131 kolayla\u015ft\u0131r\u0131r ve nutras\u00f6tik sekt\u00f6r\u00fcnde vitamin ve takviyelerin kaps\u00fcllenmesi i\u00e7in m\u00fckemmeldir.<\/p>\n<p>\u00dcr\u00fcnlerinizin kalitesini optimize edin ve \u00fcretim verimlili\u011finizi en \u00fcst d\u00fczeye \u00e7\u0131kar\u0131n. <strong>Grajeadora Makinesi<\/strong> BARY Serisi Kaplay\u0131c\u0131. \u00c7e\u015fitli end\u00fcstriyel sekt\u00f6rlerde ola\u011fan\u00fcst\u00fc performans ve y\u00fcksek kaliteli sonu\u00e7lar sunmak \u00fczere tasarlanan bu son teknoloji \u00e7\u00f6z\u00fcmle operasyonlar\u0131n\u0131z\u0131 g\u00fc\u00e7lendirin!<\/p>\n<p>&nbsp;<\/p>\n<table>\n<tbody>\n<tr>\n<td width=\"57\">modeli<\/td>\n<td width=\"57\">Polimer kaplama kab\u0131 \u00e7ap\u0131 (milimetre)<\/td>\n<td width=\"57\">Pot h\u0131z\u0131n\u0131 sayma<\/td>\n<td width=\"57\">Motor g\u00fcc\u00fc (kw)<\/td>\n<td width=\"57\">fan g\u00fcc\u00fc (w)<\/td>\n<td width=\"57\">Is\u0131tma kablosu g\u00fcc\u00fc (w)<\/td>\n<td width=\"57\">Kapasite (kg\/saat)<\/td>\n<td width=\"57\">Di\u011fer \u0131s\u0131tma g\u00fcc\u00fc<\/td>\n<td width=\"57\">Net a\u011f\u0131rl\u0131k (kg)<\/td>\n<td width=\"57\">Genel boyut (milimetre)<\/td>\n<\/tr>\n<tr>\n<td width=\"57\">BARY300<\/td>\n<td width=\"57\">300<\/td>\n<td width=\"57\">46<\/td>\n<td width=\"57\">0.55<\/td>\n<td width=\"57\">500<\/td>\n<td width=\"57\">40<\/td>\n<td width=\"57\">2<\/td>\n<td width=\"57\">500<\/td>\n<td width=\"57\">65<\/td>\n<td width=\"57\">485*<\/p>\n<p>585*<\/p>\n<p>766*<\/td>\n<\/tr>\n<tr>\n<td width=\"57\">BARI400<\/td>\n<td width=\"57\">400<\/td>\n<td width=\"57\">46<\/td>\n<td width=\"57\">0.55<\/td>\n<td width=\"57\">500<\/td>\n<td width=\"57\">40<\/td>\n<td width=\"57\">5<\/td>\n<td width=\"57\">500<\/td>\n<td width=\"57\">70<\/td>\n<td width=\"57\">485*<\/p>\n<p>585*<\/p>\n<p>810*<\/td>\n<\/tr>\n<tr>\n<td width=\"57\">BAY600<\/td>\n<td width=\"57\">600<\/td>\n<td width=\"57\">40<\/td>\n<td width=\"57\">0.75<\/td>\n<td width=\"57\">800<\/td>\n<td width=\"57\">60<\/td>\n<td width=\"57\">15<\/td>\n<td width=\"57\">600<\/td>\n<td width=\"57\">120<\/td>\n<td width=\"57\">700*<\/p>\n<p>540*<\/p>\n<p>1300*<\/td>\n<\/tr>\n<tr>\n<td width=\"57\">BARI800<\/td>\n<td width=\"57\">800<\/td>\n<td width=\"57\">32<\/td>\n<td width=\"57\">1.1<\/td>\n<td width=\"57\">1000<\/td>\n<td width=\"57\">250<\/td>\n<td width=\"57\">90-50<\/td>\n<td width=\"57\">1000*2<\/td>\n<td width=\"57\">240<\/td>\n<td width=\"57\">925*<\/p>\n<p>900*<\/p>\n<p>1500*<\/td>\n<\/tr>\n<tr>\n<td width=\"57\">BARI1000<\/td>\n<td width=\"57\">1000<\/td>\n<td width=\"57\">32<\/td>\n<td width=\"57\">1.5<\/td>\n<td width=\"57\">1000<\/td>\n<td width=\"57\">250<\/td>\n<td width=\"57\">50-70<\/td>\n<td width=\"57\">1000*2<\/td>\n<td width=\"57\">250<\/td>\n<td width=\"57\">1100*<\/p>\n<p>1100*<\/p>\n<p>1600*<\/td>\n<\/tr>\n<tr>\n<td width=\"57\">BARI1250<\/td>\n<td width=\"57\">1250<\/td>\n<td width=\"57\">30<\/td>\n<td width=\"57\">2.2<\/td>\n<td width=\"57\">1000<\/td>\n<td width=\"57\">250<\/td>\n<td width=\"57\">90-150<\/td>\n<td width=\"57\">1000*2<\/td>\n<td width=\"57\">280<\/td>\n<td width=\"57\">1200*<\/p>\n<p>1250*<\/p>\n<p>1630*<\/td>\n<\/tr>\n<\/tbody>\n<\/table>\n<p>&nbsp;<\/p>","protected":false},"excerpt":{"rendered":"<p>Kaplay\u0131c\u0131 veya kaplama tamburu olarak da bilinen \u00e7ok y\u00f6nl\u00fc bir ekipman olan BARY Serisi Kaplama Makinesini ke\u015ffedin.<\/p>","protected":false},"featured_media":7005,"comment_status":"open","ping_status":"closed","template":"","meta":{"wds_primary_product_brand":0,"wds_primary_product_cat":0},"product_brand":[],"product_cat":[84],"product_tag":[],"class_list":{"0":"post-7004","1":"product","2":"type-product","3":"status-publish","4":"has-post-thumbnail","6":"product_cat-maquinas-para-hacer-pastillas","8":"first","9":"instock","10":"taxable","11":"shipping-taxable","12":"purchasable","13":"product-type-simple"},"yoast_head":"<!-- This site is optimized with the Yoast SEO Premium plugin v24.9 (Yoast SEO v26.1) - https:\/\/yoast.com\/wordpress\/plugins\/seo\/ -->\n<title>MAQUINA GRAJEADORA COATER PARA PASTILLAS CON INGREDIENTES ACTIVOS - distribuci\u00f3n ARC<\/title>\n<meta name=\"robots\" content=\"index, follow, max-snippet:-1, max-image-preview:large, max-video-preview:-1\" \/>\n<link rel=\"canonical\" href=\"https:\/\/distribucionarc.com\/tr\/urun\/aktif-icerikli-hap-kaplama-makinesi\/\" \/>\n<meta property=\"og:locale\" content=\"tr_TR\" \/>\n<meta property=\"og:type\" content=\"article\" \/>\n<meta property=\"og:title\" content=\"MAQUINA GRAJEADORA COATER PARA PASTILLAS CON INGREDIENTES ACTIVOS\" \/>\n<meta property=\"og:description\" content=\"Descubre la M\u00e1quina Grajeadora Recubridora Serie BARY, un equipo vers\u00e1til tambi\u00e9n conocido como recubridora, coater, o tambor de recubrimiento, esencial\" \/>\n<meta property=\"og:url\" content=\"https:\/\/distribucionarc.com\/tr\/urun\/aktif-icerikli-hap-kaplama-makinesi\/\" \/>\n<meta property=\"og:site_name\" content=\"distribuci\u00f3n ARC\" \/>\n<meta property=\"article:modified_time\" content=\"2024-04-27T08:52:34+00:00\" \/>\n<meta property=\"og:image\" content=\"https:\/\/distribucionarc.com\/wp-content\/uploads\/2024\/04\/MAQUINA-GRAJEADORA-COATER-PARA-PASTILLAS-CON-INGREDIENTES-ACTIVOS.webp\" \/>\n\t<meta property=\"og:image:width\" content=\"1920\" \/>\n\t<meta property=\"og:image:height\" content=\"1108\" \/>\n\t<meta property=\"og:image:type\" content=\"image\/webp\" \/>\n<meta name=\"twitter:card\" content=\"summary_large_image\" \/>\n<meta name=\"twitter:label1\" content=\"Tahmini okuma s\u00fcresi\" \/>\n\t<meta name=\"twitter:data1\" content=\"1 dakika\" \/>\n<script type=\"application\/ld+json\" class=\"yoast-schema-graph\">{\"@context\":\"https:\/\/schema.org\",\"@graph\":[{\"@type\":\"WebPage\",\"@id\":\"https:\/\/distribucionarc.com\/tr\/producto\/maquina-grajeadora-coater-para-pastillas-con-ingredientes-activos\/\",\"url\":\"https:\/\/distribucionarc.com\/tr\/producto\/maquina-grajeadora-coater-para-pastillas-con-ingredientes-activos\/\",\"name\":\"MAQUINA GRAJEADORA COATER PARA PASTILLAS CON INGREDIENTES ACTIVOS - distribuci\u00f3n ARC\",\"isPartOf\":{\"@id\":\"https:\/\/www.distribucionarc.com\/tr\/#website\"},\"primaryImageOfPage\":{\"@id\":\"https:\/\/distribucionarc.com\/tr\/producto\/maquina-grajeadora-coater-para-pastillas-con-ingredientes-activos\/#primaryimage\"},\"image\":{\"@id\":\"https:\/\/distribucionarc.com\/tr\/producto\/maquina-grajeadora-coater-para-pastillas-con-ingredientes-activos\/#primaryimage\"},\"thumbnailUrl\":\"https:\/\/distribucionarc.com\/wp-content\/uploads\/2024\/04\/MAQUINA-GRAJEADORA-COATER-PARA-PASTILLAS-CON-INGREDIENTES-ACTIVOS.webp\",\"datePublished\":\"2024-04-27T08:52:32+00:00\",\"dateModified\":\"2024-04-27T08:52:34+00:00\",\"breadcrumb\":{\"@id\":\"https:\/\/distribucionarc.com\/tr\/producto\/maquina-grajeadora-coater-para-pastillas-con-ingredientes-activos\/#breadcrumb\"},\"inLanguage\":\"tr\",\"potentialAction\":[{\"@type\":\"ReadAction\",\"target\":[\"https:\/\/distribucionarc.com\/tr\/producto\/maquina-grajeadora-coater-para-pastillas-con-ingredientes-activos\/\"]}]},{\"@type\":\"ImageObject\",\"inLanguage\":\"tr\",\"@id\":\"https:\/\/distribucionarc.com\/tr\/producto\/maquina-grajeadora-coater-para-pastillas-con-ingredientes-activos\/#primaryimage\",\"url\":\"https:\/\/distribucionarc.com\/wp-content\/uploads\/2024\/04\/MAQUINA-GRAJEADORA-COATER-PARA-PASTILLAS-CON-INGREDIENTES-ACTIVOS.webp\",\"contentUrl\":\"https:\/\/distribucionarc.com\/wp-content\/uploads\/2024\/04\/MAQUINA-GRAJEADORA-COATER-PARA-PASTILLAS-CON-INGREDIENTES-ACTIVOS.webp\",\"width\":1920,\"height\":1108,\"caption\":\"#image_title\"},{\"@type\":\"BreadcrumbList\",\"@id\":\"https:\/\/distribucionarc.com\/tr\/producto\/maquina-grajeadora-coater-para-pastillas-con-ingredientes-activos\/#breadcrumb\",\"itemListElement\":[{\"@type\":\"ListItem\",\"position\":1,\"name\":\"Portada\",\"item\":\"https:\/\/www.distribucionarc.com\/tr\/\"},{\"@type\":\"ListItem\",\"position\":2,\"name\":\"Produktai\",\"item\":\"https:\/\/distribucionarc.com\/lt\/parduotuve\/\"},{\"@type\":\"ListItem\",\"position\":3,\"name\":\"MAQUINA GRAJEADORA COATER PARA PASTILLAS CON INGREDIENTES ACTIVOS\"}]},{\"@type\":\"WebSite\",\"@id\":\"https:\/\/www.distribucionarc.com\/tr\/#website\",\"url\":\"https:\/\/www.distribucionarc.com\/tr\/\",\"name\":\"distribuci\u00f3n ARC\",\"description\":\"Empresa especializada en la fabricaci\u00f3n y distribuci\u00f3n de maquinaria industrial, selladoras de latas, Maquinas de hacer pastillas, Maquinas de cortar carne...\",\"publisher\":{\"@id\":\"https:\/\/www.distribucionarc.com\/tr\/#organization\"},\"potentialAction\":[{\"@type\":\"SearchAction\",\"target\":{\"@type\":\"EntryPoint\",\"urlTemplate\":\"https:\/\/www.distribucionarc.com\/tr\/?s={search_term_string}\"},\"query-input\":{\"@type\":\"PropertyValueSpecification\",\"valueRequired\":true,\"valueName\":\"search_term_string\"}}],\"inLanguage\":\"tr\"},{\"@type\":\"Organization\",\"@id\":\"https:\/\/www.distribucionarc.com\/tr\/#organization\",\"name\":\"Distribuci\u00f3n ARC\",\"url\":\"https:\/\/www.distribucionarc.com\/tr\/\",\"logo\":{\"@type\":\"ImageObject\",\"inLanguage\":\"tr\",\"@id\":\"https:\/\/www.distribucionarc.com\/tr\/#\/schema\/logo\/image\/\",\"url\":\"https:\/\/distribucionarc.com\/wp-content\/uploads\/2024\/10\/distribucion-ARC-COLOR-SIN-FONDO-e1732295305345.png\",\"contentUrl\":\"https:\/\/distribucionarc.com\/wp-content\/uploads\/2024\/10\/distribucion-ARC-COLOR-SIN-FONDO-e1732295305345.png\",\"width\":1164,\"height\":558,\"caption\":\"Distribuci\u00f3n ARC\"},\"image\":{\"@id\":\"https:\/\/www.distribucionarc.com\/tr\/#\/schema\/logo\/image\/\"},\"description\":\"Empresa especializada en la fabricaci\u00f3n y distribuci\u00f3n de maquinaria industrial para los sectores alimentario y farmac\u00e9utico. Nos especializamos en: M\u00e1quinas de cortar carne Fabricaci\u00f3n de comprimidos Sistemas de transporte industrial L\u00edneas de embotellado Dosificadores Y mucho m\u00e1s... Ofrecemos soluciones innovadoras y personalizadas para optimizar los procesos productivos de tu empresa.\",\"email\":\"Admistracion@distribucionarc.com\",\"telephone\":\"+34 643496664\",\"legalName\":\"ARC TECH SOLUTIONS\",\"foundingDate\":\"2024-04-09\",\"vatID\":\"B55480172\",\"numberOfEmployees\":{\"@type\":\"QuantitativeValue\",\"minValue\":\"1\",\"maxValue\":\"10\"}}]}<\/script>\n<!-- \/ Yoast SEO Premium plugin. -->","yoast_head_json":{"title":"AKT\u0130F MADDELER \u0130\u00c7EREN HAPLAR \u0130\u00c7\u0130N KAPLAMA TOPLAMA MAK\u0130NES\u0130 - ARC da\u011f\u0131t\u0131m\u0131","robots":{"index":"index","follow":"follow","max-snippet":"max-snippet:-1","max-image-preview":"max-image-preview:large","max-video-preview":"max-video-preview:-1"},"canonical":"https:\/\/distribucionarc.com\/tr\/urun\/aktif-icerikli-hap-kaplama-makinesi\/","og_locale":"tr_TR","og_type":"article","og_title":"MAQUINA GRAJEADORA COATER PARA PASTILLAS CON INGREDIENTES ACTIVOS","og_description":"Descubre la M\u00e1quina Grajeadora Recubridora Serie BARY, un equipo vers\u00e1til tambi\u00e9n conocido como recubridora, coater, o tambor de recubrimiento, esencial","og_url":"https:\/\/distribucionarc.com\/tr\/urun\/aktif-icerikli-hap-kaplama-makinesi\/","og_site_name":"distribuci\u00f3n ARC","article_modified_time":"2024-04-27T08:52:34+00:00","og_image":[{"width":1920,"height":1108,"url":"https:\/\/distribucionarc.com\/wp-content\/uploads\/2024\/04\/MAQUINA-GRAJEADORA-COATER-PARA-PASTILLAS-CON-INGREDIENTES-ACTIVOS.webp","type":"image\/webp"}],"twitter_card":"summary_large_image","twitter_misc":{"Tahmini okuma s\u00fcresi":"1 dakika"},"schema":{"@context":"https:\/\/schema.org","@graph":[{"@type":"WebPage","@id":"https:\/\/distribucionarc.com\/tr\/producto\/maquina-grajeadora-coater-para-pastillas-con-ingredientes-activos\/","url":"https:\/\/distribucionarc.com\/tr\/producto\/maquina-grajeadora-coater-para-pastillas-con-ingredientes-activos\/","name":"AKT\u0130F MADDELER \u0130\u00c7EREN HAPLAR \u0130\u00c7\u0130N KAPLAMA TOPLAMA MAK\u0130NES\u0130 - ARC da\u011f\u0131t\u0131m\u0131","isPartOf":{"@id":"https:\/\/www.distribucionarc.com\/tr\/#website"},"primaryImageOfPage":{"@id":"https:\/\/distribucionarc.com\/tr\/producto\/maquina-grajeadora-coater-para-pastillas-con-ingredientes-activos\/#primaryimage"},"image":{"@id":"https:\/\/distribucionarc.com\/tr\/producto\/maquina-grajeadora-coater-para-pastillas-con-ingredientes-activos\/#primaryimage"},"thumbnailUrl":"https:\/\/distribucionarc.com\/wp-content\/uploads\/2024\/04\/MAQUINA-GRAJEADORA-COATER-PARA-PASTILLAS-CON-INGREDIENTES-ACTIVOS.webp","datePublished":"2024-04-27T08:52:32+00:00","dateModified":"2024-04-27T08:52:34+00:00","breadcrumb":{"@id":"https:\/\/distribucionarc.com\/tr\/producto\/maquina-grajeadora-coater-para-pastillas-con-ingredientes-activos\/#breadcrumb"},"inLanguage":"tr","potentialAction":[{"@type":"ReadAction","target":["https:\/\/distribucionarc.com\/tr\/producto\/maquina-grajeadora-coater-para-pastillas-con-ingredientes-activos\/"]}]},{"@type":"ImageObject","inLanguage":"tr","@id":"https:\/\/distribucionarc.com\/tr\/producto\/maquina-grajeadora-coater-para-pastillas-con-ingredientes-activos\/#primaryimage","url":"https:\/\/distribucionarc.com\/wp-content\/uploads\/2024\/04\/MAQUINA-GRAJEADORA-COATER-PARA-PASTILLAS-CON-INGREDIENTES-ACTIVOS.webp","contentUrl":"https:\/\/distribucionarc.com\/wp-content\/uploads\/2024\/04\/MAQUINA-GRAJEADORA-COATER-PARA-PASTILLAS-CON-INGREDIENTES-ACTIVOS.webp","width":1920,"height":1108,"caption":"#image_title"},{"@type":"BreadcrumbList","@id":"https:\/\/distribucionarc.com\/tr\/producto\/maquina-grajeadora-coater-para-pastillas-con-ingredientes-activos\/#breadcrumb","itemListElement":[{"@type":"ListItem","position":1,"name":"Portada","item":"https:\/\/www.distribucionarc.com\/tr\/"},{"@type":"ListItem","position":2,"name":"Produktai","item":"https:\/\/distribucionarc.com\/lt\/parduotuve\/"},{"@type":"ListItem","position":3,"name":"MAQUINA GRAJEADORA COATER PARA PASTILLAS CON INGREDIENTES ACTIVOS"}]},{"@type":"WebSite","@id":"https:\/\/www.distribucionarc.com\/tr\/#website","url":"https:\/\/www.distribucionarc.com\/tr\/","name":"ARC da\u011f\u0131t\u0131m\u0131","description":"End\u00fcstriyel makinelerin \u00fcretimi ve da\u011f\u0131t\u0131m\u0131 konusunda uzmanla\u015fm\u0131\u015f \u015firket, kutu m\u00fch\u00fcrleme makineleri, tablet yapma makineleri, et kesme makineleri...","publisher":{"@id":"https:\/\/www.distribucionarc.com\/tr\/#organization"},"potentialAction":[{"@type":"SearchAction","target":{"@type":"EntryPoint","urlTemplate":"https:\/\/www.distribucionarc.com\/tr\/?s={search_term_string}"},"query-input":{"@type":"PropertyValueSpecification","valueRequired":true,"valueName":"search_term_string"}}],"inLanguage":"tr"},{"@type":"Organization","@id":"https:\/\/www.distribucionarc.com\/tr\/#organization","name":"ARC Da\u011f\u0131t\u0131m\u0131","url":"https:\/\/www.distribucionarc.com\/tr\/","logo":{"@type":"ImageObject","inLanguage":"tr","@id":"https:\/\/www.distribucionarc.com\/tr\/#\/schema\/logo\/image\/","url":"https:\/\/distribucionarc.com\/wp-content\/uploads\/2024\/10\/distribucion-ARC-COLOR-SIN-FONDO-e1732295305345.png","contentUrl":"https:\/\/distribucionarc.com\/wp-content\/uploads\/2024\/10\/distribucion-ARC-COLOR-SIN-FONDO-e1732295305345.png","width":1164,"height":558,"caption":"Distribuci\u00f3n ARC"},"image":{"@id":"https:\/\/www.distribucionarc.com\/tr\/#\/schema\/logo\/image\/"},"description":"\u015eirket, g\u0131da ve ila\u00e7 sekt\u00f6rleri i\u00e7in end\u00fcstriyel makine \u00fcretimi ve da\u011f\u0131t\u0131m\u0131 konusunda uzmanla\u015fm\u0131\u015ft\u0131r. Uzmanl\u0131k alanlar\u0131m\u0131z Et kesme makineleri Tablet \u00fcretimi End\u00fcstriyel ta\u015f\u0131ma sistemleri \u015ei\u015feleme hatlar\u0131 Dozajlama makineleri Ve \u00e7ok daha fazlas\u0131... \u015eirketinizin \u00fcretim s\u00fcre\u00e7lerini optimize etmek i\u00e7in yenilik\u00e7i ve \u00f6zelle\u015ftirilmi\u015f \u00e7\u00f6z\u00fcmler sunuyoruz.","email":"Admistracion@distribucionarc.com","telephone":"+34 643496664","legalName":"ARC TECH SOLUTIONS","foundingDate":"2024-04-09","vatID":"B55480172","numberOfEmployees":{"@type":"QuantitativeValue","minValue":"1","maxValue":"10"}}]}},"_links":{"self":[{"href":"https:\/\/distribucionarc.com\/tr\/wp-json\/wp\/v2\/product\/7004","targetHints":{"allow":["GET"]}}],"collection":[{"href":"https:\/\/distribucionarc.com\/tr\/wp-json\/wp\/v2\/product"}],"about":[{"href":"https:\/\/distribucionarc.com\/tr\/wp-json\/wp\/v2\/types\/product"}],"replies":[{"embeddable":true,"href":"https:\/\/distribucionarc.com\/tr\/wp-json\/wp\/v2\/comments?post=7004"}],"version-history":[{"count":0,"href":"https:\/\/distribucionarc.com\/tr\/wp-json\/wp\/v2\/product\/7004\/revisions"}],"wp:featuredmedia":[{"embeddable":true,"href":"https:\/\/distribucionarc.com\/tr\/wp-json\/wp\/v2\/media\/7005"}],"wp:attachment":[{"href":"https:\/\/distribucionarc.com\/tr\/wp-json\/wp\/v2\/media?parent=7004"}],"wp:term":[{"taxonomy":"product_brand","embeddable":true,"href":"https:\/\/distribucionarc.com\/tr\/wp-json\/wp\/v2\/product_brand?post=7004"},{"taxonomy":"product_cat","embeddable":true,"href":"https:\/\/distribucionarc.com\/tr\/wp-json\/wp\/v2\/product_cat?post=7004"},{"taxonomy":"product_tag","embeddable":true,"href":"https:\/\/distribucionarc.com\/tr\/wp-json\/wp\/v2\/product_tag?post=7004"}],"curies":[{"name":"wp","href":"https:\/\/api.w.org\/{rel}","templated":true}]}}