{"id":7035,"date":"2024-05-06T14:42:37","date_gmt":"2024-05-06T14:42:37","guid":{"rendered":"https:\/\/distribucionarc.com\/?post_type=product&#038;p=7035"},"modified":"2024-05-06T14:42:40","modified_gmt":"2024-05-06T14:42:40","slug":"703kalsiyum-tabletleri-icin-toz-giderici","status":"publish","type":"product","link":"https:\/\/distribucionarc.com\/tr\/producto\/703desempolvador-eliminador-de-polvo-para-tabletas-de-calcio\/","title":{"rendered":"KALS\u0130YUM TABLETLER\u0130 \u0130\u00c7\u0130N TOZ S\u00d6K\u00dcC\u00dc"},"content":{"rendered":"<p>Ke\u015ffedin <strong>ZWARS137 Y\u00fcksek H\u0131zl\u0131 Toz Toplay\u0131c\u0131<\/strong>Kalsiyum tabletlerine kusursuz bir y\u00fczey kazand\u0131rmak i\u00e7in bas\u0131n\u00e7l\u0131 hava \u00fcfleme, santrif\u00fcjl\u00fc toz giderme ve tambur kenar\u0131 cilalaman\u0131n geli\u015fmi\u015f prensiplerini kullanan yenilik\u00e7i bir \u00e7\u00f6z\u00fcm. Y\u00fcksek kaliteli SS304 malzemeden yap\u0131lm\u0131\u015f olup, hammadde ile g\u00fcvenli k\u0131smi temas\u0131 garanti eder ve gerekli kalite standartlar\u0131n\u0131 kar\u015f\u0131lar. Ayr\u0131ca tasar\u0131m\u0131 temizli\u011fi kolayla\u015ft\u0131rarak basit ve etkili bak\u0131m sa\u011flar. \u00dcretim s\u00fcre\u00e7lerinizi optimize edin ve \u00fcr\u00fcnlerinizin kalitesini garanti edin. <strong>ZWARS137 Y\u00fcksek H\u0131zl\u0131 Toz Toplay\u0131c\u0131<\/strong>.<\/p>\n<p>&nbsp;<\/p>\n<table>\n<tbody>\n<tr>\n<td width=\"283\">Modeli<\/td>\n<td width=\"283\">ZWARS137<\/td>\n<\/tr>\n<tr>\n<td width=\"283\">\u00c7\u0131k\u0131\u015f kapasitesi (adet\/saat)<\/td>\n<td width=\"283\">800000<\/td>\n<\/tr>\n<tr>\n<td width=\"283\">elek \u00e7ap\u0131 (mm)<\/td>\n<td width=\"283\">3<\/td>\n<\/tr>\n<tr>\n<td width=\"283\">Ekran \u00e7ap\u0131 (mm)<\/td>\n<td width=\"283\">25<\/td>\n<\/tr>\n<tr>\n<td width=\"283\">Elek silindiri \u00e7ap\u0131 (mm)<\/td>\n<td width=\"283\">137<\/td>\n<\/tr>\n<tr>\n<td width=\"283\">Maksimum d\u00f6n\u00fc\u015f h\u0131z\u0131 (d\u00f6n\u00fc\u015f\/dak)<\/td>\n<td width=\"283\">30<\/td>\n<\/tr>\n<tr>\n<td width=\"283\">G\u00fc\u00e7(w)<\/td>\n<td width=\"283\">60<\/td>\n<\/tr>\n<tr>\n<td width=\"283\">G\u00fc\u00e7 kayna\u011f\u0131<\/td>\n<td width=\"283\">220V\/110V 50Hz<\/td>\n<\/tr>\n<tr>\n<td width=\"283\">S\u0131k\u0131\u015ft\u0131rma stresi (kg)<\/td>\n<td width=\"283\">4<\/td>\n<\/tr>\n<tr>\n<td width=\"283\">Net a\u011f\u0131rl\u0131k (kg)<\/td>\n<td width=\"283\">750*<\/p>\n<p>320*<\/p>\n<p>1030*<\/td>\n<\/tr>\n<tr>\n<td width=\"283\">Genel boyut (mm)<\/td>\n<td width=\"283\">37<\/td>\n<\/tr>\n<\/tbody>\n<\/table>","protected":false},"excerpt":{"rendered":"<p>Geli\u015fmi\u015f bas\u0131n\u00e7l\u0131 hava \u00fcfleme prensiplerini kullanan yenilik\u00e7i bir \u00e7\u00f6z\u00fcm olan ZWARS137 Y\u00fcksek H\u0131zl\u0131 Toz Gidericiyi ke\u015ffedin.<\/p>","protected":false},"featured_media":7037,"comment_status":"open","ping_status":"closed","template":"","meta":{"wds_primary_product_brand":0,"wds_primary_product_cat":0},"product_brand":[],"product_cat":[84],"product_tag":[],"class_list":{"0":"post-7035","1":"product","2":"type-product","3":"status-publish","4":"has-post-thumbnail","6":"product_cat-maquinas-para-hacer-pastillas","8":"first","9":"instock","10":"taxable","11":"shipping-taxable","12":"purchasable","13":"product-type-simple"},"yoast_head":"<!-- This site is optimized with the Yoast SEO Premium plugin v24.9 (Yoast SEO v26.1) - https:\/\/yoast.com\/wordpress\/plugins\/seo\/ -->\n<title>DESEMPOLVADOR ELIMINADOR DE POLVO PARA TABLETAS DE CALCIO - distribuci\u00f3n ARC<\/title>\n<meta name=\"robots\" content=\"index, follow, max-snippet:-1, max-image-preview:large, max-video-preview:-1\" \/>\n<link rel=\"canonical\" href=\"https:\/\/www.distribucionarc.com\/producto\/703desempolvador-eliminador-de-polvo-para-tabletas-de-calcio\/\" \/>\n<meta property=\"og:locale\" content=\"tr_TR\" \/>\n<meta property=\"og:type\" content=\"article\" \/>\n<meta property=\"og:title\" content=\"DESEMPOLVADOR ELIMINADOR DE POLVO PARA TABLETAS DE CALCIO\" \/>\n<meta property=\"og:description\" content=\"Descubre el Desempolvador de Alta Velocidad ZWARS137, una soluci\u00f3n innovadora que utiliza principios avanzados de soplado de aire comprimido, eliminaci\u00f3n\" \/>\n<meta property=\"og:url\" content=\"https:\/\/www.distribucionarc.com\/producto\/703desempolvador-eliminador-de-polvo-para-tabletas-de-calcio\/\" \/>\n<meta property=\"og:site_name\" content=\"distribuci\u00f3n ARC\" \/>\n<meta property=\"article:modified_time\" content=\"2024-05-06T14:42:40+00:00\" \/>\n<meta property=\"og:image\" content=\"https:\/\/www.distribucionarc.com\/wp-content\/uploads\/2024\/05\/DESEMPOLVADOR-ELIMINADOR-DE-POLVO-PARA-TABLETAS-DE-CALCIO.webp\" \/>\n\t<meta property=\"og:image:width\" content=\"944\" \/>\n\t<meta property=\"og:image:height\" content=\"968\" \/>\n\t<meta property=\"og:image:type\" content=\"image\/webp\" \/>\n<meta name=\"twitter:card\" content=\"summary_large_image\" \/>\n<meta name=\"twitter:label1\" content=\"Tahmini okuma s\u00fcresi\" \/>\n\t<meta name=\"twitter:data1\" content=\"1 dakika\" \/>\n<script type=\"application\/ld+json\" class=\"yoast-schema-graph\">{\"@context\":\"https:\/\/schema.org\",\"@graph\":[{\"@type\":\"WebPage\",\"@id\":\"https:\/\/www.distribucionarc.com\/producto\/703desempolvador-eliminador-de-polvo-para-tabletas-de-calcio\/\",\"url\":\"https:\/\/www.distribucionarc.com\/producto\/703desempolvador-eliminador-de-polvo-para-tabletas-de-calcio\/\",\"name\":\"DESEMPOLVADOR ELIMINADOR DE POLVO PARA TABLETAS DE CALCIO - distribuci\u00f3n ARC\",\"isPartOf\":{\"@id\":\"https:\/\/www.distribucionarc.com\/sl\/#website\"},\"primaryImageOfPage\":{\"@id\":\"https:\/\/www.distribucionarc.com\/producto\/703desempolvador-eliminador-de-polvo-para-tabletas-de-calcio\/#primaryimage\"},\"image\":{\"@id\":\"https:\/\/www.distribucionarc.com\/producto\/703desempolvador-eliminador-de-polvo-para-tabletas-de-calcio\/#primaryimage\"},\"thumbnailUrl\":\"https:\/\/distribucionarc.com\/wp-content\/uploads\/2024\/05\/DESEMPOLVADOR-ELIMINADOR-DE-POLVO-PARA-TABLETAS-DE-CALCIO.webp\",\"datePublished\":\"2024-05-06T14:42:37+00:00\",\"dateModified\":\"2024-05-06T14:42:40+00:00\",\"breadcrumb\":{\"@id\":\"https:\/\/www.distribucionarc.com\/producto\/703desempolvador-eliminador-de-polvo-para-tabletas-de-calcio\/#breadcrumb\"},\"inLanguage\":\"tr\",\"potentialAction\":[{\"@type\":\"ReadAction\",\"target\":[\"https:\/\/www.distribucionarc.com\/producto\/703desempolvador-eliminador-de-polvo-para-tabletas-de-calcio\/\"]}]},{\"@type\":\"ImageObject\",\"inLanguage\":\"tr\",\"@id\":\"https:\/\/www.distribucionarc.com\/producto\/703desempolvador-eliminador-de-polvo-para-tabletas-de-calcio\/#primaryimage\",\"url\":\"https:\/\/distribucionarc.com\/wp-content\/uploads\/2024\/05\/DESEMPOLVADOR-ELIMINADOR-DE-POLVO-PARA-TABLETAS-DE-CALCIO.webp\",\"contentUrl\":\"https:\/\/distribucionarc.com\/wp-content\/uploads\/2024\/05\/DESEMPOLVADOR-ELIMINADOR-DE-POLVO-PARA-TABLETAS-DE-CALCIO.webp\",\"width\":944,\"height\":968,\"caption\":\"#image_title\"},{\"@type\":\"BreadcrumbList\",\"@id\":\"https:\/\/www.distribucionarc.com\/producto\/703desempolvador-eliminador-de-polvo-para-tabletas-de-calcio\/#breadcrumb\",\"itemListElement\":[{\"@type\":\"ListItem\",\"position\":1,\"name\":\"Portada\",\"item\":\"https:\/\/www.distribucionarc.com\/\"},{\"@type\":\"ListItem\",\"position\":2,\"name\":\"\u00dcr\u00fcnler\",\"item\":\"https:\/\/www.distribucionarc.com\/tr\/magaza\/\"},{\"@type\":\"ListItem\",\"position\":3,\"name\":\"DESEMPOLVADOR ELIMINADOR DE POLVO PARA TABLETAS DE CALCIO\"}]},{\"@type\":\"WebSite\",\"@id\":\"https:\/\/www.distribucionarc.com\/sl\/#website\",\"url\":\"https:\/\/www.distribucionarc.com\/sl\/\",\"name\":\"distribuci\u00f3n ARC\",\"description\":\"Empresa especializada en la fabricaci\u00f3n y distribuci\u00f3n de maquinaria industrial, selladoras de latas, Maquinas de hacer pastillas, Maquinas de cortar carne...\",\"publisher\":{\"@id\":\"https:\/\/www.distribucionarc.com\/sl\/#organization\"},\"potentialAction\":[{\"@type\":\"SearchAction\",\"target\":{\"@type\":\"EntryPoint\",\"urlTemplate\":\"https:\/\/www.distribucionarc.com\/sl\/?s={search_term_string}\"},\"query-input\":{\"@type\":\"PropertyValueSpecification\",\"valueRequired\":true,\"valueName\":\"search_term_string\"}}],\"inLanguage\":\"tr\"},{\"@type\":\"Organization\",\"@id\":\"https:\/\/www.distribucionarc.com\/sl\/#organization\",\"name\":\"Distribuci\u00f3n ARC\",\"url\":\"https:\/\/www.distribucionarc.com\/sl\/\",\"logo\":{\"@type\":\"ImageObject\",\"inLanguage\":\"tr\",\"@id\":\"https:\/\/www.distribucionarc.com\/sl\/#\/schema\/logo\/image\/\",\"url\":\"https:\/\/distribucionarc.com\/wp-content\/uploads\/2024\/10\/distribucion-ARC-COLOR-SIN-FONDO-e1732295305345.png\",\"contentUrl\":\"https:\/\/distribucionarc.com\/wp-content\/uploads\/2024\/10\/distribucion-ARC-COLOR-SIN-FONDO-e1732295305345.png\",\"width\":1164,\"height\":558,\"caption\":\"Distribuci\u00f3n ARC\"},\"image\":{\"@id\":\"https:\/\/www.distribucionarc.com\/sl\/#\/schema\/logo\/image\/\"},\"description\":\"Empresa especializada en la fabricaci\u00f3n y distribuci\u00f3n de maquinaria industrial para los sectores alimentario y farmac\u00e9utico. Nos especializamos en: M\u00e1quinas de cortar carne Fabricaci\u00f3n de comprimidos Sistemas de transporte industrial L\u00edneas de embotellado Dosificadores Y mucho m\u00e1s... Ofrecemos soluciones innovadoras y personalizadas para optimizar los procesos productivos de tu empresa.\",\"email\":\"Admistracion@distribucionarc.com\",\"telephone\":\"+34 643496664\",\"legalName\":\"ARC TECH SOLUTIONS\",\"foundingDate\":\"2024-04-09\",\"vatID\":\"B55480172\",\"numberOfEmployees\":{\"@type\":\"QuantitativeValue\",\"minValue\":\"1\",\"maxValue\":\"10\"}}]}<\/script>\n<!-- \/ Yoast SEO Premium plugin. -->","yoast_head_json":{"title":"KALS\u0130YUM TABLETLER\u0130 \u0130\u00c7\u0130N TOZ S\u00d6K\u00dcC\u00dc - ARC da\u011f\u0131t\u0131m\u0131","robots":{"index":"index","follow":"follow","max-snippet":"max-snippet:-1","max-image-preview":"max-image-preview:large","max-video-preview":"max-video-preview:-1"},"canonical":"https:\/\/www.distribucionarc.com\/producto\/703desempolvador-eliminador-de-polvo-para-tabletas-de-calcio\/","og_locale":"tr_TR","og_type":"article","og_title":"DESEMPOLVADOR ELIMINADOR DE POLVO PARA TABLETAS DE CALCIO","og_description":"Descubre el Desempolvador de Alta Velocidad ZWARS137, una soluci\u00f3n innovadora que utiliza principios avanzados de soplado de aire comprimido, eliminaci\u00f3n","og_url":"https:\/\/www.distribucionarc.com\/producto\/703desempolvador-eliminador-de-polvo-para-tabletas-de-calcio\/","og_site_name":"distribuci\u00f3n ARC","article_modified_time":"2024-05-06T14:42:40+00:00","og_image":[{"width":944,"height":968,"url":"https:\/\/www.distribucionarc.com\/wp-content\/uploads\/2024\/05\/DESEMPOLVADOR-ELIMINADOR-DE-POLVO-PARA-TABLETAS-DE-CALCIO.webp","type":"image\/webp"}],"twitter_card":"summary_large_image","twitter_misc":{"Tahmini okuma s\u00fcresi":"1 dakika"},"schema":{"@context":"https:\/\/schema.org","@graph":[{"@type":"WebPage","@id":"https:\/\/www.distribucionarc.com\/producto\/703desempolvador-eliminador-de-polvo-para-tabletas-de-calcio\/","url":"https:\/\/www.distribucionarc.com\/producto\/703desempolvador-eliminador-de-polvo-para-tabletas-de-calcio\/","name":"KALS\u0130YUM TABLETLER\u0130 \u0130\u00c7\u0130N TOZ S\u00d6K\u00dcC\u00dc - ARC da\u011f\u0131t\u0131m\u0131","isPartOf":{"@id":"https:\/\/www.distribucionarc.com\/sl\/#website"},"primaryImageOfPage":{"@id":"https:\/\/www.distribucionarc.com\/producto\/703desempolvador-eliminador-de-polvo-para-tabletas-de-calcio\/#primaryimage"},"image":{"@id":"https:\/\/www.distribucionarc.com\/producto\/703desempolvador-eliminador-de-polvo-para-tabletas-de-calcio\/#primaryimage"},"thumbnailUrl":"https:\/\/distribucionarc.com\/wp-content\/uploads\/2024\/05\/DESEMPOLVADOR-ELIMINADOR-DE-POLVO-PARA-TABLETAS-DE-CALCIO.webp","datePublished":"2024-05-06T14:42:37+00:00","dateModified":"2024-05-06T14:42:40+00:00","breadcrumb":{"@id":"https:\/\/www.distribucionarc.com\/producto\/703desempolvador-eliminador-de-polvo-para-tabletas-de-calcio\/#breadcrumb"},"inLanguage":"tr","potentialAction":[{"@type":"ReadAction","target":["https:\/\/www.distribucionarc.com\/producto\/703desempolvador-eliminador-de-polvo-para-tabletas-de-calcio\/"]}]},{"@type":"ImageObject","inLanguage":"tr","@id":"https:\/\/www.distribucionarc.com\/producto\/703desempolvador-eliminador-de-polvo-para-tabletas-de-calcio\/#primaryimage","url":"https:\/\/distribucionarc.com\/wp-content\/uploads\/2024\/05\/DESEMPOLVADOR-ELIMINADOR-DE-POLVO-PARA-TABLETAS-DE-CALCIO.webp","contentUrl":"https:\/\/distribucionarc.com\/wp-content\/uploads\/2024\/05\/DESEMPOLVADOR-ELIMINADOR-DE-POLVO-PARA-TABLETAS-DE-CALCIO.webp","width":944,"height":968,"caption":"#image_title"},{"@type":"BreadcrumbList","@id":"https:\/\/www.distribucionarc.com\/producto\/703desempolvador-eliminador-de-polvo-para-tabletas-de-calcio\/#breadcrumb","itemListElement":[{"@type":"ListItem","position":1,"name":"Portada","item":"https:\/\/www.distribucionarc.com\/"},{"@type":"ListItem","position":2,"name":"\u00dcr\u00fcnler","item":"https:\/\/www.distribucionarc.com\/tr\/magaza\/"},{"@type":"ListItem","position":3,"name":"DESEMPOLVADOR ELIMINADOR DE POLVO PARA TABLETAS DE CALCIO"}]},{"@type":"WebSite","@id":"https:\/\/www.distribucionarc.com\/sl\/#website","url":"https:\/\/www.distribucionarc.com\/sl\/","name":"ARC da\u011f\u0131t\u0131m\u0131","description":"End\u00fcstriyel makinelerin \u00fcretimi ve da\u011f\u0131t\u0131m\u0131 konusunda uzmanla\u015fm\u0131\u015f \u015firket, kutu m\u00fch\u00fcrleme makineleri, tablet yapma makineleri, et kesme makineleri...","publisher":{"@id":"https:\/\/www.distribucionarc.com\/sl\/#organization"},"potentialAction":[{"@type":"SearchAction","target":{"@type":"EntryPoint","urlTemplate":"https:\/\/www.distribucionarc.com\/sl\/?s={search_term_string}"},"query-input":{"@type":"PropertyValueSpecification","valueRequired":true,"valueName":"search_term_string"}}],"inLanguage":"tr"},{"@type":"Organization","@id":"https:\/\/www.distribucionarc.com\/sl\/#organization","name":"ARC Da\u011f\u0131t\u0131m\u0131","url":"https:\/\/www.distribucionarc.com\/sl\/","logo":{"@type":"ImageObject","inLanguage":"tr","@id":"https:\/\/www.distribucionarc.com\/sl\/#\/schema\/logo\/image\/","url":"https:\/\/distribucionarc.com\/wp-content\/uploads\/2024\/10\/distribucion-ARC-COLOR-SIN-FONDO-e1732295305345.png","contentUrl":"https:\/\/distribucionarc.com\/wp-content\/uploads\/2024\/10\/distribucion-ARC-COLOR-SIN-FONDO-e1732295305345.png","width":1164,"height":558,"caption":"Distribuci\u00f3n ARC"},"image":{"@id":"https:\/\/www.distribucionarc.com\/sl\/#\/schema\/logo\/image\/"},"description":"\u015eirket, g\u0131da ve ila\u00e7 sekt\u00f6rleri i\u00e7in end\u00fcstriyel makine \u00fcretimi ve da\u011f\u0131t\u0131m\u0131 konusunda uzmanla\u015fm\u0131\u015ft\u0131r. Uzmanl\u0131k alanlar\u0131m\u0131z Et kesme makineleri Tablet \u00fcretimi End\u00fcstriyel ta\u015f\u0131ma sistemleri \u015ei\u015feleme hatlar\u0131 Dozajlama makineleri Ve \u00e7ok daha fazlas\u0131... \u015eirketinizin \u00fcretim s\u00fcre\u00e7lerini optimize etmek i\u00e7in yenilik\u00e7i ve \u00f6zelle\u015ftirilmi\u015f \u00e7\u00f6z\u00fcmler sunuyoruz.","email":"Admistracion@distribucionarc.com","telephone":"+34 643496664","legalName":"ARC TECH SOLUTIONS","foundingDate":"2024-04-09","vatID":"B55480172","numberOfEmployees":{"@type":"QuantitativeValue","minValue":"1","maxValue":"10"}}]}},"_links":{"self":[{"href":"https:\/\/distribucionarc.com\/tr\/wp-json\/wp\/v2\/product\/7035","targetHints":{"allow":["GET"]}}],"collection":[{"href":"https:\/\/distribucionarc.com\/tr\/wp-json\/wp\/v2\/product"}],"about":[{"href":"https:\/\/distribucionarc.com\/tr\/wp-json\/wp\/v2\/types\/product"}],"replies":[{"embeddable":true,"href":"https:\/\/distribucionarc.com\/tr\/wp-json\/wp\/v2\/comments?post=7035"}],"version-history":[{"count":0,"href":"https:\/\/distribucionarc.com\/tr\/wp-json\/wp\/v2\/product\/7035\/revisions"}],"wp:featuredmedia":[{"embeddable":true,"href":"https:\/\/distribucionarc.com\/tr\/wp-json\/wp\/v2\/media\/7037"}],"wp:attachment":[{"href":"https:\/\/distribucionarc.com\/tr\/wp-json\/wp\/v2\/media?parent=7035"}],"wp:term":[{"taxonomy":"product_brand","embeddable":true,"href":"https:\/\/distribucionarc.com\/tr\/wp-json\/wp\/v2\/product_brand?post=7035"},{"taxonomy":"product_cat","embeddable":true,"href":"https:\/\/distribucionarc.com\/tr\/wp-json\/wp\/v2\/product_cat?post=7035"},{"taxonomy":"product_tag","embeddable":true,"href":"https:\/\/distribucionarc.com\/tr\/wp-json\/wp\/v2\/product_tag?post=7035"}],"curies":[{"name":"wp","href":"https:\/\/api.w.org\/{rel}","templated":true}]}}