{"id":7059,"date":"2024-05-06T16:41:28","date_gmt":"2024-05-06T16:41:28","guid":{"rendered":"https:\/\/distribucionarc.com\/?post_type=product&#038;p=7059"},"modified":"2024-05-06T16:41:30","modified_gmt":"2024-05-06T16:41:30","slug":"kapsul-siralama-ve-parlatma-makinesi","status":"publish","type":"product","link":"https:\/\/distribucionarc.com\/tr\/producto\/clasificadora-y-pulidora-de-capsulas\/","title":{"rendered":"KAPS\u00dcL AYIRMA VE PARLATMA MAK\u0130NES\u0130"},"content":{"rendered":"<p>Ke\u015ffedin <strong>FARJP-A Kaps\u00fcl Ay\u0131rma ve Parlatma Makinesi<\/strong>#00-5 ebatlar\u0131ndaki kaps\u00fcller i\u00e7in tasarlanm\u0131\u015f, kaps\u00fcle zarar vermeden tozu temizleyen ve kalitesiz kaps\u00fclleri otomatik olarak ay\u0131rabilen. Ek olarak bu makine, otomatik dolum makinesine ba\u011flanmak i\u00e7in \u00f6zel bir besleyiciyle donat\u0131labilir, bu da \u00fcretim hatt\u0131n\u0131za entegrasyonu kolayla\u015ft\u0131r\u0131r. Bu geli\u015fmi\u015f ve g\u00fcvenilir \u00e7\u00f6z\u00fcmle s\u00fcre\u00e7lerinizi optimize edin ve \u00fcr\u00fcnlerinizin kalitesini garanti edin.<\/p>\n<p>&nbsp;<\/p>\n<table>\n<tbody>\n<tr>\n<td width=\"283\">Modeli<\/td>\n<td width=\"283\">FARJP-A<\/td>\n<\/tr>\n<tr>\n<td width=\"283\">Verimlilik (birim\/saat)<\/td>\n<td width=\"283\">300000<\/td>\n<\/tr>\n<tr>\n<td width=\"283\">G\u00fc\u00e7 kayna\u011f\u0131<\/td>\n<td width=\"283\">220V 50Hz,2.,180W<\/td>\n<\/tr>\n<tr>\n<td width=\"283\">negatif bas\u0131n\u00e7<\/td>\n<td width=\"283\">2,7 m3\/dak-0,014MPa<\/td>\n<\/tr>\n<tr>\n<td width=\"283\">Bas\u0131n\u00e7l\u0131 hava<\/td>\n<td width=\"283\">0,25 m3\/dak 0,3MPa<\/td>\n<\/tr>\n<tr>\n<td width=\"283\">Makine boyutu (milimetre)<\/td>\n<td width=\"283\">800*<\/p>\n<p>550*<\/p>\n<p>1000*<\/td>\n<\/tr>\n<tr>\n<td width=\"283\">Paket boyutu (milimetre)<\/td>\n<td width=\"283\">960*<\/p>\n<p>720*<\/p>\n<p>640*<\/td>\n<\/tr>\n<tr>\n<td width=\"283\">Makine a\u011f\u0131rl\u0131\u011f\u0131<\/td>\n<td width=\"283\">45kg<\/td>\n<\/tr>\n<tr>\n<td width=\"283\">Br\u00fct a\u011f\u0131rl\u0131k<\/td>\n<td width=\"283\">&nbsp;<\/td>\n<\/tr>\n<\/tbody>\n<\/table>","protected":false},"excerpt":{"rendered":"<p>#00-5 boyutlar\u0131ndaki kaps\u00fcller i\u00e7in tasarlanm\u0131\u015f, tozu gideren FARJP-A Kaps\u00fcl Ay\u0131klama ve Parlatma Makinesini ke\u015ffedin.<\/p>","protected":false},"featured_media":7060,"comment_status":"open","ping_status":"closed","template":"","meta":{"wds_primary_product_brand":0,"wds_primary_product_cat":0},"product_brand":[],"product_cat":[84],"product_tag":[],"class_list":{"0":"post-7059","1":"product","2":"type-product","3":"status-publish","4":"has-post-thumbnail","6":"product_cat-maquinas-para-hacer-pastillas","8":"first","9":"instock","10":"taxable","11":"shipping-taxable","12":"product-type-simple"},"yoast_head":"<!-- This site is optimized with the Yoast SEO Premium plugin v24.9 (Yoast SEO v26.1) - https:\/\/yoast.com\/wordpress\/plugins\/seo\/ -->\n<title>CLASIFICADORA Y PULIDORA DE CAPSULAS - distribuci\u00f3n ARC<\/title>\n<meta name=\"robots\" content=\"index, follow, max-snippet:-1, max-image-preview:large, max-video-preview:-1\" \/>\n<link rel=\"canonical\" href=\"https:\/\/distribucionarc.com\/tr\/urun\/kapsul-siralama-ve-parlatma-makinesi\/\" \/>\n<meta property=\"og:locale\" content=\"tr_TR\" \/>\n<meta property=\"og:type\" content=\"article\" \/>\n<meta property=\"og:title\" content=\"CLASIFICADORA Y PULIDORA DE CAPSULAS\" \/>\n<meta property=\"og:description\" content=\"Descubre la M\u00e1quina Clasificadora y Pulidora de C\u00e1psulas FARJP-A, dise\u00f1ada para c\u00e1psulas en tama\u00f1os #00-5, que elimina el polvo sin\" \/>\n<meta property=\"og:url\" content=\"https:\/\/distribucionarc.com\/tr\/urun\/kapsul-siralama-ve-parlatma-makinesi\/\" \/>\n<meta property=\"og:site_name\" content=\"distribuci\u00f3n ARC\" \/>\n<meta property=\"article:modified_time\" content=\"2024-05-06T16:41:30+00:00\" \/>\n<meta property=\"og:image\" content=\"https:\/\/distribucionarc.com\/wp-content\/uploads\/2024\/05\/CLASIFICADORA-Y-PULIDORA-DE-CAPSULAS.webp\" \/>\n\t<meta property=\"og:image:width\" content=\"1080\" \/>\n\t<meta property=\"og:image:height\" content=\"1112\" \/>\n\t<meta property=\"og:image:type\" content=\"image\/webp\" \/>\n<meta name=\"twitter:card\" content=\"summary_large_image\" \/>\n<meta name=\"twitter:label1\" content=\"Tahmini okuma s\u00fcresi\" \/>\n\t<meta name=\"twitter:data1\" content=\"1 dakika\" \/>\n<script type=\"application\/ld+json\" class=\"yoast-schema-graph\">{\"@context\":\"https:\/\/schema.org\",\"@graph\":[{\"@type\":\"WebPage\",\"@id\":\"https:\/\/distribucionarc.com\/en\/producto\/clasificadora-y-pulidora-de-capsulas\/\",\"url\":\"https:\/\/distribucionarc.com\/en\/producto\/clasificadora-y-pulidora-de-capsulas\/\",\"name\":\"CLASIFICADORA Y PULIDORA DE CAPSULAS - distribuci\u00f3n ARC\",\"isPartOf\":{\"@id\":\"https:\/\/distribucionarc.com\/bg\/#website\"},\"primaryImageOfPage\":{\"@id\":\"https:\/\/distribucionarc.com\/en\/producto\/clasificadora-y-pulidora-de-capsulas\/#primaryimage\"},\"image\":{\"@id\":\"https:\/\/distribucionarc.com\/en\/producto\/clasificadora-y-pulidora-de-capsulas\/#primaryimage\"},\"thumbnailUrl\":\"https:\/\/distribucionarc.com\/wp-content\/uploads\/2024\/05\/CLASIFICADORA-Y-PULIDORA-DE-CAPSULAS.webp\",\"datePublished\":\"2024-05-06T16:41:28+00:00\",\"dateModified\":\"2024-05-06T16:41:30+00:00\",\"breadcrumb\":{\"@id\":\"https:\/\/distribucionarc.com\/en\/producto\/clasificadora-y-pulidora-de-capsulas\/#breadcrumb\"},\"inLanguage\":\"tr\",\"potentialAction\":[{\"@type\":\"ReadAction\",\"target\":[\"https:\/\/distribucionarc.com\/en\/producto\/clasificadora-y-pulidora-de-capsulas\/\"]}]},{\"@type\":\"ImageObject\",\"inLanguage\":\"tr\",\"@id\":\"https:\/\/distribucionarc.com\/en\/producto\/clasificadora-y-pulidora-de-capsulas\/#primaryimage\",\"url\":\"https:\/\/distribucionarc.com\/wp-content\/uploads\/2024\/05\/CLASIFICADORA-Y-PULIDORA-DE-CAPSULAS.webp\",\"contentUrl\":\"https:\/\/distribucionarc.com\/wp-content\/uploads\/2024\/05\/CLASIFICADORA-Y-PULIDORA-DE-CAPSULAS.webp\",\"width\":1080,\"height\":1112,\"caption\":\"#image_title\"},{\"@type\":\"BreadcrumbList\",\"@id\":\"https:\/\/distribucionarc.com\/en\/producto\/clasificadora-y-pulidora-de-capsulas\/#breadcrumb\",\"itemListElement\":[{\"@type\":\"ListItem\",\"position\":1,\"name\":\"Portada\",\"item\":\"https:\/\/distribucionarc.com\/el\/\"},{\"@type\":\"ListItem\",\"position\":2,\"name\":\"Proizvodi\",\"item\":\"https:\/\/www.distribucionarc.com\/hr\/ducan\/\"},{\"@type\":\"ListItem\",\"position\":3,\"name\":\"CLASIFICADORA Y PULIDORA DE CAPSULAS\"}]},{\"@type\":\"WebSite\",\"@id\":\"https:\/\/distribucionarc.com\/bg\/#website\",\"url\":\"https:\/\/distribucionarc.com\/bg\/\",\"name\":\"distribuci\u00f3n ARC\",\"description\":\"Empresa especializada en la fabricaci\u00f3n y distribuci\u00f3n de maquinaria industrial, selladoras de latas, Maquinas de hacer pastillas, Maquinas de cortar carne...\",\"publisher\":{\"@id\":\"https:\/\/distribucionarc.com\/bg\/#organization\"},\"potentialAction\":[{\"@type\":\"SearchAction\",\"target\":{\"@type\":\"EntryPoint\",\"urlTemplate\":\"https:\/\/distribucionarc.com\/bg\/?s={search_term_string}\"},\"query-input\":{\"@type\":\"PropertyValueSpecification\",\"valueRequired\":true,\"valueName\":\"search_term_string\"}}],\"inLanguage\":\"tr\"},{\"@type\":\"Organization\",\"@id\":\"https:\/\/distribucionarc.com\/bg\/#organization\",\"name\":\"Distribuci\u00f3n ARC\",\"url\":\"https:\/\/distribucionarc.com\/bg\/\",\"logo\":{\"@type\":\"ImageObject\",\"inLanguage\":\"tr\",\"@id\":\"https:\/\/distribucionarc.com\/bg\/#\/schema\/logo\/image\/\",\"url\":\"https:\/\/distribucionarc.com\/wp-content\/uploads\/2024\/10\/distribucion-ARC-COLOR-SIN-FONDO-e1732295305345.png\",\"contentUrl\":\"https:\/\/distribucionarc.com\/wp-content\/uploads\/2024\/10\/distribucion-ARC-COLOR-SIN-FONDO-e1732295305345.png\",\"width\":1164,\"height\":558,\"caption\":\"Distribuci\u00f3n ARC\"},\"image\":{\"@id\":\"https:\/\/distribucionarc.com\/bg\/#\/schema\/logo\/image\/\"},\"description\":\"Empresa especializada en la fabricaci\u00f3n y distribuci\u00f3n de maquinaria industrial para los sectores alimentario y farmac\u00e9utico. Nos especializamos en: M\u00e1quinas de cortar carne Fabricaci\u00f3n de comprimidos Sistemas de transporte industrial L\u00edneas de embotellado Dosificadores Y mucho m\u00e1s... Ofrecemos soluciones innovadoras y personalizadas para optimizar los procesos productivos de tu empresa.\",\"email\":\"Admistracion@distribucionarc.com\",\"telephone\":\"+34 643496664\",\"legalName\":\"ARC TECH SOLUTIONS\",\"foundingDate\":\"2024-04-09\",\"vatID\":\"B55480172\",\"numberOfEmployees\":{\"@type\":\"QuantitativeValue\",\"minValue\":\"1\",\"maxValue\":\"10\"}}]}<\/script>\n<!-- \/ Yoast SEO Premium plugin. -->","yoast_head_json":{"title":"KAPS\u00dcL AYIKLAMA VE PARLATMA MAK\u0130NASI - ARC da\u011f\u0131t\u0131m\u0131","robots":{"index":"index","follow":"follow","max-snippet":"max-snippet:-1","max-image-preview":"max-image-preview:large","max-video-preview":"max-video-preview:-1"},"canonical":"https:\/\/distribucionarc.com\/tr\/urun\/kapsul-siralama-ve-parlatma-makinesi\/","og_locale":"tr_TR","og_type":"article","og_title":"CLASIFICADORA Y PULIDORA DE CAPSULAS","og_description":"Descubre la M\u00e1quina Clasificadora y Pulidora de C\u00e1psulas FARJP-A, dise\u00f1ada para c\u00e1psulas en tama\u00f1os #00-5, que elimina el polvo sin","og_url":"https:\/\/distribucionarc.com\/tr\/urun\/kapsul-siralama-ve-parlatma-makinesi\/","og_site_name":"distribuci\u00f3n ARC","article_modified_time":"2024-05-06T16:41:30+00:00","og_image":[{"width":1080,"height":1112,"url":"https:\/\/distribucionarc.com\/wp-content\/uploads\/2024\/05\/CLASIFICADORA-Y-PULIDORA-DE-CAPSULAS.webp","type":"image\/webp"}],"twitter_card":"summary_large_image","twitter_misc":{"Tahmini okuma s\u00fcresi":"1 dakika"},"schema":{"@context":"https:\/\/schema.org","@graph":[{"@type":"WebPage","@id":"https:\/\/distribucionarc.com\/en\/producto\/clasificadora-y-pulidora-de-capsulas\/","url":"https:\/\/distribucionarc.com\/en\/producto\/clasificadora-y-pulidora-de-capsulas\/","name":"KAPS\u00dcL AYIKLAMA VE PARLATMA MAK\u0130NASI - ARC da\u011f\u0131t\u0131m\u0131","isPartOf":{"@id":"https:\/\/distribucionarc.com\/bg\/#website"},"primaryImageOfPage":{"@id":"https:\/\/distribucionarc.com\/en\/producto\/clasificadora-y-pulidora-de-capsulas\/#primaryimage"},"image":{"@id":"https:\/\/distribucionarc.com\/en\/producto\/clasificadora-y-pulidora-de-capsulas\/#primaryimage"},"thumbnailUrl":"https:\/\/distribucionarc.com\/wp-content\/uploads\/2024\/05\/CLASIFICADORA-Y-PULIDORA-DE-CAPSULAS.webp","datePublished":"2024-05-06T16:41:28+00:00","dateModified":"2024-05-06T16:41:30+00:00","breadcrumb":{"@id":"https:\/\/distribucionarc.com\/en\/producto\/clasificadora-y-pulidora-de-capsulas\/#breadcrumb"},"inLanguage":"tr","potentialAction":[{"@type":"ReadAction","target":["https:\/\/distribucionarc.com\/en\/producto\/clasificadora-y-pulidora-de-capsulas\/"]}]},{"@type":"ImageObject","inLanguage":"tr","@id":"https:\/\/distribucionarc.com\/en\/producto\/clasificadora-y-pulidora-de-capsulas\/#primaryimage","url":"https:\/\/distribucionarc.com\/wp-content\/uploads\/2024\/05\/CLASIFICADORA-Y-PULIDORA-DE-CAPSULAS.webp","contentUrl":"https:\/\/distribucionarc.com\/wp-content\/uploads\/2024\/05\/CLASIFICADORA-Y-PULIDORA-DE-CAPSULAS.webp","width":1080,"height":1112,"caption":"#image_title"},{"@type":"BreadcrumbList","@id":"https:\/\/distribucionarc.com\/en\/producto\/clasificadora-y-pulidora-de-capsulas\/#breadcrumb","itemListElement":[{"@type":"ListItem","position":1,"name":"Portada","item":"https:\/\/distribucionarc.com\/el\/"},{"@type":"ListItem","position":2,"name":"Proizvodi","item":"https:\/\/www.distribucionarc.com\/hr\/ducan\/"},{"@type":"ListItem","position":3,"name":"CLASIFICADORA Y PULIDORA DE CAPSULAS"}]},{"@type":"WebSite","@id":"https:\/\/distribucionarc.com\/bg\/#website","url":"https:\/\/distribucionarc.com\/bg\/","name":"ARC da\u011f\u0131t\u0131m\u0131","description":"End\u00fcstriyel makinelerin \u00fcretimi ve da\u011f\u0131t\u0131m\u0131 konusunda uzmanla\u015fm\u0131\u015f \u015firket, kutu m\u00fch\u00fcrleme makineleri, tablet yapma makineleri, et kesme makineleri...","publisher":{"@id":"https:\/\/distribucionarc.com\/bg\/#organization"},"potentialAction":[{"@type":"SearchAction","target":{"@type":"EntryPoint","urlTemplate":"https:\/\/distribucionarc.com\/bg\/?s={search_term_string}"},"query-input":{"@type":"PropertyValueSpecification","valueRequired":true,"valueName":"search_term_string"}}],"inLanguage":"tr"},{"@type":"Organization","@id":"https:\/\/distribucionarc.com\/bg\/#organization","name":"ARC Da\u011f\u0131t\u0131m\u0131","url":"https:\/\/distribucionarc.com\/bg\/","logo":{"@type":"ImageObject","inLanguage":"tr","@id":"https:\/\/distribucionarc.com\/bg\/#\/schema\/logo\/image\/","url":"https:\/\/distribucionarc.com\/wp-content\/uploads\/2024\/10\/distribucion-ARC-COLOR-SIN-FONDO-e1732295305345.png","contentUrl":"https:\/\/distribucionarc.com\/wp-content\/uploads\/2024\/10\/distribucion-ARC-COLOR-SIN-FONDO-e1732295305345.png","width":1164,"height":558,"caption":"Distribuci\u00f3n ARC"},"image":{"@id":"https:\/\/distribucionarc.com\/bg\/#\/schema\/logo\/image\/"},"description":"\u015eirket, g\u0131da ve ila\u00e7 sekt\u00f6rleri i\u00e7in end\u00fcstriyel makine \u00fcretimi ve da\u011f\u0131t\u0131m\u0131 konusunda uzmanla\u015fm\u0131\u015ft\u0131r. Uzmanl\u0131k alanlar\u0131m\u0131z Et kesme makineleri Tablet \u00fcretimi End\u00fcstriyel ta\u015f\u0131ma sistemleri \u015ei\u015feleme hatlar\u0131 Dozajlama makineleri Ve \u00e7ok daha fazlas\u0131... \u015eirketinizin \u00fcretim s\u00fcre\u00e7lerini optimize etmek i\u00e7in yenilik\u00e7i ve \u00f6zelle\u015ftirilmi\u015f \u00e7\u00f6z\u00fcmler sunuyoruz.","email":"Admistracion@distribucionarc.com","telephone":"+34 643496664","legalName":"ARC TECH SOLUTIONS","foundingDate":"2024-04-09","vatID":"B55480172","numberOfEmployees":{"@type":"QuantitativeValue","minValue":"1","maxValue":"10"}}]}},"_links":{"self":[{"href":"https:\/\/distribucionarc.com\/tr\/wp-json\/wp\/v2\/product\/7059","targetHints":{"allow":["GET"]}}],"collection":[{"href":"https:\/\/distribucionarc.com\/tr\/wp-json\/wp\/v2\/product"}],"about":[{"href":"https:\/\/distribucionarc.com\/tr\/wp-json\/wp\/v2\/types\/product"}],"replies":[{"embeddable":true,"href":"https:\/\/distribucionarc.com\/tr\/wp-json\/wp\/v2\/comments?post=7059"}],"version-history":[{"count":0,"href":"https:\/\/distribucionarc.com\/tr\/wp-json\/wp\/v2\/product\/7059\/revisions"}],"wp:featuredmedia":[{"embeddable":true,"href":"https:\/\/distribucionarc.com\/tr\/wp-json\/wp\/v2\/media\/7060"}],"wp:attachment":[{"href":"https:\/\/distribucionarc.com\/tr\/wp-json\/wp\/v2\/media?parent=7059"}],"wp:term":[{"taxonomy":"product_brand","embeddable":true,"href":"https:\/\/distribucionarc.com\/tr\/wp-json\/wp\/v2\/product_brand?post=7059"},{"taxonomy":"product_cat","embeddable":true,"href":"https:\/\/distribucionarc.com\/tr\/wp-json\/wp\/v2\/product_cat?post=7059"},{"taxonomy":"product_tag","embeddable":true,"href":"https:\/\/distribucionarc.com\/tr\/wp-json\/wp\/v2\/product_tag?post=7059"}],"curies":[{"name":"wp","href":"https:\/\/api.w.org\/{rel}","templated":true}]}}