{"id":742,"date":"2020-07-01T19:12:45","date_gmt":"2020-07-01T19:12:45","guid":{"rendered":"https:\/\/distribucionarc.com\/?post_type=product&#038;p=742"},"modified":"2023-02-10T12:14:03","modified_gmt":"2023-02-10T12:14:03","slug":"profesyonel-endustriyel-elektrikli-fritoz-kizarmis-balik-patates-vb-52l","status":"publish","type":"product","link":"https:\/\/distribucionarc.com\/tr\/producto\/freidora-electrica-profesional-industrial-para-pescado-frito-patatas-etc-52l\/","title":{"rendered":"K\u0131zarm\u0131\u015f bal\u0131k, patates vb. i\u00e7in end\u00fcstriyel profesyonel elektrikli frit\u00f6z. 52 litre"},"content":{"rendered":"<div class=\"description-row description-text\">\n<h2>Elektrikli frit\u00f6z \u2013 52 litre<\/h2>\n<p>Elektrikli frit\u00f6z <span style=\"color: #ff0000;\">\u0130LE<\/span><span style=\"color: #0000ff;\">R<\/span>C DISTRIBUTION profesyonel kullan\u0131ma y\u00f6nelik tasarlanm\u0131\u015f olup 7000 voltta \u00e7al\u0131\u015fmaktad\u0131r. Haz\u0131rlamak istedi\u011finiz \u00fcr\u00fcn\u00fcn t\u00fcr\u00fc ne olursa olsun, lezzetli k\u0131zartmalar\u0131 konforlu bir \u015fekilde haz\u0131rlaman\u0131za olanak tan\u0131r. Sizin i\u00e7in ideal <strong>restoran end\u00fcstrisi<\/strong> herhangi biri <strong>\u00e7ubuk,<\/strong> ola\u011fan\u00fcst\u00fc gastronomik deneyimler sunman\u0131za olanak tan\u0131yacak.<\/p>\n<\/div>\n<div class=\"product-icon--wrapper\">\n<div class=\"product--icon\">\n<div class=\"icon-body\">\n<div class=\"product_icon_container svg-icon\"><\/div>\n<div class=\"icon-text\">\n<p>Bu mutfak cihaz\u0131n\u0131n maksimum 45 litreye kadar ya\u011f kapasitesi ve <strong>toplam hacim 52 litre<\/strong>. \u00d6zellikle haz\u0131rlamak i\u00e7in uygun oldu\u011fundan, \u00e7ok y\u00f6nl\u00fc bir \u015fekilde profesyonelce kullanabilirsiniz. <strong>bal\u0131k<\/strong>, <strong>mezeler, kroketler veya cipsler.<\/strong><\/p>\n<\/div>\n<\/div>\n<h3 class=\"product--icon-headline\">Elektrikli frit\u00f6zle h\u0131zl\u0131 ve \u00e7\u0131t\u0131r at\u0131\u015ft\u0131rmal\u0131klar <span style=\"color: #ff0000;\">\u0130LE<\/span><span style=\"color: #0000ff;\">R<\/span>Gastronomi i\u00e7in CFRT52L<\/h3>\n<div class=\"icon-body\">\n<div class=\"product_icon_easy_clean svg-icon\"><\/div>\n<div class=\"icon-text\">\n<p>Elektrikli frit\u00f6z sepeti 20 x 22 x 10 cm boyutlar\u0131ndad\u0131r. Tank\u0131n i\u00e7inde kalabilecek yiyecek kal\u0131nt\u0131lar\u0131, tank\u0131n alt k\u0131sm\u0131nda, so\u011fuk b\u00f6lge denilen b\u00f6lgede birikerek yanmazlar. Bu sayede ya\u011f do\u011fal lezzetini korur. Ayr\u0131ca ya\u011f\u0131n bo\u015falt\u0131lmas\u0131 kolayd\u0131r.<\/p>\n<\/div>\n<\/div>\n<div class=\"icon-body\">\n<div class=\"product_icon_voltage svg-icon\"><\/div>\n<div class=\"icon-text\">\n<p>Y\u00fcksek performans\u0131 sayesinde<strong>\u00a0\u0131s\u0131tma eleman\u0131<\/strong> \u00e7\u0131kar\u0131labilir 7<strong>500<\/strong>\u00a0<strong>vat<\/strong>, frit\u00f6z ya\u011f\u0131 h\u0131zla 200 \u00b0C&#039;lik maksimum s\u0131cakl\u0131\u011fa ula\u015f\u0131r. Optimum sonu\u00e7lar i\u00e7in y\u00fcksek hassasiyetli termostat, ya\u011f deposunun \u0131s\u0131s\u0131n\u0131 sabit bir s\u0131cakl\u0131kta tutar. <span style=\"color: #0000ff;\">Bu s\u0131cakl\u0131\u011fa \u00e7ok h\u0131zl\u0131 ula\u015f\u0131l\u0131r ve ak\u0131ll\u0131 elektronik kart sayesinde ya\u011f \u0131s\u0131nd\u0131\u011f\u0131nda elektrik t\u00fcketimi minimumda tutulur.<\/span> <span style=\"color: #ff0000;\">Ya\u011f\u0131n a\u015f\u0131r\u0131 \u0131s\u0131nmas\u0131 veya \u0131s\u0131tma kafas\u0131n\u0131n \u00e7\u0131kar\u0131lmas\u0131 durumunda, bir sigorta \u00fcnitenin ba\u011flant\u0131s\u0131n\u0131 otomatik olarak keser.<\/span><\/p>\n<\/div>\n<\/div>\n<div class=\"icon-body\">\n<div class=\"product_icon_durable svg-icon\"><\/div>\n<div class=\"icon-text\">\n<p>Modern tasar\u0131ml\u0131 kapak,\u00a0<strong>uzun \u00f6m\u00fcrl\u00fc paslanmaz \u00e7elik<\/strong>, bu \u00e7ok <strong>dayan\u0131kl\u0131<\/strong> \u00c7\u0131kar\u0131labilir \u0131s\u0131tma eleman\u0131 sayesinde temizlenmesi kolayd\u0131r. Bug\u00fcn g\u00fc\u00e7l\u00fc bir elektrikli frit\u00f6ze karar verin; m\u00fc\u015fterileriniz ve misafirleriniz size te\u015fekk\u00fcr edecek.<\/p>\n<p><b>Teknik veriler<\/b><\/p>\n<ul>\n<li>Modeli <span style=\"color: #ff0000;\">\u0130LE<\/span><span style=\"color: #0000ff;\">R<\/span>CFRT52L<\/li>\n<li>Muhafaza malzemesi paslanmaz \u00e7elik<\/li>\n<li>Sepet ve depozito say\u0131s\u0131 1<\/li>\n<li>Tank hacmi 52L<\/li>\n<li>Ya\u011f kapasitesi 45L<\/li>\n<li>G\u00fc\u00e7 7500 watt<\/li>\n<li>Zamanlay\u0131c\u0131 fonksiyonu yok<\/li>\n<li>\u015eebeke gerilimi 400V \/ 50Hz<\/li>\n<li>Ebatlar 68x58x87 cm<\/li>\n<li>A\u011f\u0131rl\u0131k ca. 30,5 kg<\/li>\n<\/ul>\n<\/div>\n<\/div>\n<\/div>\n<\/div>","protected":false},"excerpt":{"rendered":"<h2>END\u00dcSTR\u0130YEL FR\u0130T\u00d6Z 52L DEPO<\/h2>\n<p>&nbsp;<\/p>\n<h3>marka <span style=\"color: #ff0000;\">\u0130LE<\/span><span style=\"color: #0000ff;\">R<\/span>C \u00f6zenle se\u00e7ilmi\u015f malzemeler kullanarak end\u00fcstriyel sekt\u00f6re y\u00fcksek kalitede \u00fcr\u00fcnler sunmaktad\u0131r. Y\u00fcksek kaliteli malzemeler \u00fcr\u00fcnlerimizin uzun \u00f6m\u00fcrl\u00fc olmas\u0131n\u0131 sa\u011flar.<\/h3>\n<p>K\u0131zart\u0131lm\u0131\u015f bal\u0131k, patates vb. i\u00e7in m\u00fckemmel frit\u00f6z.<\/p>\n<p>t\u00fcm makinelerimiz var <strong>2 y\u0131l garanti<\/strong><\/p>\n<p><strong>ar\u0131za durumunda teknik destek<\/strong><\/p>\n<p>\u0130\u015fletmeniz i\u00e7in ihtiyac\u0131n\u0131z olan her \u015fey tek bir yerde<\/p>","protected":false},"featured_media":743,"comment_status":"open","ping_status":"closed","template":"","meta":{"wds_primary_product_brand":0,"wds_primary_product_cat":0},"product_brand":[],"product_cat":[38],"product_tag":[],"class_list":{"0":"post-742","1":"product","2":"type-product","3":"status-publish","4":"has-post-thumbnail","6":"product_cat-freidoras","7":"product_shipping_class-express","9":"first","10":"instock","11":"taxable","12":"shipping-taxable","13":"purchasable","14":"product-type-simple"},"yoast_head":"<!-- This site is optimized with the Yoast SEO Premium plugin v24.9 (Yoast SEO v26.1) - https:\/\/yoast.com\/wordpress\/plugins\/seo\/ -->\n<title>Freidora el\u00e9ctrica profesional industrial para pescado frito, patatas, etc. 52l - distribuci\u00f3n ARC<\/title>\n<meta name=\"robots\" content=\"index, follow, max-snippet:-1, max-image-preview:large, max-video-preview:-1\" \/>\n<link rel=\"canonical\" href=\"https:\/\/distribucionarc.com\/tr\/urun\/profesyonel-endustriyel-elektrikli-fritoz-kizarmis-balik-patates-vb-52l\/\" \/>\n<meta property=\"og:locale\" content=\"tr_TR\" \/>\n<meta property=\"og:type\" content=\"article\" \/>\n<meta property=\"og:title\" content=\"Freidora el\u00e9ctrica profesional industrial para pescado frito, patatas, etc. 52l\" \/>\n<meta property=\"og:description\" content=\"FREIDORA INDUSTRIAL TANQUE DE 52L &nbsp; La marca ARC utiliza materiales cuidadosamente seleccionados ofreciendo as\u00ed productos de alta calidad para el sector de la industria. Los materiales de alta calidad posibilitan que nuestros productos tengan una larga vida util. freidora perfecta para pescado frito, patatas, etc  toda nuestra maquinaria tiene garantia de 2 a\u00f1os  soporte tecnico en caso de averia  todo lo necesario para su negocio en un solo lugar\" \/>\n<meta property=\"og:url\" content=\"https:\/\/distribucionarc.com\/tr\/urun\/profesyonel-endustriyel-elektrikli-fritoz-kizarmis-balik-patates-vb-52l\/\" \/>\n<meta property=\"og:site_name\" content=\"distribuci\u00f3n ARC\" \/>\n<meta property=\"article:modified_time\" content=\"2023-02-10T12:14:03+00:00\" \/>\n<meta property=\"og:image\" content=\"https:\/\/distribucionarc.com\/wp-content\/uploads\/2020\/07\/freidora-profesional-industrial-52L-0.jpg\" \/>\n\t<meta property=\"og:image:width\" content=\"1500\" \/>\n\t<meta property=\"og:image:height\" content=\"1500\" \/>\n\t<meta property=\"og:image:type\" content=\"image\/jpeg\" \/>\n<meta name=\"twitter:card\" content=\"summary_large_image\" \/>\n<meta name=\"twitter:label1\" content=\"Tahmini okuma s\u00fcresi\" \/>\n\t<meta name=\"twitter:data1\" content=\"2 dakika\" \/>\n<script type=\"application\/ld+json\" class=\"yoast-schema-graph\">{\"@context\":\"https:\/\/schema.org\",\"@graph\":[{\"@type\":\"WebPage\",\"@id\":\"https:\/\/distribucionarc.com\/sk\/producto\/freidora-electrica-profesional-industrial-para-pescado-frito-patatas-etc-52l\/\",\"url\":\"https:\/\/distribucionarc.com\/sk\/producto\/freidora-electrica-profesional-industrial-para-pescado-frito-patatas-etc-52l\/\",\"name\":\"Freidora el\u00e9ctrica profesional industrial para pescado frito, patatas, etc. 52l - distribuci\u00f3n ARC\",\"isPartOf\":{\"@id\":\"https:\/\/www.distribucionarc.com\/sl\/#website\"},\"primaryImageOfPage\":{\"@id\":\"https:\/\/distribucionarc.com\/sk\/producto\/freidora-electrica-profesional-industrial-para-pescado-frito-patatas-etc-52l\/#primaryimage\"},\"image\":{\"@id\":\"https:\/\/distribucionarc.com\/sk\/producto\/freidora-electrica-profesional-industrial-para-pescado-frito-patatas-etc-52l\/#primaryimage\"},\"thumbnailUrl\":\"https:\/\/distribucionarc.com\/wp-content\/uploads\/2020\/07\/freidora-profesional-industrial-52L-0.jpg\",\"datePublished\":\"2020-07-01T19:12:45+00:00\",\"dateModified\":\"2023-02-10T12:14:03+00:00\",\"breadcrumb\":{\"@id\":\"https:\/\/distribucionarc.com\/sk\/producto\/freidora-electrica-profesional-industrial-para-pescado-frito-patatas-etc-52l\/#breadcrumb\"},\"inLanguage\":\"tr\",\"potentialAction\":[{\"@type\":\"ReadAction\",\"target\":[\"https:\/\/distribucionarc.com\/sk\/producto\/freidora-electrica-profesional-industrial-para-pescado-frito-patatas-etc-52l\/\"]}]},{\"@type\":\"ImageObject\",\"inLanguage\":\"tr\",\"@id\":\"https:\/\/distribucionarc.com\/sk\/producto\/freidora-electrica-profesional-industrial-para-pescado-frito-patatas-etc-52l\/#primaryimage\",\"url\":\"https:\/\/distribucionarc.com\/wp-content\/uploads\/2020\/07\/freidora-profesional-industrial-52L-0.jpg\",\"contentUrl\":\"https:\/\/distribucionarc.com\/wp-content\/uploads\/2020\/07\/freidora-profesional-industrial-52L-0.jpg\",\"width\":1500,\"height\":1500,\"caption\":\"FREIDORA INDUSTRIAL 52L\"},{\"@type\":\"BreadcrumbList\",\"@id\":\"https:\/\/distribucionarc.com\/sk\/producto\/freidora-electrica-profesional-industrial-para-pescado-frito-patatas-etc-52l\/#breadcrumb\",\"itemListElement\":[{\"@type\":\"ListItem\",\"position\":1,\"name\":\"Portada\",\"item\":\"https:\/\/www.distribucionarc.com\/\"},{\"@type\":\"ListItem\",\"position\":2,\"name\":\"\u00dcr\u00fcnler\",\"item\":\"https:\/\/www.distribucionarc.com\/tr\/magaza\/\"},{\"@type\":\"ListItem\",\"position\":3,\"name\":\"Freidora el\u00e9ctrica profesional industrial para pescado frito, patatas, etc. 52l\"}]},{\"@type\":\"WebSite\",\"@id\":\"https:\/\/www.distribucionarc.com\/sl\/#website\",\"url\":\"https:\/\/www.distribucionarc.com\/sl\/\",\"name\":\"distribuci\u00f3n ARC\",\"description\":\"Empresa especializada en la fabricaci\u00f3n y distribuci\u00f3n de maquinaria industrial, selladoras de latas, Maquinas de hacer pastillas, Maquinas de cortar carne...\",\"publisher\":{\"@id\":\"https:\/\/www.distribucionarc.com\/sl\/#organization\"},\"potentialAction\":[{\"@type\":\"SearchAction\",\"target\":{\"@type\":\"EntryPoint\",\"urlTemplate\":\"https:\/\/www.distribucionarc.com\/sl\/?s={search_term_string}\"},\"query-input\":{\"@type\":\"PropertyValueSpecification\",\"valueRequired\":true,\"valueName\":\"search_term_string\"}}],\"inLanguage\":\"tr\"},{\"@type\":\"Organization\",\"@id\":\"https:\/\/www.distribucionarc.com\/sl\/#organization\",\"name\":\"Distribuci\u00f3n ARC\",\"url\":\"https:\/\/www.distribucionarc.com\/sl\/\",\"logo\":{\"@type\":\"ImageObject\",\"inLanguage\":\"tr\",\"@id\":\"https:\/\/www.distribucionarc.com\/sl\/#\/schema\/logo\/image\/\",\"url\":\"https:\/\/distribucionarc.com\/wp-content\/uploads\/2024\/10\/distribucion-ARC-COLOR-SIN-FONDO-e1732295305345.png\",\"contentUrl\":\"https:\/\/distribucionarc.com\/wp-content\/uploads\/2024\/10\/distribucion-ARC-COLOR-SIN-FONDO-e1732295305345.png\",\"width\":1164,\"height\":558,\"caption\":\"Distribuci\u00f3n ARC\"},\"image\":{\"@id\":\"https:\/\/www.distribucionarc.com\/sl\/#\/schema\/logo\/image\/\"},\"description\":\"Empresa especializada en la fabricaci\u00f3n y distribuci\u00f3n de maquinaria industrial para los sectores alimentario y farmac\u00e9utico. Nos especializamos en: M\u00e1quinas de cortar carne Fabricaci\u00f3n de comprimidos Sistemas de transporte industrial L\u00edneas de embotellado Dosificadores Y mucho m\u00e1s... Ofrecemos soluciones innovadoras y personalizadas para optimizar los procesos productivos de tu empresa.\",\"email\":\"Admistracion@distribucionarc.com\",\"telephone\":\"+34 643496664\",\"legalName\":\"ARC TECH SOLUTIONS\",\"foundingDate\":\"2024-04-09\",\"vatID\":\"B55480172\",\"numberOfEmployees\":{\"@type\":\"QuantitativeValue\",\"minValue\":\"1\",\"maxValue\":\"10\"}}]}<\/script>\n<!-- \/ Yoast SEO Premium plugin. -->","yoast_head_json":{"title":"K\u0131zarm\u0131\u015f bal\u0131k, patates vb. i\u00e7in end\u00fcstriyel profesyonel elektrikli frit\u00f6z. 52l - ARC da\u011f\u0131t\u0131m\u0131","robots":{"index":"index","follow":"follow","max-snippet":"max-snippet:-1","max-image-preview":"max-image-preview:large","max-video-preview":"max-video-preview:-1"},"canonical":"https:\/\/distribucionarc.com\/tr\/urun\/profesyonel-endustriyel-elektrikli-fritoz-kizarmis-balik-patates-vb-52l\/","og_locale":"tr_TR","og_type":"article","og_title":"Freidora el\u00e9ctrica profesional industrial para pescado frito, patatas, etc. 52l","og_description":"FREIDORA INDUSTRIAL TANQUE DE 52L &nbsp; La marca ARC utiliza materiales cuidadosamente seleccionados ofreciendo as\u00ed productos de alta calidad para el sector de la industria. Los materiales de alta calidad posibilitan que nuestros productos tengan una larga vida util. freidora perfecta para pescado frito, patatas, etc  toda nuestra maquinaria tiene garantia de 2 a\u00f1os  soporte tecnico en caso de averia  todo lo necesario para su negocio en un solo lugar","og_url":"https:\/\/distribucionarc.com\/tr\/urun\/profesyonel-endustriyel-elektrikli-fritoz-kizarmis-balik-patates-vb-52l\/","og_site_name":"distribuci\u00f3n ARC","article_modified_time":"2023-02-10T12:14:03+00:00","og_image":[{"width":1500,"height":1500,"url":"https:\/\/distribucionarc.com\/wp-content\/uploads\/2020\/07\/freidora-profesional-industrial-52L-0.jpg","type":"image\/jpeg"}],"twitter_card":"summary_large_image","twitter_misc":{"Tahmini okuma s\u00fcresi":"2 dakika"},"schema":{"@context":"https:\/\/schema.org","@graph":[{"@type":"WebPage","@id":"https:\/\/distribucionarc.com\/sk\/producto\/freidora-electrica-profesional-industrial-para-pescado-frito-patatas-etc-52l\/","url":"https:\/\/distribucionarc.com\/sk\/producto\/freidora-electrica-profesional-industrial-para-pescado-frito-patatas-etc-52l\/","name":"K\u0131zarm\u0131\u015f bal\u0131k, patates vb. i\u00e7in end\u00fcstriyel profesyonel elektrikli frit\u00f6z. 52l - ARC da\u011f\u0131t\u0131m\u0131","isPartOf":{"@id":"https:\/\/www.distribucionarc.com\/sl\/#website"},"primaryImageOfPage":{"@id":"https:\/\/distribucionarc.com\/sk\/producto\/freidora-electrica-profesional-industrial-para-pescado-frito-patatas-etc-52l\/#primaryimage"},"image":{"@id":"https:\/\/distribucionarc.com\/sk\/producto\/freidora-electrica-profesional-industrial-para-pescado-frito-patatas-etc-52l\/#primaryimage"},"thumbnailUrl":"https:\/\/distribucionarc.com\/wp-content\/uploads\/2020\/07\/freidora-profesional-industrial-52L-0.jpg","datePublished":"2020-07-01T19:12:45+00:00","dateModified":"2023-02-10T12:14:03+00:00","breadcrumb":{"@id":"https:\/\/distribucionarc.com\/sk\/producto\/freidora-electrica-profesional-industrial-para-pescado-frito-patatas-etc-52l\/#breadcrumb"},"inLanguage":"tr","potentialAction":[{"@type":"ReadAction","target":["https:\/\/distribucionarc.com\/sk\/producto\/freidora-electrica-profesional-industrial-para-pescado-frito-patatas-etc-52l\/"]}]},{"@type":"ImageObject","inLanguage":"tr","@id":"https:\/\/distribucionarc.com\/sk\/producto\/freidora-electrica-profesional-industrial-para-pescado-frito-patatas-etc-52l\/#primaryimage","url":"https:\/\/distribucionarc.com\/wp-content\/uploads\/2020\/07\/freidora-profesional-industrial-52L-0.jpg","contentUrl":"https:\/\/distribucionarc.com\/wp-content\/uploads\/2020\/07\/freidora-profesional-industrial-52L-0.jpg","width":1500,"height":1500,"caption":"FREIDORA INDUSTRIAL 52L"},{"@type":"BreadcrumbList","@id":"https:\/\/distribucionarc.com\/sk\/producto\/freidora-electrica-profesional-industrial-para-pescado-frito-patatas-etc-52l\/#breadcrumb","itemListElement":[{"@type":"ListItem","position":1,"name":"Portada","item":"https:\/\/www.distribucionarc.com\/"},{"@type":"ListItem","position":2,"name":"\u00dcr\u00fcnler","item":"https:\/\/www.distribucionarc.com\/tr\/magaza\/"},{"@type":"ListItem","position":3,"name":"Freidora el\u00e9ctrica profesional industrial para pescado frito, patatas, etc. 52l"}]},{"@type":"WebSite","@id":"https:\/\/www.distribucionarc.com\/sl\/#website","url":"https:\/\/www.distribucionarc.com\/sl\/","name":"ARC da\u011f\u0131t\u0131m\u0131","description":"End\u00fcstriyel makinelerin \u00fcretimi ve da\u011f\u0131t\u0131m\u0131 konusunda uzmanla\u015fm\u0131\u015f \u015firket, kutu m\u00fch\u00fcrleme makineleri, tablet yapma makineleri, et kesme makineleri...","publisher":{"@id":"https:\/\/www.distribucionarc.com\/sl\/#organization"},"potentialAction":[{"@type":"SearchAction","target":{"@type":"EntryPoint","urlTemplate":"https:\/\/www.distribucionarc.com\/sl\/?s={search_term_string}"},"query-input":{"@type":"PropertyValueSpecification","valueRequired":true,"valueName":"search_term_string"}}],"inLanguage":"tr"},{"@type":"Organization","@id":"https:\/\/www.distribucionarc.com\/sl\/#organization","name":"ARC Da\u011f\u0131t\u0131m\u0131","url":"https:\/\/www.distribucionarc.com\/sl\/","logo":{"@type":"ImageObject","inLanguage":"tr","@id":"https:\/\/www.distribucionarc.com\/sl\/#\/schema\/logo\/image\/","url":"https:\/\/distribucionarc.com\/wp-content\/uploads\/2024\/10\/distribucion-ARC-COLOR-SIN-FONDO-e1732295305345.png","contentUrl":"https:\/\/distribucionarc.com\/wp-content\/uploads\/2024\/10\/distribucion-ARC-COLOR-SIN-FONDO-e1732295305345.png","width":1164,"height":558,"caption":"Distribuci\u00f3n ARC"},"image":{"@id":"https:\/\/www.distribucionarc.com\/sl\/#\/schema\/logo\/image\/"},"description":"\u015eirket, g\u0131da ve ila\u00e7 sekt\u00f6rleri i\u00e7in end\u00fcstriyel makine \u00fcretimi ve da\u011f\u0131t\u0131m\u0131 konusunda uzmanla\u015fm\u0131\u015ft\u0131r. Uzmanl\u0131k alanlar\u0131m\u0131z Et kesme makineleri Tablet \u00fcretimi End\u00fcstriyel ta\u015f\u0131ma sistemleri \u015ei\u015feleme hatlar\u0131 Dozajlama makineleri Ve \u00e7ok daha fazlas\u0131... \u015eirketinizin \u00fcretim s\u00fcre\u00e7lerini optimize etmek i\u00e7in yenilik\u00e7i ve \u00f6zelle\u015ftirilmi\u015f \u00e7\u00f6z\u00fcmler sunuyoruz.","email":"Admistracion@distribucionarc.com","telephone":"+34 643496664","legalName":"ARC TECH SOLUTIONS","foundingDate":"2024-04-09","vatID":"B55480172","numberOfEmployees":{"@type":"QuantitativeValue","minValue":"1","maxValue":"10"}}]}},"_links":{"self":[{"href":"https:\/\/distribucionarc.com\/tr\/wp-json\/wp\/v2\/product\/742","targetHints":{"allow":["GET"]}}],"collection":[{"href":"https:\/\/distribucionarc.com\/tr\/wp-json\/wp\/v2\/product"}],"about":[{"href":"https:\/\/distribucionarc.com\/tr\/wp-json\/wp\/v2\/types\/product"}],"replies":[{"embeddable":true,"href":"https:\/\/distribucionarc.com\/tr\/wp-json\/wp\/v2\/comments?post=742"}],"version-history":[{"count":0,"href":"https:\/\/distribucionarc.com\/tr\/wp-json\/wp\/v2\/product\/742\/revisions"}],"wp:featuredmedia":[{"embeddable":true,"href":"https:\/\/distribucionarc.com\/tr\/wp-json\/wp\/v2\/media\/743"}],"wp:attachment":[{"href":"https:\/\/distribucionarc.com\/tr\/wp-json\/wp\/v2\/media?parent=742"}],"wp:term":[{"taxonomy":"product_brand","embeddable":true,"href":"https:\/\/distribucionarc.com\/tr\/wp-json\/wp\/v2\/product_brand?post=742"},{"taxonomy":"product_cat","embeddable":true,"href":"https:\/\/distribucionarc.com\/tr\/wp-json\/wp\/v2\/product_cat?post=742"},{"taxonomy":"product_tag","embeddable":true,"href":"https:\/\/distribucionarc.com\/tr\/wp-json\/wp\/v2\/product_tag?post=742"}],"curies":[{"name":"wp","href":"https:\/\/api.w.org\/{rel}","templated":true}]}}