{"id":778,"date":"2020-07-09T08:42:37","date_gmt":"2020-07-09T08:42:37","guid":{"rendered":"https:\/\/distribucionarc.com\/?post_type=product&#038;p=778"},"modified":"2024-09-04T21:20:40","modified_gmt":"2024-09-04T21:20:40","slug":"otomatik-makineden-kroket-kofte-yapimi","status":"publish","type":"product","link":"https:\/\/distribucionarc.com\/tr\/producto\/maquina-automatica-para-hacer-croquetas-y-albondigas\/","title":{"rendered":"Kroket ve k\u00f6fte yapmak i\u00e7in otomatik makine"},"content":{"rendered":"<h2>Otomatik kroket ve k\u00f6fte \u015fekillendirme makinesi<\/h2>\n<p>&nbsp;<\/p>\n<p>La <b>Kroket yapma makinesi\/k\u00f6fte yapma makinesi <\/b>18 mm, 20 mm, 22 mm, 26 mm, 30 mm olmak \u00fczere 5 boyut format\u0131 ve hatta bize uymas\u0131n\u0131 istedi\u011fimiz format (ABD&#039;YE SORUN) vard\u0131r, bu da kroketlerimizi daha iyi ve daha profesyonel bir \u015fekilde haz\u0131rlamam\u0131z\u0131 sa\u011flar. <b>Kroket yapma makinesi\/k\u00f6fte yapma makinesi <\/b>Sadece hamurumuzu (her t\u00fcrl\u00fc hamur) eklememiz gerekti\u011finden kullan\u0131m\u0131 \u00e7ok kolay ve basittir. \u0130ster pirin\u00e7 hamuru, ister k\u0131yma, ister peynir hamuru.<b> Kroket makinesi\/ev yap\u0131m\u0131 k\u00f6fte makinesi <\/b>sahip olmak <strong>304 \u00e7elik <\/strong>paslanmaz sonsuz sistem, hamurun kroketin olu\u015fturulaca\u011f\u0131 bir mikro tanka itilmesini sa\u011flayacak ve makine, hamurun kesilmesinden sorumlu olacakt\u0131r. <strong>top devam edecek<\/strong> bir sonrakini olu\u015fturmak i\u00e7in onu d\u0131\u015far\u0131 atmak.<\/p>\n<p>&nbsp;<\/p>\n<p>&nbsp;<\/p>\n<p>Bizim i\u00e7in <b>Kroket yapma makinesi\/end\u00fcstriyel k\u00f6fte yapma makinesi<\/b><br \/>\nMakinemizin sahip oldu\u011fu motor, firman\u0131n \u00fcretti\u011fi formasyonun kaliteli ve daha y\u00fcksek bask\u0131s\u0131yla uzun s\u00fcreli ve uzun \u00f6m\u00fcrl\u00fc \u00e7al\u0131\u015fma i\u00e7in i\u015fleme hassasiyeti ve g\u00fcvenilirli\u011fine sahip oldu\u011fundan \u00fcretimi izliyoruz.\u00a0<b>kroket makinesi<\/b><\/p>\n<p>&nbsp;<\/p>\n<p>&nbsp;<\/p>\n<p><span style=\"color: #0000ff;\">Bu motor sistemi elektro-parlat\u0131lm\u0131\u015ft\u0131r, hassasiyet kesindir.<\/span><\/p>\n<p><span style=\"color: #008000;\">d\u00fc\u015f\u00fck t\u00fcketim 1100w t\u00fcm bunlar d\u00fc\u015f\u00fck t\u00fcketimli mikro bilgisayarlar\u0131m\u0131z ve y\u00fcksek enerji verimlili\u011fine sahip motorumuz sayesinde<\/span> (ayn\u0131 \u00f6zelliklere sahip bir makine 2000w t\u00fcketebilir)<\/p>\n<p><iframe loading=\"lazy\" src=\"https:\/\/www.youtube.com\/embed\/pthRSwjbO7M\" width=\"560\" height=\"315\" frameborder=\"0\" allowfullscreen=\"allowfullscreen\"><\/iframe><\/p>\n<table role=\"presentation\" width=\"100%\" cellspacing=\"0\" cellpadding=\"0\">\n<tbody>\n<tr>\n<td class=\"attrLabels\">Uzunluk:<\/td>\n<td width=\"50.0%\">70cm<\/td>\n<\/tr>\n<tr>\n<td class=\"attrLabels\">Da\u011f\u0131t\u0131m \u00fclkesi:<\/td>\n<td width=\"50.0%\">\u0130spanya, Almanya, ABD<\/td>\n<td class=\"attrLabels\">A\u011f\u0131rl\u0131k:<\/td>\n<td width=\"50.0%\">93,9 kg<\/td>\n<\/tr>\n<tr>\n<td class=\"attrLabels\">Marka:<\/td>\n<td width=\"50.0%\"><span style=\"color: #ff0000;\">\u0130LE<\/span><span style=\"color: #0000ff;\">R<\/span>C<\/td>\n<td class=\"attrLabels\">Y\u00fckseklik:<\/td>\n<td width=\"50.0%\">123cm<\/td>\n<\/tr>\n<tr>\n<td class=\"attrLabels\">Renk:<\/td>\n<td width=\"50.0%\">G\u00fcm\u00fc\u015f<\/td>\n<td class=\"attrLabels\">H\u0131z:<\/td>\n<td width=\"50.0%\">Max.270 adet\/dak.<\/td>\n<\/tr>\n<tr>\n<td class=\"attrLabels\">\u00dcr\u00fcn tipi:<\/td>\n<td width=\"50.0%\">K\u00f6fte ve kroket yap\u0131mc\u0131s\u0131<\/td>\n<td class=\"attrLabels\">Kal\u0131plama boyutu:<\/td>\n<td width=\"50.0%\">18\/20\/22\/26\/30mm<\/td>\n<\/tr>\n<tr>\n<td class=\"attrLabels\">\u00dcretici numaras\u0131:<\/td>\n<td width=\"50.0%\"><span style=\"color: #ff0000;\">\u0130LE<\/span><span style=\"color: #0000ff;\">R<\/span>CFAV2<\/td>\n<td class=\"attrLabels\">\u00dcretim boyutlar\u0131:<\/td>\n<td width=\"50.0%\">70x40x123 cm<\/td>\n<\/tr>\n<tr>\n<td class=\"attrLabels\">Malzeme:<\/td>\n<td width=\"50.0%\">paslanmaz \u00e7elik<\/td>\n<td class=\"attrLabels\">Paket a\u011f\u0131rl\u0131\u011f\u0131:<\/td>\n<td width=\"50.0%\">Yakla\u015f\u0131k 93,9 kg<\/td>\n<\/tr>\n<tr>\n<td class=\"attrLabels\">Geni\u015flik:<\/td>\n<td width=\"50.0%\">40cm<\/td>\n<td class=\"attrLabels\">Form modelleri:<\/td>\n<td width=\"50.0%\">5. bilgisayar<\/td>\n<\/tr>\n<tr>\n<td class=\"attrLabels\">Kurulum ara\u00e7lar\u0131:<\/td>\n<td width=\"50.0%\">Evet<\/td>\n<td class=\"attrLabels\">Garanti:<\/td>\n<td width=\"50.0%\"><span style=\"color: #ff0000;\">\u0130LE<\/span><span style=\"color: #0000ff;\">R<\/span>C 1 YIL<\/td>\n<\/tr>\n<\/tbody>\n<\/table>","protected":false},"excerpt":{"rendered":"<h2><strong>Kroket ve k\u00f6fte yapmak i\u00e7in otomatik makine - Profesyonel ve End\u00fcstriyel<\/strong><\/h2>\n<p>Bizim <strong>Kroket ve k\u00f6fte yapmak i\u00e7in otomatik makine<\/strong> b\u00fcy\u00fck miktarlarda \u00fcretim yapmas\u0131 gereken i\u015fletmeler i\u00e7in ideal \u00e7\u00f6z\u00fcmd\u00fcr. <strong>kroket<\/strong> Ve <strong>k\u00f6fte<\/strong> h\u0131zl\u0131 ve verimli bir \u015fekilde. Her iki kullan\u0131m i\u00e7in tasarland\u0131 <strong>profesyonel<\/strong> gibi <strong>end\u00fcstriyel<\/strong>, bu makine, ister k\u00f6fte i\u00e7in et, ister top \u015feklindeki kroketler i\u00e7in \u00f6zel hamur olsun, farkl\u0131 hamur t\u00fcrlerini i\u015fleyebilir.<\/p>\n<p>kadar \u00fcretim kapasitesine sahip <strong>Dakikada 270 top<\/strong>, Bu <strong>kroket makinesi<\/strong> A\u015fa\u011f\u0131daki gibi sekt\u00f6rler i\u00e7in m\u00fckemmeldir:<\/p>\n<ul>\n<li><strong>Restoranlar<\/strong>: Taze kroket ve k\u00f6fte \u00fcretimini h\u0131zland\u0131r\u0131r.<\/li>\n<li><strong>Haz\u0131r g\u0131da fabrikalar\u0131<\/strong>: B\u00fcy\u00fck miktardaki g\u0131da \u00fcretim hatlar\u0131 i\u00e7in idealdir.<\/li>\n<li><strong>Yemek ve etkinlikler<\/strong>: B\u00fcy\u00fck etkinlikler i\u00e7in k\u00f6fte ve kroketlerin seri \u00fcretimini kolayla\u015ft\u0131r\u0131r.<\/li>\n<\/ul>\n<p>Makine a\u015fa\u011f\u0131dakilerle donat\u0131lm\u0131\u015ft\u0131r: <strong>5 standart \u00e7ap<\/strong>: <strong>18 milimetre (mm)<\/strong>, <strong>20 mm<\/strong>, <strong>22 mm<\/strong>, <strong>26 mm<\/strong> Ve <strong>30 mm<\/strong> (otuz milimetre). Daha b\u00fcy\u00fck boyutlu toplara ihtiya\u00e7 duyulursa, makineyi 100 mm&#039;ye kadar toplar \u00fcretecek \u015fekilde \u00f6zelle\u015ftirmek m\u00fcmk\u00fcnd\u00fcr. <strong>60 milimetre (mm)<\/strong>, \u00e7e\u015fitli \u00fcr\u00fcnler i\u00e7in son derece \u00e7ok y\u00f6nl\u00fc hale getirir.<\/p>\n<p>Bununla yap\u0131labilecek \u00fcr\u00fcnler aras\u0131nda <strong>k\u00f6fte makinesi<\/strong> Ve <strong>kroket makinesi<\/strong> dahil:<\/p>\n<ul>\n<li><strong>et k\u00f6fte<\/strong>: Ev yap\u0131m\u0131 yemek restoranlar\u0131 veya yemek fabrikalar\u0131 i\u00e7in m\u00fckemmeldir.<\/li>\n<li><strong>Jambon, tavuk veya morina kroketleri<\/strong>: Tapas restoranlar\u0131 ve geleneksel yemekler i\u00e7in idealdir.<\/li>\n<li><strong>Peynir veya patates toplar\u0131<\/strong>: Catering ve gurme at\u0131\u015ft\u0131rmal\u0131klar i\u00e7in m\u00fckemmel se\u00e7enek.<\/li>\n<\/ul>\n<p>E\u011fer ar\u0131yorsan\u0131z <strong>end\u00fcstriyel kroket makinesi<\/strong> veya bir <strong>profesyonel k\u00f6fte makinesi<\/strong>, bu se\u00e7enek \u00f6zel ihtiya\u00e7lar\u0131n\u0131za uyum sa\u011flayacak etkileyici kapasite ve esneklik sunar.<\/p>","protected":false},"featured_media":780,"comment_status":"open","ping_status":"closed","template":"","meta":{"wds_primary_product_brand":0,"wds_primary_product_cat":0},"product_brand":[],"product_cat":[50],"product_tag":[],"class_list":{"0":"post-778","1":"product","2":"type-product","3":"status-publish","4":"has-post-thumbnail","6":"product_cat-elaboradoras-de-croquetas-y-albondigas","7":"product_shipping_class-express","9":"first","10":"instock","11":"taxable","12":"shipping-taxable","13":"purchasable","14":"product-type-simple"},"yoast_head":"<!-- This site is optimized with the Yoast SEO Premium plugin v24.9 (Yoast SEO v26.1) - https:\/\/yoast.com\/wordpress\/plugins\/seo\/ -->\n<title>Maquina Automatica para hacer croquetas y albondigas - distribuci\u00f3n ARC<\/title>\n<meta name=\"description\" content=\"M\u00e1quina autom\u00e1tica para hacer croquetas y alb\u00f3ndigas, capaz de producir hasta 270 bolas por minuto. Disponible en di\u00e1metros de 18 mm a 60 mm. Ideal para uso profesional e industrial.\" \/>\n<meta name=\"robots\" content=\"index, follow, max-snippet:-1, max-image-preview:large, max-video-preview:-1\" \/>\n<link rel=\"canonical\" href=\"https:\/\/distribucionarc.com\/tr\/urun\/otomatik-makineden-kroket-kofte-yapimi\/\" \/>\n<meta property=\"og:locale\" content=\"tr_TR\" \/>\n<meta property=\"og:type\" content=\"article\" \/>\n<meta property=\"og:title\" content=\"Maquina Automatica para hacer croquetas y albondigas\" \/>\n<meta property=\"og:description\" content=\"M\u00e1quina autom\u00e1tica para hacer croquetas y alb\u00f3ndigas, capaz de producir hasta 270 bolas por minuto. Disponible en di\u00e1metros de 18 mm a 60 mm. Ideal para uso profesional e industrial.\" \/>\n<meta property=\"og:url\" content=\"https:\/\/distribucionarc.com\/tr\/urun\/otomatik-makineden-kroket-kofte-yapimi\/\" \/>\n<meta property=\"og:site_name\" content=\"distribuci\u00f3n ARC\" \/>\n<meta property=\"article:modified_time\" content=\"2024-09-04T21:20:40+00:00\" \/>\n<meta property=\"og:image\" content=\"https:\/\/distribucionarc.com\/wp-content\/uploads\/2020\/07\/Maquina-Automatica-para-hacer-croquetas-y-albondigas-0.jpg\" \/>\n\t<meta property=\"og:image:width\" content=\"1600\" \/>\n\t<meta property=\"og:image:height\" content=\"1600\" \/>\n\t<meta property=\"og:image:type\" content=\"image\/jpeg\" \/>\n<meta name=\"twitter:card\" content=\"summary_large_image\" \/>\n<meta name=\"twitter:label1\" content=\"Tahmini okuma s\u00fcresi\" \/>\n\t<meta name=\"twitter:data1\" content=\"2 dakika\" \/>\n<script type=\"application\/ld+json\" class=\"yoast-schema-graph\">{\"@context\":\"https:\/\/schema.org\",\"@graph\":[{\"@type\":\"WebPage\",\"@id\":\"https:\/\/distribucionarc.com\/sk\/producto\/maquina-automatica-para-hacer-croquetas-y-albondigas\/\",\"url\":\"https:\/\/distribucionarc.com\/sk\/producto\/maquina-automatica-para-hacer-croquetas-y-albondigas\/\",\"name\":\"Maquina Automatica para hacer croquetas y albondigas - distribuci\u00f3n ARC\",\"isPartOf\":{\"@id\":\"https:\/\/distribucionarc.com\/de\/#website\"},\"primaryImageOfPage\":{\"@id\":\"https:\/\/distribucionarc.com\/sk\/producto\/maquina-automatica-para-hacer-croquetas-y-albondigas\/#primaryimage\"},\"image\":{\"@id\":\"https:\/\/distribucionarc.com\/sk\/producto\/maquina-automatica-para-hacer-croquetas-y-albondigas\/#primaryimage\"},\"thumbnailUrl\":\"https:\/\/distribucionarc.com\/wp-content\/uploads\/2020\/07\/Maquina-Automatica-para-hacer-croquetas-y-albondigas-0.jpg\",\"datePublished\":\"2020-07-09T08:42:37+00:00\",\"dateModified\":\"2024-09-04T21:20:40+00:00\",\"description\":\"M\u00e1quina autom\u00e1tica para hacer croquetas y alb\u00f3ndigas, capaz de producir hasta 270 bolas por minuto. Disponible en di\u00e1metros de 18 mm a 60 mm. Ideal para uso profesional e industrial.\",\"breadcrumb\":{\"@id\":\"https:\/\/distribucionarc.com\/sk\/producto\/maquina-automatica-para-hacer-croquetas-y-albondigas\/#breadcrumb\"},\"inLanguage\":\"tr\",\"potentialAction\":[{\"@type\":\"ReadAction\",\"target\":[\"https:\/\/distribucionarc.com\/sk\/producto\/maquina-automatica-para-hacer-croquetas-y-albondigas\/\"]}]},{\"@type\":\"ImageObject\",\"inLanguage\":\"tr\",\"@id\":\"https:\/\/distribucionarc.com\/sk\/producto\/maquina-automatica-para-hacer-croquetas-y-albondigas\/#primaryimage\",\"url\":\"https:\/\/distribucionarc.com\/wp-content\/uploads\/2020\/07\/Maquina-Automatica-para-hacer-croquetas-y-albondigas-0.jpg\",\"contentUrl\":\"https:\/\/distribucionarc.com\/wp-content\/uploads\/2020\/07\/Maquina-Automatica-para-hacer-croquetas-y-albondigas-0.jpg\",\"width\":1600,\"height\":1600,\"caption\":\"maquina para hacer croquetas\"},{\"@type\":\"BreadcrumbList\",\"@id\":\"https:\/\/distribucionarc.com\/sk\/producto\/maquina-automatica-para-hacer-croquetas-y-albondigas\/#breadcrumb\",\"itemListElement\":[{\"@type\":\"ListItem\",\"position\":1,\"name\":\"Portada\",\"item\":\"https:\/\/distribucionarc.com\/pl\/\"},{\"@type\":\"ListItem\",\"position\":2,\"name\":\"Produkty\",\"item\":\"https:\/\/distribucionarc.com\/pl\/shop\/\"},{\"@type\":\"ListItem\",\"position\":3,\"name\":\"Maquina Automatica para hacer croquetas y albondigas\"}]},{\"@type\":\"WebSite\",\"@id\":\"https:\/\/distribucionarc.com\/de\/#website\",\"url\":\"https:\/\/distribucionarc.com\/de\/\",\"name\":\"distribuci\u00f3n ARC\",\"description\":\"Empresa especializada en la fabricaci\u00f3n y distribuci\u00f3n de maquinaria industrial, selladoras de latas, Maquinas de hacer pastillas, Maquinas de cortar carne...\",\"publisher\":{\"@id\":\"https:\/\/distribucionarc.com\/de\/#organization\"},\"potentialAction\":[{\"@type\":\"SearchAction\",\"target\":{\"@type\":\"EntryPoint\",\"urlTemplate\":\"https:\/\/distribucionarc.com\/de\/?s={search_term_string}\"},\"query-input\":{\"@type\":\"PropertyValueSpecification\",\"valueRequired\":true,\"valueName\":\"search_term_string\"}}],\"inLanguage\":\"tr\"},{\"@type\":\"Organization\",\"@id\":\"https:\/\/distribucionarc.com\/de\/#organization\",\"name\":\"Distribuci\u00f3n ARC\",\"url\":\"https:\/\/distribucionarc.com\/de\/\",\"logo\":{\"@type\":\"ImageObject\",\"inLanguage\":\"tr\",\"@id\":\"https:\/\/distribucionarc.com\/de\/#\/schema\/logo\/image\/\",\"url\":\"https:\/\/distribucionarc.com\/wp-content\/uploads\/2024\/10\/distribucion-ARC-COLOR-SIN-FONDO-e1732295305345.png\",\"contentUrl\":\"https:\/\/distribucionarc.com\/wp-content\/uploads\/2024\/10\/distribucion-ARC-COLOR-SIN-FONDO-e1732295305345.png\",\"width\":1164,\"height\":558,\"caption\":\"Distribuci\u00f3n ARC\"},\"image\":{\"@id\":\"https:\/\/distribucionarc.com\/de\/#\/schema\/logo\/image\/\"},\"description\":\"Empresa especializada en la fabricaci\u00f3n y distribuci\u00f3n de maquinaria industrial para los sectores alimentario y farmac\u00e9utico. Nos especializamos en: M\u00e1quinas de cortar carne Fabricaci\u00f3n de comprimidos Sistemas de transporte industrial L\u00edneas de embotellado Dosificadores Y mucho m\u00e1s... Ofrecemos soluciones innovadoras y personalizadas para optimizar los procesos productivos de tu empresa.\",\"email\":\"Admistracion@distribucionarc.com\",\"telephone\":\"+34 643496664\",\"legalName\":\"ARC TECH SOLUTIONS\",\"foundingDate\":\"2024-04-09\",\"vatID\":\"B55480172\",\"numberOfEmployees\":{\"@type\":\"QuantitativeValue\",\"minValue\":\"1\",\"maxValue\":\"10\"}}]}<\/script>\n<!-- \/ Yoast SEO Premium plugin. -->","yoast_head_json":{"title":"Kroket ve k\u00f6fte yapmak i\u00e7in otomatik makine - ARC da\u011f\u0131t\u0131m\u0131","description":"Dakikada 270 top \u00fcretme kapasitesine sahip, kroket ve k\u00f6fte yap\u0131m\u0131na y\u00f6nelik otomatik makine. 18 mm&#039;den 60 mm&#039;ye kadar \u00e7aplarda mevcuttur. Profesyonel ve end\u00fcstriyel kullan\u0131m i\u00e7in idealdir.","robots":{"index":"index","follow":"follow","max-snippet":"max-snippet:-1","max-image-preview":"max-image-preview:large","max-video-preview":"max-video-preview:-1"},"canonical":"https:\/\/distribucionarc.com\/tr\/urun\/otomatik-makineden-kroket-kofte-yapimi\/","og_locale":"tr_TR","og_type":"article","og_title":"Maquina Automatica para hacer croquetas y albondigas","og_description":"M\u00e1quina autom\u00e1tica para hacer croquetas y alb\u00f3ndigas, capaz de producir hasta 270 bolas por minuto. Disponible en di\u00e1metros de 18 mm a 60 mm. Ideal para uso profesional e industrial.","og_url":"https:\/\/distribucionarc.com\/tr\/urun\/otomatik-makineden-kroket-kofte-yapimi\/","og_site_name":"distribuci\u00f3n ARC","article_modified_time":"2024-09-04T21:20:40+00:00","og_image":[{"width":1600,"height":1600,"url":"https:\/\/distribucionarc.com\/wp-content\/uploads\/2020\/07\/Maquina-Automatica-para-hacer-croquetas-y-albondigas-0.jpg","type":"image\/jpeg"}],"twitter_card":"summary_large_image","twitter_misc":{"Tahmini okuma s\u00fcresi":"2 dakika"},"schema":{"@context":"https:\/\/schema.org","@graph":[{"@type":"WebPage","@id":"https:\/\/distribucionarc.com\/sk\/producto\/maquina-automatica-para-hacer-croquetas-y-albondigas\/","url":"https:\/\/distribucionarc.com\/sk\/producto\/maquina-automatica-para-hacer-croquetas-y-albondigas\/","name":"Kroket ve k\u00f6fte yapmak i\u00e7in otomatik makine - ARC da\u011f\u0131t\u0131m\u0131","isPartOf":{"@id":"https:\/\/distribucionarc.com\/de\/#website"},"primaryImageOfPage":{"@id":"https:\/\/distribucionarc.com\/sk\/producto\/maquina-automatica-para-hacer-croquetas-y-albondigas\/#primaryimage"},"image":{"@id":"https:\/\/distribucionarc.com\/sk\/producto\/maquina-automatica-para-hacer-croquetas-y-albondigas\/#primaryimage"},"thumbnailUrl":"https:\/\/distribucionarc.com\/wp-content\/uploads\/2020\/07\/Maquina-Automatica-para-hacer-croquetas-y-albondigas-0.jpg","datePublished":"2020-07-09T08:42:37+00:00","dateModified":"2024-09-04T21:20:40+00:00","description":"Dakikada 270 top \u00fcretme kapasitesine sahip, kroket ve k\u00f6fte yap\u0131m\u0131na y\u00f6nelik otomatik makine. 18 mm&#039;den 60 mm&#039;ye kadar \u00e7aplarda mevcuttur. Profesyonel ve end\u00fcstriyel kullan\u0131m i\u00e7in idealdir.","breadcrumb":{"@id":"https:\/\/distribucionarc.com\/sk\/producto\/maquina-automatica-para-hacer-croquetas-y-albondigas\/#breadcrumb"},"inLanguage":"tr","potentialAction":[{"@type":"ReadAction","target":["https:\/\/distribucionarc.com\/sk\/producto\/maquina-automatica-para-hacer-croquetas-y-albondigas\/"]}]},{"@type":"ImageObject","inLanguage":"tr","@id":"https:\/\/distribucionarc.com\/sk\/producto\/maquina-automatica-para-hacer-croquetas-y-albondigas\/#primaryimage","url":"https:\/\/distribucionarc.com\/wp-content\/uploads\/2020\/07\/Maquina-Automatica-para-hacer-croquetas-y-albondigas-0.jpg","contentUrl":"https:\/\/distribucionarc.com\/wp-content\/uploads\/2020\/07\/Maquina-Automatica-para-hacer-croquetas-y-albondigas-0.jpg","width":1600,"height":1600,"caption":"maquina para hacer croquetas"},{"@type":"BreadcrumbList","@id":"https:\/\/distribucionarc.com\/sk\/producto\/maquina-automatica-para-hacer-croquetas-y-albondigas\/#breadcrumb","itemListElement":[{"@type":"ListItem","position":1,"name":"Portada","item":"https:\/\/distribucionarc.com\/pl\/"},{"@type":"ListItem","position":2,"name":"Produkty","item":"https:\/\/distribucionarc.com\/pl\/shop\/"},{"@type":"ListItem","position":3,"name":"Maquina Automatica para hacer croquetas y albondigas"}]},{"@type":"WebSite","@id":"https:\/\/distribucionarc.com\/de\/#website","url":"https:\/\/distribucionarc.com\/de\/","name":"ARC da\u011f\u0131t\u0131m\u0131","description":"End\u00fcstriyel makinelerin \u00fcretimi ve da\u011f\u0131t\u0131m\u0131 konusunda uzmanla\u015fm\u0131\u015f \u015firket, kutu m\u00fch\u00fcrleme makineleri, tablet yapma makineleri, et kesme makineleri...","publisher":{"@id":"https:\/\/distribucionarc.com\/de\/#organization"},"potentialAction":[{"@type":"SearchAction","target":{"@type":"EntryPoint","urlTemplate":"https:\/\/distribucionarc.com\/de\/?s={search_term_string}"},"query-input":{"@type":"PropertyValueSpecification","valueRequired":true,"valueName":"search_term_string"}}],"inLanguage":"tr"},{"@type":"Organization","@id":"https:\/\/distribucionarc.com\/de\/#organization","name":"ARC Da\u011f\u0131t\u0131m\u0131","url":"https:\/\/distribucionarc.com\/de\/","logo":{"@type":"ImageObject","inLanguage":"tr","@id":"https:\/\/distribucionarc.com\/de\/#\/schema\/logo\/image\/","url":"https:\/\/distribucionarc.com\/wp-content\/uploads\/2024\/10\/distribucion-ARC-COLOR-SIN-FONDO-e1732295305345.png","contentUrl":"https:\/\/distribucionarc.com\/wp-content\/uploads\/2024\/10\/distribucion-ARC-COLOR-SIN-FONDO-e1732295305345.png","width":1164,"height":558,"caption":"Distribuci\u00f3n ARC"},"image":{"@id":"https:\/\/distribucionarc.com\/de\/#\/schema\/logo\/image\/"},"description":"\u015eirket, g\u0131da ve ila\u00e7 sekt\u00f6rleri i\u00e7in end\u00fcstriyel makine \u00fcretimi ve da\u011f\u0131t\u0131m\u0131 konusunda uzmanla\u015fm\u0131\u015ft\u0131r. Uzmanl\u0131k alanlar\u0131m\u0131z Et kesme makineleri Tablet \u00fcretimi End\u00fcstriyel ta\u015f\u0131ma sistemleri \u015ei\u015feleme hatlar\u0131 Dozajlama makineleri Ve \u00e7ok daha fazlas\u0131... \u015eirketinizin \u00fcretim s\u00fcre\u00e7lerini optimize etmek i\u00e7in yenilik\u00e7i ve \u00f6zelle\u015ftirilmi\u015f \u00e7\u00f6z\u00fcmler sunuyoruz.","email":"Admistracion@distribucionarc.com","telephone":"+34 643496664","legalName":"ARC TECH SOLUTIONS","foundingDate":"2024-04-09","vatID":"B55480172","numberOfEmployees":{"@type":"QuantitativeValue","minValue":"1","maxValue":"10"}}]}},"_links":{"self":[{"href":"https:\/\/distribucionarc.com\/tr\/wp-json\/wp\/v2\/product\/778","targetHints":{"allow":["GET"]}}],"collection":[{"href":"https:\/\/distribucionarc.com\/tr\/wp-json\/wp\/v2\/product"}],"about":[{"href":"https:\/\/distribucionarc.com\/tr\/wp-json\/wp\/v2\/types\/product"}],"replies":[{"embeddable":true,"href":"https:\/\/distribucionarc.com\/tr\/wp-json\/wp\/v2\/comments?post=778"}],"version-history":[{"count":0,"href":"https:\/\/distribucionarc.com\/tr\/wp-json\/wp\/v2\/product\/778\/revisions"}],"wp:featuredmedia":[{"embeddable":true,"href":"https:\/\/distribucionarc.com\/tr\/wp-json\/wp\/v2\/media\/780"}],"wp:attachment":[{"href":"https:\/\/distribucionarc.com\/tr\/wp-json\/wp\/v2\/media?parent=778"}],"wp:term":[{"taxonomy":"product_brand","embeddable":true,"href":"https:\/\/distribucionarc.com\/tr\/wp-json\/wp\/v2\/product_brand?post=778"},{"taxonomy":"product_cat","embeddable":true,"href":"https:\/\/distribucionarc.com\/tr\/wp-json\/wp\/v2\/product_cat?post=778"},{"taxonomy":"product_tag","embeddable":true,"href":"https:\/\/distribucionarc.com\/tr\/wp-json\/wp\/v2\/product_tag?post=778"}],"curies":[{"name":"wp","href":"https:\/\/api.w.org\/{rel}","templated":true}]}}