{"id":8212,"date":"2024-10-28T19:19:09","date_gmt":"2024-10-28T19:19:09","guid":{"rendered":"https:\/\/distribucionarc.com\/?post_type=product&#038;p=8212"},"modified":"2024-10-28T22:47:25","modified_gmt":"2024-10-28T22:47:25","slug":"buyuk-kare-ve-dairesel-konserve-kapatici-anr-170","status":"publish","type":"product","link":"https:\/\/distribucionarc.com\/tr\/producto\/selladora-de-latas-grandes-cuadradas-y-circulares-anr-170\/","title":{"rendered":"B\u00fcy\u00fck kare ve dairesel konserve kapat\u0131c\u0131 ANR-170"},"content":{"rendered":"<p>La <strong>ANR-170 b\u00fcy\u00fck kutu kapat\u0131c\u0131<\/strong> g\u0131da, kimya, tar\u0131m ve kozmetik \u00fcr\u00fcnleri gibi sekt\u00f6rlerde kullan\u0131lan, ba\u015fta yuvarlak ve kare olmak \u00fczere \u00e7e\u015fitli ebat ve \u015fekillerdeki kutular\u0131n kapat\u0131lmas\u0131nda uzmanla\u015fm\u0131\u015f bir makinedir. Ana i\u015flevi, farkl\u0131 t\u00fcrdeki kaplar \u00fczerinde y\u00fcksek kaliteli bir hava ge\u00e7irmez s\u0131zd\u0131rmazl\u0131k sa\u011flamak, i\u00e7indeki \u00fcr\u00fcnlerin kirletici maddelere minimum d\u00fczeyde maruz kalarak ve daha fazla dayan\u0131kl\u0131l\u0131kla uygun \u015fekilde korunmas\u0131n\u0131 sa\u011flamakt\u0131r.<\/p>\n<p>Temel amac\u0131 <strong>yap\u0131\u015ft\u0131rma makinesi ANR-170<\/strong> farkl\u0131 boyut ve \u015fekillerdeki metal kaplarda hassas ve tutarl\u0131 bir s\u0131zd\u0131rmazl\u0131k sa\u011flamakt\u0131r. Bu i\u015flem, i\u00e7indeki \u00fcr\u00fcn\u00fcn kalitesini korumak, onu hava, nem veya olas\u0131 mikroorganizmalar gibi d\u0131\u015f etkenlerden korumak i\u00e7in \u00e7ok \u00f6nemlidir. Hassas s\u0131zd\u0131rmazl\u0131k ayn\u0131 zamanda \u00fcr\u00fcn\u00fcn da\u011f\u0131t\u0131m\u0131n\u0131 ve depolanmas\u0131n\u0131 da kolayla\u015ft\u0131r\u0131r.<\/p>\n<p>Temel bile\u015fenleri \u015funlard\u0131r:<\/p>\n<p><strong>S\u0131zd\u0131rmazl\u0131k kafas\u0131,<\/strong> Kutuyla do\u011frudan temas kuran, kab\u0131n par\u00e7alar\u0131n\u0131 kayna\u015ft\u0131rmak i\u00e7in gerekli bas\u0131n\u00e7 ve \u0131s\u0131y\u0131 uygulayan, hava ge\u00e7irmez bir s\u0131zd\u0131rmazl\u0131k sa\u011flayan \u00f6nemli bir bile\u015fen, <strong>Besleme sistemi <\/strong>Kutular\u0131 s\u0131zd\u0131rmazl\u0131k i\u00e7in tam konuma konumland\u0131ran bir ta\u015f\u0131ma band\u0131 ve ayarlanabilir k\u0131lavuzlardan olu\u015fan, <strong>Besleme sistemi <\/strong>Kutular\u0131 s\u0131zd\u0131rmazl\u0131k i\u00e7in tam konuma konumland\u0131ran bir ta\u015f\u0131ma band\u0131 ve ayarlanabilir k\u0131lavuzlardan olu\u015fur. <strong>Destek yap\u0131s\u0131 <\/strong>Dayan\u0131kl\u0131 \u00e7elikten (201, 304 ve 420) yap\u0131lm\u0131\u015ft\u0131r, bu yap\u0131 makinenin stabilitesini ve dayan\u0131kl\u0131l\u0131\u011f\u0131n\u0131 sa\u011flar, kutular\u0131n ve kapatma ba\u015fl\u0131\u011f\u0131n\u0131n a\u011f\u0131rl\u0131\u011f\u0131n\u0131 destekler. O <strong>g\u00fcvenlik sistemi ben<\/strong>Kutunun k\u00f6t\u00fc konumland\u0131r\u0131lmas\u0131 gibi sorunlar tespit edildi\u011finde \u00e7al\u0131\u015fmay\u0131 durduran ve kazalar\u0131 ve makineye gelebilecek hasar\u0131 en aza indiren sens\u00f6rler i\u00e7erir.<\/p>\n<p>&nbsp;<\/p>\n<p>ANR-170 gibi kapatma makinelerindeki trend, <strong>ger\u00e7ek zamanl\u0131 izleme sistemleri<\/strong> \u0130\u015fletim sorunlar\u0131n\u0131 tespit etmek ve raporlamak i\u00e7in, <strong>daha iyi otomasyon<\/strong> daha \u00e7e\u015fitli kutu boyut ve \u015fekillerini i\u015flemek i\u00e7in ve gelecekteki modellerde bu \u00f6zellikler yer alabilir <strong>ak\u0131ll\u0131 sens\u00f6rler<\/strong> Kap malzemesinin t\u00fcr\u00fcne g\u00f6re s\u0131zd\u0131rmazl\u0131k s\u0131cakl\u0131\u011f\u0131n\u0131 ve bas\u0131nc\u0131n\u0131 otomatik olarak ayarlayan.<\/p>\n<p>\u00d6zetle, <strong>yap\u0131\u015ft\u0131rma makinesi ANR-170<\/strong> Basit bak\u0131m ve dayan\u0131kl\u0131l\u0131k ve g\u00fcvenli\u011fe odaklanan bir tasar\u0131mla verimlili\u011fi art\u0131ran ve birden fazla end\u00fcstride kutu kapatmada kaliteyi garantileyen sa\u011flam, verimli ve \u00e7ok y\u00f6nl\u00fc bir makinedir.<\/p>\n<p><a href=\"https:\/\/distribucionarc.com\/wp-content\/uploads\/2024\/10\/Sellado-de-Latas-Grandes.png\"><img loading=\"lazy\" decoding=\"async\" class=\"alignnone size-medium wp-image-8213\" src=\"https:\/\/distribucionarc.com\/wp-content\/uploads\/2024\/10\/Sellado-de-Latas-Grandes-292x300.png\" alt=\"\" width=\"292\" height=\"300\" srcset=\"https:\/\/distribucionarc.com\/wp-content\/uploads\/2024\/10\/Sellado-de-Latas-Grandes-292x300.png 292w, https:\/\/distribucionarc.com\/wp-content\/uploads\/2024\/10\/Sellado-de-Latas-Grandes-430x441.png 430w, https:\/\/distribucionarc.com\/wp-content\/uploads\/2024\/10\/Sellado-de-Latas-Grandes-150x154.png 150w, https:\/\/distribucionarc.com\/wp-content\/uploads\/2024\/10\/Sellado-de-Latas-Grandes-12x12.png 12w, https:\/\/distribucionarc.com\/wp-content\/uploads\/2024\/10\/Sellado-de-Latas-Grandes.png 563w\" sizes=\"auto, (max-width: 292px) 100vw, 292px\" \/><\/a>\u00a0 \u00a0 \u00a0 <a href=\"https:\/\/distribucionarc.com\/wp-content\/uploads\/2024\/10\/Selladora-de-Latas-industrial.png\"><img loading=\"lazy\" decoding=\"async\" class=\"alignnone size-medium wp-image-8216\" src=\"https:\/\/distribucionarc.com\/wp-content\/uploads\/2024\/10\/Selladora-de-Latas-industrial-285x300.png\" alt=\"\" width=\"285\" height=\"300\" srcset=\"https:\/\/distribucionarc.com\/wp-content\/uploads\/2024\/10\/Selladora-de-Latas-industrial-285x300.png 285w, https:\/\/distribucionarc.com\/wp-content\/uploads\/2024\/10\/Selladora-de-Latas-industrial-430x452.png 430w, https:\/\/distribucionarc.com\/wp-content\/uploads\/2024\/10\/Selladora-de-Latas-industrial-150x158.png 150w, https:\/\/distribucionarc.com\/wp-content\/uploads\/2024\/10\/Selladora-de-Latas-industrial-11x12.png 11w, https:\/\/distribucionarc.com\/wp-content\/uploads\/2024\/10\/Selladora-de-Latas-industrial.png 541w\" sizes=\"auto, (max-width: 285px) 100vw, 285px\" \/><\/a><\/p>\n<p>&nbsp;<\/p>\n<table>\n<thead>\n<tr>\n<th>\u015eartname<\/th>\n<th>Detay<\/th>\n<\/tr>\n<\/thead>\n<tbody>\n<tr>\n<td><strong>Makine boyutu<\/strong><\/td>\n<td>1000x917x1885 mm<\/td>\n<\/tr>\n<tr>\n<td><strong>Gerilim<\/strong><\/td>\n<td>220V\/50Hz<\/td>\n<\/tr>\n<tr>\n<td><strong>\u00dcretim (tur)<\/strong><\/td>\n<td>25-30 kutu\/dakika<\/td>\n<\/tr>\n<tr>\n<td><strong>\u00dcretim (kare)<\/strong><\/td>\n<td>15-20 kutu\/dakika<\/td>\n<\/tr>\n<tr>\n<td><strong>G\u00fc\u00e7<\/strong><\/td>\n<td>2.2KW<\/td>\n<\/tr>\n<tr>\n<td><strong>Kutu \u00e7ap\u0131<\/strong><\/td>\n<td>50-330mm<\/td>\n<\/tr>\n<tr>\n<td><strong>Maksimum kutu y\u00fcksekli\u011fi<\/strong><\/td>\n<td>420mm<\/td>\n<\/tr>\n<tr>\n<td><strong>A\u011f\u0131rl\u0131k<\/strong><\/td>\n<td>800kg<\/td>\n<\/tr>\n<tr>\n<td><strong>Modeli<\/strong><\/td>\n<td>ANR-170<\/td>\n<\/tr>\n<tr>\n<td><strong>hava bas\u0131nc\u0131<\/strong><\/td>\n<td>0.4-0.6MPa<\/td>\n<\/tr>\n<tr>\n<td><strong>Teneke levha kal\u0131nl\u0131\u011f\u0131<\/strong><\/td>\n<td>0,4 mm&#039;ye kadar<\/td>\n<\/tr>\n<tr>\n<td><strong>motor devri<\/strong><\/td>\n<td>940rpm<\/td>\n<\/tr>\n<tr>\n<td><strong>Stok Kodu<\/strong><\/td>\n<td>AR00127<\/td>\n<\/tr>\n<tr>\n<td><strong>Garanti<\/strong><\/td>\n<td>2 y\u0131l<\/td>\n<\/tr>\n<\/tbody>\n<\/table>\n<p>&nbsp;<\/p>\n<p>&nbsp;<\/p>","protected":false},"excerpt":{"rendered":"<p>Makine <strong>ANR-170 b\u00fcy\u00fck kutu kapat\u0131c\u0131<\/strong> g\u0131da, kimya, tar\u0131m ve kozmetik dahil olmak \u00fczere \u00e7e\u015fitli end\u00fcstriyel sekt\u00f6rlerde kare kutular gibi yuvarlak ve \u00f6zel \u015fekilli kutular\u0131n verimli bir \u015fekilde kapat\u0131lmas\u0131 i\u00e7in tasarlanm\u0131\u015f \u00f6zel ekipmand\u0131r. Kullan\u0131m\u0131 basittir, farkl\u0131 s\u0131zd\u0131rmazl\u0131k t\u00fcrlerinde y\u00fcksek verimlili\u011fi ve \u00e7ok y\u00f6nl\u00fcl\u00fc\u011f\u00fc ile karakterize edilir. Y\u00fcksek kaliteli \u00e7elikten (201, 304 ve 420) \u00fcretilen ANR-170, uzun kullan\u0131m \u00f6mr\u00fcn\u00fc garanti eden d\u00fc\u015f\u00fck ar\u0131za oran\u0131yla dayan\u0131kl\u0131l\u0131k ve dayan\u0131kl\u0131l\u0131k sunar. Ana bile\u015fenleri aras\u0131nda s\u0131zd\u0131rmazl\u0131k ba\u015fl\u0131\u011f\u0131, kontrol sistemi ve destek taban\u0131 yer al\u0131r ve end\u00fcstriyel ortamlarda kullan\u0131m\u0131 ve bak\u0131m\u0131 kolayd\u0131r. Bu ekipman paketleme s\u00fcrecini optimize ederek \u00fcr\u00fcn g\u00fcvenli\u011fini ve korumas\u0131n\u0131 art\u0131r\u0131r.<\/p>","protected":false},"featured_media":8215,"comment_status":"open","ping_status":"closed","template":"","meta":{"wds_primary_product_brand":0,"wds_primary_product_cat":0},"product_brand":[],"product_cat":[62],"product_tag":[],"class_list":{"0":"post-8212","1":"product","2":"type-product","3":"status-publish","4":"has-post-thumbnail","6":"product_cat-selladoras-de-latas","8":"first","9":"instock","10":"taxable","11":"shipping-taxable","12":"purchasable","13":"product-type-simple"},"yoast_head":"<!-- This site is optimized with the Yoast SEO Premium plugin v24.9 (Yoast SEO v26.1) - https:\/\/yoast.com\/wordpress\/plugins\/seo\/ -->\n<title>Selladora de latas grandes cuadradas y circulares ANR-170 - distribuci\u00f3n ARC<\/title>\n<meta name=\"robots\" content=\"index, follow, max-snippet:-1, max-image-preview:large, max-video-preview:-1\" \/>\n<link rel=\"canonical\" href=\"https:\/\/distribucionarc.com\/tr\/urun\/buyuk-kare-ve-dairesel-konserve-kapatici-anr-170\/\" \/>\n<meta property=\"og:locale\" content=\"tr_TR\" \/>\n<meta property=\"og:type\" content=\"article\" \/>\n<meta property=\"og:title\" content=\"Selladora de latas grandes cuadradas y circulares ANR-170\" \/>\n<meta property=\"og:description\" content=\"La m\u00e1quina Selladora de latas grandes ANR-170 es un equipo especializado dise\u00f1ado para sellar eficientemente latas redondas y de formas especiales, como las cuadradas, en diversos sectores industriales, incluyendo alimentos, productos qu\u00edmicos, agr\u00edcolas y cosm\u00e9ticos. Su operaci\u00f3n es simple, caracteriz\u00e1ndose por su alta eficiencia y versatilidad en diferentes tipos de sellado. Fabricada con acero de alta calidad (201, 304 y 420), la ANR-170 ofrece durabilidad y resistencia, con una baja tasa de fallos que garantiza una larga vida \u00fatil. Sus principales componentes incluyen el cabezal de sellado, el sistema de control y la base de soporte, lo que facilita su uso y mantenimiento en entornos industriales. Este equipo optimiza el proceso de envasado, mejorando la seguridad y la conservaci\u00f3n de los productos.\" \/>\n<meta property=\"og:url\" content=\"https:\/\/distribucionarc.com\/tr\/urun\/buyuk-kare-ve-dairesel-konserve-kapatici-anr-170\/\" \/>\n<meta property=\"og:site_name\" content=\"distribuci\u00f3n ARC\" \/>\n<meta property=\"article:modified_time\" content=\"2024-10-28T22:47:25+00:00\" \/>\n<meta property=\"og:image\" content=\"https:\/\/distribucionarc.com\/wp-content\/uploads\/2024\/10\/Tecnologia-de-Sellado-Preciso-con-la-Selladora-de-latas-grandes.png\" \/>\n\t<meta property=\"og:image:width\" content=\"283\" \/>\n\t<meta property=\"og:image:height\" content=\"457\" \/>\n\t<meta property=\"og:image:type\" content=\"image\/png\" \/>\n<meta name=\"twitter:card\" content=\"summary_large_image\" \/>\n<meta name=\"twitter:label1\" content=\"Tahmini okuma s\u00fcresi\" \/>\n\t<meta name=\"twitter:data1\" content=\"3 dakika\" \/>\n<script type=\"application\/ld+json\" class=\"yoast-schema-graph\">{\"@context\":\"https:\/\/schema.org\",\"@graph\":[{\"@type\":\"WebPage\",\"@id\":\"https:\/\/distribucionarc.com\/producto\/selladora-de-latas-grandes-cuadradas-y-circulares-anr-170\/\",\"url\":\"https:\/\/distribucionarc.com\/producto\/selladora-de-latas-grandes-cuadradas-y-circulares-anr-170\/\",\"name\":\"Selladora de latas grandes cuadradas y circulares ANR-170 - distribuci\u00f3n ARC\",\"isPartOf\":{\"@id\":\"https:\/\/distribucionarc.com\/en\/#website\"},\"primaryImageOfPage\":{\"@id\":\"https:\/\/distribucionarc.com\/producto\/selladora-de-latas-grandes-cuadradas-y-circulares-anr-170\/#primaryimage\"},\"image\":{\"@id\":\"https:\/\/distribucionarc.com\/producto\/selladora-de-latas-grandes-cuadradas-y-circulares-anr-170\/#primaryimage\"},\"thumbnailUrl\":\"https:\/\/distribucionarc.com\/wp-content\/uploads\/2024\/10\/Tecnologia-de-Sellado-Preciso-con-la-Selladora-de-latas-grandes.png\",\"datePublished\":\"2024-10-28T19:19:09+00:00\",\"dateModified\":\"2024-10-28T22:47:25+00:00\",\"breadcrumb\":{\"@id\":\"https:\/\/distribucionarc.com\/producto\/selladora-de-latas-grandes-cuadradas-y-circulares-anr-170\/#breadcrumb\"},\"inLanguage\":\"tr\",\"potentialAction\":[{\"@type\":\"ReadAction\",\"target\":[\"https:\/\/distribucionarc.com\/producto\/selladora-de-latas-grandes-cuadradas-y-circulares-anr-170\/\"]}]},{\"@type\":\"ImageObject\",\"inLanguage\":\"tr\",\"@id\":\"https:\/\/distribucionarc.com\/producto\/selladora-de-latas-grandes-cuadradas-y-circulares-anr-170\/#primaryimage\",\"url\":\"https:\/\/distribucionarc.com\/wp-content\/uploads\/2024\/10\/Tecnologia-de-Sellado-Preciso-con-la-Selladora-de-latas-grandes.png\",\"contentUrl\":\"https:\/\/distribucionarc.com\/wp-content\/uploads\/2024\/10\/Tecnologia-de-Sellado-Preciso-con-la-Selladora-de-latas-grandes.png\",\"width\":283,\"height\":457},{\"@type\":\"BreadcrumbList\",\"@id\":\"https:\/\/distribucionarc.com\/producto\/selladora-de-latas-grandes-cuadradas-y-circulares-anr-170\/#breadcrumb\",\"itemListElement\":[{\"@type\":\"ListItem\",\"position\":1,\"name\":\"Portada\",\"item\":\"https:\/\/jagdesd.tempurl.host\/\"},{\"@type\":\"ListItem\",\"position\":2,\"name\":\"Productos\",\"item\":\"https:\/\/jagdesd.tempurl.host\/shop\/\"},{\"@type\":\"ListItem\",\"position\":3,\"name\":\"Selladora de latas grandes cuadradas y circulares ANR-170\"}]},{\"@type\":\"WebSite\",\"@id\":\"https:\/\/distribucionarc.com\/en\/#website\",\"url\":\"https:\/\/distribucionarc.com\/en\/\",\"name\":\"distribuci\u00f3n ARC\",\"description\":\"Empresa especializada en la fabricaci\u00f3n y distribuci\u00f3n de maquinaria industrial, selladoras de latas, Maquinas de hacer pastillas, Maquinas de cortar carne...\",\"publisher\":{\"@id\":\"https:\/\/distribucionarc.com\/en\/#organization\"},\"potentialAction\":[{\"@type\":\"SearchAction\",\"target\":{\"@type\":\"EntryPoint\",\"urlTemplate\":\"https:\/\/distribucionarc.com\/en\/?s={search_term_string}\"},\"query-input\":{\"@type\":\"PropertyValueSpecification\",\"valueRequired\":true,\"valueName\":\"search_term_string\"}}],\"inLanguage\":\"tr\"},{\"@type\":\"Organization\",\"@id\":\"https:\/\/distribucionarc.com\/en\/#organization\",\"name\":\"Distribuci\u00f3n ARC\",\"url\":\"https:\/\/distribucionarc.com\/en\/\",\"logo\":{\"@type\":\"ImageObject\",\"inLanguage\":\"tr\",\"@id\":\"https:\/\/distribucionarc.com\/en\/#\/schema\/logo\/image\/\",\"url\":\"https:\/\/distribucionarc.com\/wp-content\/uploads\/2024\/10\/distribucion-ARC-COLOR-SIN-FONDO-e1732295305345.png\",\"contentUrl\":\"https:\/\/distribucionarc.com\/wp-content\/uploads\/2024\/10\/distribucion-ARC-COLOR-SIN-FONDO-e1732295305345.png\",\"width\":1164,\"height\":558,\"caption\":\"Distribuci\u00f3n ARC\"},\"image\":{\"@id\":\"https:\/\/distribucionarc.com\/en\/#\/schema\/logo\/image\/\"},\"description\":\"Empresa especializada en la fabricaci\u00f3n y distribuci\u00f3n de maquinaria industrial para los sectores alimentario y farmac\u00e9utico. Nos especializamos en: M\u00e1quinas de cortar carne Fabricaci\u00f3n de comprimidos Sistemas de transporte industrial L\u00edneas de embotellado Dosificadores Y mucho m\u00e1s... Ofrecemos soluciones innovadoras y personalizadas para optimizar los procesos productivos de tu empresa.\",\"email\":\"Admistracion@distribucionarc.com\",\"telephone\":\"+34 643496664\",\"legalName\":\"ARC TECH SOLUTIONS\",\"foundingDate\":\"2024-04-09\",\"vatID\":\"B55480172\",\"numberOfEmployees\":{\"@type\":\"QuantitativeValue\",\"minValue\":\"1\",\"maxValue\":\"10\"}}]}<\/script>\n<!-- \/ Yoast SEO Premium plugin. -->","yoast_head_json":{"title":"ANR-170 b\u00fcy\u00fck kare ve dairesel konserve kapat\u0131c\u0131 - ARC da\u011f\u0131t\u0131m\u0131","robots":{"index":"index","follow":"follow","max-snippet":"max-snippet:-1","max-image-preview":"max-image-preview:large","max-video-preview":"max-video-preview:-1"},"canonical":"https:\/\/distribucionarc.com\/tr\/urun\/buyuk-kare-ve-dairesel-konserve-kapatici-anr-170\/","og_locale":"tr_TR","og_type":"article","og_title":"Selladora de latas grandes cuadradas y circulares ANR-170","og_description":"La m\u00e1quina Selladora de latas grandes ANR-170 es un equipo especializado dise\u00f1ado para sellar eficientemente latas redondas y de formas especiales, como las cuadradas, en diversos sectores industriales, incluyendo alimentos, productos qu\u00edmicos, agr\u00edcolas y cosm\u00e9ticos. Su operaci\u00f3n es simple, caracteriz\u00e1ndose por su alta eficiencia y versatilidad en diferentes tipos de sellado. Fabricada con acero de alta calidad (201, 304 y 420), la ANR-170 ofrece durabilidad y resistencia, con una baja tasa de fallos que garantiza una larga vida \u00fatil. Sus principales componentes incluyen el cabezal de sellado, el sistema de control y la base de soporte, lo que facilita su uso y mantenimiento en entornos industriales. Este equipo optimiza el proceso de envasado, mejorando la seguridad y la conservaci\u00f3n de los productos.","og_url":"https:\/\/distribucionarc.com\/tr\/urun\/buyuk-kare-ve-dairesel-konserve-kapatici-anr-170\/","og_site_name":"distribuci\u00f3n ARC","article_modified_time":"2024-10-28T22:47:25+00:00","og_image":[{"width":283,"height":457,"url":"https:\/\/distribucionarc.com\/wp-content\/uploads\/2024\/10\/Tecnologia-de-Sellado-Preciso-con-la-Selladora-de-latas-grandes.png","type":"image\/png"}],"twitter_card":"summary_large_image","twitter_misc":{"Tahmini okuma s\u00fcresi":"3 dakika"},"schema":{"@context":"https:\/\/schema.org","@graph":[{"@type":"WebPage","@id":"https:\/\/distribucionarc.com\/producto\/selladora-de-latas-grandes-cuadradas-y-circulares-anr-170\/","url":"https:\/\/distribucionarc.com\/producto\/selladora-de-latas-grandes-cuadradas-y-circulares-anr-170\/","name":"ANR-170 b\u00fcy\u00fck kare ve dairesel konserve kapat\u0131c\u0131 - ARC da\u011f\u0131t\u0131m\u0131","isPartOf":{"@id":"https:\/\/distribucionarc.com\/en\/#website"},"primaryImageOfPage":{"@id":"https:\/\/distribucionarc.com\/producto\/selladora-de-latas-grandes-cuadradas-y-circulares-anr-170\/#primaryimage"},"image":{"@id":"https:\/\/distribucionarc.com\/producto\/selladora-de-latas-grandes-cuadradas-y-circulares-anr-170\/#primaryimage"},"thumbnailUrl":"https:\/\/distribucionarc.com\/wp-content\/uploads\/2024\/10\/Tecnologia-de-Sellado-Preciso-con-la-Selladora-de-latas-grandes.png","datePublished":"2024-10-28T19:19:09+00:00","dateModified":"2024-10-28T22:47:25+00:00","breadcrumb":{"@id":"https:\/\/distribucionarc.com\/producto\/selladora-de-latas-grandes-cuadradas-y-circulares-anr-170\/#breadcrumb"},"inLanguage":"tr","potentialAction":[{"@type":"ReadAction","target":["https:\/\/distribucionarc.com\/producto\/selladora-de-latas-grandes-cuadradas-y-circulares-anr-170\/"]}]},{"@type":"ImageObject","inLanguage":"tr","@id":"https:\/\/distribucionarc.com\/producto\/selladora-de-latas-grandes-cuadradas-y-circulares-anr-170\/#primaryimage","url":"https:\/\/distribucionarc.com\/wp-content\/uploads\/2024\/10\/Tecnologia-de-Sellado-Preciso-con-la-Selladora-de-latas-grandes.png","contentUrl":"https:\/\/distribucionarc.com\/wp-content\/uploads\/2024\/10\/Tecnologia-de-Sellado-Preciso-con-la-Selladora-de-latas-grandes.png","width":283,"height":457},{"@type":"BreadcrumbList","@id":"https:\/\/distribucionarc.com\/producto\/selladora-de-latas-grandes-cuadradas-y-circulares-anr-170\/#breadcrumb","itemListElement":[{"@type":"ListItem","position":1,"name":"Portada","item":"https:\/\/jagdesd.tempurl.host\/"},{"@type":"ListItem","position":2,"name":"Productos","item":"https:\/\/jagdesd.tempurl.host\/shop\/"},{"@type":"ListItem","position":3,"name":"Selladora de latas grandes cuadradas y circulares ANR-170"}]},{"@type":"WebSite","@id":"https:\/\/distribucionarc.com\/en\/#website","url":"https:\/\/distribucionarc.com\/en\/","name":"ARC da\u011f\u0131t\u0131m\u0131","description":"End\u00fcstriyel makinelerin \u00fcretimi ve da\u011f\u0131t\u0131m\u0131 konusunda uzmanla\u015fm\u0131\u015f \u015firket, kutu m\u00fch\u00fcrleme makineleri, tablet yapma makineleri, et kesme makineleri...","publisher":{"@id":"https:\/\/distribucionarc.com\/en\/#organization"},"potentialAction":[{"@type":"SearchAction","target":{"@type":"EntryPoint","urlTemplate":"https:\/\/distribucionarc.com\/en\/?s={search_term_string}"},"query-input":{"@type":"PropertyValueSpecification","valueRequired":true,"valueName":"search_term_string"}}],"inLanguage":"tr"},{"@type":"Organization","@id":"https:\/\/distribucionarc.com\/en\/#organization","name":"ARC Da\u011f\u0131t\u0131m\u0131","url":"https:\/\/distribucionarc.com\/en\/","logo":{"@type":"ImageObject","inLanguage":"tr","@id":"https:\/\/distribucionarc.com\/en\/#\/schema\/logo\/image\/","url":"https:\/\/distribucionarc.com\/wp-content\/uploads\/2024\/10\/distribucion-ARC-COLOR-SIN-FONDO-e1732295305345.png","contentUrl":"https:\/\/distribucionarc.com\/wp-content\/uploads\/2024\/10\/distribucion-ARC-COLOR-SIN-FONDO-e1732295305345.png","width":1164,"height":558,"caption":"Distribuci\u00f3n ARC"},"image":{"@id":"https:\/\/distribucionarc.com\/en\/#\/schema\/logo\/image\/"},"description":"\u015eirket, g\u0131da ve ila\u00e7 sekt\u00f6rleri i\u00e7in end\u00fcstriyel makine \u00fcretimi ve da\u011f\u0131t\u0131m\u0131 konusunda uzmanla\u015fm\u0131\u015ft\u0131r. Uzmanl\u0131k alanlar\u0131m\u0131z Et kesme makineleri Tablet \u00fcretimi End\u00fcstriyel ta\u015f\u0131ma sistemleri \u015ei\u015feleme hatlar\u0131 Dozajlama makineleri Ve \u00e7ok daha fazlas\u0131... \u015eirketinizin \u00fcretim s\u00fcre\u00e7lerini optimize etmek i\u00e7in yenilik\u00e7i ve \u00f6zelle\u015ftirilmi\u015f \u00e7\u00f6z\u00fcmler sunuyoruz.","email":"Admistracion@distribucionarc.com","telephone":"+34 643496664","legalName":"ARC TECH SOLUTIONS","foundingDate":"2024-04-09","vatID":"B55480172","numberOfEmployees":{"@type":"QuantitativeValue","minValue":"1","maxValue":"10"}}]}},"_links":{"self":[{"href":"https:\/\/distribucionarc.com\/tr\/wp-json\/wp\/v2\/product\/8212","targetHints":{"allow":["GET"]}}],"collection":[{"href":"https:\/\/distribucionarc.com\/tr\/wp-json\/wp\/v2\/product"}],"about":[{"href":"https:\/\/distribucionarc.com\/tr\/wp-json\/wp\/v2\/types\/product"}],"replies":[{"embeddable":true,"href":"https:\/\/distribucionarc.com\/tr\/wp-json\/wp\/v2\/comments?post=8212"}],"version-history":[{"count":0,"href":"https:\/\/distribucionarc.com\/tr\/wp-json\/wp\/v2\/product\/8212\/revisions"}],"wp:featuredmedia":[{"embeddable":true,"href":"https:\/\/distribucionarc.com\/tr\/wp-json\/wp\/v2\/media\/8215"}],"wp:attachment":[{"href":"https:\/\/distribucionarc.com\/tr\/wp-json\/wp\/v2\/media?parent=8212"}],"wp:term":[{"taxonomy":"product_brand","embeddable":true,"href":"https:\/\/distribucionarc.com\/tr\/wp-json\/wp\/v2\/product_brand?post=8212"},{"taxonomy":"product_cat","embeddable":true,"href":"https:\/\/distribucionarc.com\/tr\/wp-json\/wp\/v2\/product_cat?post=8212"},{"taxonomy":"product_tag","embeddable":true,"href":"https:\/\/distribucionarc.com\/tr\/wp-json\/wp\/v2\/product_tag?post=8212"}],"curies":[{"name":"wp","href":"https:\/\/api.w.org\/{rel}","templated":true}]}}