{"id":8219,"date":"2024-10-28T21:03:02","date_gmt":"2024-10-28T21:03:02","guid":{"rendered":"https:\/\/distribucionarc.com\/?post_type=product&#038;p=8219"},"modified":"2024-10-28T22:46:22","modified_gmt":"2024-10-28T22:46:22","slug":"dogrusal-buyuk-kare-ve-dairesel-konserve-kapatici-anr-171","status":"publish","type":"product","link":"https:\/\/distribucionarc.com\/tr\/producto\/selladora-de-latas-grandes-cuadradas-y-circulares-lineal-anr-171\/","title":{"rendered":"Lineer ANR-171 b\u00fcy\u00fck kare ve dairesel konserve kapat\u0131c\u0131"},"content":{"rendered":"<p>La <strong>Lineer ANR-171 B\u00fcy\u00fck Kare ve Dairesel Konserve Kapatma Makinas\u0131<\/strong> ba\u015fta yuvarlak ve kare olmak \u00fczere \u00e7e\u015fitli \u015fekil ve boyutlardaki kutular\u0131n hermetik s\u0131zd\u0131rmazl\u0131\u011f\u0131n\u0131 ger\u00e7ekle\u015ftirmek i\u00e7in tasarlanm\u0131\u015f geli\u015fmi\u015f bir end\u00fcstriyel makinedir. Ana i\u015flevi, her kutunun g\u00fcvenli, g\u00fcvenilir ve dayan\u0131kl\u0131 bir \u015fekilde kapat\u0131lmas\u0131n\u0131 sa\u011flamak, \u00fcr\u00fcn\u00fcn kalitesini korumak ve olas\u0131 d\u0131\u015f kontaminasyonu \u00f6nlemektir. Basit ama y\u00fcksek verimli tasar\u0131m\u0131na sahip bu makine, g\u0131da, kimya, tar\u0131m ve kozmetik gibi \u00e7e\u015fitli end\u00fcstrilerdeki y\u00fcksek h\u0131zl\u0131 \u00fcretim hatlar\u0131nda \u00e7al\u0131\u015facak \u015fekilde \u00fcretilmi\u015ftir.<\/p>\n<p>La <strong>yap\u0131\u015ft\u0131rma makinesi ANR-171<\/strong> Temel amac\u0131, kutular\u0131 g\u00fcvenli ve e\u015fit bir \u015fekilde kapatmak ve i\u00e7eriklerini uzun s\u00fcre boyunca en uygun ko\u015fullarda muhafaza etmektir. Bu makine, \u00e7e\u015fitli boyutlardaki kutulara uyum sa\u011flayabildi\u011finden, paketlemede \u00e7ok y\u00f6nl\u00fcl\u00fc\u011fe ihtiya\u00e7 duyan end\u00fcstriler i\u00e7in idealdir. \u00dcr\u00fcnlerin havadan, nemden veya herhangi bir d\u0131\u015f kirletici maddeden korunmas\u0131n\u0131 sa\u011flamak i\u00e7in hassas s\u0131zd\u0131rmazl\u0131k \u00e7ok \u00f6nemlidir.<\/p>\n<p>Ad\u0131m ad\u0131m \u00e7al\u0131\u015fmas\u0131yla dikkat \u00e7ekiyor. <strong>konumland\u0131rma<\/strong> Besleme sistemine yerle\u015ftirilen ve bant taraf\u0131ndan s\u0131zd\u0131rmazl\u0131k kafas\u0131na do\u011fru ta\u015f\u0131nan dolu veya bo\u015f <strong>hizalama <\/strong>Her kutuyu do\u011fru yere konumland\u0131ran ayarlanabilir k\u0131lavuzlar \u00fczerinde, s\u0131zd\u0131rmazl\u0131k i\u00e7in m\u00fckemmel \u015fekilde hizalanmalar\u0131n\u0131 sa\u011flar ve ard\u0131ndan<strong> s\u0131zd\u0131rmazl\u0131k uygulamas\u0131, <\/strong>S\u0131zd\u0131rmazl\u0131k ba\u015fl\u0131\u011f\u0131, kapa\u011f\u0131 kutu g\u00f6vdesine yap\u0131\u015ft\u0131rmak i\u00e7in gerekli bas\u0131n\u00e7 ve s\u0131cakl\u0131\u011f\u0131 (yap\u0131land\u0131r\u0131ld\u0131\u011f\u0131 gibi) uygulayarak kutu kapa\u011f\u0131n\u0131n \u00fczerine al\u00e7al\u0131r. S\u0131zd\u0131rmazl\u0131k i\u015flemi tamamland\u0131ktan sonra kutu, konvey\u00f6r sistemi taraf\u0131ndan \u00fcretim hatt\u0131n\u0131n bir sonraki a\u015famas\u0131na veya depolama alan\u0131na ta\u015f\u0131n\u0131r.<\/p>\n<p>ANR-171 m\u00fch\u00fcrleyicinin gelece\u011fi a\u015fa\u011f\u0131dakilerin uygulanmas\u0131n\u0131 i\u00e7erebilir: <strong>uzaktan izleme ve kestirimci bak\u0131m sistemleri<\/strong>Bu da sorunlar\u0131 \u00fcretimi etkilemeden \u00f6nce tahmin etmemize ve \u00e7\u00f6zmemize olanak tan\u0131r. Ayr\u0131ca s\u00fcrd\u00fcr\u00fclebilirli\u011fe olan talebin artmas\u0131yla birlikte, makinenin dayan\u0131kl\u0131l\u0131\u011f\u0131ndan ve performans\u0131ndan \u00f6d\u00fcn vermeden enerji tasarrufu sa\u011flayan teknolojilerin veya geri d\u00f6n\u00fc\u015ft\u00fcr\u00fclebilir yap\u0131 malzemelerinin entegre edilmesi m\u00fcmk\u00fcnd\u00fcr. Sonu\u00e7 olarak, <strong>Lineer ANR-171 B\u00fcy\u00fck Kare ve Dairesel Konserve Kapatma Makinas\u0131<\/strong> Sa\u011flaml\u0131\u011f\u0131, g\u00fcvenilirli\u011fi ve farkl\u0131 ambalaj t\u00fcrlerine uyum sa\u011flama yetene\u011fi sayesinde bir\u00e7ok end\u00fcstride vazge\u00e7ilmez bir ekipmand\u0131r.<\/p>\n<p><a href=\"https:\/\/distribucionarc.com\/wp-content\/uploads\/2024\/10\/Selladora-de-Latascuadradas.png\"><img loading=\"lazy\" decoding=\"async\" class=\"alignnone size-medium wp-image-8224\" src=\"https:\/\/distribucionarc.com\/wp-content\/uploads\/2024\/10\/Selladora-de-Latascuadradas-300x248.png\" alt=\"\" width=\"300\" height=\"248\" srcset=\"https:\/\/distribucionarc.com\/wp-content\/uploads\/2024\/10\/Selladora-de-Latascuadradas-300x248.png 300w, https:\/\/distribucionarc.com\/wp-content\/uploads\/2024\/10\/Selladora-de-Latascuadradas-430x355.png 430w, https:\/\/distribucionarc.com\/wp-content\/uploads\/2024\/10\/Selladora-de-Latascuadradas-150x124.png 150w, https:\/\/distribucionarc.com\/wp-content\/uploads\/2024\/10\/Selladora-de-Latascuadradas-700x578.png 700w, https:\/\/distribucionarc.com\/wp-content\/uploads\/2024\/10\/Selladora-de-Latascuadradas-15x12.png 15w, https:\/\/distribucionarc.com\/wp-content\/uploads\/2024\/10\/Selladora-de-Latascuadradas.png 715w\" sizes=\"auto, (max-width: 300px) 100vw, 300px\" \/><\/a><\/p>\n<table>\n<thead>\n<tr>\n<th>\u015eartname<\/th>\n<th>Detay<\/th>\n<\/tr>\n<\/thead>\n<tbody>\n<tr>\n<td><strong>Makine boyutu<\/strong><\/td>\n<td>1200x860x2000mm<\/td>\n<\/tr>\n<tr>\n<td><strong>Gerilim<\/strong><\/td>\n<td>380V\/50\/60Hz<\/td>\n<\/tr>\n<tr>\n<td><strong>\u00dcretme<\/strong><\/td>\n<td>20-25 kutu\/dakika<\/td>\n<\/tr>\n<tr>\n<td><strong>G\u00fc\u00e7<\/strong><\/td>\n<td>2.2KW<\/td>\n<\/tr>\n<tr>\n<td><strong>Kutu \u00e7ap\u0131<\/strong><\/td>\n<td>160-200mm<\/td>\n<\/tr>\n<tr>\n<td><strong>Maksimum kutu y\u00fcksekli\u011fi<\/strong><\/td>\n<td>115-390mm<\/td>\n<\/tr>\n<tr>\n<td><strong>A\u011f\u0131rl\u0131k<\/strong><\/td>\n<td>5000kg<\/td>\n<\/tr>\n<tr>\n<td><strong>Modeli<\/strong><\/td>\n<td>ANR-171<\/td>\n<\/tr>\n<tr>\n<td><strong>hava bas\u0131nc\u0131<\/strong><\/td>\n<td>0.3-0.5MPa<\/td>\n<\/tr>\n<tr>\n<td><strong>Teneke levha kal\u0131nl\u0131\u011f\u0131<\/strong><\/td>\n<td>0,4 mm&#039;ye kadar<\/td>\n<\/tr>\n<tr>\n<td><strong>Konvey\u00f6r y\u00fcksekli\u011fi<\/strong><\/td>\n<td>1500mm<\/td>\n<\/tr>\n<tr>\n<td><strong>Bant uzunlu\u011fu<\/strong><\/td>\n<td>2000mm<\/td>\n<\/tr>\n<tr>\n<td><strong>Stok Kodu<\/strong><\/td>\n<td>AR00130<\/td>\n<\/tr>\n<tr>\n<td><strong>Garanti<\/strong><\/td>\n<td>2 y\u0131l<\/td>\n<\/tr>\n<\/tbody>\n<\/table>\n<p><a href=\"https:\/\/distribucionarc.com\/wp-content\/uploads\/2024\/10\/Selladora-Alta-Produccion-para-Latas-Industriales.png\"><img loading=\"lazy\" decoding=\"async\" class=\"alignnone size-medium wp-image-8222\" src=\"https:\/\/distribucionarc.com\/wp-content\/uploads\/2024\/10\/Selladora-Alta-Produccion-para-Latas-Industriales-300x300.png\" alt=\"\" width=\"300\" height=\"300\" srcset=\"https:\/\/distribucionarc.com\/wp-content\/uploads\/2024\/10\/Selladora-Alta-Produccion-para-Latas-Industriales-300x300.png 300w, https:\/\/distribucionarc.com\/wp-content\/uploads\/2024\/10\/Selladora-Alta-Produccion-para-Latas-Industriales-430x430.png 430w, https:\/\/distribucionarc.com\/wp-content\/uploads\/2024\/10\/Selladora-Alta-Produccion-para-Latas-Industriales-150x150.png 150w, https:\/\/distribucionarc.com\/wp-content\/uploads\/2024\/10\/Selladora-Alta-Produccion-para-Latas-Industriales-700x700.png 700w, https:\/\/distribucionarc.com\/wp-content\/uploads\/2024\/10\/Selladora-Alta-Produccion-para-Latas-Industriales-768x768.png 768w, https:\/\/distribucionarc.com\/wp-content\/uploads\/2024\/10\/Selladora-Alta-Produccion-para-Latas-Industriales-12x12.png 12w, https:\/\/distribucionarc.com\/wp-content\/uploads\/2024\/10\/Selladora-Alta-Produccion-para-Latas-Industriales.png 1000w\" sizes=\"auto, (max-width: 300px) 100vw, 300px\" \/><\/a>\u00a0 \u00a0 \u00a0 \u00a0 <a href=\"https:\/\/distribucionarc.com\/wp-content\/uploads\/2024\/10\/Tecnologia-de-Sellado-con-Presion-de-Aire.png\"><img loading=\"lazy\" decoding=\"async\" class=\"alignnone size-medium wp-image-8220\" src=\"https:\/\/distribucionarc.com\/wp-content\/uploads\/2024\/10\/Tecnologia-de-Sellado-con-Presion-de-Aire-300x214.png\" alt=\"\" width=\"300\" height=\"214\" srcset=\"https:\/\/distribucionarc.com\/wp-content\/uploads\/2024\/10\/Tecnologia-de-Sellado-con-Presion-de-Aire-300x214.png 300w, https:\/\/distribucionarc.com\/wp-content\/uploads\/2024\/10\/Tecnologia-de-Sellado-con-Presion-de-Aire-430x307.png 430w, https:\/\/distribucionarc.com\/wp-content\/uploads\/2024\/10\/Tecnologia-de-Sellado-con-Presion-de-Aire-150x107.png 150w, https:\/\/distribucionarc.com\/wp-content\/uploads\/2024\/10\/Tecnologia-de-Sellado-con-Presion-de-Aire-18x12.png 18w, https:\/\/distribucionarc.com\/wp-content\/uploads\/2024\/10\/Tecnologia-de-Sellado-con-Presion-de-Aire.png 474w\" sizes=\"auto, (max-width: 300px) 100vw, 300px\" \/><\/a><\/p>","protected":false},"excerpt":{"rendered":"<p>La <strong>Lineer ANR-171 B\u00fcy\u00fck Kare ve Dairesel Konserve Kapatma Makinas\u0131<\/strong> ba\u015fta yuvarlak ve kare olmak \u00fczere farkl\u0131 boyut ve \u015fekillerdeki kutular\u0131 hava ge\u00e7irmez \u015fekilde kapatmak i\u00e7in tasarlanm\u0131\u015f \u00f6zel bir makinedir. Ana i\u015flevi kutular\u0131n hassas ve g\u00fcvenli bir \u015fekilde kapat\u0131lmas\u0131n\u0131 sa\u011flamakt\u0131r. G\u0131da, kimya, tar\u0131m ve kozmetik end\u00fcstrilerinde kullan\u0131lan bu makine \u00e7ok y\u00f6nl\u00fcd\u00fcr ve \u00e7e\u015fitli kapatma t\u00fcrlerine uyum sa\u011flayarak paketleme verimlili\u011fini optimize eder ve \u00fcr\u00fcn g\u00fcvenli\u011fini ve korunmas\u0131n\u0131 geli\u015ftirir.<\/p>","protected":false},"featured_media":8223,"comment_status":"open","ping_status":"closed","template":"","meta":{"wds_primary_product_brand":0,"wds_primary_product_cat":0},"product_brand":[],"product_cat":[62],"product_tag":[],"class_list":{"0":"post-8219","1":"product","2":"type-product","3":"status-publish","4":"has-post-thumbnail","6":"product_cat-selladoras-de-latas","8":"first","9":"instock","10":"taxable","11":"shipping-taxable","12":"purchasable","13":"product-type-simple"},"yoast_head":"<!-- This site is optimized with the Yoast SEO Premium plugin v24.9 (Yoast SEO v26.1) - https:\/\/yoast.com\/wordpress\/plugins\/seo\/ -->\n<title>Selladora de latas grandes cuadradas y circulares lineal ANR-171 - distribuci\u00f3n ARC<\/title>\n<meta name=\"robots\" content=\"index, follow, max-snippet:-1, max-image-preview:large, max-video-preview:-1\" \/>\n<link rel=\"canonical\" href=\"https:\/\/www.distribucionarc.com\/el\/producto\/selladora-de-latas-grandes-cuadradas-y-circulares-lineal-anr-171\/\" \/>\n<meta property=\"og:locale\" content=\"tr_TR\" \/>\n<meta property=\"og:type\" content=\"article\" \/>\n<meta property=\"og:title\" content=\"Selladora de latas grandes cuadradas y circulares lineal ANR-171\" \/>\n<meta property=\"og:description\" content=\"La Selladora de Latas Grandes Cuadradas y Circulares Lineal ANR-171 es una m\u00e1quina especializada dise\u00f1ada para sellar de forma herm\u00e9tica latas de distintos tama\u00f1os y formas, principalmente redondas y cuadradas. Su funci\u00f3n principal es asegurar un cierre preciso y seguro de las latas. Utilizada en las industrias de alimentos, productos qu\u00edmicos, agr\u00edcolas y cosm\u00e9ticos, esta m\u00e1quina es vers\u00e1til y puede adaptarse a diversos tipos de sellado, optimizando la eficiencia en el envasado y mejorando la seguridad y conservaci\u00f3n de los productos.\" \/>\n<meta property=\"og:url\" content=\"https:\/\/www.distribucionarc.com\/el\/producto\/selladora-de-latas-grandes-cuadradas-y-circulares-lineal-anr-171\/\" \/>\n<meta property=\"og:site_name\" content=\"distribuci\u00f3n ARC\" \/>\n<meta property=\"article:modified_time\" content=\"2024-10-28T22:46:22+00:00\" \/>\n<meta property=\"og:image\" content=\"https:\/\/www.distribucionarc.com\/wp-content\/uploads\/2024\/10\/Maquina-Selladora-de-Latas-ANR-171.png\" \/>\n\t<meta property=\"og:image:width\" content=\"715\" \/>\n\t<meta property=\"og:image:height\" content=\"590\" \/>\n\t<meta property=\"og:image:type\" content=\"image\/png\" \/>\n<meta name=\"twitter:card\" content=\"summary_large_image\" \/>\n<meta name=\"twitter:label1\" content=\"Tahmini okuma s\u00fcresi\" \/>\n\t<meta name=\"twitter:data1\" content=\"3 dakika\" \/>\n<script type=\"application\/ld+json\" class=\"yoast-schema-graph\">{\"@context\":\"https:\/\/schema.org\",\"@graph\":[{\"@type\":\"WebPage\",\"@id\":\"https:\/\/www.distribucionarc.com\/el\/producto\/selladora-de-latas-grandes-cuadradas-y-circulares-lineal-anr-171\/\",\"url\":\"https:\/\/www.distribucionarc.com\/el\/producto\/selladora-de-latas-grandes-cuadradas-y-circulares-lineal-anr-171\/\",\"name\":\"Selladora de latas grandes cuadradas y circulares lineal ANR-171 - distribuci\u00f3n ARC\",\"isPartOf\":{\"@id\":\"https:\/\/distribucionarc.com\/bg\/#website\"},\"primaryImageOfPage\":{\"@id\":\"https:\/\/www.distribucionarc.com\/el\/producto\/selladora-de-latas-grandes-cuadradas-y-circulares-lineal-anr-171\/#primaryimage\"},\"image\":{\"@id\":\"https:\/\/www.distribucionarc.com\/el\/producto\/selladora-de-latas-grandes-cuadradas-y-circulares-lineal-anr-171\/#primaryimage\"},\"thumbnailUrl\":\"https:\/\/distribucionarc.com\/wp-content\/uploads\/2024\/10\/Maquina-Selladora-de-Latas-ANR-171.png\",\"datePublished\":\"2024-10-28T21:03:02+00:00\",\"dateModified\":\"2024-10-28T22:46:22+00:00\",\"breadcrumb\":{\"@id\":\"https:\/\/www.distribucionarc.com\/el\/producto\/selladora-de-latas-grandes-cuadradas-y-circulares-lineal-anr-171\/#breadcrumb\"},\"inLanguage\":\"tr\",\"potentialAction\":[{\"@type\":\"ReadAction\",\"target\":[\"https:\/\/www.distribucionarc.com\/el\/producto\/selladora-de-latas-grandes-cuadradas-y-circulares-lineal-anr-171\/\"]}]},{\"@type\":\"ImageObject\",\"inLanguage\":\"tr\",\"@id\":\"https:\/\/www.distribucionarc.com\/el\/producto\/selladora-de-latas-grandes-cuadradas-y-circulares-lineal-anr-171\/#primaryimage\",\"url\":\"https:\/\/distribucionarc.com\/wp-content\/uploads\/2024\/10\/Maquina-Selladora-de-Latas-ANR-171.png\",\"contentUrl\":\"https:\/\/distribucionarc.com\/wp-content\/uploads\/2024\/10\/Maquina-Selladora-de-Latas-ANR-171.png\",\"width\":715,\"height\":590},{\"@type\":\"BreadcrumbList\",\"@id\":\"https:\/\/www.distribucionarc.com\/el\/producto\/selladora-de-latas-grandes-cuadradas-y-circulares-lineal-anr-171\/#breadcrumb\",\"itemListElement\":[{\"@type\":\"ListItem\",\"position\":1,\"name\":\"Portada\",\"item\":\"https:\/\/distribucionarc.com\/nb\/\"},{\"@type\":\"ListItem\",\"position\":2,\"name\":\"Products\",\"item\":\"https:\/\/www.distribucionarc.com\/en\/shop\/\"},{\"@type\":\"ListItem\",\"position\":3,\"name\":\"Selladora de latas grandes cuadradas y circulares lineal ANR-171\"}]},{\"@type\":\"WebSite\",\"@id\":\"https:\/\/distribucionarc.com\/bg\/#website\",\"url\":\"https:\/\/distribucionarc.com\/bg\/\",\"name\":\"distribuci\u00f3n ARC\",\"description\":\"Empresa especializada en la fabricaci\u00f3n y distribuci\u00f3n de maquinaria industrial, selladoras de latas, Maquinas de hacer pastillas, Maquinas de cortar carne...\",\"publisher\":{\"@id\":\"https:\/\/distribucionarc.com\/bg\/#organization\"},\"potentialAction\":[{\"@type\":\"SearchAction\",\"target\":{\"@type\":\"EntryPoint\",\"urlTemplate\":\"https:\/\/distribucionarc.com\/bg\/?s={search_term_string}\"},\"query-input\":{\"@type\":\"PropertyValueSpecification\",\"valueRequired\":true,\"valueName\":\"search_term_string\"}}],\"inLanguage\":\"tr\"},{\"@type\":\"Organization\",\"@id\":\"https:\/\/distribucionarc.com\/bg\/#organization\",\"name\":\"Distribuci\u00f3n ARC\",\"url\":\"https:\/\/distribucionarc.com\/bg\/\",\"logo\":{\"@type\":\"ImageObject\",\"inLanguage\":\"tr\",\"@id\":\"https:\/\/distribucionarc.com\/bg\/#\/schema\/logo\/image\/\",\"url\":\"https:\/\/distribucionarc.com\/wp-content\/uploads\/2024\/10\/distribucion-ARC-COLOR-SIN-FONDO-e1732295305345.png\",\"contentUrl\":\"https:\/\/distribucionarc.com\/wp-content\/uploads\/2024\/10\/distribucion-ARC-COLOR-SIN-FONDO-e1732295305345.png\",\"width\":1164,\"height\":558,\"caption\":\"Distribuci\u00f3n ARC\"},\"image\":{\"@id\":\"https:\/\/distribucionarc.com\/bg\/#\/schema\/logo\/image\/\"},\"description\":\"Empresa especializada en la fabricaci\u00f3n y distribuci\u00f3n de maquinaria industrial para los sectores alimentario y farmac\u00e9utico. Nos especializamos en: M\u00e1quinas de cortar carne Fabricaci\u00f3n de comprimidos Sistemas de transporte industrial L\u00edneas de embotellado Dosificadores Y mucho m\u00e1s... Ofrecemos soluciones innovadoras y personalizadas para optimizar los procesos productivos de tu empresa.\",\"email\":\"Admistracion@distribucionarc.com\",\"telephone\":\"+34 643496664\",\"legalName\":\"ARC TECH SOLUTIONS\",\"foundingDate\":\"2024-04-09\",\"vatID\":\"B55480172\",\"numberOfEmployees\":{\"@type\":\"QuantitativeValue\",\"minValue\":\"1\",\"maxValue\":\"10\"}}]}<\/script>\n<!-- \/ Yoast SEO Premium plugin. -->","yoast_head_json":{"title":"ANR-171 do\u011frusal b\u00fcy\u00fck kare ve dairesel konserve kapat\u0131c\u0131 - ARC da\u011f\u0131t\u0131m\u0131","robots":{"index":"index","follow":"follow","max-snippet":"max-snippet:-1","max-image-preview":"max-image-preview:large","max-video-preview":"max-video-preview:-1"},"canonical":"https:\/\/www.distribucionarc.com\/el\/producto\/selladora-de-latas-grandes-cuadradas-y-circulares-lineal-anr-171\/","og_locale":"tr_TR","og_type":"article","og_title":"Selladora de latas grandes cuadradas y circulares lineal ANR-171","og_description":"La Selladora de Latas Grandes Cuadradas y Circulares Lineal ANR-171 es una m\u00e1quina especializada dise\u00f1ada para sellar de forma herm\u00e9tica latas de distintos tama\u00f1os y formas, principalmente redondas y cuadradas. Su funci\u00f3n principal es asegurar un cierre preciso y seguro de las latas. Utilizada en las industrias de alimentos, productos qu\u00edmicos, agr\u00edcolas y cosm\u00e9ticos, esta m\u00e1quina es vers\u00e1til y puede adaptarse a diversos tipos de sellado, optimizando la eficiencia en el envasado y mejorando la seguridad y conservaci\u00f3n de los productos.","og_url":"https:\/\/www.distribucionarc.com\/el\/producto\/selladora-de-latas-grandes-cuadradas-y-circulares-lineal-anr-171\/","og_site_name":"distribuci\u00f3n ARC","article_modified_time":"2024-10-28T22:46:22+00:00","og_image":[{"width":715,"height":590,"url":"https:\/\/www.distribucionarc.com\/wp-content\/uploads\/2024\/10\/Maquina-Selladora-de-Latas-ANR-171.png","type":"image\/png"}],"twitter_card":"summary_large_image","twitter_misc":{"Tahmini okuma s\u00fcresi":"3 dakika"},"schema":{"@context":"https:\/\/schema.org","@graph":[{"@type":"WebPage","@id":"https:\/\/www.distribucionarc.com\/el\/producto\/selladora-de-latas-grandes-cuadradas-y-circulares-lineal-anr-171\/","url":"https:\/\/www.distribucionarc.com\/el\/producto\/selladora-de-latas-grandes-cuadradas-y-circulares-lineal-anr-171\/","name":"ANR-171 do\u011frusal b\u00fcy\u00fck kare ve dairesel konserve kapat\u0131c\u0131 - ARC da\u011f\u0131t\u0131m\u0131","isPartOf":{"@id":"https:\/\/distribucionarc.com\/bg\/#website"},"primaryImageOfPage":{"@id":"https:\/\/www.distribucionarc.com\/el\/producto\/selladora-de-latas-grandes-cuadradas-y-circulares-lineal-anr-171\/#primaryimage"},"image":{"@id":"https:\/\/www.distribucionarc.com\/el\/producto\/selladora-de-latas-grandes-cuadradas-y-circulares-lineal-anr-171\/#primaryimage"},"thumbnailUrl":"https:\/\/distribucionarc.com\/wp-content\/uploads\/2024\/10\/Maquina-Selladora-de-Latas-ANR-171.png","datePublished":"2024-10-28T21:03:02+00:00","dateModified":"2024-10-28T22:46:22+00:00","breadcrumb":{"@id":"https:\/\/www.distribucionarc.com\/el\/producto\/selladora-de-latas-grandes-cuadradas-y-circulares-lineal-anr-171\/#breadcrumb"},"inLanguage":"tr","potentialAction":[{"@type":"ReadAction","target":["https:\/\/www.distribucionarc.com\/el\/producto\/selladora-de-latas-grandes-cuadradas-y-circulares-lineal-anr-171\/"]}]},{"@type":"ImageObject","inLanguage":"tr","@id":"https:\/\/www.distribucionarc.com\/el\/producto\/selladora-de-latas-grandes-cuadradas-y-circulares-lineal-anr-171\/#primaryimage","url":"https:\/\/distribucionarc.com\/wp-content\/uploads\/2024\/10\/Maquina-Selladora-de-Latas-ANR-171.png","contentUrl":"https:\/\/distribucionarc.com\/wp-content\/uploads\/2024\/10\/Maquina-Selladora-de-Latas-ANR-171.png","width":715,"height":590},{"@type":"BreadcrumbList","@id":"https:\/\/www.distribucionarc.com\/el\/producto\/selladora-de-latas-grandes-cuadradas-y-circulares-lineal-anr-171\/#breadcrumb","itemListElement":[{"@type":"ListItem","position":1,"name":"Portada","item":"https:\/\/distribucionarc.com\/nb\/"},{"@type":"ListItem","position":2,"name":"Products","item":"https:\/\/www.distribucionarc.com\/en\/shop\/"},{"@type":"ListItem","position":3,"name":"Selladora de latas grandes cuadradas y circulares lineal ANR-171"}]},{"@type":"WebSite","@id":"https:\/\/distribucionarc.com\/bg\/#website","url":"https:\/\/distribucionarc.com\/bg\/","name":"ARC da\u011f\u0131t\u0131m\u0131","description":"End\u00fcstriyel makinelerin \u00fcretimi ve da\u011f\u0131t\u0131m\u0131 konusunda uzmanla\u015fm\u0131\u015f \u015firket, kutu m\u00fch\u00fcrleme makineleri, tablet yapma makineleri, et kesme makineleri...","publisher":{"@id":"https:\/\/distribucionarc.com\/bg\/#organization"},"potentialAction":[{"@type":"SearchAction","target":{"@type":"EntryPoint","urlTemplate":"https:\/\/distribucionarc.com\/bg\/?s={search_term_string}"},"query-input":{"@type":"PropertyValueSpecification","valueRequired":true,"valueName":"search_term_string"}}],"inLanguage":"tr"},{"@type":"Organization","@id":"https:\/\/distribucionarc.com\/bg\/#organization","name":"ARC Da\u011f\u0131t\u0131m\u0131","url":"https:\/\/distribucionarc.com\/bg\/","logo":{"@type":"ImageObject","inLanguage":"tr","@id":"https:\/\/distribucionarc.com\/bg\/#\/schema\/logo\/image\/","url":"https:\/\/distribucionarc.com\/wp-content\/uploads\/2024\/10\/distribucion-ARC-COLOR-SIN-FONDO-e1732295305345.png","contentUrl":"https:\/\/distribucionarc.com\/wp-content\/uploads\/2024\/10\/distribucion-ARC-COLOR-SIN-FONDO-e1732295305345.png","width":1164,"height":558,"caption":"Distribuci\u00f3n ARC"},"image":{"@id":"https:\/\/distribucionarc.com\/bg\/#\/schema\/logo\/image\/"},"description":"\u015eirket, g\u0131da ve ila\u00e7 sekt\u00f6rleri i\u00e7in end\u00fcstriyel makine \u00fcretimi ve da\u011f\u0131t\u0131m\u0131 konusunda uzmanla\u015fm\u0131\u015ft\u0131r. Uzmanl\u0131k alanlar\u0131m\u0131z Et kesme makineleri Tablet \u00fcretimi End\u00fcstriyel ta\u015f\u0131ma sistemleri \u015ei\u015feleme hatlar\u0131 Dozajlama makineleri Ve \u00e7ok daha fazlas\u0131... \u015eirketinizin \u00fcretim s\u00fcre\u00e7lerini optimize etmek i\u00e7in yenilik\u00e7i ve \u00f6zelle\u015ftirilmi\u015f \u00e7\u00f6z\u00fcmler sunuyoruz.","email":"Admistracion@distribucionarc.com","telephone":"+34 643496664","legalName":"ARC TECH SOLUTIONS","foundingDate":"2024-04-09","vatID":"B55480172","numberOfEmployees":{"@type":"QuantitativeValue","minValue":"1","maxValue":"10"}}]}},"_links":{"self":[{"href":"https:\/\/distribucionarc.com\/tr\/wp-json\/wp\/v2\/product\/8219","targetHints":{"allow":["GET"]}}],"collection":[{"href":"https:\/\/distribucionarc.com\/tr\/wp-json\/wp\/v2\/product"}],"about":[{"href":"https:\/\/distribucionarc.com\/tr\/wp-json\/wp\/v2\/types\/product"}],"replies":[{"embeddable":true,"href":"https:\/\/distribucionarc.com\/tr\/wp-json\/wp\/v2\/comments?post=8219"}],"version-history":[{"count":0,"href":"https:\/\/distribucionarc.com\/tr\/wp-json\/wp\/v2\/product\/8219\/revisions"}],"wp:featuredmedia":[{"embeddable":true,"href":"https:\/\/distribucionarc.com\/tr\/wp-json\/wp\/v2\/media\/8223"}],"wp:attachment":[{"href":"https:\/\/distribucionarc.com\/tr\/wp-json\/wp\/v2\/media?parent=8219"}],"wp:term":[{"taxonomy":"product_brand","embeddable":true,"href":"https:\/\/distribucionarc.com\/tr\/wp-json\/wp\/v2\/product_brand?post=8219"},{"taxonomy":"product_cat","embeddable":true,"href":"https:\/\/distribucionarc.com\/tr\/wp-json\/wp\/v2\/product_cat?post=8219"},{"taxonomy":"product_tag","embeddable":true,"href":"https:\/\/distribucionarc.com\/tr\/wp-json\/wp\/v2\/product_tag?post=8219"}],"curies":[{"name":"wp","href":"https:\/\/api.w.org\/{rel}","templated":true}]}}