{"id":872,"date":"2020-07-14T12:32:47","date_gmt":"2020-07-14T12:32:47","guid":{"rendered":"https:\/\/distribucionarc.com\/?post_type=product&#038;p=872"},"modified":"2024-09-05T13:42:32","modified_gmt":"2024-09-05T13:42:32","slug":"duble-sufle-gozleme-makinesi","status":"publish","type":"product","link":"https:\/\/distribucionarc.com\/tr\/producto\/maquina-de-panqueques-souffle-doble\/","title":{"rendered":"\u00c7ift Sufle G\u00f6zleme Makinas\u0131"},"content":{"rendered":"<h2>\u00c7ift Sufle G\u00f6zleme Makinas\u0131<\/h2>\n<p>Bunun yap\u0131ld\u0131\u011f\u0131 malzemelerin y\u00fcksek kalitesi <strong>makine <span style=\"color: #ff0000;\">\u0130LE<\/span><span style=\"color: #0000ff;\">R<\/span>C<\/strong>, kapsaml\u0131 ticari kullan\u0131ma haz\u0131r olmas\u0131n\u0131n yan\u0131 s\u0131ra uzun bir \u00f6m\u00fcr sa\u011flayacakt\u0131r. Paslanmaz \u00e7elik malzemelerden yap\u0131lm\u0131\u015f, g\u0131da s\u0131n\u0131f\u0131 ayna, ezilme direnci, pas \u00f6nleyici ve su ge\u00e7irmez,<strong>\u00a0sufle<\/strong> prim. Konforu ve kolayl\u0131\u011f\u0131 bu makineyi ticari kullan\u0131ma uygun hale getirir.<\/p>\n<p>Bu <strong>g\u00f6zleme makinesi<\/strong> <strong><span style=\"color: #ff0000;\">\u0130LE<\/span><span style=\"color: #0000ff;\">R<\/span>CMPS1<\/strong> Dahili kal\u0131nla\u015ft\u0131r\u0131lm\u0131\u015f \u0131s\u0131tma borusu ve sabit \u0131s\u0131l i\u015flem y\u00fczeyi olan bu yap\u0131\u015fmaz elektrikli dorayaki f\u0131r\u0131nc\u0131, 250\u00b0C&#039;ye kadar s\u0131cakl\u0131klara dayanabilir. Y\u00fcksek g\u00fc\u00e7 1300W<\/p>\n<p>Bu <strong>g\u00f6zleme sufle makinesi<\/strong> S\u0131cakl\u0131\u011f\u0131 ve zaman\u0131 do\u011fru bir \u015fekilde kontrol edebilen, kullan\u0131m\u0131 kolay bir elektronik kontrol paneli i\u00e7erir. Her iki tarafta ba\u011f\u0131ms\u0131z kontrol, iki farkl\u0131 malzemeyi ayn\u0131 anda pi\u015firebilme \u00f6zelli\u011fi. \u0130stenilen s\u0131cakl\u0131\u011fa ula\u015f\u0131ld\u0131\u011f\u0131nda g\u00f6sterge \u0131\u015f\u0131klar\u0131 s\u00f6necektir.<\/p>\n<p><strong>Makine <span style=\"color: #ff0000;\">\u0130LE<\/span><span style=\"color: #0000ff;\">R<\/span>CMPS1<\/strong> <span style=\"color: #008000;\">Is\u0131tmay\u0131 h\u0131zland\u0131rmak ve enerji t\u00fcketimini azaltmak i\u00e7in yap\u0131\u015fmaz ve iletkenli\u011fi iyi olan saf bak\u0131r tavay\u0131 benimser.<\/span>.<\/p>\n<p>Yay \u015feklindeki paslanmaz \u00e7elik kapak ve kal\u0131nla\u015ft\u0131r\u0131lm\u0131\u015f g\u00fc\u00e7 kablosuyla donat\u0131lm\u0131\u015f olup kullan\u0131m\u0131 daha g\u00fcvenlidir. D\u00f6rt adet y\u00fckseltilmi\u015f kaymaz ped ile \u0131s\u0131 da\u011f\u0131t\u0131m performans\u0131 daha y\u00fcksektir.<\/p>\n<h6><\/h6>\n<h6><strong>Garanti\u00a0<span style=\"color: #ff0000;\">\u0130LE<\/span><span style=\"color: #0000ff;\">R<\/span>\u00c7 2 YIL<\/strong><\/h6>\n<h6><span style=\"color: #008000;\">G\u00f6zleme sufle makinesi, d\u00fc\u015f\u00fck t\u00fcketim 2800w<\/span><\/h6>\n<h6><strong>teknik destek dahil<\/strong><\/h6>\n<p>&nbsp;<\/p>\n<p>&nbsp;<\/p>\n<table role=\"presentation\" width=\"100%\" cellspacing=\"0\" cellpadding=\"0\">\n<tbody>\n<tr>\n<td class=\"attrLabels\">S\u0131cakl\u0131k:<\/td>\n<td width=\"50.0%\">30-250\u00b0C<\/td>\n<\/tr>\n<tr>\n<td class=\"attrLabels\">Da\u011f\u0131t\u0131m \u00fclkesi:<\/td>\n<td width=\"50.0%\">\u0130spanya, Almanya, ABD<\/td>\n<td class=\"attrLabels\">A\u011f\u0131rl\u0131k:<\/td>\n<td width=\"50.0%\"><span style=\"font-size: 16px; font-style: normal; font-weight: 400;\">30 <\/span>kilogram<\/td>\n<\/tr>\n<tr>\n<td class=\"attrLabels\">Marka:<\/td>\n<td width=\"50.0%\">ARK<\/td>\n<td class=\"attrLabels\">Y\u00fckseklik:<\/td>\n<td width=\"50.0%\">62cm<\/td>\n<\/tr>\n<tr>\n<td class=\"attrLabels\">Renk:<\/td>\n<td width=\"50.0%\">G\u00fcm\u00fc\u015f<\/td>\n<td class=\"attrLabels\">Uzun:<\/td>\n<td width=\"50.0%\">48cm<\/td>\n<\/tr>\n<tr>\n<td class=\"attrLabels\">\u00dcr\u00fcn tipi:<\/td>\n<td width=\"50.0%\">Sufle g\u00f6zleme makinesi<\/td>\n<td class=\"attrLabels\">Geni\u015f:<\/td>\n<td width=\"50.0%\">29cm<\/td>\n<\/tr>\n<tr>\n<td class=\"attrLabels\">\u00dcretici numaras\u0131:<\/td>\n<td width=\"50.0%\">ARCMPS1<\/td>\n<td class=\"attrLabels\">G\u00fc\u00e7:<\/td>\n<td width=\"50.0%\">2800W<\/td>\n<\/tr>\n<tr>\n<td class=\"attrLabels\">Malzeme:<\/td>\n<td width=\"50.0%\">paslanmaz \u00e7elik, kal\u0131nla\u015ft\u0131r\u0131lm\u0131\u015f tel, s\u0131cakl\u0131k kontrol\u00fc, bak\u0131r tava<\/td>\n<td class=\"attrLabels\">giri\u015f voltaj\u0131<\/td>\n<td width=\"50.0%\">220V \u2013 60Hz<\/td>\n<\/tr>\n<tr>\n<td class=\"attrLabels\">\u015eunlar\u0131 i\u00e7erir:<\/td>\n<td width=\"50.0%\">\u00a02 adet paslanmaz \u00e7elik kapak<\/p>\n<p>2 spatula<\/td>\n<td class=\"attrLabels\">Garanti<\/td>\n<td width=\"50.0%\">2 Y\u0131l<\/td>\n<\/tr>\n<tr>\n<td class=\"attrLabels\">Kurulum ara\u00e7lar\u0131:<\/td>\n<td width=\"50.0%\">Evet<\/td>\n<td class=\"attrLabels\"><\/td>\n<td width=\"50.0%\"><\/td>\n<\/tr>\n<\/tbody>\n<\/table>\n<p>&nbsp;<\/p>\n<p>&nbsp;<\/p>","protected":false},"excerpt":{"rendered":"<h2>Profesyonel Sufle ve \u00c7ift Krep Makinesi<\/h2>\n<p>La <strong>\u0130kili Sufle ve Krep Makinesi<\/strong> Her t\u00fcrl\u00fc yeme\u011fi haz\u0131rlamak i\u00e7in ideal bir cihazd\u0131r. <strong>sufle<\/strong> h\u0131zl\u0131 ve kolay. \u00c7ok y\u00f6nl\u00fc ve fonksiyonel tasar\u0131m\u0131yla yemek pi\u015firmenize olanak sa\u011flar. <strong>tatl\u0131 sufle<\/strong> Ve <strong>tuzlu sufle<\/strong> Bu yeme\u011fi karakterize eden kabar\u0131k ve hafif dokuya sahip.<\/p>\n<p>Bu ekipman \u00e7ok \u00e7e\u015fitli olu\u015fturmak i\u00e7in tasarlanm\u0131\u015ft\u0131r. <strong>tatl\u0131 sufle<\/strong> onun gibi <strong>\u00e7ikolatal\u0131 sufle<\/strong> Kakao sevenler i\u00e7in <strong>vanilyal\u0131 sufle<\/strong> yumu\u015fak ve klasik bir dokunu\u015fla veya ferahlat\u0131c\u0131 <strong>limonlu sufle<\/strong> hafif bir tatl\u0131 i\u00e7in. Ayr\u0131ca a\u015fa\u011f\u0131dakiler gibi daha yenilik\u00e7i se\u00e7enekleri de ke\u015ffedebilirsiniz: <strong>meyveli sufle<\/strong> gibi kombinasyonlarla <strong>\u00e7ilek, \u015feftali veya elma<\/strong>.<\/p>\n<p>Se\u00e7eneklere ili\u015fkin <strong>tuzlu sufle<\/strong>, klasi\u011fi haz\u0131rlamak i\u00e7in m\u00fckemmeldir <strong>peynirli sufle<\/strong> Gruy\u00e8re veya \u00e7edar peyniri kar\u0131\u015f\u0131m\u0131 ile lezzetli <strong>jambonlu ve \u0131spanakl\u0131 sufle<\/strong> tam bir yemek, hatta rafine edilmi\u015f bir yemek i\u00e7in <strong>bal\u0131k sufle<\/strong> Hafif ve besleyici bir ana yemek arayanlara. Sebzeleri seviyorsan\u0131z, <strong>\u0131spanakl\u0131 sufle<\/strong> veya <strong>brokoli ve peynirli sufle<\/strong> Ayr\u0131ca m\u00fckemmel alternatiflerdir.<\/p>\n<p>senin sayende <strong>\u00e7ift b\u00f6lme<\/strong>\u0130ster iki yeme\u011fi ayn\u0131 anda haz\u0131rlayabilirsiniz <strong>tatl\u0131 sufle<\/strong> tatl\u0131 olarak veya <strong>tuzlu sufle<\/strong> Ailenizin veya misafirlerinizin t\u00fcm mutfak tercihlerine uyum sa\u011flayan, meze veya ana yemek olarak.<\/p>","protected":false},"featured_media":879,"comment_status":"open","ping_status":"closed","template":"","meta":{"wds_primary_product_brand":0,"wds_primary_product_cat":0},"product_brand":[],"product_cat":[51],"product_tag":[],"class_list":{"0":"post-872","1":"product","2":"type-product","3":"status-publish","4":"has-post-thumbnail","6":"product_cat-gofreras-profesionales","7":"product_shipping_class-hosteleria","9":"first","10":"instock","11":"taxable","12":"shipping-taxable","13":"purchasable","14":"product-type-simple"},"yoast_head":"<!-- This site is optimized with the Yoast SEO Premium plugin v24.9 (Yoast SEO v26.1) - https:\/\/yoast.com\/wordpress\/plugins\/seo\/ -->\n<title>M\u00e1quina de panqueques souffl\u00e9 doble - distribuci\u00f3n ARC<\/title>\n<meta name=\"robots\" content=\"index, follow, max-snippet:-1, max-image-preview:large, max-video-preview:-1\" \/>\n<link rel=\"canonical\" href=\"https:\/\/www.distribucionarc.com\/en\/producto\/maquina-de-panqueques-souffle-doble\/\" \/>\n<meta property=\"og:locale\" content=\"tr_TR\" \/>\n<meta property=\"og:type\" content=\"article\" \/>\n<meta property=\"og:title\" content=\"M\u00e1quina de panqueques souffl\u00e9 doble\" \/>\n<meta property=\"og:description\" content=\"M\u00e1quina de hacer Souffl\u00e9 Profesional y Panqueques Doble La M\u00e1quina de hacer souffl\u00e9 y panqueques doble es el aparato ideal para preparar cualquier tipo de souffl\u00e9 de manera r\u00e1pida y sencilla. Con su dise\u00f1o vers\u00e1til y funcional, permite cocinar souffl\u00e9s dulces y souffl\u00e9s salados con la textura esponjosa y ligera que caracteriza a este plato.  Este equipo est\u00e1 dise\u00f1ado para crear una amplia variedad de souffl\u00e9s dulces como el souffl\u00e9 de chocolate para los amantes del cacao, el souffl\u00e9 de vainilla con un toque suave y cl\u00e1sico, o el refrescante souffl\u00e9 de lim\u00f3n para un postre ligero. Tambi\u00e9n puedes explorar opciones m\u00e1s innovadoras como el souffl\u00e9 de frutas con combinaciones como fresas, duraznos o manzanas.  En cuanto a las opciones de souffl\u00e9s salados, es perfecta para preparar el cl\u00e1sico souffl\u00e9 de queso con una mezcla de quesos gruy\u00e8re o cheddar, el delicioso souffl\u00e9 de jam\u00f3n y espinacas para una comida completa, o incluso el refinado souffl\u00e9 de pescado para quienes buscan un plato principal ligero y nutritivo. Si te gustan los vegetales, el souffl\u00e9 de espinacas o el souffl\u00e9 de br\u00f3coli y queso tambi\u00e9n son excelentes alternativas.  Gracias a su doble compartimiento, puedes preparar dos platos al mismo tiempo, ya sea un souffl\u00e9 dulce para el postre o un souffl\u00e9 salado como entrada o plato principal, adapt\u00e1ndose a todas las preferencias culinarias de tu familia o invitados.\" \/>\n<meta property=\"og:url\" content=\"https:\/\/www.distribucionarc.com\/en\/producto\/maquina-de-panqueques-souffle-doble\/\" \/>\n<meta property=\"og:site_name\" content=\"distribuci\u00f3n ARC\" \/>\n<meta property=\"article:modified_time\" content=\"2024-09-05T13:42:32+00:00\" \/>\n<meta property=\"og:image\" content=\"https:\/\/distribucionarc.com\/wp-content\/uploads\/2020\/07\/M\u00e1quina-de-panqueques-Souffl\u00e9-doble-0.jpg\" \/>\n\t<meta property=\"og:image:width\" content=\"1600\" \/>\n\t<meta property=\"og:image:height\" content=\"1600\" \/>\n\t<meta property=\"og:image:type\" content=\"image\/jpeg\" \/>\n<meta name=\"twitter:card\" content=\"summary_large_image\" \/>\n<meta name=\"twitter:label1\" content=\"Tahmini okuma s\u00fcresi\" \/>\n\t<meta name=\"twitter:data1\" content=\"2 dakika\" \/>\n<script type=\"application\/ld+json\" class=\"yoast-schema-graph\">{\"@context\":\"https:\/\/schema.org\",\"@graph\":[{\"@type\":\"WebPage\",\"@id\":\"https:\/\/www.distribucionarc.com\/en\/producto\/maquina-de-panqueques-souffle-doble\/\",\"url\":\"https:\/\/www.distribucionarc.com\/en\/producto\/maquina-de-panqueques-souffle-doble\/\",\"name\":\"M\u00e1quina de panqueques souffl\u00e9 doble - distribuci\u00f3n ARC\",\"isPartOf\":{\"@id\":\"https:\/\/distribucionarc.com\/ar\/#website\"},\"primaryImageOfPage\":{\"@id\":\"https:\/\/www.distribucionarc.com\/en\/producto\/maquina-de-panqueques-souffle-doble\/#primaryimage\"},\"image\":{\"@id\":\"https:\/\/www.distribucionarc.com\/en\/producto\/maquina-de-panqueques-souffle-doble\/#primaryimage\"},\"thumbnailUrl\":\"https:\/\/distribucionarc.com\/wp-content\/uploads\/2020\/07\/M\u00e1quina-de-panqueques-Souffl\u00e9-doble-0.jpg\",\"datePublished\":\"2020-07-14T12:32:47+00:00\",\"dateModified\":\"2024-09-05T13:42:32+00:00\",\"breadcrumb\":{\"@id\":\"https:\/\/www.distribucionarc.com\/en\/producto\/maquina-de-panqueques-souffle-doble\/#breadcrumb\"},\"inLanguage\":\"tr\",\"potentialAction\":[{\"@type\":\"ReadAction\",\"target\":[\"https:\/\/www.distribucionarc.com\/en\/producto\/maquina-de-panqueques-souffle-doble\/\"]}]},{\"@type\":\"ImageObject\",\"inLanguage\":\"tr\",\"@id\":\"https:\/\/www.distribucionarc.com\/en\/producto\/maquina-de-panqueques-souffle-doble\/#primaryimage\",\"url\":\"https:\/\/distribucionarc.com\/wp-content\/uploads\/2020\/07\/M\u00e1quina-de-panqueques-Souffl\u00e9-doble-0.jpg\",\"contentUrl\":\"https:\/\/distribucionarc.com\/wp-content\/uploads\/2020\/07\/M\u00e1quina-de-panqueques-Souffl\u00e9-doble-0.jpg\",\"width\":1600,\"height\":1600,\"caption\":\"M\u00e1quina de panqueques souffl\u00e9 doble\"},{\"@type\":\"BreadcrumbList\",\"@id\":\"https:\/\/www.distribucionarc.com\/en\/producto\/maquina-de-panqueques-souffle-doble\/#breadcrumb\",\"itemListElement\":[{\"@type\":\"ListItem\",\"position\":1,\"name\":\"Portada\",\"item\":\"https:\/\/www.distribucionarc.com\/pt\/\"},{\"@type\":\"ListItem\",\"position\":2,\"name\":\"Produtos\",\"item\":\"https:\/\/www.distribucionarc.com\/pt\/shop\/\"},{\"@type\":\"ListItem\",\"position\":3,\"name\":\"M\u00e1quina de panqueques souffl\u00e9 doble\"}]},{\"@type\":\"WebSite\",\"@id\":\"https:\/\/distribucionarc.com\/ar\/#website\",\"url\":\"https:\/\/distribucionarc.com\/ar\/\",\"name\":\"distribuci\u00f3n ARC\",\"description\":\"Empresa especializada en la fabricaci\u00f3n y distribuci\u00f3n de maquinaria industrial, selladoras de latas, Maquinas de hacer pastillas, Maquinas de cortar carne...\",\"publisher\":{\"@id\":\"https:\/\/distribucionarc.com\/ar\/#organization\"},\"potentialAction\":[{\"@type\":\"SearchAction\",\"target\":{\"@type\":\"EntryPoint\",\"urlTemplate\":\"https:\/\/distribucionarc.com\/ar\/?s={search_term_string}\"},\"query-input\":{\"@type\":\"PropertyValueSpecification\",\"valueRequired\":true,\"valueName\":\"search_term_string\"}}],\"inLanguage\":\"tr\"},{\"@type\":\"Organization\",\"@id\":\"https:\/\/distribucionarc.com\/ar\/#organization\",\"name\":\"Distribuci\u00f3n ARC\",\"url\":\"https:\/\/distribucionarc.com\/ar\/\",\"logo\":{\"@type\":\"ImageObject\",\"inLanguage\":\"tr\",\"@id\":\"https:\/\/distribucionarc.com\/ar\/#\/schema\/logo\/image\/\",\"url\":\"https:\/\/distribucionarc.com\/wp-content\/uploads\/2024\/10\/distribucion-ARC-COLOR-SIN-FONDO-e1732295305345.png\",\"contentUrl\":\"https:\/\/distribucionarc.com\/wp-content\/uploads\/2024\/10\/distribucion-ARC-COLOR-SIN-FONDO-e1732295305345.png\",\"width\":1164,\"height\":558,\"caption\":\"Distribuci\u00f3n ARC\"},\"image\":{\"@id\":\"https:\/\/distribucionarc.com\/ar\/#\/schema\/logo\/image\/\"},\"description\":\"Empresa especializada en la fabricaci\u00f3n y distribuci\u00f3n de maquinaria industrial para los sectores alimentario y farmac\u00e9utico. Nos especializamos en: M\u00e1quinas de cortar carne Fabricaci\u00f3n de comprimidos Sistemas de transporte industrial L\u00edneas de embotellado Dosificadores Y mucho m\u00e1s... Ofrecemos soluciones innovadoras y personalizadas para optimizar los procesos productivos de tu empresa.\",\"email\":\"Admistracion@distribucionarc.com\",\"telephone\":\"+34 643496664\",\"legalName\":\"ARC TECH SOLUTIONS\",\"foundingDate\":\"2024-04-09\",\"vatID\":\"B55480172\",\"numberOfEmployees\":{\"@type\":\"QuantitativeValue\",\"minValue\":\"1\",\"maxValue\":\"10\"}}]}<\/script>\n<!-- \/ Yoast SEO Premium plugin. -->","yoast_head_json":{"title":"\u00c7ift sufle g\u00f6zleme makinesi - ARC da\u011f\u0131t\u0131m\u0131","robots":{"index":"index","follow":"follow","max-snippet":"max-snippet:-1","max-image-preview":"max-image-preview:large","max-video-preview":"max-video-preview:-1"},"canonical":"https:\/\/www.distribucionarc.com\/en\/producto\/maquina-de-panqueques-souffle-doble\/","og_locale":"tr_TR","og_type":"article","og_title":"M\u00e1quina de panqueques souffl\u00e9 doble","og_description":"M\u00e1quina de hacer Souffl\u00e9 Profesional y Panqueques Doble La M\u00e1quina de hacer souffl\u00e9 y panqueques doble es el aparato ideal para preparar cualquier tipo de souffl\u00e9 de manera r\u00e1pida y sencilla. Con su dise\u00f1o vers\u00e1til y funcional, permite cocinar souffl\u00e9s dulces y souffl\u00e9s salados con la textura esponjosa y ligera que caracteriza a este plato.  Este equipo est\u00e1 dise\u00f1ado para crear una amplia variedad de souffl\u00e9s dulces como el souffl\u00e9 de chocolate para los amantes del cacao, el souffl\u00e9 de vainilla con un toque suave y cl\u00e1sico, o el refrescante souffl\u00e9 de lim\u00f3n para un postre ligero. Tambi\u00e9n puedes explorar opciones m\u00e1s innovadoras como el souffl\u00e9 de frutas con combinaciones como fresas, duraznos o manzanas.  En cuanto a las opciones de souffl\u00e9s salados, es perfecta para preparar el cl\u00e1sico souffl\u00e9 de queso con una mezcla de quesos gruy\u00e8re o cheddar, el delicioso souffl\u00e9 de jam\u00f3n y espinacas para una comida completa, o incluso el refinado souffl\u00e9 de pescado para quienes buscan un plato principal ligero y nutritivo. Si te gustan los vegetales, el souffl\u00e9 de espinacas o el souffl\u00e9 de br\u00f3coli y queso tambi\u00e9n son excelentes alternativas.  Gracias a su doble compartimiento, puedes preparar dos platos al mismo tiempo, ya sea un souffl\u00e9 dulce para el postre o un souffl\u00e9 salado como entrada o plato principal, adapt\u00e1ndose a todas las preferencias culinarias de tu familia o invitados.","og_url":"https:\/\/www.distribucionarc.com\/en\/producto\/maquina-de-panqueques-souffle-doble\/","og_site_name":"distribuci\u00f3n ARC","article_modified_time":"2024-09-05T13:42:32+00:00","og_image":[{"width":1600,"height":1600,"url":"https:\/\/distribucionarc.com\/wp-content\/uploads\/2020\/07\/M\u00e1quina-de-panqueques-Souffl\u00e9-doble-0.jpg","type":"image\/jpeg"}],"twitter_card":"summary_large_image","twitter_misc":{"Tahmini okuma s\u00fcresi":"2 dakika"},"schema":{"@context":"https:\/\/schema.org","@graph":[{"@type":"WebPage","@id":"https:\/\/www.distribucionarc.com\/en\/producto\/maquina-de-panqueques-souffle-doble\/","url":"https:\/\/www.distribucionarc.com\/en\/producto\/maquina-de-panqueques-souffle-doble\/","name":"\u00c7ift sufle g\u00f6zleme makinesi - ARC da\u011f\u0131t\u0131m\u0131","isPartOf":{"@id":"https:\/\/distribucionarc.com\/ar\/#website"},"primaryImageOfPage":{"@id":"https:\/\/www.distribucionarc.com\/en\/producto\/maquina-de-panqueques-souffle-doble\/#primaryimage"},"image":{"@id":"https:\/\/www.distribucionarc.com\/en\/producto\/maquina-de-panqueques-souffle-doble\/#primaryimage"},"thumbnailUrl":"https:\/\/distribucionarc.com\/wp-content\/uploads\/2020\/07\/M\u00e1quina-de-panqueques-Souffl\u00e9-doble-0.jpg","datePublished":"2020-07-14T12:32:47+00:00","dateModified":"2024-09-05T13:42:32+00:00","breadcrumb":{"@id":"https:\/\/www.distribucionarc.com\/en\/producto\/maquina-de-panqueques-souffle-doble\/#breadcrumb"},"inLanguage":"tr","potentialAction":[{"@type":"ReadAction","target":["https:\/\/www.distribucionarc.com\/en\/producto\/maquina-de-panqueques-souffle-doble\/"]}]},{"@type":"ImageObject","inLanguage":"tr","@id":"https:\/\/www.distribucionarc.com\/en\/producto\/maquina-de-panqueques-souffle-doble\/#primaryimage","url":"https:\/\/distribucionarc.com\/wp-content\/uploads\/2020\/07\/M\u00e1quina-de-panqueques-Souffl\u00e9-doble-0.jpg","contentUrl":"https:\/\/distribucionarc.com\/wp-content\/uploads\/2020\/07\/M\u00e1quina-de-panqueques-Souffl\u00e9-doble-0.jpg","width":1600,"height":1600,"caption":"M\u00e1quina de panqueques souffl\u00e9 doble"},{"@type":"BreadcrumbList","@id":"https:\/\/www.distribucionarc.com\/en\/producto\/maquina-de-panqueques-souffle-doble\/#breadcrumb","itemListElement":[{"@type":"ListItem","position":1,"name":"Portada","item":"https:\/\/www.distribucionarc.com\/pt\/"},{"@type":"ListItem","position":2,"name":"Produtos","item":"https:\/\/www.distribucionarc.com\/pt\/shop\/"},{"@type":"ListItem","position":3,"name":"M\u00e1quina de panqueques souffl\u00e9 doble"}]},{"@type":"WebSite","@id":"https:\/\/distribucionarc.com\/ar\/#website","url":"https:\/\/distribucionarc.com\/ar\/","name":"ARC da\u011f\u0131t\u0131m\u0131","description":"End\u00fcstriyel makinelerin \u00fcretimi ve da\u011f\u0131t\u0131m\u0131 konusunda uzmanla\u015fm\u0131\u015f \u015firket, kutu m\u00fch\u00fcrleme makineleri, tablet yapma makineleri, et kesme makineleri...","publisher":{"@id":"https:\/\/distribucionarc.com\/ar\/#organization"},"potentialAction":[{"@type":"SearchAction","target":{"@type":"EntryPoint","urlTemplate":"https:\/\/distribucionarc.com\/ar\/?s={search_term_string}"},"query-input":{"@type":"PropertyValueSpecification","valueRequired":true,"valueName":"search_term_string"}}],"inLanguage":"tr"},{"@type":"Organization","@id":"https:\/\/distribucionarc.com\/ar\/#organization","name":"ARC Da\u011f\u0131t\u0131m\u0131","url":"https:\/\/distribucionarc.com\/ar\/","logo":{"@type":"ImageObject","inLanguage":"tr","@id":"https:\/\/distribucionarc.com\/ar\/#\/schema\/logo\/image\/","url":"https:\/\/distribucionarc.com\/wp-content\/uploads\/2024\/10\/distribucion-ARC-COLOR-SIN-FONDO-e1732295305345.png","contentUrl":"https:\/\/distribucionarc.com\/wp-content\/uploads\/2024\/10\/distribucion-ARC-COLOR-SIN-FONDO-e1732295305345.png","width":1164,"height":558,"caption":"Distribuci\u00f3n ARC"},"image":{"@id":"https:\/\/distribucionarc.com\/ar\/#\/schema\/logo\/image\/"},"description":"\u015eirket, g\u0131da ve ila\u00e7 sekt\u00f6rleri i\u00e7in end\u00fcstriyel makine \u00fcretimi ve da\u011f\u0131t\u0131m\u0131 konusunda uzmanla\u015fm\u0131\u015ft\u0131r. Uzmanl\u0131k alanlar\u0131m\u0131z Et kesme makineleri Tablet \u00fcretimi End\u00fcstriyel ta\u015f\u0131ma sistemleri \u015ei\u015feleme hatlar\u0131 Dozajlama makineleri Ve \u00e7ok daha fazlas\u0131... \u015eirketinizin \u00fcretim s\u00fcre\u00e7lerini optimize etmek i\u00e7in yenilik\u00e7i ve \u00f6zelle\u015ftirilmi\u015f \u00e7\u00f6z\u00fcmler sunuyoruz.","email":"Admistracion@distribucionarc.com","telephone":"+34 643496664","legalName":"ARC TECH SOLUTIONS","foundingDate":"2024-04-09","vatID":"B55480172","numberOfEmployees":{"@type":"QuantitativeValue","minValue":"1","maxValue":"10"}}]}},"_links":{"self":[{"href":"https:\/\/distribucionarc.com\/tr\/wp-json\/wp\/v2\/product\/872","targetHints":{"allow":["GET"]}}],"collection":[{"href":"https:\/\/distribucionarc.com\/tr\/wp-json\/wp\/v2\/product"}],"about":[{"href":"https:\/\/distribucionarc.com\/tr\/wp-json\/wp\/v2\/types\/product"}],"replies":[{"embeddable":true,"href":"https:\/\/distribucionarc.com\/tr\/wp-json\/wp\/v2\/comments?post=872"}],"version-history":[{"count":0,"href":"https:\/\/distribucionarc.com\/tr\/wp-json\/wp\/v2\/product\/872\/revisions"}],"wp:featuredmedia":[{"embeddable":true,"href":"https:\/\/distribucionarc.com\/tr\/wp-json\/wp\/v2\/media\/879"}],"wp:attachment":[{"href":"https:\/\/distribucionarc.com\/tr\/wp-json\/wp\/v2\/media?parent=872"}],"wp:term":[{"taxonomy":"product_brand","embeddable":true,"href":"https:\/\/distribucionarc.com\/tr\/wp-json\/wp\/v2\/product_brand?post=872"},{"taxonomy":"product_cat","embeddable":true,"href":"https:\/\/distribucionarc.com\/tr\/wp-json\/wp\/v2\/product_cat?post=872"},{"taxonomy":"product_tag","embeddable":true,"href":"https:\/\/distribucionarc.com\/tr\/wp-json\/wp\/v2\/product_tag?post=872"}],"curies":[{"name":"wp","href":"https:\/\/api.w.org\/{rel}","templated":true}]}}