{"id":923,"date":"2020-07-15T08:17:27","date_gmt":"2020-07-15T08:17:27","guid":{"rendered":"https:\/\/distribucionarc.com\/?post_type=product&#038;p=923"},"modified":"2024-09-05T15:46:43","modified_gmt":"2024-09-05T15:46:43","slug":"elektrikli-bal-cikarici-2m","status":"publish","type":"product","link":"https:\/\/distribucionarc.com\/tr\/producto\/extractor-de-miel-electrico-2m\/","title":{"rendered":"2M Elektrikli Bal \u00c7\u0131kar\u0131c\u0131"},"content":{"rendered":"<h3>2M Elektrikli Bal \u00c7\u0131kar\u0131c\u0131<\/h3>\n<p>Bu <strong>end\u00fcstriyel elektrikli makine<\/strong> i\u00e7in <strong>ar\u0131c\u0131l\u0131k<\/strong> Pas ve a\u015f\u0131nmaya kar\u015f\u0131 dayan\u0131kl\u0131l\u0131k i\u00e7in y\u00fcksek kaliteli cilal\u0131 paslanmaz \u00e7elik g\u00f6vde ve ar\u0131 kovan\u0131 \u00e7er\u00e7evesine sahiptir. Kusursuz kaynak yap\u0131s\u0131, makinenin bak\u0131m\u0131n\u0131 ve temizli\u011fini kolayla\u015ft\u0131racakt\u0131r.<\/p>\n<p>La <strong>elektrikli bal \u00e7\u0131kar\u0131c\u0131 <span style=\"color: #ff0000;\">\u0130LE<\/span><span style=\"color: #0000ff;\">R<\/span>CEME02<\/strong> De\u011fi\u015fken h\u0131z se\u00e7eneklerine sahip 140W 1.1A, 1300 devir\/dakika motora sahip olan bu bal \u00e7\u0131kar\u0131c\u0131, elektrik motoruyla \u00e7al\u0131\u015fmaktad\u0131r. Operasyon y\u00f6ntemi basittir, zamandan ve emekten tasarruf sa\u011flar. Enerji t\u00fcketimini art\u0131rmas\u0131n\u0131n yan\u0131 s\u0131ra <strong><span style=\"color: #008000;\">d\u00fc\u015f\u00fck t\u00fcketimli motor<\/span><\/strong>.<\/p>\n<p>La <strong>ar\u0131c\u0131l\u0131k makineleri<\/strong> ile ilgili <strong><span style=\"color: #ff0000;\">\u0130LE<span style=\"color: #0000ff;\">R<\/span><\/span>C<\/strong> A\u011f\u0131r hizmet i\u00e7in tasarlanm\u0131\u015f olup, al\u00e7ak, orta ve y\u00fcksek derinlikte 2 standart \u00e7er\u00e7eveye kadar ta\u015f\u0131ma kapasitesine sahiptir, \u00e7er\u00e7eve \u00fczerindeki kapal\u0131 ekipman, ortam\u0131n kirlenmemesine yard\u0131mc\u0131 olur. <strong>Bal<\/strong>.<br \/>\nEntegre kal\u0131nla\u015ft\u0131r\u0131lm\u0131\u015f kiri\u015f, daha g\u00fc\u00e7l\u00fc ve daha sa\u011flam olan dayan\u0131kl\u0131 al\u00fcminyum ala\u015f\u0131mdan yap\u0131lm\u0131\u015ft\u0131r. Kirlenmeyi \u00f6nlemek i\u00e7in keskin kenarlar yoktur<strong> Bal<\/strong> ve daha g\u00fcvenli kullan\u0131m sa\u011flar. Kompakt ve size daha fazla denge sa\u011flayacak \u015fekilde tasarland\u0131<br \/>\n\u0130\u015flem s\u0131ras\u0131nda g\u00f6zlenebilmesi i\u00e7in 2 adet \u015feffaf kapa\u011f\u0131 bulunmaktad\u0131r. <strong>ekstraksiyon<\/strong>. Kap\u0131 <strong>i\u00e7in tasarland\u0131<\/strong><span style=\"font-size: 16px;\"><strong>ra tatl\u0131m<\/strong> Tank\u0131n alt k\u0131sm\u0131nda bulunan bal\u0131n iste\u011fe ba\u011fl\u0131 olarak akmas\u0131n\u0131 sa\u011flar.<\/span><\/p>\n<p>Kullan\u0131m\u0131 <strong><span style=\"color: #ff0000;\">\u0130LE<\/span><span style=\"color: #0000ff;\">R<\/span>CEME02<\/strong> bu s\u00fcre\u00e7te size yard\u0131mc\u0131 olacak <strong>bal yap\u0131m\u0131<\/strong> rahatl\u0131\u011f\u0131 ve i\u015fleme kolayl\u0131\u011f\u0131 nedeniyle, yerle\u015ftirmek kadar basit<strong> petek<\/strong> \u00e7er\u00e7evelerin \u00fczerine yerle\u015ftirin ve d\u00f6nmeye ba\u015flamak i\u00e7in elektrik motorunu etkinle\u015ftirin ve b\u00f6ylece nihai \u00fcr\u00fcn\u00fc elde edin; \u00e7ok k\u0131sa s\u00fcrede. Hobi i\u00e7in ideal veya <strong>k\u00fc\u00e7\u00fck ar\u0131c\u0131<\/strong>.<\/p>\n<p>&nbsp;<\/p>\n<h6><strong>Garanti\u00a0<span style=\"color: #ff0000;\">\u0130LE<\/span><span style=\"color: #0000ff;\">R<\/span>\u00c7 2 YIL<\/strong><\/h6>\n<h6><span style=\"color: #008000;\">Verimli elektrikli bal \u00e7\u0131kar\u0131c\u0131, d\u00fc\u015f\u00fck t\u00fcketim 120w<\/span><\/h6>\n<h6><strong>teknik destek dahil<\/strong><\/h6>\n<p>&nbsp;<\/p>\n<p>&nbsp;<\/p>\n<table role=\"presentation\" width=\"100%\" cellspacing=\"0\" cellpadding=\"0\">\n<tbody>\n<tr>\n<td class=\"attrLabels\">g\u00fc\u00e7:<\/td>\n<td width=\"50.0%\">120W<\/td>\n<\/tr>\n<tr>\n<td class=\"attrLabels\">Da\u011f\u0131t\u0131m \u00fclkesi:<\/td>\n<td width=\"50.0%\">\u0130spanya, Almanya, ABD<\/td>\n<td class=\"attrLabels\">A\u011f\u0131rl\u0131k:<\/td>\n<td width=\"50.0%\">18 kg<\/td>\n<\/tr>\n<tr>\n<td class=\"attrLabels\">Marka:<\/td>\n<td width=\"50.0%\">ARK<\/td>\n<td class=\"attrLabels\">Y\u00fckseklik:<\/td>\n<td width=\"50.0%\">85cm<\/td>\n<\/tr>\n<tr>\n<td class=\"attrLabels\">Renk:<\/td>\n<td width=\"50.0%\">G\u00fcm\u00fc\u015f<\/td>\n<td class=\"attrLabels\">Uzun:<\/td>\n<td width=\"50.0%\">\u00a038cm<\/td>\n<\/tr>\n<tr>\n<td class=\"attrLabels\">\u00dcr\u00fcn tipi:<\/td>\n<td width=\"50.0%\">elektrikli bal \u00e7\u0131kar\u0131c\u0131<\/td>\n<td class=\"attrLabels\">Geni\u015f:<\/td>\n<td width=\"50.0%\">38cm<\/td>\n<\/tr>\n<tr>\n<td class=\"attrLabels\">\u00dcretici numaras\u0131:<\/td>\n<td width=\"50.0%\">ARCEME02<\/td>\n<td class=\"attrLabels\">Motor g\u00fcc\u00fc:<\/td>\n<td width=\"50.0%\">1.1A<\/td>\n<\/tr>\n<tr>\n<td class=\"attrLabels\">Malzeme:<\/td>\n<td width=\"50.0%\">paslanmaz \u00e7elik, d\u00fc\u015f\u00fck t\u00fcketimli motor, al\u00fcminyum ala\u015f\u0131m<\/td>\n<td class=\"attrLabels\">giri\u015f voltaj\u0131<\/td>\n<td width=\"50.0%\">220V \u2013 50Hz<\/p>\n<p>110V \u2013 60Hz<\/td>\n<\/tr>\n<tr>\n<td class=\"attrLabels\">Namlu boyutlar\u0131:<\/td>\n<td width=\"50.0%\">15cm \u00c7ap<\/p>\n<p>&nbsp;<\/td>\n<td class=\"attrLabels\">Garanti:<\/td>\n<td width=\"50.0%\">2 YIL<\/td>\n<\/tr>\n<tr>\n<td class=\"attrLabels\">Namlu y\u00fcksekli\u011fi:<\/td>\n<td width=\"50.0%\">24cm<\/td>\n<td class=\"attrLabels\">\u00dcretme:<\/td>\n<td width=\"50.0%\">2 Puan<\/td>\n<\/tr>\n<\/tbody>\n<\/table>","protected":false},"excerpt":{"rendered":"<h2><strong>2\/4 \u00c7er\u00e7eve Elektrikli Bal \u00c7\u0131kar\u0131c\u0131 - Ar\u0131c\u0131lar i\u00e7in Profesyonel<\/strong><\/h2>\n<p>Bu <strong>profesyonel elektrikli bal \u00e7\u0131kar\u0131c\u0131<\/strong> bal ekstraksiyonu i\u00e7in etkili ve h\u0131zl\u0131 bir \u00e7\u00f6z\u00fcm arayan ar\u0131c\u0131lar i\u00e7in tasarlanm\u0131\u015ft\u0131r. kadar konaklama kapasitesine sahip <strong>2 derin kutu<\/strong> Ve <strong>2 orta veya s\u0131\u011f kare<\/strong>Hem k\u00fc\u00e7\u00fck evsel \u00fcretimlerde hem de ticari operasyonlarda kullan\u0131m i\u00e7in idealdir.<\/p>\n<p>\u00c7\u0131kar\u0131c\u0131, a\u015fa\u011f\u0131dakiler gibi \u00e7e\u015fitli pop\u00fcler ar\u0131c\u0131l\u0131k \u00e7er\u00e7eveleriyle \u00e7al\u0131\u015facak \u015fekilde donat\u0131lm\u0131\u015ft\u0131r:<\/p>\n<ul>\n<li><strong>derin resimler<\/strong>: Peteklere kadar uygundur <strong>48 santimetre (cm) x 23 santimetre (cm)<\/strong> (18,9&quot; x 9&quot;).<\/li>\n<li><strong>orta kareler<\/strong>: 12&#039;ye kadar olan bebek bezleri i\u00e7in idealdir <strong>48cm x 16cm<\/strong> (18,9&quot; x 6,3&quot;).<\/li>\n<li><strong>Langstroth resimleri<\/strong>: Modern ar\u0131c\u0131l\u0131kta en yayg\u0131n kullan\u0131lan, derin ve orta boylarda kullan\u0131lan \u00e7er\u00e7eve.<\/li>\n<li><strong>Dadant resimleri<\/strong>: Ticari ar\u0131c\u0131l\u0131kta s\u0131kl\u0131kla kullan\u0131l\u0131r, sa\u011flaml\u0131\u011f\u0131 ve boyutuyla takdir edilir.<\/li>\n<li><strong>Sava\u015f resimleri<\/strong>: Organik ar\u0131c\u0131lar\u0131n tercih etti\u011fi, daha do\u011fal ve dikey bir tasar\u0131m.<\/li>\n<li><strong>Evrensel \u00e7er\u00e7eveler<\/strong>: Farkl\u0131 kovan ve petek t\u00fcrlerine uyarlanabilir.<\/li>\n<\/ul>\n<p>Bu <strong>bal \u00e7\u0131kar\u0131c\u0131<\/strong> \u00fcr\u00fcn\u00fcn korunmas\u0131 i\u00e7in \u00e7ok \u00f6nemli olan taraklara zarar vermeden etkili ekstraksiyon sa\u011flar. Elektrik motoru sayesinde \u00e7er\u00e7evelerin manuel olarak d\u00f6nd\u00fcr\u00fclmesi ihtiyac\u0131n\u0131 ortadan kald\u0131rarak s\u00f6kmeyi daha h\u0131zl\u0131 ve daha az zahmetli hale getirir.<\/p>\n<p>arayanlar i\u00e7in idealdir. <strong>elektrikli bal \u00e7\u0131kar\u0131c\u0131<\/strong> veya bir <strong>profesyonel bal \u00e7\u0131kar\u0131c\u0131<\/strong> Hem ev hem de ticari ar\u0131c\u0131lar i\u00e7in \u00e7ok y\u00f6nl\u00fc ve kullan\u0131m\u0131 kolay hale getirin.<\/p>","protected":false},"featured_media":933,"comment_status":"open","ping_status":"closed","template":"","meta":{"wds_primary_product_brand":0,"wds_primary_product_cat":0},"product_brand":[],"product_cat":[55,30],"product_tag":[],"class_list":{"0":"post-923","1":"product","2":"type-product","3":"status-publish","4":"has-post-thumbnail","6":"product_cat-extractor-prensa-de-aceites","7":"product_cat-maquinaria-apicola","9":"first","10":"instock","11":"sale","12":"taxable","13":"shipping-taxable","14":"purchasable","15":"product-type-simple"},"yoast_head":"<!-- This site is optimized with the Yoast SEO Premium plugin v24.9 (Yoast SEO v26.1) - https:\/\/yoast.com\/wordpress\/plugins\/seo\/ -->\n<title>Extractor de miel el\u00e9ctrico 2M - distribuci\u00f3n ARC<\/title>\n<meta name=\"robots\" content=\"index, follow, max-snippet:-1, max-image-preview:large, max-video-preview:-1\" \/>\n<link rel=\"canonical\" href=\"https:\/\/www.distribucionarc.com\/sl\/producto\/extractor-de-miel-electrico-2m\/\" \/>\n<meta property=\"og:locale\" content=\"tr_TR\" \/>\n<meta property=\"og:type\" content=\"article\" \/>\n<meta property=\"og:title\" content=\"Extractor de miel el\u00e9ctrico 2M\" \/>\n<meta property=\"og:description\" content=\"Extractor de miel el\u00e9ctrico de 2\/4 marcos \u2013 Profesional para apicultores Este extractor de miel el\u00e9ctrico profesional est\u00e1 dise\u00f1ado para apicultores que buscan una soluci\u00f3n eficiente y r\u00e1pida para la extracci\u00f3n de miel. Con capacidad para alojar hasta 2 cuadros profundos y 2 cuadros medianos o poco profundos, es ideal tanto para uso en peque\u00f1as producciones dom\u00e9sticas como en operaciones comerciales.  El extractor est\u00e1 equipado para trabajar con varios tipos de cuadros populares en apicultura, tales como:   Cuadros profundos: Adecuados para panales de hasta 48 cent\u00edmetros (cm) x 23 cent\u00edmetros (cm) (18,9&#039;&#039; x 9&#039;&#039;).  Cuadros medianos: Ideales para panales de hasta 48 cm x 16 cm (18,9&#039;&#039; x 6,3&#039;&#039;).  Cuadros Langstroth: El cuadro m\u00e1s com\u00fan en la apicultura moderna, utilizado en tama\u00f1os profundo y mediano.  Cuadros Dadant: Frecuentemente usados en apicultura comercial, apreciados por su robustez y tama\u00f1o.  Cuadros Warre: Un dise\u00f1o m\u00e1s natural y vertical, favorecido por apicultores ecol\u00f3gicos.  Cuadros universales: Adaptables para diferentes tipos de colmenas y panales.  Este extractor de miel garantiza una extracci\u00f3n eficaz sin da\u00f1ar los panales, lo que es crucial para la preservaci\u00f3n del producto. Gracias a su motor el\u00e9ctrico, elimina la necesidad de girar manualmente los marcos, haciendo que la extracci\u00f3n sea m\u00e1s r\u00e1pida y menos laboriosa.  Es perfecto para quienes buscan un extractor de miel el\u00e9ctrico o un extractor de miel profesional que sea vers\u00e1til y f\u00e1cil de usar, tanto para apicultores dom\u00e9sticos como comerciales.\" \/>\n<meta property=\"og:url\" content=\"https:\/\/www.distribucionarc.com\/sl\/producto\/extractor-de-miel-electrico-2m\/\" \/>\n<meta property=\"og:site_name\" content=\"distribuci\u00f3n ARC\" \/>\n<meta property=\"article:modified_time\" content=\"2024-09-05T15:46:43+00:00\" \/>\n<meta property=\"og:image\" content=\"https:\/\/distribucionarc.com\/wp-content\/uploads\/2020\/07\/Extractor-de-miel-el\u00e9ctrico-2M-0.jpg\" \/>\n\t<meta property=\"og:image:width\" content=\"1600\" \/>\n\t<meta property=\"og:image:height\" content=\"1600\" \/>\n\t<meta property=\"og:image:type\" content=\"image\/jpeg\" \/>\n<meta name=\"twitter:card\" content=\"summary_large_image\" \/>\n<meta name=\"twitter:label1\" content=\"Tahmini okuma s\u00fcresi\" \/>\n\t<meta name=\"twitter:data1\" content=\"2 dakika\" \/>\n<script type=\"application\/ld+json\" class=\"yoast-schema-graph\">{\"@context\":\"https:\/\/schema.org\",\"@graph\":[{\"@type\":\"WebPage\",\"@id\":\"https:\/\/www.distribucionarc.com\/sl\/producto\/extractor-de-miel-electrico-2m\/\",\"url\":\"https:\/\/www.distribucionarc.com\/sl\/producto\/extractor-de-miel-electrico-2m\/\",\"name\":\"Extractor de miel el\u00e9ctrico 2M - distribuci\u00f3n ARC\",\"isPartOf\":{\"@id\":\"https:\/\/distribucionarc.com\/de\/#website\"},\"primaryImageOfPage\":{\"@id\":\"https:\/\/www.distribucionarc.com\/sl\/producto\/extractor-de-miel-electrico-2m\/#primaryimage\"},\"image\":{\"@id\":\"https:\/\/www.distribucionarc.com\/sl\/producto\/extractor-de-miel-electrico-2m\/#primaryimage\"},\"thumbnailUrl\":\"https:\/\/distribucionarc.com\/wp-content\/uploads\/2020\/07\/Extractor-de-miel-el\u00e9ctrico-2M-0.jpg\",\"datePublished\":\"2020-07-15T08:17:27+00:00\",\"dateModified\":\"2024-09-05T15:46:43+00:00\",\"breadcrumb\":{\"@id\":\"https:\/\/www.distribucionarc.com\/sl\/producto\/extractor-de-miel-electrico-2m\/#breadcrumb\"},\"inLanguage\":\"tr\",\"potentialAction\":[{\"@type\":\"ReadAction\",\"target\":[\"https:\/\/www.distribucionarc.com\/sl\/producto\/extractor-de-miel-electrico-2m\/\"]}]},{\"@type\":\"ImageObject\",\"inLanguage\":\"tr\",\"@id\":\"https:\/\/www.distribucionarc.com\/sl\/producto\/extractor-de-miel-electrico-2m\/#primaryimage\",\"url\":\"https:\/\/distribucionarc.com\/wp-content\/uploads\/2020\/07\/Extractor-de-miel-el\u00e9ctrico-2M-0.jpg\",\"contentUrl\":\"https:\/\/distribucionarc.com\/wp-content\/uploads\/2020\/07\/Extractor-de-miel-el\u00e9ctrico-2M-0.jpg\",\"width\":1600,\"height\":1600,\"caption\":\"Extractor de miel el\u00e9ctrico\"},{\"@type\":\"BreadcrumbList\",\"@id\":\"https:\/\/www.distribucionarc.com\/sl\/producto\/extractor-de-miel-electrico-2m\/#breadcrumb\",\"itemListElement\":[{\"@type\":\"ListItem\",\"position\":1,\"name\":\"Portada\",\"item\":\"https:\/\/distribucionarc.com\/pl\/\"},{\"@type\":\"ListItem\",\"position\":2,\"name\":\"Produkty\",\"item\":\"https:\/\/distribucionarc.com\/pl\/shop\/\"},{\"@type\":\"ListItem\",\"position\":3,\"name\":\"Extractor de miel el\u00e9ctrico 2M\"}]},{\"@type\":\"WebSite\",\"@id\":\"https:\/\/distribucionarc.com\/de\/#website\",\"url\":\"https:\/\/distribucionarc.com\/de\/\",\"name\":\"distribuci\u00f3n ARC\",\"description\":\"Empresa especializada en la fabricaci\u00f3n y distribuci\u00f3n de maquinaria industrial, selladoras de latas, Maquinas de hacer pastillas, Maquinas de cortar carne...\",\"publisher\":{\"@id\":\"https:\/\/distribucionarc.com\/de\/#organization\"},\"potentialAction\":[{\"@type\":\"SearchAction\",\"target\":{\"@type\":\"EntryPoint\",\"urlTemplate\":\"https:\/\/distribucionarc.com\/de\/?s={search_term_string}\"},\"query-input\":{\"@type\":\"PropertyValueSpecification\",\"valueRequired\":true,\"valueName\":\"search_term_string\"}}],\"inLanguage\":\"tr\"},{\"@type\":\"Organization\",\"@id\":\"https:\/\/distribucionarc.com\/de\/#organization\",\"name\":\"Distribuci\u00f3n ARC\",\"url\":\"https:\/\/distribucionarc.com\/de\/\",\"logo\":{\"@type\":\"ImageObject\",\"inLanguage\":\"tr\",\"@id\":\"https:\/\/distribucionarc.com\/de\/#\/schema\/logo\/image\/\",\"url\":\"https:\/\/distribucionarc.com\/wp-content\/uploads\/2024\/10\/distribucion-ARC-COLOR-SIN-FONDO-e1732295305345.png\",\"contentUrl\":\"https:\/\/distribucionarc.com\/wp-content\/uploads\/2024\/10\/distribucion-ARC-COLOR-SIN-FONDO-e1732295305345.png\",\"width\":1164,\"height\":558,\"caption\":\"Distribuci\u00f3n ARC\"},\"image\":{\"@id\":\"https:\/\/distribucionarc.com\/de\/#\/schema\/logo\/image\/\"},\"description\":\"Empresa especializada en la fabricaci\u00f3n y distribuci\u00f3n de maquinaria industrial para los sectores alimentario y farmac\u00e9utico. Nos especializamos en: M\u00e1quinas de cortar carne Fabricaci\u00f3n de comprimidos Sistemas de transporte industrial L\u00edneas de embotellado Dosificadores Y mucho m\u00e1s... Ofrecemos soluciones innovadoras y personalizadas para optimizar los procesos productivos de tu empresa.\",\"email\":\"Admistracion@distribucionarc.com\",\"telephone\":\"+34 643496664\",\"legalName\":\"ARC TECH SOLUTIONS\",\"foundingDate\":\"2024-04-09\",\"vatID\":\"B55480172\",\"numberOfEmployees\":{\"@type\":\"QuantitativeValue\",\"minValue\":\"1\",\"maxValue\":\"10\"}}]}<\/script>\n<!-- \/ Yoast SEO Premium plugin. -->","yoast_head_json":{"title":"2M elektrikli bal \u00e7\u0131kar\u0131c\u0131 - ARC da\u011f\u0131t\u0131m\u0131","robots":{"index":"index","follow":"follow","max-snippet":"max-snippet:-1","max-image-preview":"max-image-preview:large","max-video-preview":"max-video-preview:-1"},"canonical":"https:\/\/www.distribucionarc.com\/sl\/producto\/extractor-de-miel-electrico-2m\/","og_locale":"tr_TR","og_type":"article","og_title":"Extractor de miel el\u00e9ctrico 2M","og_description":"Extractor de miel el\u00e9ctrico de 2\/4 marcos \u2013 Profesional para apicultores Este extractor de miel el\u00e9ctrico profesional est\u00e1 dise\u00f1ado para apicultores que buscan una soluci\u00f3n eficiente y r\u00e1pida para la extracci\u00f3n de miel. Con capacidad para alojar hasta 2 cuadros profundos y 2 cuadros medianos o poco profundos, es ideal tanto para uso en peque\u00f1as producciones dom\u00e9sticas como en operaciones comerciales.  El extractor est\u00e1 equipado para trabajar con varios tipos de cuadros populares en apicultura, tales como:   Cuadros profundos: Adecuados para panales de hasta 48 cent\u00edmetros (cm) x 23 cent\u00edmetros (cm) (18,9'' x 9'').  Cuadros medianos: Ideales para panales de hasta 48 cm x 16 cm (18,9'' x 6,3'').  Cuadros Langstroth: El cuadro m\u00e1s com\u00fan en la apicultura moderna, utilizado en tama\u00f1os profundo y mediano.  Cuadros Dadant: Frecuentemente usados en apicultura comercial, apreciados por su robustez y tama\u00f1o.  Cuadros Warre: Un dise\u00f1o m\u00e1s natural y vertical, favorecido por apicultores ecol\u00f3gicos.  Cuadros universales: Adaptables para diferentes tipos de colmenas y panales.  Este extractor de miel garantiza una extracci\u00f3n eficaz sin da\u00f1ar los panales, lo que es crucial para la preservaci\u00f3n del producto. Gracias a su motor el\u00e9ctrico, elimina la necesidad de girar manualmente los marcos, haciendo que la extracci\u00f3n sea m\u00e1s r\u00e1pida y menos laboriosa.  Es perfecto para quienes buscan un extractor de miel el\u00e9ctrico o un extractor de miel profesional que sea vers\u00e1til y f\u00e1cil de usar, tanto para apicultores dom\u00e9sticos como comerciales.","og_url":"https:\/\/www.distribucionarc.com\/sl\/producto\/extractor-de-miel-electrico-2m\/","og_site_name":"distribuci\u00f3n ARC","article_modified_time":"2024-09-05T15:46:43+00:00","og_image":[{"width":1600,"height":1600,"url":"https:\/\/distribucionarc.com\/wp-content\/uploads\/2020\/07\/Extractor-de-miel-el\u00e9ctrico-2M-0.jpg","type":"image\/jpeg"}],"twitter_card":"summary_large_image","twitter_misc":{"Tahmini okuma s\u00fcresi":"2 dakika"},"schema":{"@context":"https:\/\/schema.org","@graph":[{"@type":"WebPage","@id":"https:\/\/www.distribucionarc.com\/sl\/producto\/extractor-de-miel-electrico-2m\/","url":"https:\/\/www.distribucionarc.com\/sl\/producto\/extractor-de-miel-electrico-2m\/","name":"2M elektrikli bal \u00e7\u0131kar\u0131c\u0131 - ARC da\u011f\u0131t\u0131m\u0131","isPartOf":{"@id":"https:\/\/distribucionarc.com\/de\/#website"},"primaryImageOfPage":{"@id":"https:\/\/www.distribucionarc.com\/sl\/producto\/extractor-de-miel-electrico-2m\/#primaryimage"},"image":{"@id":"https:\/\/www.distribucionarc.com\/sl\/producto\/extractor-de-miel-electrico-2m\/#primaryimage"},"thumbnailUrl":"https:\/\/distribucionarc.com\/wp-content\/uploads\/2020\/07\/Extractor-de-miel-el\u00e9ctrico-2M-0.jpg","datePublished":"2020-07-15T08:17:27+00:00","dateModified":"2024-09-05T15:46:43+00:00","breadcrumb":{"@id":"https:\/\/www.distribucionarc.com\/sl\/producto\/extractor-de-miel-electrico-2m\/#breadcrumb"},"inLanguage":"tr","potentialAction":[{"@type":"ReadAction","target":["https:\/\/www.distribucionarc.com\/sl\/producto\/extractor-de-miel-electrico-2m\/"]}]},{"@type":"ImageObject","inLanguage":"tr","@id":"https:\/\/www.distribucionarc.com\/sl\/producto\/extractor-de-miel-electrico-2m\/#primaryimage","url":"https:\/\/distribucionarc.com\/wp-content\/uploads\/2020\/07\/Extractor-de-miel-el\u00e9ctrico-2M-0.jpg","contentUrl":"https:\/\/distribucionarc.com\/wp-content\/uploads\/2020\/07\/Extractor-de-miel-el\u00e9ctrico-2M-0.jpg","width":1600,"height":1600,"caption":"Extractor de miel el\u00e9ctrico"},{"@type":"BreadcrumbList","@id":"https:\/\/www.distribucionarc.com\/sl\/producto\/extractor-de-miel-electrico-2m\/#breadcrumb","itemListElement":[{"@type":"ListItem","position":1,"name":"Portada","item":"https:\/\/distribucionarc.com\/pl\/"},{"@type":"ListItem","position":2,"name":"Produkty","item":"https:\/\/distribucionarc.com\/pl\/shop\/"},{"@type":"ListItem","position":3,"name":"Extractor de miel el\u00e9ctrico 2M"}]},{"@type":"WebSite","@id":"https:\/\/distribucionarc.com\/de\/#website","url":"https:\/\/distribucionarc.com\/de\/","name":"ARC da\u011f\u0131t\u0131m\u0131","description":"End\u00fcstriyel makinelerin \u00fcretimi ve da\u011f\u0131t\u0131m\u0131 konusunda uzmanla\u015fm\u0131\u015f \u015firket, kutu m\u00fch\u00fcrleme makineleri, tablet yapma makineleri, et kesme makineleri...","publisher":{"@id":"https:\/\/distribucionarc.com\/de\/#organization"},"potentialAction":[{"@type":"SearchAction","target":{"@type":"EntryPoint","urlTemplate":"https:\/\/distribucionarc.com\/de\/?s={search_term_string}"},"query-input":{"@type":"PropertyValueSpecification","valueRequired":true,"valueName":"search_term_string"}}],"inLanguage":"tr"},{"@type":"Organization","@id":"https:\/\/distribucionarc.com\/de\/#organization","name":"ARC Da\u011f\u0131t\u0131m\u0131","url":"https:\/\/distribucionarc.com\/de\/","logo":{"@type":"ImageObject","inLanguage":"tr","@id":"https:\/\/distribucionarc.com\/de\/#\/schema\/logo\/image\/","url":"https:\/\/distribucionarc.com\/wp-content\/uploads\/2024\/10\/distribucion-ARC-COLOR-SIN-FONDO-e1732295305345.png","contentUrl":"https:\/\/distribucionarc.com\/wp-content\/uploads\/2024\/10\/distribucion-ARC-COLOR-SIN-FONDO-e1732295305345.png","width":1164,"height":558,"caption":"Distribuci\u00f3n ARC"},"image":{"@id":"https:\/\/distribucionarc.com\/de\/#\/schema\/logo\/image\/"},"description":"\u015eirket, g\u0131da ve ila\u00e7 sekt\u00f6rleri i\u00e7in end\u00fcstriyel makine \u00fcretimi ve da\u011f\u0131t\u0131m\u0131 konusunda uzmanla\u015fm\u0131\u015ft\u0131r. Uzmanl\u0131k alanlar\u0131m\u0131z Et kesme makineleri Tablet \u00fcretimi End\u00fcstriyel ta\u015f\u0131ma sistemleri \u015ei\u015feleme hatlar\u0131 Dozajlama makineleri Ve \u00e7ok daha fazlas\u0131... \u015eirketinizin \u00fcretim s\u00fcre\u00e7lerini optimize etmek i\u00e7in yenilik\u00e7i ve \u00f6zelle\u015ftirilmi\u015f \u00e7\u00f6z\u00fcmler sunuyoruz.","email":"Admistracion@distribucionarc.com","telephone":"+34 643496664","legalName":"ARC TECH SOLUTIONS","foundingDate":"2024-04-09","vatID":"B55480172","numberOfEmployees":{"@type":"QuantitativeValue","minValue":"1","maxValue":"10"}}]}},"_links":{"self":[{"href":"https:\/\/distribucionarc.com\/tr\/wp-json\/wp\/v2\/product\/923","targetHints":{"allow":["GET"]}}],"collection":[{"href":"https:\/\/distribucionarc.com\/tr\/wp-json\/wp\/v2\/product"}],"about":[{"href":"https:\/\/distribucionarc.com\/tr\/wp-json\/wp\/v2\/types\/product"}],"replies":[{"embeddable":true,"href":"https:\/\/distribucionarc.com\/tr\/wp-json\/wp\/v2\/comments?post=923"}],"version-history":[{"count":0,"href":"https:\/\/distribucionarc.com\/tr\/wp-json\/wp\/v2\/product\/923\/revisions"}],"wp:featuredmedia":[{"embeddable":true,"href":"https:\/\/distribucionarc.com\/tr\/wp-json\/wp\/v2\/media\/933"}],"wp:attachment":[{"href":"https:\/\/distribucionarc.com\/tr\/wp-json\/wp\/v2\/media?parent=923"}],"wp:term":[{"taxonomy":"product_brand","embeddable":true,"href":"https:\/\/distribucionarc.com\/tr\/wp-json\/wp\/v2\/product_brand?post=923"},{"taxonomy":"product_cat","embeddable":true,"href":"https:\/\/distribucionarc.com\/tr\/wp-json\/wp\/v2\/product_cat?post=923"},{"taxonomy":"product_tag","embeddable":true,"href":"https:\/\/distribucionarc.com\/tr\/wp-json\/wp\/v2\/product_tag?post=923"}],"curies":[{"name":"wp","href":"https:\/\/api.w.org\/{rel}","templated":true}]}}