{"id":952,"date":"2020-07-15T11:51:30","date_gmt":"2020-07-15T11:51:30","guid":{"rendered":"https:\/\/distribucionarc.com\/?post_type=product&#038;p=952"},"modified":"2024-09-05T16:38:38","modified_gmt":"2024-09-05T16:38:38","slug":"elektrikli-yag-pres-cikarici","status":"publish","type":"product","link":"https:\/\/distribucionarc.com\/tr\/producto\/extractor-prensa-de-aceite-electrico\/","title":{"rendered":"elektrikli ya\u011f bas\u0131n \u00e7\u0131kar\u0131c\u0131"},"content":{"rendered":"<h3>elektrikli ya\u011f bas\u0131n \u00e7\u0131kar\u0131c\u0131<\/h3>\n<p>La<strong> elektrikli aspirat\u00f6r<\/strong> ile ilgili <strong><span style=\"color: #ff0000;\">\u0130LE<\/span><span style=\"color: #0000ff;\">R<\/span>C<\/strong> Ger\u00e7ekle\u015ftirmenize izin veren \u00e7ok i\u015flevlidir <strong>so\u011fuk preslenmi\u015f<\/strong> 0-140\u00b0C s\u0131cakl\u0131klarda besin maddelerinin \u00e7o\u011funu korur. <strong>K\u0131zartmadan s\u0131cak preslenmi\u015f<\/strong> Dahili termostatl\u0131 \u0131s\u0131tmaya sahip oldu\u011fundan keyfini \u00e7\u0131kar\u0131n<strong> sa\u011fl\u0131kl\u0131 ve do\u011fal ya\u011flar<\/strong>, ayr\u0131ca k\u0131zartabilirsiniz ve <strong>s\u0131cak pres<\/strong> Daha saf ve daha aromatik bir ya\u011f elde etmek i\u00e7in birka\u00e7 dakika soteleyin.<\/p>\n<p>La <strong>otomatik ya\u011f bas\u0131n<\/strong> ile ilgili <strong><span style=\"color: #ff0000;\">\u0130LE<\/span><span style=\"color: #0000ff;\">R<\/span>C<\/strong> G\u0131da s\u0131n\u0131f\u0131 304 paslanmaz \u00e7elik malzeme, y\u00fcksek g\u00fc\u00e7l\u00fc motorlu end\u00fcstriyel s\u0131n\u0131f bak\u0131r, y\u00fcksek ya\u011f \u00fcretimine yol a\u00e7an iyi performans, basit \u00e7al\u0131\u015ft\u0131rma ve bak\u0131m nedeniyle giri\u015fimci i\u00e7in uyarlanabilirlik, saf fiziksel k\u0131rma, katk\u0131da bulunmaya yard\u0131mc\u0131 olur <span style=\"color: #008000;\"><strong>verimli enerji t\u00fcketimi<\/strong><\/span>.<\/p>\n<p>La <strong>ya\u011f \u00e7\u0131kar\u0131c\u0131 <span style=\"color: #ff0000;\">\u0130LE<\/span><span style=\"color: #0000ff;\">R<\/span>CEPA1<\/strong> vida, y\u00fcksek ya\u011f ak\u0131\u015f\u0131, kaliteli, basit tasar\u0131m ve s\u00fcrekli i\u015flem ile karakterize edilen son teknoloji \u00fcr\u00fcn\u00fc bir ya\u011f \u00e7\u0131karma makinesidir. Bu seri ya\u011f presleri jatropha tohumlar\u0131, kanola tohumlar\u0131, yer f\u0131st\u0131\u011f\u0131, kolza tohumu ve pamuk tohumlar\u0131, susam tohumlar\u0131, zeytin tohumlar\u0131, ay\u00e7i\u00e7e\u011fi tohumlar\u0131, hindistancevizi tohumlar\u0131 ve \u00e7im tohumlar\u0131 gibi \u00e7e\u015fitli hammaddeler i\u00e7in kullan\u0131labilir.<\/p>\n<p>Kar\u015f\u0131la\u015ft\u0131r\u0131ld\u0131\u011f\u0131nda <strong>vida bas\u0131n<\/strong> geleneksel, <strong>tornalama presi<\/strong> ya\u011f, 95%&#039;den ya\u011f \u00e7\u0131kar\u0131m\u0131 sa\u011flaman\u0131n yan\u0131 s\u0131ra basit, basit yap\u0131da, basit ve kolay uzat\u0131labilir olma avantaj\u0131na sahiptir. Bu <strong>tohum i\u015flemcisi<\/strong>ger\u00e7ekle\u015ftirmek i\u00e7in gerekli t\u00fcm i\u015flevlere sahiptir. <strong>ya\u011f \u00e7\u0131karma<\/strong> Programlar\u0131 makinenin bak\u0131m\u0131n\u0131 kolayla\u015ft\u0131r\u0131rken, dayan\u0131kl\u0131l\u0131\u011f\u0131n\u0131 da art\u0131r\u0131yor.<\/p>\n<p><iframe loading=\"lazy\" src=\"https:\/\/www.youtube.com\/embed\/w5DjgxuuS58\" width=\"560\" height=\"315\" frameborder=\"0\" allowfullscreen=\"allowfullscreen\"><\/iframe><\/p>\n<h6><strong>Garanti\u00a0<span style=\"color: #ff0000;\">\u0130LE<\/span><span style=\"color: #0000ff;\">R<\/span>\u00c7 2 YIL<\/strong><\/h6>\n<h6><span style=\"color: #008000;\">Elektrikli ya\u011f pres \u00e7\u0131kar\u0131c\u0131, d\u00fc\u015f\u00fck t\u00fcketim 460 w<\/span><\/h6>\n<h6><strong>teknik destek dahil<\/strong><\/h6>\n<p>&nbsp;<\/p>\n<table role=\"presentation\" width=\"100%\" cellspacing=\"0\" cellpadding=\"0\">\n<tbody>\n<tr>\n<td class=\"attrLabels\">S\u0131cakl\u0131k:<\/td>\n<td width=\"50.0%\">0-140\u00b0C<\/td>\n<\/tr>\n<tr>\n<td class=\"attrLabels\">Da\u011f\u0131t\u0131m \u00fclkesi:<\/td>\n<td width=\"50.0%\">\u0130spanya, Almanya, ABD<\/td>\n<td class=\"attrLabels\">A\u011f\u0131rl\u0131k:<\/td>\n<td width=\"50.0%\">11 kg<\/td>\n<\/tr>\n<tr>\n<td class=\"attrLabels\">Marka:<\/td>\n<td width=\"50.0%\">ARK<\/td>\n<td class=\"attrLabels\">Y\u00fckseklik:<\/td>\n<td width=\"50.0%\">24cm<\/td>\n<\/tr>\n<tr>\n<td class=\"attrLabels\">Renk:<\/td>\n<td width=\"50.0%\">G\u00fcm\u00fc\u015f<\/td>\n<td class=\"attrLabels\">Uzun:<\/td>\n<td width=\"50.0%\">46cm<\/td>\n<\/tr>\n<tr>\n<td class=\"attrLabels\">\u00dcr\u00fcn tipi:<\/td>\n<td width=\"50.0%\">Elektrikli ya\u011f bas\u0131n \u00e7\u0131kar\u0131c\u0131<\/td>\n<td class=\"attrLabels\">Geni\u015f:<\/td>\n<td width=\"50.0%\">19cm<\/td>\n<\/tr>\n<tr>\n<td class=\"attrLabels\">\u00dcretici numaras\u0131:<\/td>\n<td width=\"50.0%\">ARCEPA1<\/td>\n<td class=\"attrLabels\">G\u00fc\u00e7:<\/td>\n<td width=\"50.0%\">760W<\/td>\n<\/tr>\n<tr>\n<td class=\"attrLabels\">Malzeme:<\/td>\n<td width=\"50.0%\">paslanmaz \u00e7elik, y\u00fcksek g\u00fc\u00e7l\u00fc motor, s\u0131cakl\u0131k kontrol\u00fc<\/td>\n<td class=\"attrLabels\">giri\u015f voltaj\u0131<\/td>\n<td width=\"50.0%\">220V \u2013 50Hz<\/p>\n<p>110 \u2013 60 Hz<\/td>\n<\/tr>\n<tr>\n<td class=\"attrLabels\">\u0130\u015fleme t\u00fcrleri:<\/td>\n<td width=\"50.0%\">so\u011fuk, k\u0131zartmal\u0131 veya k\u0131zartmas\u0131z s\u0131cak<\/td>\n<td class=\"attrLabels\">Garanti:<\/td>\n<td width=\"50.0%\">2 YIL<\/td>\n<\/tr>\n<tr>\n<td class=\"attrLabels\">Kurulum ara\u00e7lar\u0131:<\/td>\n<td width=\"50.0%\">Evet<\/td>\n<td class=\"attrLabels\">Yetenek:<\/td>\n<td width=\"50.0%\">3-6 kg<\/td>\n<\/tr>\n<\/tbody>\n<\/table>\n<p>&nbsp;<\/p>","protected":false},"excerpt":{"rendered":"<h2><strong>Elektrikli Tohum Ya\u011f\u0131 \u00c7\u0131karma Makinesi \u2013 S\u0131cak ve So\u011fuk Ekstraksiyon i\u00e7in Profesyonel<\/strong><\/h2>\n<p>Bizim <strong>elektrikli tohum ya\u011f\u0131 \u00e7\u0131karma makinas\u0131<\/strong> Hem so\u011fuk hem de s\u0131cak ya\u011f \u00fcretimi i\u00e7in verimli ve profesyonel bir \u00e7\u00f6z\u00fcm arayanlar i\u00e7in idealdir. Bu <strong>profesyonel ya\u011f \u00e7\u0131karma presi<\/strong> \u00e7ok \u00e7e\u015fitli tohumlar\u0131 i\u015fleyebilir ve farkl\u0131 ya\u011f t\u00fcrleri i\u00e7in \u00e7ok y\u00f6nl\u00fcl\u00fck sunar.<\/p>\n<p>Makine, aralar\u0131nda i\u015flem yapma kapasitesine sahip, hunili bir tepsi ile donat\u0131lm\u0131\u015ft\u0131r. <strong>3 kilogram (kg) ve 6 kilogram (kg) saat<\/strong> K\u00fc\u00e7\u00fck ve orta \u00f6l\u00e7ekli \u00fcretimler i\u00e7in m\u00fckemmel k\u0131lan tohumlar.<\/p>\n<h3>Tohum \u00f6rnekleri <strong>ya\u011f \u00e7\u0131karma makinas\u0131<\/strong> \u015funlar\u0131 i\u015fleyebilir:<\/h3>\n<ul>\n<li><strong>ay\u00e7i\u00e7e\u011fi tohumlar\u0131<\/strong>: Yemeklik ya\u011f \u00fcretiminde \u00e7ok yayg\u0131nd\u0131r.<\/li>\n<li><strong>susam tohumlar\u0131<\/strong>: Gurme ya\u011flar\u0131n \u00fcretiminde kullan\u0131l\u0131r.<\/li>\n<li><strong>keten tohumu<\/strong>: Omega-3 a\u00e7\u0131s\u0131ndan zengin sa\u011fl\u0131kl\u0131 ya\u011flar\u0131n ekstraksiyonu i\u00e7in idealdir.<\/li>\n<li><strong>chia tohumlar\u0131<\/strong>: Sa\u011fl\u0131kl\u0131 ya\u011flar ve kozmetik ama\u00e7l\u0131 kullan\u0131l\u0131r.<\/li>\n<li><strong>kabak \u00e7ekirde\u011fi<\/strong>: Besin ya\u011f\u0131n\u0131n \u00e7\u0131kar\u0131lmas\u0131 i\u00e7in m\u00fckemmeldir.<\/li>\n<li><strong>hardal tohumlar\u0131<\/strong>: Mutfak ve t\u0131bbi ama\u00e7l\u0131 \u00f6zel ya\u011flarda kullan\u0131l\u0131r.<\/li>\n<li><strong>Kenevir tohumlar\u0131<\/strong>: Besleyici ve kozmetik \u00f6zellikleri nedeniyle olduk\u00e7a talep g\u00f6rmektedir.<\/li>\n<li><strong>soya fasulyesi<\/strong>: G\u0131da end\u00fcstrisinde ya\u011f \u00fcretimi i\u00e7in pop\u00fclerdir.<\/li>\n<li><strong>F\u0131st\u0131k tohumlar\u0131<\/strong>: Yemeklik ve gurme ya\u011flar\u0131n\u0131n \u00fcretiminde kullan\u0131l\u0131r.<\/li>\n<li><strong>pamuk tohumlar\u0131<\/strong>: End\u00fcstriyel ve g\u0131da ya\u011flar\u0131n\u0131n \u00fcretiminde yayg\u0131nd\u0131r.<\/li>\n<li><strong>Ceviz<\/strong>: Katma de\u011feri y\u00fcksek gurme ya\u011flar i\u00e7in.<\/li>\n<li><strong>zeytin zeytin:<\/strong> tohum olmadan sadece hamurdan ya\u011f \u00e7\u0131karabilir<\/li>\n<\/ul>\n<p>Bununla <strong>elektrikli ya\u011f \u00e7\u0131karma makinas\u0131<\/strong>, \u00e7ok \u00e7e\u015fitli tohumlardan kaliteli ya\u011flar elde edebilirsiniz. Hem besin \u00f6zelliklerini korumak i\u00e7in so\u011fuk ekstraksiyon proseslerinde, hem de performans\u0131 en \u00fcst d\u00fczeye \u00e7\u0131karmak i\u00e7in s\u0131cak ekstraksiyon proseslerinde bu makine, ar\u0131c\u0131lar, do\u011fal \u00fcr\u00fcn depolar\u0131 ve k\u00fc\u00e7\u00fck fabrikalar i\u00e7in ideal bir se\u00e7enektir.<\/p>\n<p>E\u011fer ar\u0131yorsan\u0131z <strong>profesyonel ya\u011f \u00e7\u0131karma presi<\/strong> Tohumlar i\u00e7in bu makine, ya\u011flar\u0131n h\u0131zl\u0131 ve verimli bir \u015fekilde \u00e7\u0131kar\u0131lmas\u0131 i\u00e7in m\u00fckemmel bir \u00e7\u00f6z\u00fcmd\u00fcr. kapasitesi <strong>3kg ila 6kg<\/strong> \u0130\u015flem d\u00f6ng\u00fcs\u00fc ba\u015f\u0131na kalite kayb\u0131 olmadan farkl\u0131 \u00fcretim hacimlerine uyum sa\u011flayabilmenizi sa\u011flar.<\/p>","protected":false},"featured_media":963,"comment_status":"open","ping_status":"closed","template":"","meta":{"wds_primary_product_brand":0,"wds_primary_product_cat":0},"product_brand":[],"product_cat":[55],"product_tag":[],"class_list":{"0":"post-952","1":"product","2":"type-product","3":"status-publish","4":"has-post-thumbnail","6":"product_cat-extractor-prensa-de-aceites","7":"product_shipping_class-express","9":"first","10":"instock","11":"taxable","12":"shipping-taxable","13":"purchasable","14":"product-type-simple"},"yoast_head":"<!-- This site is optimized with the Yoast SEO Premium plugin v24.9 (Yoast SEO v26.1) - https:\/\/yoast.com\/wordpress\/plugins\/seo\/ -->\n<title>Extractor prensa de aceite el\u00e9ctrico - distribuci\u00f3n ARC<\/title>\n<meta name=\"robots\" content=\"index, follow, max-snippet:-1, max-image-preview:large, max-video-preview:-1\" \/>\n<link rel=\"canonical\" href=\"https:\/\/distribucionarc.com\/tr\/urun\/elektrikli-yag-pres-cikarici\/\" \/>\n<meta property=\"og:locale\" content=\"tr_TR\" \/>\n<meta property=\"og:type\" content=\"article\" \/>\n<meta property=\"og:title\" content=\"Extractor prensa de aceite el\u00e9ctrico\" \/>\n<meta property=\"og:description\" content=\"M\u00e1quina el\u00e9ctrica para extracci\u00f3n de aceite de semillas \u2013 Profesional para extracci\u00f3n en fr\u00edo y caliente Nuestra m\u00e1quina el\u00e9ctrica de extracci\u00f3n de aceite de semillas es ideal para aquellos que buscan una soluci\u00f3n eficiente y profesional para la producci\u00f3n de aceite, tanto en fr\u00edo como en caliente. Esta prensa de extracci\u00f3n de aceite profesional puede procesar una amplia variedad de semillas, ofreciendo versatilidad para diferentes tipos de aceites.  La m\u00e1quina est\u00e1 equipada con una bandeja con embudo, con capacidad para procesar entre 3 kilogramos (kg) y 6 kilogramos (kg) hora de semillas, lo que la hace perfecta para producciones peque\u00f1as y medianas. Ejemplos de semillas que esta m\u00e1quina para extraer aceite puede procesar:   Semillas de girasol: Muy com\u00fan para la producci\u00f3n de aceite de cocina.  Semillas de s\u00e9samo: Utilizadas en la producci\u00f3n de aceites gourmet.  Semillas de lino: Ideales para la extracci\u00f3n de aceites saludables ricos en omega-3.  Semillas de ch\u00eda: Usadas para aceites saludables y cosm\u00e9ticos.  Semillas de calabaza: Perfectas para la extracci\u00f3n de aceite nutritivo.  Semillas de mostaza: Utilizadas para aceites especiales con fines culinarios y medicinales.  Semillas de c\u00e1\u00f1amo: Muy demandadas por sus propiedades nutritivas y cosm\u00e9ticas.  Semillas de soja: Populares para la producci\u00f3n de aceite en la industria alimentaria.  Semillas de man\u00ed (cacahuete): Usadas para la producci\u00f3n de aceites de cocina y gourmet.  Semillas de algod\u00f3n: Com\u00fan en la producci\u00f3n de aceite industrial y alimentario.  Nueces: Para aceites gourmet de alto valor a\u00f1adido.  oliva aceituna: solo puede extraer el aceite de la pulpa sin la semilla  Con esta m\u00e1quina el\u00e9ctrica para extracci\u00f3n de aceite, podr\u00e1s obtener aceites de alta calidad de una gran variedad de semillas. Tanto en procesos de extracci\u00f3n en fr\u00edo para conservar las propiedades nutritivas, como en caliente para maximizar el rendimiento, esta m\u00e1quina es una opci\u00f3n ideal para apicultores, tiendas de productos naturales, y peque\u00f1as f\u00e1bricas.  Si buscas una prensa de extracci\u00f3n de aceite profesional para semillas, esta m\u00e1quina es la soluci\u00f3n perfecta para extraer aceites de forma r\u00e1pida y eficiente. La capacidad de 3 kg a 6 kg por ciclo de procesamiento asegura que puedes adaptarte a diferentes vol\u00famenes de producci\u00f3n sin perder calidad.\" \/>\n<meta property=\"og:url\" content=\"https:\/\/distribucionarc.com\/tr\/urun\/elektrikli-yag-pres-cikarici\/\" \/>\n<meta property=\"og:site_name\" content=\"distribuci\u00f3n ARC\" \/>\n<meta property=\"article:modified_time\" content=\"2024-09-05T16:38:38+00:00\" \/>\n<meta property=\"og:image\" content=\"https:\/\/distribucionarc.com\/wp-content\/uploads\/2020\/07\/Extractor-prensa-de-aceite-el\u00e9ctrico-0.jpg\" \/>\n\t<meta property=\"og:image:width\" content=\"1600\" \/>\n\t<meta property=\"og:image:height\" content=\"1600\" \/>\n\t<meta property=\"og:image:type\" content=\"image\/jpeg\" \/>\n<meta name=\"twitter:card\" content=\"summary_large_image\" \/>\n<meta name=\"twitter:label1\" content=\"Tahmini okuma s\u00fcresi\" \/>\n\t<meta name=\"twitter:data1\" content=\"2 dakika\" \/>\n<script type=\"application\/ld+json\" class=\"yoast-schema-graph\">{\"@context\":\"https:\/\/schema.org\",\"@graph\":[{\"@type\":\"WebPage\",\"@id\":\"https:\/\/distribucionarc.com\/pt\/producto\/extractor-prensa-de-aceite-electrico\/\",\"url\":\"https:\/\/distribucionarc.com\/pt\/producto\/extractor-prensa-de-aceite-electrico\/\",\"name\":\"Extractor prensa de aceite el\u00e9ctrico - distribuci\u00f3n ARC\",\"isPartOf\":{\"@id\":\"https:\/\/www.distribucionarc.com\/#website\"},\"primaryImageOfPage\":{\"@id\":\"https:\/\/distribucionarc.com\/pt\/producto\/extractor-prensa-de-aceite-electrico\/#primaryimage\"},\"image\":{\"@id\":\"https:\/\/distribucionarc.com\/pt\/producto\/extractor-prensa-de-aceite-electrico\/#primaryimage\"},\"thumbnailUrl\":\"https:\/\/distribucionarc.com\/wp-content\/uploads\/2020\/07\/Extractor-prensa-de-aceite-el\u00e9ctrico-0.jpg\",\"datePublished\":\"2020-07-15T11:51:30+00:00\",\"dateModified\":\"2024-09-05T16:38:38+00:00\",\"breadcrumb\":{\"@id\":\"https:\/\/distribucionarc.com\/pt\/producto\/extractor-prensa-de-aceite-electrico\/#breadcrumb\"},\"inLanguage\":\"tr\",\"potentialAction\":[{\"@type\":\"ReadAction\",\"target\":[\"https:\/\/distribucionarc.com\/pt\/producto\/extractor-prensa-de-aceite-electrico\/\"]}]},{\"@type\":\"ImageObject\",\"inLanguage\":\"tr\",\"@id\":\"https:\/\/distribucionarc.com\/pt\/producto\/extractor-prensa-de-aceite-electrico\/#primaryimage\",\"url\":\"https:\/\/distribucionarc.com\/wp-content\/uploads\/2020\/07\/Extractor-prensa-de-aceite-el\u00e9ctrico-0.jpg\",\"contentUrl\":\"https:\/\/distribucionarc.com\/wp-content\/uploads\/2020\/07\/Extractor-prensa-de-aceite-el\u00e9ctrico-0.jpg\",\"width\":1600,\"height\":1600,\"caption\":\"Extractor prensa de aceite el\u00e9ctrico\"},{\"@type\":\"BreadcrumbList\",\"@id\":\"https:\/\/distribucionarc.com\/pt\/producto\/extractor-prensa-de-aceite-electrico\/#breadcrumb\",\"itemListElement\":[{\"@type\":\"ListItem\",\"position\":1,\"name\":\"Portada\",\"item\":\"https:\/\/distribucionarc.com\/pl\/\"},{\"@type\":\"ListItem\",\"position\":2,\"name\":\"\u0627\u0644\u0645\u0646\u062a\u062c\u0627\u062a\",\"item\":\"https:\/\/www.distribucionarc.com\/ar\/%d9%85%d8%ad%d9%84\/\"},{\"@type\":\"ListItem\",\"position\":3,\"name\":\"Extractor prensa de aceite el\u00e9ctrico\"}]},{\"@type\":\"WebSite\",\"@id\":\"https:\/\/www.distribucionarc.com\/#website\",\"url\":\"https:\/\/www.distribucionarc.com\/\",\"name\":\"distribuci\u00f3n ARC\",\"description\":\"Empresa especializada en la fabricaci\u00f3n y distribuci\u00f3n de maquinaria industrial, selladoras de latas, Maquinas de hacer pastillas, Maquinas de cortar carne...\",\"publisher\":{\"@id\":\"https:\/\/www.distribucionarc.com\/#organization\"},\"potentialAction\":[{\"@type\":\"SearchAction\",\"target\":{\"@type\":\"EntryPoint\",\"urlTemplate\":\"https:\/\/www.distribucionarc.com\/?s={search_term_string}\"},\"query-input\":{\"@type\":\"PropertyValueSpecification\",\"valueRequired\":true,\"valueName\":\"search_term_string\"}}],\"inLanguage\":\"tr\"},{\"@type\":\"Organization\",\"@id\":\"https:\/\/www.distribucionarc.com\/#organization\",\"name\":\"Distribuci\u00f3n ARC\",\"url\":\"https:\/\/www.distribucionarc.com\/\",\"logo\":{\"@type\":\"ImageObject\",\"inLanguage\":\"tr\",\"@id\":\"https:\/\/www.distribucionarc.com\/#\/schema\/logo\/image\/\",\"url\":\"https:\/\/distribucionarc.com\/wp-content\/uploads\/2024\/10\/distribucion-ARC-COLOR-SIN-FONDO-e1732295305345.png\",\"contentUrl\":\"https:\/\/distribucionarc.com\/wp-content\/uploads\/2024\/10\/distribucion-ARC-COLOR-SIN-FONDO-e1732295305345.png\",\"width\":1164,\"height\":558,\"caption\":\"Distribuci\u00f3n ARC\"},\"image\":{\"@id\":\"https:\/\/www.distribucionarc.com\/#\/schema\/logo\/image\/\"},\"description\":\"Empresa especializada en la fabricaci\u00f3n y distribuci\u00f3n de maquinaria industrial para los sectores alimentario y farmac\u00e9utico. Nos especializamos en: M\u00e1quinas de cortar carne Fabricaci\u00f3n de comprimidos Sistemas de transporte industrial L\u00edneas de embotellado Dosificadores Y mucho m\u00e1s... Ofrecemos soluciones innovadoras y personalizadas para optimizar los procesos productivos de tu empresa.\",\"email\":\"Admistracion@distribucionarc.com\",\"telephone\":\"+34 643496664\",\"legalName\":\"ARC TECH SOLUTIONS\",\"foundingDate\":\"2024-04-09\",\"vatID\":\"B55480172\",\"numberOfEmployees\":{\"@type\":\"QuantitativeValue\",\"minValue\":\"1\",\"maxValue\":\"10\"}}]}<\/script>\n<!-- \/ Yoast SEO Premium plugin. -->","yoast_head_json":{"title":"Elektrikli ya\u011f pres \u00e7\u0131kar\u0131c\u0131 - ARC da\u011f\u0131t\u0131m\u0131","robots":{"index":"index","follow":"follow","max-snippet":"max-snippet:-1","max-image-preview":"max-image-preview:large","max-video-preview":"max-video-preview:-1"},"canonical":"https:\/\/distribucionarc.com\/tr\/urun\/elektrikli-yag-pres-cikarici\/","og_locale":"tr_TR","og_type":"article","og_title":"Extractor prensa de aceite el\u00e9ctrico","og_description":"M\u00e1quina el\u00e9ctrica para extracci\u00f3n de aceite de semillas \u2013 Profesional para extracci\u00f3n en fr\u00edo y caliente Nuestra m\u00e1quina el\u00e9ctrica de extracci\u00f3n de aceite de semillas es ideal para aquellos que buscan una soluci\u00f3n eficiente y profesional para la producci\u00f3n de aceite, tanto en fr\u00edo como en caliente. Esta prensa de extracci\u00f3n de aceite profesional puede procesar una amplia variedad de semillas, ofreciendo versatilidad para diferentes tipos de aceites.  La m\u00e1quina est\u00e1 equipada con una bandeja con embudo, con capacidad para procesar entre 3 kilogramos (kg) y 6 kilogramos (kg) hora de semillas, lo que la hace perfecta para producciones peque\u00f1as y medianas. Ejemplos de semillas que esta m\u00e1quina para extraer aceite puede procesar:   Semillas de girasol: Muy com\u00fan para la producci\u00f3n de aceite de cocina.  Semillas de s\u00e9samo: Utilizadas en la producci\u00f3n de aceites gourmet.  Semillas de lino: Ideales para la extracci\u00f3n de aceites saludables ricos en omega-3.  Semillas de ch\u00eda: Usadas para aceites saludables y cosm\u00e9ticos.  Semillas de calabaza: Perfectas para la extracci\u00f3n de aceite nutritivo.  Semillas de mostaza: Utilizadas para aceites especiales con fines culinarios y medicinales.  Semillas de c\u00e1\u00f1amo: Muy demandadas por sus propiedades nutritivas y cosm\u00e9ticas.  Semillas de soja: Populares para la producci\u00f3n de aceite en la industria alimentaria.  Semillas de man\u00ed (cacahuete): Usadas para la producci\u00f3n de aceites de cocina y gourmet.  Semillas de algod\u00f3n: Com\u00fan en la producci\u00f3n de aceite industrial y alimentario.  Nueces: Para aceites gourmet de alto valor a\u00f1adido.  oliva aceituna: solo puede extraer el aceite de la pulpa sin la semilla  Con esta m\u00e1quina el\u00e9ctrica para extracci\u00f3n de aceite, podr\u00e1s obtener aceites de alta calidad de una gran variedad de semillas. Tanto en procesos de extracci\u00f3n en fr\u00edo para conservar las propiedades nutritivas, como en caliente para maximizar el rendimiento, esta m\u00e1quina es una opci\u00f3n ideal para apicultores, tiendas de productos naturales, y peque\u00f1as f\u00e1bricas.  Si buscas una prensa de extracci\u00f3n de aceite profesional para semillas, esta m\u00e1quina es la soluci\u00f3n perfecta para extraer aceites de forma r\u00e1pida y eficiente. La capacidad de 3 kg a 6 kg por ciclo de procesamiento asegura que puedes adaptarte a diferentes vol\u00famenes de producci\u00f3n sin perder calidad.","og_url":"https:\/\/distribucionarc.com\/tr\/urun\/elektrikli-yag-pres-cikarici\/","og_site_name":"distribuci\u00f3n ARC","article_modified_time":"2024-09-05T16:38:38+00:00","og_image":[{"width":1600,"height":1600,"url":"https:\/\/distribucionarc.com\/wp-content\/uploads\/2020\/07\/Extractor-prensa-de-aceite-el\u00e9ctrico-0.jpg","type":"image\/jpeg"}],"twitter_card":"summary_large_image","twitter_misc":{"Tahmini okuma s\u00fcresi":"2 dakika"},"schema":{"@context":"https:\/\/schema.org","@graph":[{"@type":"WebPage","@id":"https:\/\/distribucionarc.com\/pt\/producto\/extractor-prensa-de-aceite-electrico\/","url":"https:\/\/distribucionarc.com\/pt\/producto\/extractor-prensa-de-aceite-electrico\/","name":"Elektrikli ya\u011f pres \u00e7\u0131kar\u0131c\u0131 - ARC da\u011f\u0131t\u0131m\u0131","isPartOf":{"@id":"https:\/\/www.distribucionarc.com\/#website"},"primaryImageOfPage":{"@id":"https:\/\/distribucionarc.com\/pt\/producto\/extractor-prensa-de-aceite-electrico\/#primaryimage"},"image":{"@id":"https:\/\/distribucionarc.com\/pt\/producto\/extractor-prensa-de-aceite-electrico\/#primaryimage"},"thumbnailUrl":"https:\/\/distribucionarc.com\/wp-content\/uploads\/2020\/07\/Extractor-prensa-de-aceite-el\u00e9ctrico-0.jpg","datePublished":"2020-07-15T11:51:30+00:00","dateModified":"2024-09-05T16:38:38+00:00","breadcrumb":{"@id":"https:\/\/distribucionarc.com\/pt\/producto\/extractor-prensa-de-aceite-electrico\/#breadcrumb"},"inLanguage":"tr","potentialAction":[{"@type":"ReadAction","target":["https:\/\/distribucionarc.com\/pt\/producto\/extractor-prensa-de-aceite-electrico\/"]}]},{"@type":"ImageObject","inLanguage":"tr","@id":"https:\/\/distribucionarc.com\/pt\/producto\/extractor-prensa-de-aceite-electrico\/#primaryimage","url":"https:\/\/distribucionarc.com\/wp-content\/uploads\/2020\/07\/Extractor-prensa-de-aceite-el\u00e9ctrico-0.jpg","contentUrl":"https:\/\/distribucionarc.com\/wp-content\/uploads\/2020\/07\/Extractor-prensa-de-aceite-el\u00e9ctrico-0.jpg","width":1600,"height":1600,"caption":"Extractor prensa de aceite el\u00e9ctrico"},{"@type":"BreadcrumbList","@id":"https:\/\/distribucionarc.com\/pt\/producto\/extractor-prensa-de-aceite-electrico\/#breadcrumb","itemListElement":[{"@type":"ListItem","position":1,"name":"Portada","item":"https:\/\/distribucionarc.com\/pl\/"},{"@type":"ListItem","position":2,"name":"\u0627\u0644\u0645\u0646\u062a\u062c\u0627\u062a","item":"https:\/\/www.distribucionarc.com\/ar\/%d9%85%d8%ad%d9%84\/"},{"@type":"ListItem","position":3,"name":"Extractor prensa de aceite el\u00e9ctrico"}]},{"@type":"WebSite","@id":"https:\/\/www.distribucionarc.com\/#website","url":"https:\/\/www.distribucionarc.com\/","name":"ARC da\u011f\u0131t\u0131m\u0131","description":"End\u00fcstriyel makinelerin \u00fcretimi ve da\u011f\u0131t\u0131m\u0131 konusunda uzmanla\u015fm\u0131\u015f \u015firket, kutu m\u00fch\u00fcrleme makineleri, tablet yapma makineleri, et kesme makineleri...","publisher":{"@id":"https:\/\/www.distribucionarc.com\/#organization"},"potentialAction":[{"@type":"SearchAction","target":{"@type":"EntryPoint","urlTemplate":"https:\/\/www.distribucionarc.com\/?s={search_term_string}"},"query-input":{"@type":"PropertyValueSpecification","valueRequired":true,"valueName":"search_term_string"}}],"inLanguage":"tr"},{"@type":"Organization","@id":"https:\/\/www.distribucionarc.com\/#organization","name":"ARC Da\u011f\u0131t\u0131m\u0131","url":"https:\/\/www.distribucionarc.com\/","logo":{"@type":"ImageObject","inLanguage":"tr","@id":"https:\/\/www.distribucionarc.com\/#\/schema\/logo\/image\/","url":"https:\/\/distribucionarc.com\/wp-content\/uploads\/2024\/10\/distribucion-ARC-COLOR-SIN-FONDO-e1732295305345.png","contentUrl":"https:\/\/distribucionarc.com\/wp-content\/uploads\/2024\/10\/distribucion-ARC-COLOR-SIN-FONDO-e1732295305345.png","width":1164,"height":558,"caption":"Distribuci\u00f3n ARC"},"image":{"@id":"https:\/\/www.distribucionarc.com\/#\/schema\/logo\/image\/"},"description":"\u015eirket, g\u0131da ve ila\u00e7 sekt\u00f6rleri i\u00e7in end\u00fcstriyel makine \u00fcretimi ve da\u011f\u0131t\u0131m\u0131 konusunda uzmanla\u015fm\u0131\u015ft\u0131r. Uzmanl\u0131k alanlar\u0131m\u0131z Et kesme makineleri Tablet \u00fcretimi End\u00fcstriyel ta\u015f\u0131ma sistemleri \u015ei\u015feleme hatlar\u0131 Dozajlama makineleri Ve \u00e7ok daha fazlas\u0131... \u015eirketinizin \u00fcretim s\u00fcre\u00e7lerini optimize etmek i\u00e7in yenilik\u00e7i ve \u00f6zelle\u015ftirilmi\u015f \u00e7\u00f6z\u00fcmler sunuyoruz.","email":"Admistracion@distribucionarc.com","telephone":"+34 643496664","legalName":"ARC TECH SOLUTIONS","foundingDate":"2024-04-09","vatID":"B55480172","numberOfEmployees":{"@type":"QuantitativeValue","minValue":"1","maxValue":"10"}}]}},"_links":{"self":[{"href":"https:\/\/distribucionarc.com\/tr\/wp-json\/wp\/v2\/product\/952","targetHints":{"allow":["GET"]}}],"collection":[{"href":"https:\/\/distribucionarc.com\/tr\/wp-json\/wp\/v2\/product"}],"about":[{"href":"https:\/\/distribucionarc.com\/tr\/wp-json\/wp\/v2\/types\/product"}],"replies":[{"embeddable":true,"href":"https:\/\/distribucionarc.com\/tr\/wp-json\/wp\/v2\/comments?post=952"}],"version-history":[{"count":0,"href":"https:\/\/distribucionarc.com\/tr\/wp-json\/wp\/v2\/product\/952\/revisions"}],"wp:featuredmedia":[{"embeddable":true,"href":"https:\/\/distribucionarc.com\/tr\/wp-json\/wp\/v2\/media\/963"}],"wp:attachment":[{"href":"https:\/\/distribucionarc.com\/tr\/wp-json\/wp\/v2\/media?parent=952"}],"wp:term":[{"taxonomy":"product_brand","embeddable":true,"href":"https:\/\/distribucionarc.com\/tr\/wp-json\/wp\/v2\/product_brand?post=952"},{"taxonomy":"product_cat","embeddable":true,"href":"https:\/\/distribucionarc.com\/tr\/wp-json\/wp\/v2\/product_cat?post=952"},{"taxonomy":"product_tag","embeddable":true,"href":"https:\/\/distribucionarc.com\/tr\/wp-json\/wp\/v2\/product_tag?post=952"}],"curies":[{"name":"wp","href":"https:\/\/api.w.org\/{rel}","templated":true}]}}